{"id":87594,"date":"2025-11-27T15:42:18","date_gmt":"2025-11-27T16:42:18","guid":{"rendered":"https:\/\/eva-vautier.com\/boutique\/jacques-villegle-decentralisation-n-4-1991\/"},"modified":"2025-11-27T15:48:00","modified_gmt":"2025-11-27T16:48:00","slug":"jacques-villegle-decentralisation-n-4-1991","status":"publish","type":"product","link":"https:\/\/eva-vautier.com\/en\/boutique\/jacques-villegle-decentralisation-n-4-1991\/","title":{"rendered":"Jacques Villegl\u00e9, D\u00e9centralisation, n\u00b0 4, 1991"},"content":{"rendered":"","protected":false},"excerpt":{"rendered":"<p><strong>Jacques Villegl\u00e9<\/strong><\/p>\n<p class=\"p1\"><em>Decentralization, No. 4<\/em>, 1991<\/p>\n<p class=\"p1\">Color silkscreen on white wove paper<\/p>\n<p class=\"p1\">Numbered and signed in pencil.<span class=\"Apple-converted-space\"> <\/span><\/p>\n<p class=\"p1\">A. Buyse editions<\/p>\n<p class=\"p1\">Print run: 50 copies<\/p>\n<p class=\"p1\">50 x 65 cm<\/p>\n<p>&#8212;<\/p>\n<p>Jacques Villegl\u00e9, born Jacques Mah\u00e9 de la Villegl\u00e9 on March 27, 1926 in Quimper, studied painting and drawing at the \u00c9cole des Beaux-Arts in Rennes from 1945, where he met Raymond Hains, who was to become a major collaborator. In 1947, in Saint-Malo, he began collecting found objects such as pieces of wire and debris from the Atlantic Wall. This collection gave rise to <em>Fils d&#8217;acier &#8211; chauss\u00e9e aux corsaires<\/em>, now housed at the Centre Pompidou, which Raymond Hains considers to be the first work of Nouveau R\u00e9alisme.  <\/p>\n<p>Villegl\u00e9 liked to describe his work as &#8220;the irruption of the street on the walls of the museum&#8221;, positioning himself as a precursor of Street Art. Over the course of his career, he has presented over 200 solo exhibitions worldwide, in Europe, America, Asia and Africa. <\/p>\n<p>Jacques Villegl\u00e9, who died in 2022, leaves a major artistic legacy and a lasting influence on contemporary art, with an undeniable impact on the New Realism movement.<\/p>\n","protected":false},"featured_media":87593,"template":"","meta":[],"product_brand":[],"product_cat":[2164,1776,1042,1153],"product_tag":[2037],"class_list":{"0":"post-87594","1":"product","2":"type-product","3":"status-publish","4":"has-post-thumbnail","6":"product_cat-art-under-the-christmas-tree","7":"product_cat-artistes-invites-en","8":"product_cat-edition-en","9":"product_cat-villegle-jacques-en","10":"product_tag-60x60-en","11":"tm-has-options","13":"first","14":"instock","15":"sold-individually","16":"shipping-taxable","17":"purchasable","18":"product-type-simple"},"yoast_head":"<!-- This site is optimized with the Yoast SEO plugin v27.4 - https:\/\/yoast.com\/product\/yoast-seo-wordpress\/ -->\n<title>Jacques Villegl\u00e9, D\u00e9centralisation, n\u00b0 4, 1991 ~ Galerie Eva Vautier<\/title>\n<meta name=\"robots\" content=\"index, follow, max-snippet:-1, max-image-preview:large, max-video-preview:-1\" \/>\n<link rel=\"canonical\" href=\"https:\/\/eva-vautier.com\/en\/boutique\/jacques-villegle-decentralisation-n-4-1991\/\" \/>\n<meta property=\"og:locale\" content=\"en_US\" \/>\n<meta property=\"og:type\" content=\"article\" \/>\n<meta property=\"og:title\" content=\"Jacques Villegl\u00e9, D\u00e9centralisation, n\u00b0 4, 1991 ~ Galerie Eva Vautier\" \/>\n<meta property=\"og:description\" content=\"Jacques Villegl\u00e9 Decentralization, No. 4, 1991 Color silkscreen on white wove paper Numbered and signed in pencil. A. Buyse editions Print run: 50 copies 50 x 65 cm -- Jacques Villegl\u00e9, born Jacques Mah\u00e9 de la Villegl\u00e9 on March 27, 1926 in Quimper, studied painting and drawing at the \u00c9cole des Beaux-Arts in Rennes from 1945, where he met Raymond Hains, who was to become a major collaborator. In 1947, in Saint-Malo, he began collecting found objects such as pieces of wire and debris from the Atlantic Wall. This collection gave rise to Fils d&#039;acier - chauss\u00e9e aux corsaires, now housed at the Centre Pompidou, which Raymond Hains considers to be the first work of Nouveau R\u00e9alisme.  Villegl\u00e9 liked to describe his work as &quot;the irruption of the street on the walls of the museum&quot;, positioning himself as a precursor of Street Art. Over the course of his career, he has presented over 200 solo exhibitions worldwide, in Europe, America, Asia and Africa.  Jacques Villegl\u00e9, who died in 2022, leaves a major artistic legacy and a lasting influence on contemporary art, with an undeniable impact on the New Realism movement.\" \/>\n<meta property=\"og:url\" content=\"https:\/\/eva-vautier.com\/en\/boutique\/jacques-villegle-decentralisation-n-4-1991\/\" \/>\n<meta property=\"og:site_name\" content=\"Galerie Eva Vautier\" \/>\n<meta property=\"article:publisher\" content=\"https:\/\/www.facebook.com\/evavautier\/\" \/>\n<meta property=\"article:modified_time\" content=\"2025-11-27T16:48:00+00:00\" \/>\n<meta property=\"og:image\" content=\"https:\/\/eva-vautier.com\/wp-content\/uploads\/2025\/11\/Capture-decran-2025-11-27-a-17.43.40.jpg\" \/>\n\t<meta property=\"og:image:width\" content=\"566\" \/>\n\t<meta property=\"og:image:height\" content=\"748\" \/>\n\t<meta property=\"og:image:type\" content=\"image\/jpeg\" \/>\n<meta name=\"twitter:card\" content=\"summary_large_image\" \/>\n<meta name=\"twitter:site\" content=\"@EvaVautier\" \/>\n<script type=\"application\/ld+json\" class=\"yoast-schema-graph\">{\"@context\":\"https:\\\/\\\/schema.org\",\"@graph\":[{\"@type\":\"WebPage\",\"@id\":\"https:\\\/\\\/eva-vautier.com\\\/en\\\/boutique\\\/jacques-villegle-decentralisation-n-4-1991\\\/\",\"url\":\"https:\\\/\\\/eva-vautier.com\\\/en\\\/boutique\\\/jacques-villegle-decentralisation-n-4-1991\\\/\",\"name\":\"Jacques Villegl\u00e9, D\u00e9centralisation, n\u00b0 4, 1991 ~ Galerie Eva Vautier\",\"isPartOf\":{\"@id\":\"https:\\\/\\\/eva-vautier.com\\\/en\\\/#website\"},\"primaryImageOfPage\":{\"@id\":\"https:\\\/\\\/eva-vautier.com\\\/en\\\/boutique\\\/jacques-villegle-decentralisation-n-4-1991\\\/#primaryimage\"},\"image\":{\"@id\":\"https:\\\/\\\/eva-vautier.com\\\/en\\\/boutique\\\/jacques-villegle-decentralisation-n-4-1991\\\/#primaryimage\"},\"thumbnailUrl\":\"https:\\\/\\\/eva-vautier.com\\\/wp-content\\\/uploads\\\/2025\\\/11\\\/Capture-decran-2025-11-27-a-17.43.40.jpg\",\"datePublished\":\"2025-11-27T16:42:18+00:00\",\"dateModified\":\"2025-11-27T16:48:00+00:00\",\"breadcrumb\":{\"@id\":\"https:\\\/\\\/eva-vautier.com\\\/en\\\/boutique\\\/jacques-villegle-decentralisation-n-4-1991\\\/#breadcrumb\"},\"inLanguage\":\"en-US\",\"potentialAction\":[{\"@type\":\"ReadAction\",\"target\":[\"https:\\\/\\\/eva-vautier.com\\\/en\\\/boutique\\\/jacques-villegle-decentralisation-n-4-1991\\\/\"]}]},{\"@type\":\"ImageObject\",\"inLanguage\":\"en-US\",\"@id\":\"https:\\\/\\\/eva-vautier.com\\\/en\\\/boutique\\\/jacques-villegle-decentralisation-n-4-1991\\\/#primaryimage\",\"url\":\"https:\\\/\\\/eva-vautier.com\\\/wp-content\\\/uploads\\\/2025\\\/11\\\/Capture-decran-2025-11-27-a-17.43.40.jpg\",\"contentUrl\":\"https:\\\/\\\/eva-vautier.com\\\/wp-content\\\/uploads\\\/2025\\\/11\\\/Capture-decran-2025-11-27-a-17.43.40.jpg\",\"width\":566,\"height\":748,\"caption\":\"Screenshot\"},{\"@type\":\"BreadcrumbList\",\"@id\":\"https:\\\/\\\/eva-vautier.com\\\/en\\\/boutique\\\/jacques-villegle-decentralisation-n-4-1991\\\/#breadcrumb\",\"itemListElement\":[{\"@type\":\"ListItem\",\"position\":1,\"name\":\"Store\",\"item\":\"https:\\\/\\\/eva-vautier.com\\\/en\\\/shop\\\/\"},{\"@type\":\"ListItem\",\"position\":2,\"name\":\"Jacques Villegl\u00e9, D\u00e9centralisation, n\u00b0 4, 1991\"}]},{\"@type\":\"WebSite\",\"@id\":\"https:\\\/\\\/eva-vautier.com\\\/en\\\/#website\",\"url\":\"https:\\\/\\\/eva-vautier.com\\\/en\\\/\",\"name\":\"Galerie Eva Vautier\",\"description\":\"Galerie d&#039;art contemporain\",\"publisher\":{\"@id\":\"https:\\\/\\\/eva-vautier.com\\\/en\\\/#organization\"},\"potentialAction\":[{\"@type\":\"SearchAction\",\"target\":{\"@type\":\"EntryPoint\",\"urlTemplate\":\"https:\\\/\\\/eva-vautier.com\\\/en\\\/?s={search_term_string}\"},\"query-input\":{\"@type\":\"PropertyValueSpecification\",\"valueRequired\":true,\"valueName\":\"search_term_string\"}}],\"inLanguage\":\"en-US\"},{\"@type\":\"Organization\",\"@id\":\"https:\\\/\\\/eva-vautier.com\\\/en\\\/#organization\",\"name\":\"Galerie Eva Vautier\",\"url\":\"https:\\\/\\\/eva-vautier.com\\\/en\\\/\",\"logo\":{\"@type\":\"ImageObject\",\"inLanguage\":\"en-US\",\"@id\":\"https:\\\/\\\/eva-vautier.com\\\/en\\\/#\\\/schema\\\/logo\\\/image\\\/\",\"url\":\"http:\\\/\\\/eva-vautier.com\\\/wp-content\\\/uploads\\\/2018\\\/09\\\/logo-galerie-illustrator-04-1.png\",\"contentUrl\":\"http:\\\/\\\/eva-vautier.com\\\/wp-content\\\/uploads\\\/2018\\\/09\\\/logo-galerie-illustrator-04-1.png\",\"width\":200,\"height\":24,\"caption\":\"Galerie Eva Vautier\"},\"image\":{\"@id\":\"https:\\\/\\\/eva-vautier.com\\\/en\\\/#\\\/schema\\\/logo\\\/image\\\/\"},\"sameAs\":[\"https:\\\/\\\/www.facebook.com\\\/evavautier\\\/\",\"https:\\\/\\\/x.com\\\/EvaVautier\",\"https:\\\/\\\/www.instagram.com\\\/galerieevavautier\\\/\"]}]}<\/script>\n<!-- \/ Yoast SEO plugin. -->","yoast_head_json":{"title":"Jacques Villegl\u00e9, D\u00e9centralisation, n\u00b0 4, 1991 ~ Galerie Eva Vautier","robots":{"index":"index","follow":"follow","max-snippet":"max-snippet:-1","max-image-preview":"max-image-preview:large","max-video-preview":"max-video-preview:-1"},"canonical":"https:\/\/eva-vautier.com\/en\/boutique\/jacques-villegle-decentralisation-n-4-1991\/","og_locale":"en_US","og_type":"article","og_title":"Jacques Villegl\u00e9, D\u00e9centralisation, n\u00b0 4, 1991 ~ Galerie Eva Vautier","og_description":"Jacques Villegl\u00e9 Decentralization, No. 4, 1991 Color silkscreen on white wove paper Numbered and signed in pencil. A. Buyse editions Print run: 50 copies 50 x 65 cm -- Jacques Villegl\u00e9, born Jacques Mah\u00e9 de la Villegl\u00e9 on March 27, 1926 in Quimper, studied painting and drawing at the \u00c9cole des Beaux-Arts in Rennes from 1945, where he met Raymond Hains, who was to become a major collaborator. In 1947, in Saint-Malo, he began collecting found objects such as pieces of wire and debris from the Atlantic Wall. This collection gave rise to Fils d'acier - chauss\u00e9e aux corsaires, now housed at the Centre Pompidou, which Raymond Hains considers to be the first work of Nouveau R\u00e9alisme.  Villegl\u00e9 liked to describe his work as \"the irruption of the street on the walls of the museum\", positioning himself as a precursor of Street Art. Over the course of his career, he has presented over 200 solo exhibitions worldwide, in Europe, America, Asia and Africa.  Jacques Villegl\u00e9, who died in 2022, leaves a major artistic legacy and a lasting influence on contemporary art, with an undeniable impact on the New Realism movement.","og_url":"https:\/\/eva-vautier.com\/en\/boutique\/jacques-villegle-decentralisation-n-4-1991\/","og_site_name":"Galerie Eva Vautier","article_publisher":"https:\/\/www.facebook.com\/evavautier\/","article_modified_time":"2025-11-27T16:48:00+00:00","og_image":[{"width":566,"height":748,"url":"https:\/\/eva-vautier.com\/wp-content\/uploads\/2025\/11\/Capture-decran-2025-11-27-a-17.43.40.jpg","type":"image\/jpeg"}],"twitter_card":"summary_large_image","twitter_site":"@EvaVautier","schema":{"@context":"https:\/\/schema.org","@graph":[{"@type":"WebPage","@id":"https:\/\/eva-vautier.com\/en\/boutique\/jacques-villegle-decentralisation-n-4-1991\/","url":"https:\/\/eva-vautier.com\/en\/boutique\/jacques-villegle-decentralisation-n-4-1991\/","name":"Jacques Villegl\u00e9, D\u00e9centralisation, n\u00b0 4, 1991 ~ Galerie Eva Vautier","isPartOf":{"@id":"https:\/\/eva-vautier.com\/en\/#website"},"primaryImageOfPage":{"@id":"https:\/\/eva-vautier.com\/en\/boutique\/jacques-villegle-decentralisation-n-4-1991\/#primaryimage"},"image":{"@id":"https:\/\/eva-vautier.com\/en\/boutique\/jacques-villegle-decentralisation-n-4-1991\/#primaryimage"},"thumbnailUrl":"https:\/\/eva-vautier.com\/wp-content\/uploads\/2025\/11\/Capture-decran-2025-11-27-a-17.43.40.jpg","datePublished":"2025-11-27T16:42:18+00:00","dateModified":"2025-11-27T16:48:00+00:00","breadcrumb":{"@id":"https:\/\/eva-vautier.com\/en\/boutique\/jacques-villegle-decentralisation-n-4-1991\/#breadcrumb"},"inLanguage":"en-US","potentialAction":[{"@type":"ReadAction","target":["https:\/\/eva-vautier.com\/en\/boutique\/jacques-villegle-decentralisation-n-4-1991\/"]}]},{"@type":"ImageObject","inLanguage":"en-US","@id":"https:\/\/eva-vautier.com\/en\/boutique\/jacques-villegle-decentralisation-n-4-1991\/#primaryimage","url":"https:\/\/eva-vautier.com\/wp-content\/uploads\/2025\/11\/Capture-decran-2025-11-27-a-17.43.40.jpg","contentUrl":"https:\/\/eva-vautier.com\/wp-content\/uploads\/2025\/11\/Capture-decran-2025-11-27-a-17.43.40.jpg","width":566,"height":748,"caption":"Screenshot"},{"@type":"BreadcrumbList","@id":"https:\/\/eva-vautier.com\/en\/boutique\/jacques-villegle-decentralisation-n-4-1991\/#breadcrumb","itemListElement":[{"@type":"ListItem","position":1,"name":"Store","item":"https:\/\/eva-vautier.com\/en\/shop\/"},{"@type":"ListItem","position":2,"name":"Jacques Villegl\u00e9, D\u00e9centralisation, n\u00b0 4, 1991"}]},{"@type":"WebSite","@id":"https:\/\/eva-vautier.com\/en\/#website","url":"https:\/\/eva-vautier.com\/en\/","name":"Galerie Eva Vautier","description":"Galerie d&#039;art contemporain","publisher":{"@id":"https:\/\/eva-vautier.com\/en\/#organization"},"potentialAction":[{"@type":"SearchAction","target":{"@type":"EntryPoint","urlTemplate":"https:\/\/eva-vautier.com\/en\/?s={search_term_string}"},"query-input":{"@type":"PropertyValueSpecification","valueRequired":true,"valueName":"search_term_string"}}],"inLanguage":"en-US"},{"@type":"Organization","@id":"https:\/\/eva-vautier.com\/en\/#organization","name":"Galerie Eva Vautier","url":"https:\/\/eva-vautier.com\/en\/","logo":{"@type":"ImageObject","inLanguage":"en-US","@id":"https:\/\/eva-vautier.com\/en\/#\/schema\/logo\/image\/","url":"http:\/\/eva-vautier.com\/wp-content\/uploads\/2018\/09\/logo-galerie-illustrator-04-1.png","contentUrl":"http:\/\/eva-vautier.com\/wp-content\/uploads\/2018\/09\/logo-galerie-illustrator-04-1.png","width":200,"height":24,"caption":"Galerie Eva Vautier"},"image":{"@id":"https:\/\/eva-vautier.com\/en\/#\/schema\/logo\/image\/"},"sameAs":["https:\/\/www.facebook.com\/evavautier\/","https:\/\/x.com\/EvaVautier","https:\/\/www.instagram.com\/galerieevavautier\/"]}]}},"_links":{"self":[{"href":"https:\/\/eva-vautier.com\/en\/wp-json\/wp\/v2\/product\/87594","targetHints":{"allow":["GET"]}}],"collection":[{"href":"https:\/\/eva-vautier.com\/en\/wp-json\/wp\/v2\/product"}],"about":[{"href":"https:\/\/eva-vautier.com\/en\/wp-json\/wp\/v2\/types\/product"}],"wp:featuredmedia":[{"embeddable":true,"href":"https:\/\/eva-vautier.com\/en\/wp-json\/wp\/v2\/media\/87593"}],"wp:attachment":[{"href":"https:\/\/eva-vautier.com\/en\/wp-json\/wp\/v2\/media?parent=87594"}],"wp:term":[{"taxonomy":"product_brand","embeddable":true,"href":"https:\/\/eva-vautier.com\/en\/wp-json\/wp\/v2\/product_brand?post=87594"},{"taxonomy":"product_cat","embeddable":true,"href":"https:\/\/eva-vautier.com\/en\/wp-json\/wp\/v2\/product_cat?post=87594"},{"taxonomy":"product_tag","embeddable":true,"href":"https:\/\/eva-vautier.com\/en\/wp-json\/wp\/v2\/product_tag?post=87594"}],"curies":[{"name":"wp","href":"https:\/\/api.w.org\/{rel}","templated":true}]}}