{"id":86087,"date":"2024-07-04T14:13:54","date_gmt":"2024-07-04T15:13:54","guid":{"rendered":"https:\/\/eva-vautier.com\/boutique\/ben-ben-vautier-il-faut-se-mefier-des-mots-book\/"},"modified":"2024-07-04T14:15:32","modified_gmt":"2024-07-04T15:15:32","slug":"ben-ben-vautier-il-faut-se-mefier-des-mots-book","status":"publish","type":"product","link":"https:\/\/eva-vautier.com\/en\/boutique\/ben-ben-vautier-il-faut-se-mefier-des-mots-book\/","title":{"rendered":"BEN (Ben Vautier) il faut se m\u00e9fier des mots &#8211; Book"},"content":{"rendered":"","protected":false},"excerpt":{"rendered":"<p><strong>Book Ben Vautier<\/strong><\/p>\n<p><span style=\"font-size: 11px;\">&#8220;<\/span>At that time Ben came and said,<span class=\"Apple-converted-space\">  <\/span>beware of words<strong><br \/>\n  <span style=\"font-size: 11px;\">&#8220;<\/span><br \/>\n<\/strong><span style=\"font-size: 11px;\">, 2009<\/span><\/p>\n<p>15 x 15<span class=\"Apple-converted-space\">  <\/span>cm<\/p>\n<p>Book 59 pages<span class=\"Apple-converted-space\"> <\/span><\/p>\n<p>ISBN : 978-2-917829-14-1<\/p>\n<p>Crit\u00e8res \u00c9ditions, Grenoble<span class=\"Apple-converted-space\"> <\/span><\/p>\n<div class=\"detail\">\n<div class=\"description\">\n<p>This Opus D\u00e9lits book looks back at a lesser-known facet of Ben&#8217;s work: mural writings, both in the street and in the gallery. A free means of expression that the artist uses as an essential complement to his art. &#8220;At that time, Ben came and said&#8230;&#8221; is the starting point for these graffiti walls, which, like a reflection of Ben&#8217;s work, are loaded with meaning and highly provocative.<span class=\"Apple-converted-space\"> <\/span><\/p>\n<p>Texts by Aur\u00e9lie Barnier<\/p>\n<\/div>\n<\/div>\n","protected":false},"featured_media":86086,"template":"","meta":[],"product_brand":[],"product_cat":[990,1075],"product_tag":[],"class_list":{"0":"post-86087","1":"product","2":"type-product","3":"status-publish","4":"has-post-thumbnail","6":"product_cat-ben-en","7":"product_cat-publications","8":"product_shipping_class-broche-europe-en","9":"tm-has-options","11":"first","12":"instock","13":"sold-individually","14":"shipping-taxable","15":"purchasable","16":"product-type-simple"},"yoast_head":"<!-- This site is optimized with the Yoast SEO plugin v27.3 - https:\/\/yoast.com\/product\/yoast-seo-wordpress\/ -->\n<title>BEN (Ben Vautier) il faut se m\u00e9fier des mots - Book ~ Galerie Eva Vautier<\/title>\n<meta name=\"robots\" content=\"index, follow, max-snippet:-1, max-image-preview:large, max-video-preview:-1\" \/>\n<link rel=\"canonical\" href=\"https:\/\/eva-vautier.com\/en\/boutique\/ben-ben-vautier-il-faut-se-mefier-des-mots-book\/\" \/>\n<meta property=\"og:locale\" content=\"en_US\" \/>\n<meta property=\"og:type\" content=\"article\" \/>\n<meta property=\"og:title\" content=\"BEN (Ben Vautier) il faut se m\u00e9fier des mots - Book ~ Galerie Eva Vautier\" \/>\n<meta property=\"og:description\" content=\"Book Ben Vautier &quot;At that time Ben came and said, beware of words  &quot; , 2009 15 x 15 cm Book 59 pages  ISBN : 978-2-917829-14-1 Crit\u00e8res \u00c9ditions, Grenoble   This Opus D\u00e9lits book looks back at a lesser-known facet of Ben&#039;s work: mural writings, both in the street and in the gallery. A free means of expression that the artist uses as an essential complement to his art. &quot;At that time, Ben came and said...&quot; is the starting point for these graffiti walls, which, like a reflection of Ben&#039;s work, are loaded with meaning and highly provocative.  Texts by Aur\u00e9lie Barnier\" \/>\n<meta property=\"og:url\" content=\"https:\/\/eva-vautier.com\/en\/boutique\/ben-ben-vautier-il-faut-se-mefier-des-mots-book\/\" \/>\n<meta property=\"og:site_name\" content=\"Galerie Eva Vautier\" \/>\n<meta property=\"article:publisher\" content=\"https:\/\/www.facebook.com\/evavautier\/\" \/>\n<meta property=\"article:modified_time\" content=\"2024-07-04T15:15:32+00:00\" \/>\n<meta property=\"og:image\" content=\"https:\/\/eva-vautier.com\/wp-content\/uploads\/2024\/07\/Ben-Vautier-n\u00b0-2413-En-ce-temps-la-Ben.-2009-Livre-59-pages-ISBN-978-2-917829-14-1Criteres-ditions-Grenoble-15-x-15-cm.jpg\" \/>\n\t<meta property=\"og:image:width\" content=\"200\" \/>\n\t<meta property=\"og:image:height\" content=\"201\" \/>\n\t<meta property=\"og:image:type\" content=\"image\/jpeg\" \/>\n<meta name=\"twitter:card\" content=\"summary_large_image\" \/>\n<meta name=\"twitter:site\" content=\"@EvaVautier\" \/>\n<script type=\"application\/ld+json\" class=\"yoast-schema-graph\">{\"@context\":\"https:\\\/\\\/schema.org\",\"@graph\":[{\"@type\":\"WebPage\",\"@id\":\"https:\\\/\\\/eva-vautier.com\\\/en\\\/boutique\\\/ben-ben-vautier-il-faut-se-mefier-des-mots-book\\\/\",\"url\":\"https:\\\/\\\/eva-vautier.com\\\/en\\\/boutique\\\/ben-ben-vautier-il-faut-se-mefier-des-mots-book\\\/\",\"name\":\"BEN (Ben Vautier) il faut se m\u00e9fier des mots - Book ~ Galerie Eva Vautier\",\"isPartOf\":{\"@id\":\"https:\\\/\\\/eva-vautier.com\\\/en\\\/#website\"},\"primaryImageOfPage\":{\"@id\":\"https:\\\/\\\/eva-vautier.com\\\/en\\\/boutique\\\/ben-ben-vautier-il-faut-se-mefier-des-mots-book\\\/#primaryimage\"},\"image\":{\"@id\":\"https:\\\/\\\/eva-vautier.com\\\/en\\\/boutique\\\/ben-ben-vautier-il-faut-se-mefier-des-mots-book\\\/#primaryimage\"},\"thumbnailUrl\":\"https:\\\/\\\/eva-vautier.com\\\/wp-content\\\/uploads\\\/2024\\\/07\\\/Ben-Vautier-n\u00b0-2413-En-ce-temps-la-Ben.-2009-Livre-59-pages-ISBN-978-2-917829-14-1Criteres-ditions-Grenoble-15-x-15-cm.jpg\",\"datePublished\":\"2024-07-04T15:13:54+00:00\",\"dateModified\":\"2024-07-04T15:15:32+00:00\",\"breadcrumb\":{\"@id\":\"https:\\\/\\\/eva-vautier.com\\\/en\\\/boutique\\\/ben-ben-vautier-il-faut-se-mefier-des-mots-book\\\/#breadcrumb\"},\"inLanguage\":\"en-US\",\"potentialAction\":[{\"@type\":\"ReadAction\",\"target\":[\"https:\\\/\\\/eva-vautier.com\\\/en\\\/boutique\\\/ben-ben-vautier-il-faut-se-mefier-des-mots-book\\\/\"]}]},{\"@type\":\"ImageObject\",\"inLanguage\":\"en-US\",\"@id\":\"https:\\\/\\\/eva-vautier.com\\\/en\\\/boutique\\\/ben-ben-vautier-il-faut-se-mefier-des-mots-book\\\/#primaryimage\",\"url\":\"https:\\\/\\\/eva-vautier.com\\\/wp-content\\\/uploads\\\/2024\\\/07\\\/Ben-Vautier-n\u00b0-2413-En-ce-temps-la-Ben.-2009-Livre-59-pages-ISBN-978-2-917829-14-1Criteres-ditions-Grenoble-15-x-15-cm.jpg\",\"contentUrl\":\"https:\\\/\\\/eva-vautier.com\\\/wp-content\\\/uploads\\\/2024\\\/07\\\/Ben-Vautier-n\u00b0-2413-En-ce-temps-la-Ben.-2009-Livre-59-pages-ISBN-978-2-917829-14-1Criteres-ditions-Grenoble-15-x-15-cm.jpg\",\"width\":200,\"height\":201},{\"@type\":\"BreadcrumbList\",\"@id\":\"https:\\\/\\\/eva-vautier.com\\\/en\\\/boutique\\\/ben-ben-vautier-il-faut-se-mefier-des-mots-book\\\/#breadcrumb\",\"itemListElement\":[{\"@type\":\"ListItem\",\"position\":1,\"name\":\"Store\",\"item\":\"https:\\\/\\\/eva-vautier.com\\\/en\\\/shop\\\/\"},{\"@type\":\"ListItem\",\"position\":2,\"name\":\"BEN (Ben Vautier) il faut se m\u00e9fier des mots &#8211; Book\"}]},{\"@type\":\"WebSite\",\"@id\":\"https:\\\/\\\/eva-vautier.com\\\/en\\\/#website\",\"url\":\"https:\\\/\\\/eva-vautier.com\\\/en\\\/\",\"name\":\"Galerie Eva Vautier\",\"description\":\"Galerie d&#039;art contemporain\",\"publisher\":{\"@id\":\"https:\\\/\\\/eva-vautier.com\\\/en\\\/#organization\"},\"potentialAction\":[{\"@type\":\"SearchAction\",\"target\":{\"@type\":\"EntryPoint\",\"urlTemplate\":\"https:\\\/\\\/eva-vautier.com\\\/en\\\/?s={search_term_string}\"},\"query-input\":{\"@type\":\"PropertyValueSpecification\",\"valueRequired\":true,\"valueName\":\"search_term_string\"}}],\"inLanguage\":\"en-US\"},{\"@type\":\"Organization\",\"@id\":\"https:\\\/\\\/eva-vautier.com\\\/en\\\/#organization\",\"name\":\"Galerie Eva Vautier\",\"url\":\"https:\\\/\\\/eva-vautier.com\\\/en\\\/\",\"logo\":{\"@type\":\"ImageObject\",\"inLanguage\":\"en-US\",\"@id\":\"https:\\\/\\\/eva-vautier.com\\\/en\\\/#\\\/schema\\\/logo\\\/image\\\/\",\"url\":\"http:\\\/\\\/eva-vautier.com\\\/wp-content\\\/uploads\\\/2018\\\/09\\\/logo-galerie-illustrator-04-1.png\",\"contentUrl\":\"http:\\\/\\\/eva-vautier.com\\\/wp-content\\\/uploads\\\/2018\\\/09\\\/logo-galerie-illustrator-04-1.png\",\"width\":200,\"height\":24,\"caption\":\"Galerie Eva Vautier\"},\"image\":{\"@id\":\"https:\\\/\\\/eva-vautier.com\\\/en\\\/#\\\/schema\\\/logo\\\/image\\\/\"},\"sameAs\":[\"https:\\\/\\\/www.facebook.com\\\/evavautier\\\/\",\"https:\\\/\\\/x.com\\\/EvaVautier\",\"https:\\\/\\\/www.instagram.com\\\/galerieevavautier\\\/\"]}]}<\/script>\n<!-- \/ Yoast SEO plugin. -->","yoast_head_json":{"title":"BEN (Ben Vautier) il faut se m\u00e9fier des mots - Book ~ Galerie Eva Vautier","robots":{"index":"index","follow":"follow","max-snippet":"max-snippet:-1","max-image-preview":"max-image-preview:large","max-video-preview":"max-video-preview:-1"},"canonical":"https:\/\/eva-vautier.com\/en\/boutique\/ben-ben-vautier-il-faut-se-mefier-des-mots-book\/","og_locale":"en_US","og_type":"article","og_title":"BEN (Ben Vautier) il faut se m\u00e9fier des mots - Book ~ Galerie Eva Vautier","og_description":"Book Ben Vautier \"At that time Ben came and said, beware of words  \" , 2009 15 x 15 cm Book 59 pages  ISBN : 978-2-917829-14-1 Crit\u00e8res \u00c9ditions, Grenoble   This Opus D\u00e9lits book looks back at a lesser-known facet of Ben's work: mural writings, both in the street and in the gallery. A free means of expression that the artist uses as an essential complement to his art. \"At that time, Ben came and said...\" is the starting point for these graffiti walls, which, like a reflection of Ben's work, are loaded with meaning and highly provocative.  Texts by Aur\u00e9lie Barnier","og_url":"https:\/\/eva-vautier.com\/en\/boutique\/ben-ben-vautier-il-faut-se-mefier-des-mots-book\/","og_site_name":"Galerie Eva Vautier","article_publisher":"https:\/\/www.facebook.com\/evavautier\/","article_modified_time":"2024-07-04T15:15:32+00:00","og_image":[{"width":200,"height":201,"url":"https:\/\/eva-vautier.com\/wp-content\/uploads\/2024\/07\/Ben-Vautier-n\u00b0-2413-En-ce-temps-la-Ben.-2009-Livre-59-pages-ISBN-978-2-917829-14-1Criteres-ditions-Grenoble-15-x-15-cm.jpg","type":"image\/jpeg"}],"twitter_card":"summary_large_image","twitter_site":"@EvaVautier","schema":{"@context":"https:\/\/schema.org","@graph":[{"@type":"WebPage","@id":"https:\/\/eva-vautier.com\/en\/boutique\/ben-ben-vautier-il-faut-se-mefier-des-mots-book\/","url":"https:\/\/eva-vautier.com\/en\/boutique\/ben-ben-vautier-il-faut-se-mefier-des-mots-book\/","name":"BEN (Ben Vautier) il faut se m\u00e9fier des mots - Book ~ Galerie Eva Vautier","isPartOf":{"@id":"https:\/\/eva-vautier.com\/en\/#website"},"primaryImageOfPage":{"@id":"https:\/\/eva-vautier.com\/en\/boutique\/ben-ben-vautier-il-faut-se-mefier-des-mots-book\/#primaryimage"},"image":{"@id":"https:\/\/eva-vautier.com\/en\/boutique\/ben-ben-vautier-il-faut-se-mefier-des-mots-book\/#primaryimage"},"thumbnailUrl":"https:\/\/eva-vautier.com\/wp-content\/uploads\/2024\/07\/Ben-Vautier-n\u00b0-2413-En-ce-temps-la-Ben.-2009-Livre-59-pages-ISBN-978-2-917829-14-1Criteres-ditions-Grenoble-15-x-15-cm.jpg","datePublished":"2024-07-04T15:13:54+00:00","dateModified":"2024-07-04T15:15:32+00:00","breadcrumb":{"@id":"https:\/\/eva-vautier.com\/en\/boutique\/ben-ben-vautier-il-faut-se-mefier-des-mots-book\/#breadcrumb"},"inLanguage":"en-US","potentialAction":[{"@type":"ReadAction","target":["https:\/\/eva-vautier.com\/en\/boutique\/ben-ben-vautier-il-faut-se-mefier-des-mots-book\/"]}]},{"@type":"ImageObject","inLanguage":"en-US","@id":"https:\/\/eva-vautier.com\/en\/boutique\/ben-ben-vautier-il-faut-se-mefier-des-mots-book\/#primaryimage","url":"https:\/\/eva-vautier.com\/wp-content\/uploads\/2024\/07\/Ben-Vautier-n\u00b0-2413-En-ce-temps-la-Ben.-2009-Livre-59-pages-ISBN-978-2-917829-14-1Criteres-ditions-Grenoble-15-x-15-cm.jpg","contentUrl":"https:\/\/eva-vautier.com\/wp-content\/uploads\/2024\/07\/Ben-Vautier-n\u00b0-2413-En-ce-temps-la-Ben.-2009-Livre-59-pages-ISBN-978-2-917829-14-1Criteres-ditions-Grenoble-15-x-15-cm.jpg","width":200,"height":201},{"@type":"BreadcrumbList","@id":"https:\/\/eva-vautier.com\/en\/boutique\/ben-ben-vautier-il-faut-se-mefier-des-mots-book\/#breadcrumb","itemListElement":[{"@type":"ListItem","position":1,"name":"Store","item":"https:\/\/eva-vautier.com\/en\/shop\/"},{"@type":"ListItem","position":2,"name":"BEN (Ben Vautier) il faut se m\u00e9fier des mots &#8211; Book"}]},{"@type":"WebSite","@id":"https:\/\/eva-vautier.com\/en\/#website","url":"https:\/\/eva-vautier.com\/en\/","name":"Galerie Eva Vautier","description":"Galerie d&#039;art contemporain","publisher":{"@id":"https:\/\/eva-vautier.com\/en\/#organization"},"potentialAction":[{"@type":"SearchAction","target":{"@type":"EntryPoint","urlTemplate":"https:\/\/eva-vautier.com\/en\/?s={search_term_string}"},"query-input":{"@type":"PropertyValueSpecification","valueRequired":true,"valueName":"search_term_string"}}],"inLanguage":"en-US"},{"@type":"Organization","@id":"https:\/\/eva-vautier.com\/en\/#organization","name":"Galerie Eva Vautier","url":"https:\/\/eva-vautier.com\/en\/","logo":{"@type":"ImageObject","inLanguage":"en-US","@id":"https:\/\/eva-vautier.com\/en\/#\/schema\/logo\/image\/","url":"http:\/\/eva-vautier.com\/wp-content\/uploads\/2018\/09\/logo-galerie-illustrator-04-1.png","contentUrl":"http:\/\/eva-vautier.com\/wp-content\/uploads\/2018\/09\/logo-galerie-illustrator-04-1.png","width":200,"height":24,"caption":"Galerie Eva Vautier"},"image":{"@id":"https:\/\/eva-vautier.com\/en\/#\/schema\/logo\/image\/"},"sameAs":["https:\/\/www.facebook.com\/evavautier\/","https:\/\/x.com\/EvaVautier","https:\/\/www.instagram.com\/galerieevavautier\/"]}]}},"_links":{"self":[{"href":"https:\/\/eva-vautier.com\/en\/wp-json\/wp\/v2\/product\/86087","targetHints":{"allow":["GET"]}}],"collection":[{"href":"https:\/\/eva-vautier.com\/en\/wp-json\/wp\/v2\/product"}],"about":[{"href":"https:\/\/eva-vautier.com\/en\/wp-json\/wp\/v2\/types\/product"}],"wp:featuredmedia":[{"embeddable":true,"href":"https:\/\/eva-vautier.com\/en\/wp-json\/wp\/v2\/media\/86086"}],"wp:attachment":[{"href":"https:\/\/eva-vautier.com\/en\/wp-json\/wp\/v2\/media?parent=86087"}],"wp:term":[{"taxonomy":"product_brand","embeddable":true,"href":"https:\/\/eva-vautier.com\/en\/wp-json\/wp\/v2\/product_brand?post=86087"},{"taxonomy":"product_cat","embeddable":true,"href":"https:\/\/eva-vautier.com\/en\/wp-json\/wp\/v2\/product_cat?post=86087"},{"taxonomy":"product_tag","embeddable":true,"href":"https:\/\/eva-vautier.com\/en\/wp-json\/wp\/v2\/product_tag?post=86087"}],"curies":[{"name":"wp","href":"https:\/\/api.w.org\/{rel}","templated":true}]}}