{"id":83148,"date":"2023-06-29T14:35:51","date_gmt":"2023-06-29T15:35:51","guid":{"rendered":"http:\/\/eva-vautier.com\/boutique\/beatrice-lussol-591\/"},"modified":"2023-07-01T13:01:58","modified_gmt":"2023-07-01T14:01:58","slug":"beatrice-lussol-591","status":"publish","type":"product","link":"https:\/\/eva-vautier.com\/en\/boutique\/beatrice-lussol-591\/","title":{"rendered":"B\u00e9atrice Lussol, 591"},"content":{"rendered":"","protected":false},"excerpt":{"rendered":"<p><strong>B\u00e9atrice Lussol<\/strong>, <em>591<\/em>, 2020<\/p>\n<p>Watercolors and inks<\/p>\n<p>59.4 x 42 cm<\/p>\n<p>White frame<\/p>\n<p>&nbsp;<\/p>\n<p><strong>B\u00e9atrice Lussol<\/strong> works obsessively with the vulval form, multiplying it to create vibrating landscapes, theaters of enchanting details. She uses collage, writing, painting and drawing, and watercolor, the so-called medium of leisure, to create a body of work that she accepts as committed and feminist. She uses the dewy softness of watercolor, its wet quality, that of mucous membranes and flesh, explicit, volatile, deep, light and oriented, resulting in fictions or twisted organs, funny and\/or disquieting, shelters of nutritive and energetic elements, until its crumbling, in fragments, in relative abstraction.<\/p>\n","protected":false},"featured_media":83143,"template":"","meta":[],"product_brand":[],"product_cat":[1776,2055,1789],"product_tag":[],"class_list":{"0":"post-83148","1":"product","2":"type-product","3":"status-publish","4":"has-post-thumbnail","6":"product_cat-artistes-invites-en","7":"product_cat-beatrice-lussol-en","8":"product_cat-original-works","9":"product_shipping_class-forfait-france-en","10":"tm-has-options","12":"first","13":"instock","14":"shipping-taxable","15":"purchasable","16":"product-type-simple"},"yoast_head":"<!-- This site is optimized with the Yoast SEO plugin v27.3 - https:\/\/yoast.com\/product\/yoast-seo-wordpress\/ -->\n<title>B\u00e9atrice Lussol, 591 ~ Galerie Eva Vautier<\/title>\n<meta name=\"robots\" content=\"index, follow, max-snippet:-1, max-image-preview:large, max-video-preview:-1\" \/>\n<link rel=\"canonical\" href=\"https:\/\/eva-vautier.com\/en\/boutique\/beatrice-lussol-591\/\" \/>\n<meta property=\"og:locale\" content=\"en_US\" \/>\n<meta property=\"og:type\" content=\"article\" \/>\n<meta property=\"og:title\" content=\"B\u00e9atrice Lussol, 591 ~ Galerie Eva Vautier\" \/>\n<meta property=\"og:description\" content=\"B\u00e9atrice Lussol, 591, 2020 Watercolors and inks 59.4 x 42 cm White frame &nbsp; B\u00e9atrice Lussol works obsessively with the vulval form, multiplying it to create vibrating landscapes, theaters of enchanting details. She uses collage, writing, painting and drawing, and watercolor, the so-called medium of leisure, to create a body of work that she accepts as committed and feminist. She uses the dewy softness of watercolor, its wet quality, that of mucous membranes and flesh, explicit, volatile, deep, light and oriented, resulting in fictions or twisted organs, funny and\/or disquieting, shelters of nutritive and energetic elements, until its crumbling, in fragments, in relative abstraction.\" \/>\n<meta property=\"og:url\" content=\"https:\/\/eva-vautier.com\/en\/boutique\/beatrice-lussol-591\/\" \/>\n<meta property=\"og:site_name\" content=\"Galerie Eva Vautier\" \/>\n<meta property=\"article:publisher\" content=\"https:\/\/www.facebook.com\/evavautier\/\" \/>\n<meta property=\"article:modified_time\" content=\"2023-07-01T14:01:58+00:00\" \/>\n<meta property=\"og:image\" content=\"https:\/\/eva-vautier.com\/wp-content\/uploads\/2023\/06\/591-2.jpg\" \/>\n\t<meta property=\"og:image:width\" content=\"972\" \/>\n\t<meta property=\"og:image:height\" content=\"1191\" \/>\n\t<meta property=\"og:image:type\" content=\"image\/jpeg\" \/>\n<meta name=\"twitter:card\" content=\"summary_large_image\" \/>\n<meta name=\"twitter:site\" content=\"@EvaVautier\" \/>\n<script type=\"application\/ld+json\" class=\"yoast-schema-graph\">{\"@context\":\"https:\\\/\\\/schema.org\",\"@graph\":[{\"@type\":\"WebPage\",\"@id\":\"https:\\\/\\\/eva-vautier.com\\\/en\\\/boutique\\\/beatrice-lussol-591\\\/\",\"url\":\"https:\\\/\\\/eva-vautier.com\\\/en\\\/boutique\\\/beatrice-lussol-591\\\/\",\"name\":\"B\u00e9atrice Lussol, 591 ~ Galerie Eva Vautier\",\"isPartOf\":{\"@id\":\"https:\\\/\\\/eva-vautier.com\\\/en\\\/#website\"},\"primaryImageOfPage\":{\"@id\":\"https:\\\/\\\/eva-vautier.com\\\/en\\\/boutique\\\/beatrice-lussol-591\\\/#primaryimage\"},\"image\":{\"@id\":\"https:\\\/\\\/eva-vautier.com\\\/en\\\/boutique\\\/beatrice-lussol-591\\\/#primaryimage\"},\"thumbnailUrl\":\"https:\\\/\\\/eva-vautier.com\\\/wp-content\\\/uploads\\\/2023\\\/06\\\/591-2.jpg\",\"datePublished\":\"2023-06-29T15:35:51+00:00\",\"dateModified\":\"2023-07-01T14:01:58+00:00\",\"breadcrumb\":{\"@id\":\"https:\\\/\\\/eva-vautier.com\\\/en\\\/boutique\\\/beatrice-lussol-591\\\/#breadcrumb\"},\"inLanguage\":\"en-US\",\"potentialAction\":[{\"@type\":\"ReadAction\",\"target\":[\"https:\\\/\\\/eva-vautier.com\\\/en\\\/boutique\\\/beatrice-lussol-591\\\/\"]}]},{\"@type\":\"ImageObject\",\"inLanguage\":\"en-US\",\"@id\":\"https:\\\/\\\/eva-vautier.com\\\/en\\\/boutique\\\/beatrice-lussol-591\\\/#primaryimage\",\"url\":\"https:\\\/\\\/eva-vautier.com\\\/wp-content\\\/uploads\\\/2023\\\/06\\\/591-2.jpg\",\"contentUrl\":\"https:\\\/\\\/eva-vautier.com\\\/wp-content\\\/uploads\\\/2023\\\/06\\\/591-2.jpg\",\"width\":972,\"height\":1191},{\"@type\":\"BreadcrumbList\",\"@id\":\"https:\\\/\\\/eva-vautier.com\\\/en\\\/boutique\\\/beatrice-lussol-591\\\/#breadcrumb\",\"itemListElement\":[{\"@type\":\"ListItem\",\"position\":1,\"name\":\"Store\",\"item\":\"https:\\\/\\\/eva-vautier.com\\\/en\\\/shop\\\/\"},{\"@type\":\"ListItem\",\"position\":2,\"name\":\"B\u00e9atrice Lussol, 591\"}]},{\"@type\":\"WebSite\",\"@id\":\"https:\\\/\\\/eva-vautier.com\\\/en\\\/#website\",\"url\":\"https:\\\/\\\/eva-vautier.com\\\/en\\\/\",\"name\":\"Galerie Eva Vautier\",\"description\":\"Galerie d&#039;art contemporain\",\"publisher\":{\"@id\":\"https:\\\/\\\/eva-vautier.com\\\/en\\\/#organization\"},\"potentialAction\":[{\"@type\":\"SearchAction\",\"target\":{\"@type\":\"EntryPoint\",\"urlTemplate\":\"https:\\\/\\\/eva-vautier.com\\\/en\\\/?s={search_term_string}\"},\"query-input\":{\"@type\":\"PropertyValueSpecification\",\"valueRequired\":true,\"valueName\":\"search_term_string\"}}],\"inLanguage\":\"en-US\"},{\"@type\":\"Organization\",\"@id\":\"https:\\\/\\\/eva-vautier.com\\\/en\\\/#organization\",\"name\":\"Galerie Eva Vautier\",\"url\":\"https:\\\/\\\/eva-vautier.com\\\/en\\\/\",\"logo\":{\"@type\":\"ImageObject\",\"inLanguage\":\"en-US\",\"@id\":\"https:\\\/\\\/eva-vautier.com\\\/en\\\/#\\\/schema\\\/logo\\\/image\\\/\",\"url\":\"http:\\\/\\\/eva-vautier.com\\\/wp-content\\\/uploads\\\/2018\\\/09\\\/logo-galerie-illustrator-04-1.png\",\"contentUrl\":\"http:\\\/\\\/eva-vautier.com\\\/wp-content\\\/uploads\\\/2018\\\/09\\\/logo-galerie-illustrator-04-1.png\",\"width\":200,\"height\":24,\"caption\":\"Galerie Eva Vautier\"},\"image\":{\"@id\":\"https:\\\/\\\/eva-vautier.com\\\/en\\\/#\\\/schema\\\/logo\\\/image\\\/\"},\"sameAs\":[\"https:\\\/\\\/www.facebook.com\\\/evavautier\\\/\",\"https:\\\/\\\/x.com\\\/EvaVautier\",\"https:\\\/\\\/www.instagram.com\\\/galerieevavautier\\\/\"]}]}<\/script>\n<!-- \/ Yoast SEO plugin. -->","yoast_head_json":{"title":"B\u00e9atrice Lussol, 591 ~ Galerie Eva Vautier","robots":{"index":"index","follow":"follow","max-snippet":"max-snippet:-1","max-image-preview":"max-image-preview:large","max-video-preview":"max-video-preview:-1"},"canonical":"https:\/\/eva-vautier.com\/en\/boutique\/beatrice-lussol-591\/","og_locale":"en_US","og_type":"article","og_title":"B\u00e9atrice Lussol, 591 ~ Galerie Eva Vautier","og_description":"B\u00e9atrice Lussol, 591, 2020 Watercolors and inks 59.4 x 42 cm White frame &nbsp; B\u00e9atrice Lussol works obsessively with the vulval form, multiplying it to create vibrating landscapes, theaters of enchanting details. She uses collage, writing, painting and drawing, and watercolor, the so-called medium of leisure, to create a body of work that she accepts as committed and feminist. She uses the dewy softness of watercolor, its wet quality, that of mucous membranes and flesh, explicit, volatile, deep, light and oriented, resulting in fictions or twisted organs, funny and\/or disquieting, shelters of nutritive and energetic elements, until its crumbling, in fragments, in relative abstraction.","og_url":"https:\/\/eva-vautier.com\/en\/boutique\/beatrice-lussol-591\/","og_site_name":"Galerie Eva Vautier","article_publisher":"https:\/\/www.facebook.com\/evavautier\/","article_modified_time":"2023-07-01T14:01:58+00:00","og_image":[{"width":972,"height":1191,"url":"https:\/\/eva-vautier.com\/wp-content\/uploads\/2023\/06\/591-2.jpg","type":"image\/jpeg"}],"twitter_card":"summary_large_image","twitter_site":"@EvaVautier","schema":{"@context":"https:\/\/schema.org","@graph":[{"@type":"WebPage","@id":"https:\/\/eva-vautier.com\/en\/boutique\/beatrice-lussol-591\/","url":"https:\/\/eva-vautier.com\/en\/boutique\/beatrice-lussol-591\/","name":"B\u00e9atrice Lussol, 591 ~ Galerie Eva Vautier","isPartOf":{"@id":"https:\/\/eva-vautier.com\/en\/#website"},"primaryImageOfPage":{"@id":"https:\/\/eva-vautier.com\/en\/boutique\/beatrice-lussol-591\/#primaryimage"},"image":{"@id":"https:\/\/eva-vautier.com\/en\/boutique\/beatrice-lussol-591\/#primaryimage"},"thumbnailUrl":"https:\/\/eva-vautier.com\/wp-content\/uploads\/2023\/06\/591-2.jpg","datePublished":"2023-06-29T15:35:51+00:00","dateModified":"2023-07-01T14:01:58+00:00","breadcrumb":{"@id":"https:\/\/eva-vautier.com\/en\/boutique\/beatrice-lussol-591\/#breadcrumb"},"inLanguage":"en-US","potentialAction":[{"@type":"ReadAction","target":["https:\/\/eva-vautier.com\/en\/boutique\/beatrice-lussol-591\/"]}]},{"@type":"ImageObject","inLanguage":"en-US","@id":"https:\/\/eva-vautier.com\/en\/boutique\/beatrice-lussol-591\/#primaryimage","url":"https:\/\/eva-vautier.com\/wp-content\/uploads\/2023\/06\/591-2.jpg","contentUrl":"https:\/\/eva-vautier.com\/wp-content\/uploads\/2023\/06\/591-2.jpg","width":972,"height":1191},{"@type":"BreadcrumbList","@id":"https:\/\/eva-vautier.com\/en\/boutique\/beatrice-lussol-591\/#breadcrumb","itemListElement":[{"@type":"ListItem","position":1,"name":"Store","item":"https:\/\/eva-vautier.com\/en\/shop\/"},{"@type":"ListItem","position":2,"name":"B\u00e9atrice Lussol, 591"}]},{"@type":"WebSite","@id":"https:\/\/eva-vautier.com\/en\/#website","url":"https:\/\/eva-vautier.com\/en\/","name":"Galerie Eva Vautier","description":"Galerie d&#039;art contemporain","publisher":{"@id":"https:\/\/eva-vautier.com\/en\/#organization"},"potentialAction":[{"@type":"SearchAction","target":{"@type":"EntryPoint","urlTemplate":"https:\/\/eva-vautier.com\/en\/?s={search_term_string}"},"query-input":{"@type":"PropertyValueSpecification","valueRequired":true,"valueName":"search_term_string"}}],"inLanguage":"en-US"},{"@type":"Organization","@id":"https:\/\/eva-vautier.com\/en\/#organization","name":"Galerie Eva Vautier","url":"https:\/\/eva-vautier.com\/en\/","logo":{"@type":"ImageObject","inLanguage":"en-US","@id":"https:\/\/eva-vautier.com\/en\/#\/schema\/logo\/image\/","url":"http:\/\/eva-vautier.com\/wp-content\/uploads\/2018\/09\/logo-galerie-illustrator-04-1.png","contentUrl":"http:\/\/eva-vautier.com\/wp-content\/uploads\/2018\/09\/logo-galerie-illustrator-04-1.png","width":200,"height":24,"caption":"Galerie Eva Vautier"},"image":{"@id":"https:\/\/eva-vautier.com\/en\/#\/schema\/logo\/image\/"},"sameAs":["https:\/\/www.facebook.com\/evavautier\/","https:\/\/x.com\/EvaVautier","https:\/\/www.instagram.com\/galerieevavautier\/"]}]}},"_links":{"self":[{"href":"https:\/\/eva-vautier.com\/en\/wp-json\/wp\/v2\/product\/83148","targetHints":{"allow":["GET"]}}],"collection":[{"href":"https:\/\/eva-vautier.com\/en\/wp-json\/wp\/v2\/product"}],"about":[{"href":"https:\/\/eva-vautier.com\/en\/wp-json\/wp\/v2\/types\/product"}],"wp:featuredmedia":[{"embeddable":true,"href":"https:\/\/eva-vautier.com\/en\/wp-json\/wp\/v2\/media\/83143"}],"wp:attachment":[{"href":"https:\/\/eva-vautier.com\/en\/wp-json\/wp\/v2\/media?parent=83148"}],"wp:term":[{"taxonomy":"product_brand","embeddable":true,"href":"https:\/\/eva-vautier.com\/en\/wp-json\/wp\/v2\/product_brand?post=83148"},{"taxonomy":"product_cat","embeddable":true,"href":"https:\/\/eva-vautier.com\/en\/wp-json\/wp\/v2\/product_cat?post=83148"},{"taxonomy":"product_tag","embeddable":true,"href":"https:\/\/eva-vautier.com\/en\/wp-json\/wp\/v2\/product_tag?post=83148"}],"curies":[{"name":"wp","href":"https:\/\/api.w.org\/{rel}","templated":true}]}}