{"id":81863,"date":"2022-11-30T12:16:59","date_gmt":"2022-11-30T13:16:59","guid":{"rendered":"https:\/\/2023.eva-vautier.com\/boutique\/frederique-nalbandian-trame-iv\/"},"modified":"2024-01-22T15:51:02","modified_gmt":"2024-01-22T16:51:02","slug":"frederique-nalbandian-trame-iv","status":"publish","type":"product","link":"https:\/\/eva-vautier.com\/en\/boutique\/frederique-nalbandian-trame-iv\/","title":{"rendered":"Fr\u00e9d\u00e9rique Nalbandian, Trame IV"},"content":{"rendered":"","protected":false},"excerpt":{"rendered":"<div class=\"page\" title=\"Page 2\">\n<div class=\"layoutArea\">\n<div class=\"column\">\n<p><strong>Fr\u00e9d\u00e9rique Nalbandian<\/strong>, <em>Trame IV<\/em>, 2016<\/p>\n<p>Impression in natural bisque fired at 950\u00b0 (earthenware)<\/p>\n<p>14 x 10 x 28 cm<\/p>\n<\/div>\n<p>&#8212;<\/p>\n<p>In these works from which emerge as many volumes in balance as &#8220;untouched&#8221; structures, the artist declines motifs such as the circle and the column. In other works that say something about man&#8217;s relationship to the world, it is a question of the ear and the understanding, of praying hands and near-silence. Here, receptacles with their large surfaces of vibrations, there, concretions made of folds and meanders like those of the brain for example. Undeniably, these works, by their repetitive force and their power of integration of linguistic signs &#8211; one must listen to the titles that the artist attributes to his works -, impose the idea of a quest based on the poetic and haunted by what makes the prodigy of it: the blossoming of the sense, its possible dehiscence, without the recourse to the argumentation or to the least dialectical system.<\/p>\n<p>&nbsp;<\/p>\n<\/div>\n<\/div>\n","protected":false},"featured_media":76661,"template":"","meta":[],"product_brand":[],"product_cat":[989,1069,1041,1789],"product_tag":[],"class_list":{"0":"post-81863","1":"product","2":"type-product","3":"status-publish","4":"has-post-thumbnail","6":"product_cat-artists","7":"product_cat-digital-prints","8":"product_cat-nalbandian-frederique-en","9":"product_cat-original-works","10":"product_shipping_class-forfait-france-en","11":"tm-has-options","13":"first","14":"instock","15":"shipping-taxable","16":"purchasable","17":"product-type-simple"},"yoast_head":"<!-- This site is optimized with the Yoast SEO plugin v27.3 - https:\/\/yoast.com\/product\/yoast-seo-wordpress\/ -->\n<title>Fr\u00e9d\u00e9rique Nalbandian, Trame IV ~ Galerie Eva Vautier<\/title>\n<meta name=\"robots\" content=\"index, follow, max-snippet:-1, max-image-preview:large, max-video-preview:-1\" \/>\n<link rel=\"canonical\" href=\"https:\/\/eva-vautier.com\/en\/boutique\/frederique-nalbandian-trame-iv\/\" \/>\n<meta property=\"og:locale\" content=\"en_US\" \/>\n<meta property=\"og:type\" content=\"article\" \/>\n<meta property=\"og:title\" content=\"Fr\u00e9d\u00e9rique Nalbandian, Trame IV ~ Galerie Eva Vautier\" \/>\n<meta property=\"og:description\" content=\"Fr\u00e9d\u00e9rique Nalbandian, Trame IV, 2016 Impression in natural bisque fired at 950\u00b0 (earthenware) 14 x 10 x 28 cm  -- In these works from which emerge as many volumes in balance as &quot;untouched&quot; structures, the artist declines motifs such as the circle and the column. In other works that say something about man&#039;s relationship to the world, it is a question of the ear and the understanding, of praying hands and near-silence. Here, receptacles with their large surfaces of vibrations, there, concretions made of folds and meanders like those of the brain for example. Undeniably, these works, by their repetitive force and their power of integration of linguistic signs - one must listen to the titles that the artist attributes to his works -, impose the idea of a quest based on the poetic and haunted by what makes the prodigy of it: the blossoming of the sense, its possible dehiscence, without the recourse to the argumentation or to the least dialectical system. &nbsp;\" \/>\n<meta property=\"og:url\" content=\"https:\/\/eva-vautier.com\/en\/boutique\/frederique-nalbandian-trame-iv\/\" \/>\n<meta property=\"og:site_name\" content=\"Galerie Eva Vautier\" \/>\n<meta property=\"article:publisher\" content=\"https:\/\/www.facebook.com\/evavautier\/\" \/>\n<meta property=\"article:modified_time\" content=\"2024-01-22T16:51:02+00:00\" \/>\n<meta property=\"og:image\" content=\"https:\/\/eva-vautier.com\/wp-content\/uploads\/2022\/11\/Fre\u0301de\u0301rique-Nalbandian-n\u00b0-6343-Trame-IV-2016-Empreinte-en-biscuit-naturel-cuisson-950\u00b0-faence-14-x-10-x-28-cm-\u00a9Laura-P..jpg\" \/>\n\t<meta property=\"og:image:width\" content=\"600\" \/>\n\t<meta property=\"og:image:height\" content=\"852\" \/>\n\t<meta property=\"og:image:type\" content=\"image\/jpeg\" \/>\n<meta name=\"twitter:card\" content=\"summary_large_image\" \/>\n<meta name=\"twitter:site\" content=\"@EvaVautier\" \/>\n<script type=\"application\/ld+json\" class=\"yoast-schema-graph\">{\"@context\":\"https:\\\/\\\/schema.org\",\"@graph\":[{\"@type\":\"WebPage\",\"@id\":\"https:\\\/\\\/eva-vautier.com\\\/en\\\/boutique\\\/frederique-nalbandian-trame-iv\\\/\",\"url\":\"https:\\\/\\\/eva-vautier.com\\\/en\\\/boutique\\\/frederique-nalbandian-trame-iv\\\/\",\"name\":\"Fr\u00e9d\u00e9rique Nalbandian, Trame IV ~ Galerie Eva Vautier\",\"isPartOf\":{\"@id\":\"https:\\\/\\\/eva-vautier.com\\\/en\\\/#website\"},\"primaryImageOfPage\":{\"@id\":\"https:\\\/\\\/eva-vautier.com\\\/en\\\/boutique\\\/frederique-nalbandian-trame-iv\\\/#primaryimage\"},\"image\":{\"@id\":\"https:\\\/\\\/eva-vautier.com\\\/en\\\/boutique\\\/frederique-nalbandian-trame-iv\\\/#primaryimage\"},\"thumbnailUrl\":\"https:\\\/\\\/eva-vautier.com\\\/wp-content\\\/uploads\\\/2022\\\/11\\\/Fre\u0301de\u0301rique-Nalbandian-n\u00b0-6343-Trame-IV-2016-Empreinte-en-biscuit-naturel-cuisson-950\u00b0-faence-14-x-10-x-28-cm-\u00a9Laura-P..jpg\",\"datePublished\":\"2022-11-30T13:16:59+00:00\",\"dateModified\":\"2024-01-22T16:51:02+00:00\",\"breadcrumb\":{\"@id\":\"https:\\\/\\\/eva-vautier.com\\\/en\\\/boutique\\\/frederique-nalbandian-trame-iv\\\/#breadcrumb\"},\"inLanguage\":\"en-US\",\"potentialAction\":[{\"@type\":\"ReadAction\",\"target\":[\"https:\\\/\\\/eva-vautier.com\\\/en\\\/boutique\\\/frederique-nalbandian-trame-iv\\\/\"]}]},{\"@type\":\"ImageObject\",\"inLanguage\":\"en-US\",\"@id\":\"https:\\\/\\\/eva-vautier.com\\\/en\\\/boutique\\\/frederique-nalbandian-trame-iv\\\/#primaryimage\",\"url\":\"https:\\\/\\\/eva-vautier.com\\\/wp-content\\\/uploads\\\/2022\\\/11\\\/Fre\u0301de\u0301rique-Nalbandian-n\u00b0-6343-Trame-IV-2016-Empreinte-en-biscuit-naturel-cuisson-950\u00b0-faence-14-x-10-x-28-cm-\u00a9Laura-P..jpg\",\"contentUrl\":\"https:\\\/\\\/eva-vautier.com\\\/wp-content\\\/uploads\\\/2022\\\/11\\\/Fre\u0301de\u0301rique-Nalbandian-n\u00b0-6343-Trame-IV-2016-Empreinte-en-biscuit-naturel-cuisson-950\u00b0-faence-14-x-10-x-28-cm-\u00a9Laura-P..jpg\",\"width\":600,\"height\":852},{\"@type\":\"BreadcrumbList\",\"@id\":\"https:\\\/\\\/eva-vautier.com\\\/en\\\/boutique\\\/frederique-nalbandian-trame-iv\\\/#breadcrumb\",\"itemListElement\":[{\"@type\":\"ListItem\",\"position\":1,\"name\":\"Store\",\"item\":\"https:\\\/\\\/eva-vautier.com\\\/en\\\/shop\\\/\"},{\"@type\":\"ListItem\",\"position\":2,\"name\":\"Fr\u00e9d\u00e9rique Nalbandian, Trame IV\"}]},{\"@type\":\"WebSite\",\"@id\":\"https:\\\/\\\/eva-vautier.com\\\/en\\\/#website\",\"url\":\"https:\\\/\\\/eva-vautier.com\\\/en\\\/\",\"name\":\"Galerie Eva Vautier\",\"description\":\"Galerie d&#039;art contemporain\",\"publisher\":{\"@id\":\"https:\\\/\\\/eva-vautier.com\\\/en\\\/#organization\"},\"potentialAction\":[{\"@type\":\"SearchAction\",\"target\":{\"@type\":\"EntryPoint\",\"urlTemplate\":\"https:\\\/\\\/eva-vautier.com\\\/en\\\/?s={search_term_string}\"},\"query-input\":{\"@type\":\"PropertyValueSpecification\",\"valueRequired\":true,\"valueName\":\"search_term_string\"}}],\"inLanguage\":\"en-US\"},{\"@type\":\"Organization\",\"@id\":\"https:\\\/\\\/eva-vautier.com\\\/en\\\/#organization\",\"name\":\"Galerie Eva Vautier\",\"url\":\"https:\\\/\\\/eva-vautier.com\\\/en\\\/\",\"logo\":{\"@type\":\"ImageObject\",\"inLanguage\":\"en-US\",\"@id\":\"https:\\\/\\\/eva-vautier.com\\\/en\\\/#\\\/schema\\\/logo\\\/image\\\/\",\"url\":\"http:\\\/\\\/eva-vautier.com\\\/wp-content\\\/uploads\\\/2018\\\/09\\\/logo-galerie-illustrator-04-1.png\",\"contentUrl\":\"http:\\\/\\\/eva-vautier.com\\\/wp-content\\\/uploads\\\/2018\\\/09\\\/logo-galerie-illustrator-04-1.png\",\"width\":200,\"height\":24,\"caption\":\"Galerie Eva Vautier\"},\"image\":{\"@id\":\"https:\\\/\\\/eva-vautier.com\\\/en\\\/#\\\/schema\\\/logo\\\/image\\\/\"},\"sameAs\":[\"https:\\\/\\\/www.facebook.com\\\/evavautier\\\/\",\"https:\\\/\\\/x.com\\\/EvaVautier\",\"https:\\\/\\\/www.instagram.com\\\/galerieevavautier\\\/\"]}]}<\/script>\n<!-- \/ Yoast SEO plugin. -->","yoast_head_json":{"title":"Fr\u00e9d\u00e9rique Nalbandian, Trame IV ~ Galerie Eva Vautier","robots":{"index":"index","follow":"follow","max-snippet":"max-snippet:-1","max-image-preview":"max-image-preview:large","max-video-preview":"max-video-preview:-1"},"canonical":"https:\/\/eva-vautier.com\/en\/boutique\/frederique-nalbandian-trame-iv\/","og_locale":"en_US","og_type":"article","og_title":"Fr\u00e9d\u00e9rique Nalbandian, Trame IV ~ Galerie Eva Vautier","og_description":"Fr\u00e9d\u00e9rique Nalbandian, Trame IV, 2016 Impression in natural bisque fired at 950\u00b0 (earthenware) 14 x 10 x 28 cm  -- In these works from which emerge as many volumes in balance as \"untouched\" structures, the artist declines motifs such as the circle and the column. In other works that say something about man's relationship to the world, it is a question of the ear and the understanding, of praying hands and near-silence. Here, receptacles with their large surfaces of vibrations, there, concretions made of folds and meanders like those of the brain for example. Undeniably, these works, by their repetitive force and their power of integration of linguistic signs - one must listen to the titles that the artist attributes to his works -, impose the idea of a quest based on the poetic and haunted by what makes the prodigy of it: the blossoming of the sense, its possible dehiscence, without the recourse to the argumentation or to the least dialectical system. &nbsp;","og_url":"https:\/\/eva-vautier.com\/en\/boutique\/frederique-nalbandian-trame-iv\/","og_site_name":"Galerie Eva Vautier","article_publisher":"https:\/\/www.facebook.com\/evavautier\/","article_modified_time":"2024-01-22T16:51:02+00:00","og_image":[{"width":600,"height":852,"url":"https:\/\/eva-vautier.com\/wp-content\/uploads\/2022\/11\/Fre\u0301de\u0301rique-Nalbandian-n\u00b0-6343-Trame-IV-2016-Empreinte-en-biscuit-naturel-cuisson-950\u00b0-faence-14-x-10-x-28-cm-\u00a9Laura-P..jpg","type":"image\/jpeg"}],"twitter_card":"summary_large_image","twitter_site":"@EvaVautier","schema":{"@context":"https:\/\/schema.org","@graph":[{"@type":"WebPage","@id":"https:\/\/eva-vautier.com\/en\/boutique\/frederique-nalbandian-trame-iv\/","url":"https:\/\/eva-vautier.com\/en\/boutique\/frederique-nalbandian-trame-iv\/","name":"Fr\u00e9d\u00e9rique Nalbandian, Trame IV ~ Galerie Eva Vautier","isPartOf":{"@id":"https:\/\/eva-vautier.com\/en\/#website"},"primaryImageOfPage":{"@id":"https:\/\/eva-vautier.com\/en\/boutique\/frederique-nalbandian-trame-iv\/#primaryimage"},"image":{"@id":"https:\/\/eva-vautier.com\/en\/boutique\/frederique-nalbandian-trame-iv\/#primaryimage"},"thumbnailUrl":"https:\/\/eva-vautier.com\/wp-content\/uploads\/2022\/11\/Fre\u0301de\u0301rique-Nalbandian-n\u00b0-6343-Trame-IV-2016-Empreinte-en-biscuit-naturel-cuisson-950\u00b0-faence-14-x-10-x-28-cm-\u00a9Laura-P..jpg","datePublished":"2022-11-30T13:16:59+00:00","dateModified":"2024-01-22T16:51:02+00:00","breadcrumb":{"@id":"https:\/\/eva-vautier.com\/en\/boutique\/frederique-nalbandian-trame-iv\/#breadcrumb"},"inLanguage":"en-US","potentialAction":[{"@type":"ReadAction","target":["https:\/\/eva-vautier.com\/en\/boutique\/frederique-nalbandian-trame-iv\/"]}]},{"@type":"ImageObject","inLanguage":"en-US","@id":"https:\/\/eva-vautier.com\/en\/boutique\/frederique-nalbandian-trame-iv\/#primaryimage","url":"https:\/\/eva-vautier.com\/wp-content\/uploads\/2022\/11\/Fre\u0301de\u0301rique-Nalbandian-n\u00b0-6343-Trame-IV-2016-Empreinte-en-biscuit-naturel-cuisson-950\u00b0-faence-14-x-10-x-28-cm-\u00a9Laura-P..jpg","contentUrl":"https:\/\/eva-vautier.com\/wp-content\/uploads\/2022\/11\/Fre\u0301de\u0301rique-Nalbandian-n\u00b0-6343-Trame-IV-2016-Empreinte-en-biscuit-naturel-cuisson-950\u00b0-faence-14-x-10-x-28-cm-\u00a9Laura-P..jpg","width":600,"height":852},{"@type":"BreadcrumbList","@id":"https:\/\/eva-vautier.com\/en\/boutique\/frederique-nalbandian-trame-iv\/#breadcrumb","itemListElement":[{"@type":"ListItem","position":1,"name":"Store","item":"https:\/\/eva-vautier.com\/en\/shop\/"},{"@type":"ListItem","position":2,"name":"Fr\u00e9d\u00e9rique Nalbandian, Trame IV"}]},{"@type":"WebSite","@id":"https:\/\/eva-vautier.com\/en\/#website","url":"https:\/\/eva-vautier.com\/en\/","name":"Galerie Eva Vautier","description":"Galerie d&#039;art contemporain","publisher":{"@id":"https:\/\/eva-vautier.com\/en\/#organization"},"potentialAction":[{"@type":"SearchAction","target":{"@type":"EntryPoint","urlTemplate":"https:\/\/eva-vautier.com\/en\/?s={search_term_string}"},"query-input":{"@type":"PropertyValueSpecification","valueRequired":true,"valueName":"search_term_string"}}],"inLanguage":"en-US"},{"@type":"Organization","@id":"https:\/\/eva-vautier.com\/en\/#organization","name":"Galerie Eva Vautier","url":"https:\/\/eva-vautier.com\/en\/","logo":{"@type":"ImageObject","inLanguage":"en-US","@id":"https:\/\/eva-vautier.com\/en\/#\/schema\/logo\/image\/","url":"http:\/\/eva-vautier.com\/wp-content\/uploads\/2018\/09\/logo-galerie-illustrator-04-1.png","contentUrl":"http:\/\/eva-vautier.com\/wp-content\/uploads\/2018\/09\/logo-galerie-illustrator-04-1.png","width":200,"height":24,"caption":"Galerie Eva Vautier"},"image":{"@id":"https:\/\/eva-vautier.com\/en\/#\/schema\/logo\/image\/"},"sameAs":["https:\/\/www.facebook.com\/evavautier\/","https:\/\/x.com\/EvaVautier","https:\/\/www.instagram.com\/galerieevavautier\/"]}]}},"_links":{"self":[{"href":"https:\/\/eva-vautier.com\/en\/wp-json\/wp\/v2\/product\/81863","targetHints":{"allow":["GET"]}}],"collection":[{"href":"https:\/\/eva-vautier.com\/en\/wp-json\/wp\/v2\/product"}],"about":[{"href":"https:\/\/eva-vautier.com\/en\/wp-json\/wp\/v2\/types\/product"}],"wp:featuredmedia":[{"embeddable":true,"href":"https:\/\/eva-vautier.com\/en\/wp-json\/wp\/v2\/media\/76661"}],"wp:attachment":[{"href":"https:\/\/eva-vautier.com\/en\/wp-json\/wp\/v2\/media?parent=81863"}],"wp:term":[{"taxonomy":"product_brand","embeddable":true,"href":"https:\/\/eva-vautier.com\/en\/wp-json\/wp\/v2\/product_brand?post=81863"},{"taxonomy":"product_cat","embeddable":true,"href":"https:\/\/eva-vautier.com\/en\/wp-json\/wp\/v2\/product_cat?post=81863"},{"taxonomy":"product_tag","embeddable":true,"href":"https:\/\/eva-vautier.com\/en\/wp-json\/wp\/v2\/product_tag?post=81863"}],"curies":[{"name":"wp","href":"https:\/\/api.w.org\/{rel}","templated":true}]}}