{"id":81809,"date":"2022-02-16T16:45:12","date_gmt":"2022-02-16T17:45:12","guid":{"rendered":"https:\/\/2023.eva-vautier.com\/boutique\/francois-paris-punk-never-dies\/"},"modified":"2023-04-12T13:45:29","modified_gmt":"2023-04-12T14:45:29","slug":"francois-paris-punk-never-dies","status":"publish","type":"product","link":"https:\/\/eva-vautier.com\/en\/boutique\/francois-paris-punk-never-dies\/","title":{"rendered":"Fran\u00e7ois Paris, Punk never dies!"},"content":{"rendered":"","protected":false},"excerpt":{"rendered":"<p>Fran\u00e7ois Paris, <em>The punk never dies, <\/em>2022<br \/>\nDigigraphie, Ultra Chrome pigment ink on Fine Art Paper<br \/>\n15 copies, signed and numbered on the back<br \/>\n<span class=\"Apple-converted-space\">39 x 29 cm \/ 43 x 33 cm<b class=\"\"><br \/>\n<\/b><\/span>Edition Eva Vautier<span class=\"Apple-converted-space\"> <\/span><\/p>\n<p>&nbsp;<\/p>\n<p>The work is sold framed.<\/p>\n<p>&nbsp;<\/p>\n<p>&#8212;<\/p>\n<p>&#8221; <em>the world was not in color, but in black and white<\/em><br \/>\n\u00c9ric D\u00e9bris (rock DJ and singer of the electropunk band Metal Urbain).<\/p>\n<p>&nbsp;<\/p>\n<p>Fran\u00e7ois Paris has always been fascinated by these creative individuals capable of redoubling their energy in the face of a very negative vision of the world, the raw expression of an idle, rebellious and provocative youth. &#8220;Punk never dies&#8221; is a dazzling response&#8230;and in color!<span class=\"Apple-converted-space\"> <\/span><\/p>\n","protected":false},"featured_media":75527,"template":"","meta":[],"product_brand":[],"product_cat":[2164,989,1042,1118],"product_tag":[1055,1154,1093,1048,1130,1926],"class_list":{"0":"post-81809","1":"product","2":"type-product","3":"status-publish","4":"has-post-thumbnail","6":"product_cat-art-under-the-christmas-tree","7":"product_cat-artists","8":"product_cat-edition-en","9":"product_cat-paris-francois-en","10":"product_tag-art-contemporain-en","11":"product_tag-edition-en","12":"product_tag-edition-dart-en","13":"product_tag-eva-vautier-en","14":"product_tag-francois-paris-en","15":"product_tag-punk-en","16":"product_shipping_class-forfait-standart","17":"tm-has-options","19":"first","20":"instock","21":"sale","22":"shipping-taxable","23":"purchasable","24":"product-type-simple"},"yoast_head":"<!-- This site is optimized with the Yoast SEO plugin v27.3 - https:\/\/yoast.com\/product\/yoast-seo-wordpress\/ -->\n<title>Fran\u00e7ois Paris, Punk never dies! ~ Galerie Eva Vautier<\/title>\n<meta name=\"robots\" content=\"index, follow, max-snippet:-1, max-image-preview:large, max-video-preview:-1\" \/>\n<link rel=\"canonical\" href=\"https:\/\/eva-vautier.com\/en\/boutique\/francois-paris-punk-never-dies\/\" \/>\n<meta property=\"og:locale\" content=\"en_US\" \/>\n<meta property=\"og:type\" content=\"article\" \/>\n<meta property=\"og:title\" content=\"Fran\u00e7ois Paris, Punk never dies! ~ Galerie Eva Vautier\" \/>\n<meta property=\"og:description\" content=\"Fran\u00e7ois Paris, The punk never dies, 2022 Digigraphie, Ultra Chrome pigment ink on Fine Art Paper 15 copies, signed and numbered on the back 39 x 29 cm \/ 43 x 33 cm Edition Eva Vautier  &nbsp; The work is sold framed. &nbsp; -- &quot; the world was not in color, but in black and white \u00c9ric D\u00e9bris (rock DJ and singer of the electropunk band Metal Urbain). &nbsp; Fran\u00e7ois Paris has always been fascinated by these creative individuals capable of redoubling their energy in the face of a very negative vision of the world, the raw expression of an idle, rebellious and provocative youth. &quot;Punk never dies&quot; is a dazzling response...and in color!\" \/>\n<meta property=\"og:url\" content=\"https:\/\/eva-vautier.com\/en\/boutique\/francois-paris-punk-never-dies\/\" \/>\n<meta property=\"og:site_name\" content=\"Galerie Eva Vautier\" \/>\n<meta property=\"article:publisher\" content=\"https:\/\/www.facebook.com\/evavautier\/\" \/>\n<meta property=\"article:modified_time\" content=\"2023-04-12T14:45:29+00:00\" \/>\n<meta property=\"og:image\" content=\"https:\/\/eva-vautier.com\/wp-content\/uploads\/2022\/02\/Francois-Paris-n\u00b0-2627-Le-punk-ne-meurt-jamais-2022-Digigraphie-Encre-pigmentaire-Ultra-Chrome-sur-Papier-Fine-Art15-exemplaires-signes-et-numerotes-au...-30-x-236-cm-\u00a9Eva-Vautier.jpg\" \/>\n\t<meta property=\"og:image:width\" content=\"892\" \/>\n\t<meta property=\"og:image:height\" content=\"1200\" \/>\n\t<meta property=\"og:image:type\" content=\"image\/jpeg\" \/>\n<meta name=\"twitter:card\" content=\"summary_large_image\" \/>\n<meta name=\"twitter:site\" content=\"@EvaVautier\" \/>\n<script type=\"application\/ld+json\" class=\"yoast-schema-graph\">{\"@context\":\"https:\\\/\\\/schema.org\",\"@graph\":[{\"@type\":\"WebPage\",\"@id\":\"https:\\\/\\\/eva-vautier.com\\\/en\\\/boutique\\\/francois-paris-punk-never-dies\\\/\",\"url\":\"https:\\\/\\\/eva-vautier.com\\\/en\\\/boutique\\\/francois-paris-punk-never-dies\\\/\",\"name\":\"Fran\u00e7ois Paris, Punk never dies! ~ Galerie Eva Vautier\",\"isPartOf\":{\"@id\":\"https:\\\/\\\/eva-vautier.com\\\/en\\\/#website\"},\"primaryImageOfPage\":{\"@id\":\"https:\\\/\\\/eva-vautier.com\\\/en\\\/boutique\\\/francois-paris-punk-never-dies\\\/#primaryimage\"},\"image\":{\"@id\":\"https:\\\/\\\/eva-vautier.com\\\/en\\\/boutique\\\/francois-paris-punk-never-dies\\\/#primaryimage\"},\"thumbnailUrl\":\"https:\\\/\\\/eva-vautier.com\\\/wp-content\\\/uploads\\\/2022\\\/02\\\/Francois-Paris-n\u00b0-2627-Le-punk-ne-meurt-jamais-2022-Digigraphie-Encre-pigmentaire-Ultra-Chrome-sur-Papier-Fine-Art15-exemplaires-signes-et-numerotes-au...-30-x-236-cm-\u00a9Eva-Vautier.jpg\",\"datePublished\":\"2022-02-16T17:45:12+00:00\",\"dateModified\":\"2023-04-12T14:45:29+00:00\",\"breadcrumb\":{\"@id\":\"https:\\\/\\\/eva-vautier.com\\\/en\\\/boutique\\\/francois-paris-punk-never-dies\\\/#breadcrumb\"},\"inLanguage\":\"en-US\",\"potentialAction\":[{\"@type\":\"ReadAction\",\"target\":[\"https:\\\/\\\/eva-vautier.com\\\/en\\\/boutique\\\/francois-paris-punk-never-dies\\\/\"]}]},{\"@type\":\"ImageObject\",\"inLanguage\":\"en-US\",\"@id\":\"https:\\\/\\\/eva-vautier.com\\\/en\\\/boutique\\\/francois-paris-punk-never-dies\\\/#primaryimage\",\"url\":\"https:\\\/\\\/eva-vautier.com\\\/wp-content\\\/uploads\\\/2022\\\/02\\\/Francois-Paris-n\u00b0-2627-Le-punk-ne-meurt-jamais-2022-Digigraphie-Encre-pigmentaire-Ultra-Chrome-sur-Papier-Fine-Art15-exemplaires-signes-et-numerotes-au...-30-x-236-cm-\u00a9Eva-Vautier.jpg\",\"contentUrl\":\"https:\\\/\\\/eva-vautier.com\\\/wp-content\\\/uploads\\\/2022\\\/02\\\/Francois-Paris-n\u00b0-2627-Le-punk-ne-meurt-jamais-2022-Digigraphie-Encre-pigmentaire-Ultra-Chrome-sur-Papier-Fine-Art15-exemplaires-signes-et-numerotes-au...-30-x-236-cm-\u00a9Eva-Vautier.jpg\",\"width\":892,\"height\":1200},{\"@type\":\"BreadcrumbList\",\"@id\":\"https:\\\/\\\/eva-vautier.com\\\/en\\\/boutique\\\/francois-paris-punk-never-dies\\\/#breadcrumb\",\"itemListElement\":[{\"@type\":\"ListItem\",\"position\":1,\"name\":\"Store\",\"item\":\"https:\\\/\\\/eva-vautier.com\\\/en\\\/shop\\\/\"},{\"@type\":\"ListItem\",\"position\":2,\"name\":\"Fran\u00e7ois Paris, Punk never dies!\"}]},{\"@type\":\"WebSite\",\"@id\":\"https:\\\/\\\/eva-vautier.com\\\/en\\\/#website\",\"url\":\"https:\\\/\\\/eva-vautier.com\\\/en\\\/\",\"name\":\"Galerie Eva Vautier\",\"description\":\"Galerie d&#039;art contemporain\",\"publisher\":{\"@id\":\"https:\\\/\\\/eva-vautier.com\\\/en\\\/#organization\"},\"potentialAction\":[{\"@type\":\"SearchAction\",\"target\":{\"@type\":\"EntryPoint\",\"urlTemplate\":\"https:\\\/\\\/eva-vautier.com\\\/en\\\/?s={search_term_string}\"},\"query-input\":{\"@type\":\"PropertyValueSpecification\",\"valueRequired\":true,\"valueName\":\"search_term_string\"}}],\"inLanguage\":\"en-US\"},{\"@type\":\"Organization\",\"@id\":\"https:\\\/\\\/eva-vautier.com\\\/en\\\/#organization\",\"name\":\"Galerie Eva Vautier\",\"url\":\"https:\\\/\\\/eva-vautier.com\\\/en\\\/\",\"logo\":{\"@type\":\"ImageObject\",\"inLanguage\":\"en-US\",\"@id\":\"https:\\\/\\\/eva-vautier.com\\\/en\\\/#\\\/schema\\\/logo\\\/image\\\/\",\"url\":\"http:\\\/\\\/eva-vautier.com\\\/wp-content\\\/uploads\\\/2018\\\/09\\\/logo-galerie-illustrator-04-1.png\",\"contentUrl\":\"http:\\\/\\\/eva-vautier.com\\\/wp-content\\\/uploads\\\/2018\\\/09\\\/logo-galerie-illustrator-04-1.png\",\"width\":200,\"height\":24,\"caption\":\"Galerie Eva Vautier\"},\"image\":{\"@id\":\"https:\\\/\\\/eva-vautier.com\\\/en\\\/#\\\/schema\\\/logo\\\/image\\\/\"},\"sameAs\":[\"https:\\\/\\\/www.facebook.com\\\/evavautier\\\/\",\"https:\\\/\\\/x.com\\\/EvaVautier\",\"https:\\\/\\\/www.instagram.com\\\/galerieevavautier\\\/\"]}]}<\/script>\n<!-- \/ Yoast SEO plugin. -->","yoast_head_json":{"title":"Fran\u00e7ois Paris, Punk never dies! ~ Galerie Eva Vautier","robots":{"index":"index","follow":"follow","max-snippet":"max-snippet:-1","max-image-preview":"max-image-preview:large","max-video-preview":"max-video-preview:-1"},"canonical":"https:\/\/eva-vautier.com\/en\/boutique\/francois-paris-punk-never-dies\/","og_locale":"en_US","og_type":"article","og_title":"Fran\u00e7ois Paris, Punk never dies! ~ Galerie Eva Vautier","og_description":"Fran\u00e7ois Paris, The punk never dies, 2022 Digigraphie, Ultra Chrome pigment ink on Fine Art Paper 15 copies, signed and numbered on the back 39 x 29 cm \/ 43 x 33 cm Edition Eva Vautier  &nbsp; The work is sold framed. &nbsp; -- \" the world was not in color, but in black and white \u00c9ric D\u00e9bris (rock DJ and singer of the electropunk band Metal Urbain). &nbsp; Fran\u00e7ois Paris has always been fascinated by these creative individuals capable of redoubling their energy in the face of a very negative vision of the world, the raw expression of an idle, rebellious and provocative youth. \"Punk never dies\" is a dazzling response...and in color!","og_url":"https:\/\/eva-vautier.com\/en\/boutique\/francois-paris-punk-never-dies\/","og_site_name":"Galerie Eva Vautier","article_publisher":"https:\/\/www.facebook.com\/evavautier\/","article_modified_time":"2023-04-12T14:45:29+00:00","og_image":[{"width":892,"height":1200,"url":"https:\/\/eva-vautier.com\/wp-content\/uploads\/2022\/02\/Francois-Paris-n\u00b0-2627-Le-punk-ne-meurt-jamais-2022-Digigraphie-Encre-pigmentaire-Ultra-Chrome-sur-Papier-Fine-Art15-exemplaires-signes-et-numerotes-au...-30-x-236-cm-\u00a9Eva-Vautier.jpg","type":"image\/jpeg"}],"twitter_card":"summary_large_image","twitter_site":"@EvaVautier","schema":{"@context":"https:\/\/schema.org","@graph":[{"@type":"WebPage","@id":"https:\/\/eva-vautier.com\/en\/boutique\/francois-paris-punk-never-dies\/","url":"https:\/\/eva-vautier.com\/en\/boutique\/francois-paris-punk-never-dies\/","name":"Fran\u00e7ois Paris, Punk never dies! ~ Galerie Eva Vautier","isPartOf":{"@id":"https:\/\/eva-vautier.com\/en\/#website"},"primaryImageOfPage":{"@id":"https:\/\/eva-vautier.com\/en\/boutique\/francois-paris-punk-never-dies\/#primaryimage"},"image":{"@id":"https:\/\/eva-vautier.com\/en\/boutique\/francois-paris-punk-never-dies\/#primaryimage"},"thumbnailUrl":"https:\/\/eva-vautier.com\/wp-content\/uploads\/2022\/02\/Francois-Paris-n\u00b0-2627-Le-punk-ne-meurt-jamais-2022-Digigraphie-Encre-pigmentaire-Ultra-Chrome-sur-Papier-Fine-Art15-exemplaires-signes-et-numerotes-au...-30-x-236-cm-\u00a9Eva-Vautier.jpg","datePublished":"2022-02-16T17:45:12+00:00","dateModified":"2023-04-12T14:45:29+00:00","breadcrumb":{"@id":"https:\/\/eva-vautier.com\/en\/boutique\/francois-paris-punk-never-dies\/#breadcrumb"},"inLanguage":"en-US","potentialAction":[{"@type":"ReadAction","target":["https:\/\/eva-vautier.com\/en\/boutique\/francois-paris-punk-never-dies\/"]}]},{"@type":"ImageObject","inLanguage":"en-US","@id":"https:\/\/eva-vautier.com\/en\/boutique\/francois-paris-punk-never-dies\/#primaryimage","url":"https:\/\/eva-vautier.com\/wp-content\/uploads\/2022\/02\/Francois-Paris-n\u00b0-2627-Le-punk-ne-meurt-jamais-2022-Digigraphie-Encre-pigmentaire-Ultra-Chrome-sur-Papier-Fine-Art15-exemplaires-signes-et-numerotes-au...-30-x-236-cm-\u00a9Eva-Vautier.jpg","contentUrl":"https:\/\/eva-vautier.com\/wp-content\/uploads\/2022\/02\/Francois-Paris-n\u00b0-2627-Le-punk-ne-meurt-jamais-2022-Digigraphie-Encre-pigmentaire-Ultra-Chrome-sur-Papier-Fine-Art15-exemplaires-signes-et-numerotes-au...-30-x-236-cm-\u00a9Eva-Vautier.jpg","width":892,"height":1200},{"@type":"BreadcrumbList","@id":"https:\/\/eva-vautier.com\/en\/boutique\/francois-paris-punk-never-dies\/#breadcrumb","itemListElement":[{"@type":"ListItem","position":1,"name":"Store","item":"https:\/\/eva-vautier.com\/en\/shop\/"},{"@type":"ListItem","position":2,"name":"Fran\u00e7ois Paris, Punk never dies!"}]},{"@type":"WebSite","@id":"https:\/\/eva-vautier.com\/en\/#website","url":"https:\/\/eva-vautier.com\/en\/","name":"Galerie Eva Vautier","description":"Galerie d&#039;art contemporain","publisher":{"@id":"https:\/\/eva-vautier.com\/en\/#organization"},"potentialAction":[{"@type":"SearchAction","target":{"@type":"EntryPoint","urlTemplate":"https:\/\/eva-vautier.com\/en\/?s={search_term_string}"},"query-input":{"@type":"PropertyValueSpecification","valueRequired":true,"valueName":"search_term_string"}}],"inLanguage":"en-US"},{"@type":"Organization","@id":"https:\/\/eva-vautier.com\/en\/#organization","name":"Galerie Eva Vautier","url":"https:\/\/eva-vautier.com\/en\/","logo":{"@type":"ImageObject","inLanguage":"en-US","@id":"https:\/\/eva-vautier.com\/en\/#\/schema\/logo\/image\/","url":"http:\/\/eva-vautier.com\/wp-content\/uploads\/2018\/09\/logo-galerie-illustrator-04-1.png","contentUrl":"http:\/\/eva-vautier.com\/wp-content\/uploads\/2018\/09\/logo-galerie-illustrator-04-1.png","width":200,"height":24,"caption":"Galerie Eva Vautier"},"image":{"@id":"https:\/\/eva-vautier.com\/en\/#\/schema\/logo\/image\/"},"sameAs":["https:\/\/www.facebook.com\/evavautier\/","https:\/\/x.com\/EvaVautier","https:\/\/www.instagram.com\/galerieevavautier\/"]}]}},"_links":{"self":[{"href":"https:\/\/eva-vautier.com\/en\/wp-json\/wp\/v2\/product\/81809","targetHints":{"allow":["GET"]}}],"collection":[{"href":"https:\/\/eva-vautier.com\/en\/wp-json\/wp\/v2\/product"}],"about":[{"href":"https:\/\/eva-vautier.com\/en\/wp-json\/wp\/v2\/types\/product"}],"wp:featuredmedia":[{"embeddable":true,"href":"https:\/\/eva-vautier.com\/en\/wp-json\/wp\/v2\/media\/75527"}],"wp:attachment":[{"href":"https:\/\/eva-vautier.com\/en\/wp-json\/wp\/v2\/media?parent=81809"}],"wp:term":[{"taxonomy":"product_brand","embeddable":true,"href":"https:\/\/eva-vautier.com\/en\/wp-json\/wp\/v2\/product_brand?post=81809"},{"taxonomy":"product_cat","embeddable":true,"href":"https:\/\/eva-vautier.com\/en\/wp-json\/wp\/v2\/product_cat?post=81809"},{"taxonomy":"product_tag","embeddable":true,"href":"https:\/\/eva-vautier.com\/en\/wp-json\/wp\/v2\/product_tag?post=81809"}],"curies":[{"name":"wp","href":"https:\/\/api.w.org\/{rel}","templated":true}]}}