{"id":81802,"date":"2021-12-21T15:57:20","date_gmt":"2021-12-21T16:57:20","guid":{"rendered":"https:\/\/2023.eva-vautier.com\/boutique\/natacha-lesueur-crowned-fairy\/"},"modified":"2023-04-12T13:45:26","modified_gmt":"2023-04-12T14:45:26","slug":"natacha-lesueur-crowned-fairy","status":"publish","type":"product","link":"https:\/\/eva-vautier.com\/en\/boutique\/natacha-lesueur-crowned-fairy\/","title":{"rendered":"Natacha Lesueur, crowned fairy"},"content":{"rendered":"","protected":false},"excerpt":{"rendered":"<p>Natacha Lesueur, <em>Crowned Fairy<\/em>, 2021<\/p>\n<p>Graphite monotype on fine art photographic pigment print, 48 x 48 cm<\/p>\n<p>Signed, dated and justified on the back 2\/3<\/p>\n<p>&#8212;<br \/>\nMoods of the fairies series<\/p>\n<p>&#8220;For Natacha Lesueur, the body is an image, makes an image, or acts as a surface of inscription. Working mainly on portraits, often in series, she favors photography, and women&#8217;s figures have a special place in it. Traces, imprints, postiches, ornaments or ornament, it is a question of diverting, of amplifying, of overflowing, not without humor nor grotesque excess. In his portrait galleries, parading joyful or frightening phantasmagorias, the hair, as you can easily understand, has its place. There tiaras stacking shoes fashionable, here exuberant plumage or evocations topiary. Headdresses and hairstyles parade as if from an anthropological collection that would record possibilities as extravagant as they are unavowed.<\/p>\n<p>Here they are adorned with gray hair and treated, according to the usual term, in <em>grisaille<\/em>. The smooth surface of the image is scratched, pencilled, a novel practice in his work, whereas his figures are usually the result of a long, meticulous elaboration prior to the shooting. Thus this redesigned bride, or this <em>fairy of the house<\/em> who ironizes with the degrading and macho stereotypes attached to the so-called housewives under or over fifty years.  <em>Pirate fairy<\/em> or <em>rocket fairy<\/em>, with, she says, &#8220;auratic smoke, dynamic flames and disturbing combustions&#8221;, here they are, twisting the assignments, and exhibiting complex identities. With a mischievous art of counterpoint, Natacha Lesueur thus revives the game of roles, appearances, the varnish of images and photography.&#8221;<\/p>\n<p>Text for the exhibition of Natacha Lesueur at Printemps de Septembre, Toulouse, 2021<\/p>\n<p>&nbsp;<\/p>\n","protected":false},"featured_media":75312,"template":"","meta":[],"product_brand":[],"product_cat":[1121],"product_tag":[1055,1163,1923,1921,1922],"class_list":{"0":"post-81802","1":"product","2":"type-product","3":"status-publish","4":"has-post-thumbnail","6":"product_cat-lesueur-natacha-en","7":"product_tag-art-contemporain-en","8":"product_tag-dessin-en","9":"product_tag-fairies","10":"product_tag-natacha-lesueur-en","11":"product_tag-photography","12":"product_shipping_class-forfait-france-en","13":"tm-has-options","15":"first","16":"instock","17":"shipping-taxable","18":"product-type-simple"},"yoast_head":"<!-- This site is optimized with the Yoast SEO plugin v27.4 - https:\/\/yoast.com\/product\/yoast-seo-wordpress\/ -->\n<title>Natacha Lesueur, crowned fairy ~ Galerie Eva Vautier<\/title>\n<meta name=\"robots\" content=\"index, follow, max-snippet:-1, max-image-preview:large, max-video-preview:-1\" \/>\n<link rel=\"canonical\" href=\"https:\/\/eva-vautier.com\/en\/boutique\/natacha-lesueur-crowned-fairy\/\" \/>\n<meta property=\"og:locale\" content=\"en_US\" \/>\n<meta property=\"og:type\" content=\"article\" \/>\n<meta property=\"og:title\" content=\"Natacha Lesueur, crowned fairy ~ Galerie Eva Vautier\" \/>\n<meta property=\"og:description\" content=\"Natacha Lesueur, Crowned Fairy, 2021 Graphite monotype on fine art photographic pigment print, 48 x 48 cm Signed, dated and justified on the back 2\/3 -- Moods of the fairies series &quot;For Natacha Lesueur, the body is an image, makes an image, or acts as a surface of inscription. Working mainly on portraits, often in series, she favors photography, and women&#039;s figures have a special place in it. Traces, imprints, postiches, ornaments or ornament, it is a question of diverting, of amplifying, of overflowing, not without humor nor grotesque excess. In his portrait galleries, parading joyful or frightening phantasmagorias, the hair, as you can easily understand, has its place. There tiaras stacking shoes fashionable, here exuberant plumage or evocations topiary. Headdresses and hairstyles parade as if from an anthropological collection that would record possibilities as extravagant as they are unavowed. Here they are adorned with gray hair and treated, according to the usual term, in grisaille. The smooth surface of the image is scratched, pencilled, a novel practice in his work, whereas his figures are usually the result of a long, meticulous elaboration prior to the shooting. Thus this redesigned bride, or this fairy of the house who ironizes with the degrading and macho stereotypes attached to the so-called housewives under or over fifty years. Pirate fairy or rocket fairy, with, she says, &quot;auratic smoke, dynamic flames and disturbing combustions&quot;, here they are, twisting the assignments, and exhibiting complex identities. With a mischievous art of counterpoint, Natacha Lesueur thus revives the game of roles, appearances, the varnish of images and photography.&quot; Text for the exhibition of Natacha Lesueur at Printemps de Septembre, Toulouse, 2021 &nbsp;\" \/>\n<meta property=\"og:url\" content=\"https:\/\/eva-vautier.com\/en\/boutique\/natacha-lesueur-crowned-fairy\/\" \/>\n<meta property=\"og:site_name\" content=\"Galerie Eva Vautier\" \/>\n<meta property=\"article:publisher\" content=\"https:\/\/www.facebook.com\/evavautier\/\" \/>\n<meta property=\"article:modified_time\" content=\"2023-04-12T14:45:26+00:00\" \/>\n<meta property=\"og:image\" content=\"https:\/\/eva-vautier.com\/wp-content\/uploads\/2021\/12\/Natacha-Lesueur.jpg\" \/>\n\t<meta property=\"og:image:width\" content=\"1200\" \/>\n\t<meta property=\"og:image:height\" content=\"1196\" \/>\n\t<meta property=\"og:image:type\" content=\"image\/jpeg\" \/>\n<meta name=\"twitter:card\" content=\"summary_large_image\" \/>\n<meta name=\"twitter:site\" content=\"@EvaVautier\" \/>\n<script type=\"application\/ld+json\" class=\"yoast-schema-graph\">{\"@context\":\"https:\\\/\\\/schema.org\",\"@graph\":[{\"@type\":\"WebPage\",\"@id\":\"https:\\\/\\\/eva-vautier.com\\\/en\\\/boutique\\\/natacha-lesueur-crowned-fairy\\\/\",\"url\":\"https:\\\/\\\/eva-vautier.com\\\/en\\\/boutique\\\/natacha-lesueur-crowned-fairy\\\/\",\"name\":\"Natacha Lesueur, crowned fairy ~ Galerie Eva Vautier\",\"isPartOf\":{\"@id\":\"https:\\\/\\\/eva-vautier.com\\\/en\\\/#website\"},\"primaryImageOfPage\":{\"@id\":\"https:\\\/\\\/eva-vautier.com\\\/en\\\/boutique\\\/natacha-lesueur-crowned-fairy\\\/#primaryimage\"},\"image\":{\"@id\":\"https:\\\/\\\/eva-vautier.com\\\/en\\\/boutique\\\/natacha-lesueur-crowned-fairy\\\/#primaryimage\"},\"thumbnailUrl\":\"https:\\\/\\\/eva-vautier.com\\\/wp-content\\\/uploads\\\/2021\\\/12\\\/Natacha-Lesueur.jpg\",\"datePublished\":\"2021-12-21T16:57:20+00:00\",\"dateModified\":\"2023-04-12T14:45:26+00:00\",\"breadcrumb\":{\"@id\":\"https:\\\/\\\/eva-vautier.com\\\/en\\\/boutique\\\/natacha-lesueur-crowned-fairy\\\/#breadcrumb\"},\"inLanguage\":\"en-US\",\"potentialAction\":[{\"@type\":\"ReadAction\",\"target\":[\"https:\\\/\\\/eva-vautier.com\\\/en\\\/boutique\\\/natacha-lesueur-crowned-fairy\\\/\"]}]},{\"@type\":\"ImageObject\",\"inLanguage\":\"en-US\",\"@id\":\"https:\\\/\\\/eva-vautier.com\\\/en\\\/boutique\\\/natacha-lesueur-crowned-fairy\\\/#primaryimage\",\"url\":\"https:\\\/\\\/eva-vautier.com\\\/wp-content\\\/uploads\\\/2021\\\/12\\\/Natacha-Lesueur.jpg\",\"contentUrl\":\"https:\\\/\\\/eva-vautier.com\\\/wp-content\\\/uploads\\\/2021\\\/12\\\/Natacha-Lesueur.jpg\",\"width\":1200,\"height\":1196,\"caption\":\"F\u00e9e couronne, 2021 (s\u00e9rie les humeurs des f\u00e9es) Monotype \u00e0 la mine de graphite sur \u00e9preuve photographique pigmentaire Fine Art, 48 x 48 cm\"},{\"@type\":\"BreadcrumbList\",\"@id\":\"https:\\\/\\\/eva-vautier.com\\\/en\\\/boutique\\\/natacha-lesueur-crowned-fairy\\\/#breadcrumb\",\"itemListElement\":[{\"@type\":\"ListItem\",\"position\":1,\"name\":\"Store\",\"item\":\"https:\\\/\\\/eva-vautier.com\\\/en\\\/shop\\\/\"},{\"@type\":\"ListItem\",\"position\":2,\"name\":\"Natacha Lesueur, crowned fairy\"}]},{\"@type\":\"WebSite\",\"@id\":\"https:\\\/\\\/eva-vautier.com\\\/en\\\/#website\",\"url\":\"https:\\\/\\\/eva-vautier.com\\\/en\\\/\",\"name\":\"Galerie Eva Vautier\",\"description\":\"Galerie d&#039;art contemporain\",\"publisher\":{\"@id\":\"https:\\\/\\\/eva-vautier.com\\\/en\\\/#organization\"},\"potentialAction\":[{\"@type\":\"SearchAction\",\"target\":{\"@type\":\"EntryPoint\",\"urlTemplate\":\"https:\\\/\\\/eva-vautier.com\\\/en\\\/?s={search_term_string}\"},\"query-input\":{\"@type\":\"PropertyValueSpecification\",\"valueRequired\":true,\"valueName\":\"search_term_string\"}}],\"inLanguage\":\"en-US\"},{\"@type\":\"Organization\",\"@id\":\"https:\\\/\\\/eva-vautier.com\\\/en\\\/#organization\",\"name\":\"Galerie Eva Vautier\",\"url\":\"https:\\\/\\\/eva-vautier.com\\\/en\\\/\",\"logo\":{\"@type\":\"ImageObject\",\"inLanguage\":\"en-US\",\"@id\":\"https:\\\/\\\/eva-vautier.com\\\/en\\\/#\\\/schema\\\/logo\\\/image\\\/\",\"url\":\"http:\\\/\\\/eva-vautier.com\\\/wp-content\\\/uploads\\\/2018\\\/09\\\/logo-galerie-illustrator-04-1.png\",\"contentUrl\":\"http:\\\/\\\/eva-vautier.com\\\/wp-content\\\/uploads\\\/2018\\\/09\\\/logo-galerie-illustrator-04-1.png\",\"width\":200,\"height\":24,\"caption\":\"Galerie Eva Vautier\"},\"image\":{\"@id\":\"https:\\\/\\\/eva-vautier.com\\\/en\\\/#\\\/schema\\\/logo\\\/image\\\/\"},\"sameAs\":[\"https:\\\/\\\/www.facebook.com\\\/evavautier\\\/\",\"https:\\\/\\\/x.com\\\/EvaVautier\",\"https:\\\/\\\/www.instagram.com\\\/galerieevavautier\\\/\"]}]}<\/script>\n<!-- \/ Yoast SEO plugin. -->","yoast_head_json":{"title":"Natacha Lesueur, crowned fairy ~ Galerie Eva Vautier","robots":{"index":"index","follow":"follow","max-snippet":"max-snippet:-1","max-image-preview":"max-image-preview:large","max-video-preview":"max-video-preview:-1"},"canonical":"https:\/\/eva-vautier.com\/en\/boutique\/natacha-lesueur-crowned-fairy\/","og_locale":"en_US","og_type":"article","og_title":"Natacha Lesueur, crowned fairy ~ Galerie Eva Vautier","og_description":"Natacha Lesueur, Crowned Fairy, 2021 Graphite monotype on fine art photographic pigment print, 48 x 48 cm Signed, dated and justified on the back 2\/3 -- Moods of the fairies series \"For Natacha Lesueur, the body is an image, makes an image, or acts as a surface of inscription. Working mainly on portraits, often in series, she favors photography, and women's figures have a special place in it. Traces, imprints, postiches, ornaments or ornament, it is a question of diverting, of amplifying, of overflowing, not without humor nor grotesque excess. In his portrait galleries, parading joyful or frightening phantasmagorias, the hair, as you can easily understand, has its place. There tiaras stacking shoes fashionable, here exuberant plumage or evocations topiary. Headdresses and hairstyles parade as if from an anthropological collection that would record possibilities as extravagant as they are unavowed. Here they are adorned with gray hair and treated, according to the usual term, in grisaille. The smooth surface of the image is scratched, pencilled, a novel practice in his work, whereas his figures are usually the result of a long, meticulous elaboration prior to the shooting. Thus this redesigned bride, or this fairy of the house who ironizes with the degrading and macho stereotypes attached to the so-called housewives under or over fifty years. Pirate fairy or rocket fairy, with, she says, \"auratic smoke, dynamic flames and disturbing combustions\", here they are, twisting the assignments, and exhibiting complex identities. With a mischievous art of counterpoint, Natacha Lesueur thus revives the game of roles, appearances, the varnish of images and photography.\" Text for the exhibition of Natacha Lesueur at Printemps de Septembre, Toulouse, 2021 &nbsp;","og_url":"https:\/\/eva-vautier.com\/en\/boutique\/natacha-lesueur-crowned-fairy\/","og_site_name":"Galerie Eva Vautier","article_publisher":"https:\/\/www.facebook.com\/evavautier\/","article_modified_time":"2023-04-12T14:45:26+00:00","og_image":[{"width":1200,"height":1196,"url":"https:\/\/eva-vautier.com\/wp-content\/uploads\/2021\/12\/Natacha-Lesueur.jpg","type":"image\/jpeg"}],"twitter_card":"summary_large_image","twitter_site":"@EvaVautier","schema":{"@context":"https:\/\/schema.org","@graph":[{"@type":"WebPage","@id":"https:\/\/eva-vautier.com\/en\/boutique\/natacha-lesueur-crowned-fairy\/","url":"https:\/\/eva-vautier.com\/en\/boutique\/natacha-lesueur-crowned-fairy\/","name":"Natacha Lesueur, crowned fairy ~ Galerie Eva Vautier","isPartOf":{"@id":"https:\/\/eva-vautier.com\/en\/#website"},"primaryImageOfPage":{"@id":"https:\/\/eva-vautier.com\/en\/boutique\/natacha-lesueur-crowned-fairy\/#primaryimage"},"image":{"@id":"https:\/\/eva-vautier.com\/en\/boutique\/natacha-lesueur-crowned-fairy\/#primaryimage"},"thumbnailUrl":"https:\/\/eva-vautier.com\/wp-content\/uploads\/2021\/12\/Natacha-Lesueur.jpg","datePublished":"2021-12-21T16:57:20+00:00","dateModified":"2023-04-12T14:45:26+00:00","breadcrumb":{"@id":"https:\/\/eva-vautier.com\/en\/boutique\/natacha-lesueur-crowned-fairy\/#breadcrumb"},"inLanguage":"en-US","potentialAction":[{"@type":"ReadAction","target":["https:\/\/eva-vautier.com\/en\/boutique\/natacha-lesueur-crowned-fairy\/"]}]},{"@type":"ImageObject","inLanguage":"en-US","@id":"https:\/\/eva-vautier.com\/en\/boutique\/natacha-lesueur-crowned-fairy\/#primaryimage","url":"https:\/\/eva-vautier.com\/wp-content\/uploads\/2021\/12\/Natacha-Lesueur.jpg","contentUrl":"https:\/\/eva-vautier.com\/wp-content\/uploads\/2021\/12\/Natacha-Lesueur.jpg","width":1200,"height":1196,"caption":"F\u00e9e couronne, 2021 (s\u00e9rie les humeurs des f\u00e9es) Monotype \u00e0 la mine de graphite sur \u00e9preuve photographique pigmentaire Fine Art, 48 x 48 cm"},{"@type":"BreadcrumbList","@id":"https:\/\/eva-vautier.com\/en\/boutique\/natacha-lesueur-crowned-fairy\/#breadcrumb","itemListElement":[{"@type":"ListItem","position":1,"name":"Store","item":"https:\/\/eva-vautier.com\/en\/shop\/"},{"@type":"ListItem","position":2,"name":"Natacha Lesueur, crowned fairy"}]},{"@type":"WebSite","@id":"https:\/\/eva-vautier.com\/en\/#website","url":"https:\/\/eva-vautier.com\/en\/","name":"Galerie Eva Vautier","description":"Galerie d&#039;art contemporain","publisher":{"@id":"https:\/\/eva-vautier.com\/en\/#organization"},"potentialAction":[{"@type":"SearchAction","target":{"@type":"EntryPoint","urlTemplate":"https:\/\/eva-vautier.com\/en\/?s={search_term_string}"},"query-input":{"@type":"PropertyValueSpecification","valueRequired":true,"valueName":"search_term_string"}}],"inLanguage":"en-US"},{"@type":"Organization","@id":"https:\/\/eva-vautier.com\/en\/#organization","name":"Galerie Eva Vautier","url":"https:\/\/eva-vautier.com\/en\/","logo":{"@type":"ImageObject","inLanguage":"en-US","@id":"https:\/\/eva-vautier.com\/en\/#\/schema\/logo\/image\/","url":"http:\/\/eva-vautier.com\/wp-content\/uploads\/2018\/09\/logo-galerie-illustrator-04-1.png","contentUrl":"http:\/\/eva-vautier.com\/wp-content\/uploads\/2018\/09\/logo-galerie-illustrator-04-1.png","width":200,"height":24,"caption":"Galerie Eva Vautier"},"image":{"@id":"https:\/\/eva-vautier.com\/en\/#\/schema\/logo\/image\/"},"sameAs":["https:\/\/www.facebook.com\/evavautier\/","https:\/\/x.com\/EvaVautier","https:\/\/www.instagram.com\/galerieevavautier\/"]}]}},"_links":{"self":[{"href":"https:\/\/eva-vautier.com\/en\/wp-json\/wp\/v2\/product\/81802","targetHints":{"allow":["GET"]}}],"collection":[{"href":"https:\/\/eva-vautier.com\/en\/wp-json\/wp\/v2\/product"}],"about":[{"href":"https:\/\/eva-vautier.com\/en\/wp-json\/wp\/v2\/types\/product"}],"wp:featuredmedia":[{"embeddable":true,"href":"https:\/\/eva-vautier.com\/en\/wp-json\/wp\/v2\/media\/75312"}],"wp:attachment":[{"href":"https:\/\/eva-vautier.com\/en\/wp-json\/wp\/v2\/media?parent=81802"}],"wp:term":[{"taxonomy":"product_brand","embeddable":true,"href":"https:\/\/eva-vautier.com\/en\/wp-json\/wp\/v2\/product_brand?post=81802"},{"taxonomy":"product_cat","embeddable":true,"href":"https:\/\/eva-vautier.com\/en\/wp-json\/wp\/v2\/product_cat?post=81802"},{"taxonomy":"product_tag","embeddable":true,"href":"https:\/\/eva-vautier.com\/en\/wp-json\/wp\/v2\/product_tag?post=81802"}],"curies":[{"name":"wp","href":"https:\/\/api.w.org\/{rel}","templated":true}]}}