{"id":72902,"date":"2014-07-05T12:17:49","date_gmt":"2014-07-05T13:17:49","guid":{"rendered":"http:\/\/eva-vautier.com\/boutique\/estoy-inquito-5\/"},"modified":"2023-03-19T16:46:13","modified_gmt":"2023-03-19T17:46:13","slug":"estoy-inquito-5","status":"publish","type":"product","link":"https:\/\/eva-vautier.com\/en\/boutique\/estoy-inquito-5\/","title":{"rendered":"Arman, Bicycle on wood"},"content":{"rendered":"<p><b>Arman<\/b><\/p>\n<p>&#8220;V\u00e9lo sur bois&#8221;,\u00a0 1992<\/p>\n<p>S\u00e9rigraphie relief monochrome sur bois pr\u00e9cieux lamin\u00e9.<\/p>\n<p>Tirage sign\u00e9 et num\u00e9rot\u00e9 \u00e0 200 exemplaires<\/p>\n<p>30,5 x 30 cm<\/p>\n<p>\u00e9dition encadr\u00e9e avec verre polarisant invisible et anti uv<\/p>\n","protected":false},"excerpt":{"rendered":"<p>Arman<em>,Bicycle on wood<\/em>, 1992,<\/p>\n<p>Monochrome relief serigraphy on precious laminated wood, 30,5 x 30 cm.<\/p>\n","protected":false},"featured_media":75264,"template":"","meta":[],"product_brand":[],"product_cat":[1062,1042],"product_tag":[1247,1046,1088,1047,1056,1090,1258,1259,1239,1134,1051,1052],"class_list":{"0":"post-72902","1":"product","2":"type-product","3":"status-publish","4":"has-post-thumbnail","6":"product_cat-arman-en","7":"product_cat-edition-en","8":"product_tag-arman-en","9":"product_tag-art-en","10":"product_tag-ben-vautier-en","11":"product_tag-editions-en","12":"product_tag-editions-dart-en","13":"product_tag-estampes-en","14":"product_tag-furioso-en","15":"product_tag-galerie-eva-vutier-en","16":"product_tag-gravure-en","17":"product_tag-lithographie-en","18":"product_tag-poster-en","19":"product_tag-serigraphie-en","20":"product_shipping_class-forfait-france-en","21":"tm-has-options","23":"first","24":"instock","25":"sold-individually","26":"shipping-taxable","27":"purchasable","28":"product-type-simple"},"yoast_head":"<!-- This site is optimized with the Yoast SEO plugin v27.3 - https:\/\/yoast.com\/product\/yoast-seo-wordpress\/ -->\n<title>Arman, Bicycle on wood ~ Galerie Eva Vautier<\/title>\n<meta name=\"robots\" content=\"index, follow, max-snippet:-1, max-image-preview:large, max-video-preview:-1\" \/>\n<link rel=\"canonical\" href=\"https:\/\/eva-vautier.com\/en\/boutique\/estoy-inquito-5\/\" \/>\n<meta property=\"og:locale\" content=\"en_US\" \/>\n<meta property=\"og:type\" content=\"article\" \/>\n<meta property=\"og:title\" content=\"Arman, Bicycle on wood ~ Galerie Eva Vautier\" \/>\n<meta property=\"og:description\" content=\"Arman,Bicycle on wood, 1992, Monochrome relief serigraphy on precious laminated wood, 30,5 x 30 cm.\" \/>\n<meta property=\"og:url\" content=\"https:\/\/eva-vautier.com\/en\/boutique\/estoy-inquito-5\/\" \/>\n<meta property=\"og:site_name\" content=\"Galerie Eva Vautier\" \/>\n<meta property=\"article:publisher\" content=\"https:\/\/www.facebook.com\/evavautier\/\" \/>\n<meta property=\"article:modified_time\" content=\"2023-03-19T17:46:13+00:00\" \/>\n<meta property=\"og:image\" content=\"http:\/\/eva-vautier.com\/wp-content\/uploads\/2014\/07\/IMG_9191-copiea.jpg\" \/>\n<meta name=\"twitter:card\" content=\"summary_large_image\" \/>\n<meta name=\"twitter:site\" content=\"@EvaVautier\" \/>\n<script type=\"application\/ld+json\" class=\"yoast-schema-graph\">{\"@context\":\"https:\\\/\\\/schema.org\",\"@graph\":[{\"@type\":\"WebPage\",\"@id\":\"https:\\\/\\\/eva-vautier.com\\\/en\\\/boutique\\\/estoy-inquito-5\\\/\",\"url\":\"https:\\\/\\\/eva-vautier.com\\\/en\\\/boutique\\\/estoy-inquito-5\\\/\",\"name\":\"Arman, Bicycle on wood ~ Galerie Eva Vautier\",\"isPartOf\":{\"@id\":\"https:\\\/\\\/eva-vautier.com\\\/en\\\/#website\"},\"primaryImageOfPage\":{\"@id\":\"https:\\\/\\\/eva-vautier.com\\\/en\\\/boutique\\\/estoy-inquito-5\\\/#primaryimage\"},\"image\":{\"@id\":\"https:\\\/\\\/eva-vautier.com\\\/en\\\/boutique\\\/estoy-inquito-5\\\/#primaryimage\"},\"thumbnailUrl\":\"https:\\\/\\\/eva-vautier.com\\\/wp-content\\\/uploads\\\/2014\\\/07\\\/IMG_9191-copie-1024x986-1.jpg\",\"datePublished\":\"2014-07-05T13:17:49+00:00\",\"dateModified\":\"2023-03-19T17:46:13+00:00\",\"breadcrumb\":{\"@id\":\"https:\\\/\\\/eva-vautier.com\\\/en\\\/boutique\\\/estoy-inquito-5\\\/#breadcrumb\"},\"inLanguage\":\"en-US\",\"potentialAction\":[{\"@type\":\"ReadAction\",\"target\":[\"https:\\\/\\\/eva-vautier.com\\\/en\\\/boutique\\\/estoy-inquito-5\\\/\"]}]},{\"@type\":\"ImageObject\",\"inLanguage\":\"en-US\",\"@id\":\"https:\\\/\\\/eva-vautier.com\\\/en\\\/boutique\\\/estoy-inquito-5\\\/#primaryimage\",\"url\":\"https:\\\/\\\/eva-vautier.com\\\/wp-content\\\/uploads\\\/2014\\\/07\\\/IMG_9191-copie-1024x986-1.jpg\",\"contentUrl\":\"https:\\\/\\\/eva-vautier.com\\\/wp-content\\\/uploads\\\/2014\\\/07\\\/IMG_9191-copie-1024x986-1.jpg\",\"width\":959,\"height\":945},{\"@type\":\"BreadcrumbList\",\"@id\":\"https:\\\/\\\/eva-vautier.com\\\/en\\\/boutique\\\/estoy-inquito-5\\\/#breadcrumb\",\"itemListElement\":[{\"@type\":\"ListItem\",\"position\":1,\"name\":\"Store\",\"item\":\"https:\\\/\\\/eva-vautier.com\\\/en\\\/shop\\\/\"},{\"@type\":\"ListItem\",\"position\":2,\"name\":\"Arman, Bicycle on wood\"}]},{\"@type\":\"WebSite\",\"@id\":\"https:\\\/\\\/eva-vautier.com\\\/en\\\/#website\",\"url\":\"https:\\\/\\\/eva-vautier.com\\\/en\\\/\",\"name\":\"Galerie Eva Vautier\",\"description\":\"Galerie d&#039;art contemporain\",\"publisher\":{\"@id\":\"https:\\\/\\\/eva-vautier.com\\\/en\\\/#organization\"},\"potentialAction\":[{\"@type\":\"SearchAction\",\"target\":{\"@type\":\"EntryPoint\",\"urlTemplate\":\"https:\\\/\\\/eva-vautier.com\\\/en\\\/?s={search_term_string}\"},\"query-input\":{\"@type\":\"PropertyValueSpecification\",\"valueRequired\":true,\"valueName\":\"search_term_string\"}}],\"inLanguage\":\"en-US\"},{\"@type\":\"Organization\",\"@id\":\"https:\\\/\\\/eva-vautier.com\\\/en\\\/#organization\",\"name\":\"Galerie Eva Vautier\",\"url\":\"https:\\\/\\\/eva-vautier.com\\\/en\\\/\",\"logo\":{\"@type\":\"ImageObject\",\"inLanguage\":\"en-US\",\"@id\":\"https:\\\/\\\/eva-vautier.com\\\/en\\\/#\\\/schema\\\/logo\\\/image\\\/\",\"url\":\"http:\\\/\\\/eva-vautier.com\\\/wp-content\\\/uploads\\\/2018\\\/09\\\/logo-galerie-illustrator-04-1.png\",\"contentUrl\":\"http:\\\/\\\/eva-vautier.com\\\/wp-content\\\/uploads\\\/2018\\\/09\\\/logo-galerie-illustrator-04-1.png\",\"width\":200,\"height\":24,\"caption\":\"Galerie Eva Vautier\"},\"image\":{\"@id\":\"https:\\\/\\\/eva-vautier.com\\\/en\\\/#\\\/schema\\\/logo\\\/image\\\/\"},\"sameAs\":[\"https:\\\/\\\/www.facebook.com\\\/evavautier\\\/\",\"https:\\\/\\\/x.com\\\/EvaVautier\",\"https:\\\/\\\/www.instagram.com\\\/galerieevavautier\\\/\"]}]}<\/script>\n<!-- \/ Yoast SEO plugin. -->","yoast_head_json":{"title":"Arman, Bicycle on wood ~ Galerie Eva Vautier","robots":{"index":"index","follow":"follow","max-snippet":"max-snippet:-1","max-image-preview":"max-image-preview:large","max-video-preview":"max-video-preview:-1"},"canonical":"https:\/\/eva-vautier.com\/en\/boutique\/estoy-inquito-5\/","og_locale":"en_US","og_type":"article","og_title":"Arman, Bicycle on wood ~ Galerie Eva Vautier","og_description":"Arman,Bicycle on wood, 1992, Monochrome relief serigraphy on precious laminated wood, 30,5 x 30 cm.","og_url":"https:\/\/eva-vautier.com\/en\/boutique\/estoy-inquito-5\/","og_site_name":"Galerie Eva Vautier","article_publisher":"https:\/\/www.facebook.com\/evavautier\/","article_modified_time":"2023-03-19T17:46:13+00:00","og_image":[{"url":"http:\/\/eva-vautier.com\/wp-content\/uploads\/2014\/07\/IMG_9191-copiea.jpg","type":"","width":"","height":""}],"twitter_card":"summary_large_image","twitter_site":"@EvaVautier","schema":{"@context":"https:\/\/schema.org","@graph":[{"@type":"WebPage","@id":"https:\/\/eva-vautier.com\/en\/boutique\/estoy-inquito-5\/","url":"https:\/\/eva-vautier.com\/en\/boutique\/estoy-inquito-5\/","name":"Arman, Bicycle on wood ~ Galerie Eva Vautier","isPartOf":{"@id":"https:\/\/eva-vautier.com\/en\/#website"},"primaryImageOfPage":{"@id":"https:\/\/eva-vautier.com\/en\/boutique\/estoy-inquito-5\/#primaryimage"},"image":{"@id":"https:\/\/eva-vautier.com\/en\/boutique\/estoy-inquito-5\/#primaryimage"},"thumbnailUrl":"https:\/\/eva-vautier.com\/wp-content\/uploads\/2014\/07\/IMG_9191-copie-1024x986-1.jpg","datePublished":"2014-07-05T13:17:49+00:00","dateModified":"2023-03-19T17:46:13+00:00","breadcrumb":{"@id":"https:\/\/eva-vautier.com\/en\/boutique\/estoy-inquito-5\/#breadcrumb"},"inLanguage":"en-US","potentialAction":[{"@type":"ReadAction","target":["https:\/\/eva-vautier.com\/en\/boutique\/estoy-inquito-5\/"]}]},{"@type":"ImageObject","inLanguage":"en-US","@id":"https:\/\/eva-vautier.com\/en\/boutique\/estoy-inquito-5\/#primaryimage","url":"https:\/\/eva-vautier.com\/wp-content\/uploads\/2014\/07\/IMG_9191-copie-1024x986-1.jpg","contentUrl":"https:\/\/eva-vautier.com\/wp-content\/uploads\/2014\/07\/IMG_9191-copie-1024x986-1.jpg","width":959,"height":945},{"@type":"BreadcrumbList","@id":"https:\/\/eva-vautier.com\/en\/boutique\/estoy-inquito-5\/#breadcrumb","itemListElement":[{"@type":"ListItem","position":1,"name":"Store","item":"https:\/\/eva-vautier.com\/en\/shop\/"},{"@type":"ListItem","position":2,"name":"Arman, Bicycle on wood"}]},{"@type":"WebSite","@id":"https:\/\/eva-vautier.com\/en\/#website","url":"https:\/\/eva-vautier.com\/en\/","name":"Galerie Eva Vautier","description":"Galerie d&#039;art contemporain","publisher":{"@id":"https:\/\/eva-vautier.com\/en\/#organization"},"potentialAction":[{"@type":"SearchAction","target":{"@type":"EntryPoint","urlTemplate":"https:\/\/eva-vautier.com\/en\/?s={search_term_string}"},"query-input":{"@type":"PropertyValueSpecification","valueRequired":true,"valueName":"search_term_string"}}],"inLanguage":"en-US"},{"@type":"Organization","@id":"https:\/\/eva-vautier.com\/en\/#organization","name":"Galerie Eva Vautier","url":"https:\/\/eva-vautier.com\/en\/","logo":{"@type":"ImageObject","inLanguage":"en-US","@id":"https:\/\/eva-vautier.com\/en\/#\/schema\/logo\/image\/","url":"http:\/\/eva-vautier.com\/wp-content\/uploads\/2018\/09\/logo-galerie-illustrator-04-1.png","contentUrl":"http:\/\/eva-vautier.com\/wp-content\/uploads\/2018\/09\/logo-galerie-illustrator-04-1.png","width":200,"height":24,"caption":"Galerie Eva Vautier"},"image":{"@id":"https:\/\/eva-vautier.com\/en\/#\/schema\/logo\/image\/"},"sameAs":["https:\/\/www.facebook.com\/evavautier\/","https:\/\/x.com\/EvaVautier","https:\/\/www.instagram.com\/galerieevavautier\/"]}]}},"_links":{"self":[{"href":"https:\/\/eva-vautier.com\/en\/wp-json\/wp\/v2\/product\/72902","targetHints":{"allow":["GET"]}}],"collection":[{"href":"https:\/\/eva-vautier.com\/en\/wp-json\/wp\/v2\/product"}],"about":[{"href":"https:\/\/eva-vautier.com\/en\/wp-json\/wp\/v2\/types\/product"}],"wp:featuredmedia":[{"embeddable":true,"href":"https:\/\/eva-vautier.com\/en\/wp-json\/wp\/v2\/media\/75264"}],"wp:attachment":[{"href":"https:\/\/eva-vautier.com\/en\/wp-json\/wp\/v2\/media?parent=72902"}],"wp:term":[{"taxonomy":"product_brand","embeddable":true,"href":"https:\/\/eva-vautier.com\/en\/wp-json\/wp\/v2\/product_brand?post=72902"},{"taxonomy":"product_cat","embeddable":true,"href":"https:\/\/eva-vautier.com\/en\/wp-json\/wp\/v2\/product_cat?post=72902"},{"taxonomy":"product_tag","embeddable":true,"href":"https:\/\/eva-vautier.com\/en\/wp-json\/wp\/v2\/product_tag?post=72902"}],"curies":[{"name":"wp","href":"https:\/\/api.w.org\/{rel}","templated":true}]}}