{"id":72884,"date":"2015-02-05T15:53:44","date_gmt":"2015-02-05T16:53:44","guid":{"rendered":"http:\/\/eva-vautier.com\/boutique\/sanstitre-3-2\/"},"modified":"2023-03-19T16:46:53","modified_gmt":"2023-03-19T17:46:53","slug":"sanstitre-3-2","status":"publish","type":"product","link":"https:\/\/eva-vautier.com\/en\/boutique\/sanstitre-3-2\/","title":{"rendered":"Fran\u00e7ois Paris, I thought I was stronger"},"content":{"rendered":"<p>Les dessins de <strong>Fran\u00e7ois Paris<\/strong> semblent na\u00eetre d\u2019un d\u00e9sir d\u2019histoires. El\u00e9ments parcellaires et essentiels d\u2019un r\u00e9cit qui les d\u00e9passent, ils sont autant de chemins possibles activant un monde en permanente construction. R\u00e9cup\u00e9r\u00e9es dans le flux des images circulant sur l&#8217;internet ou sp\u00e9cialement r\u00e9alis\u00e9es, les photographies qui servent \u00e0 l&#8217;artiste de points de d\u00e9part ont des qualit\u00e9s diverses. Singuli\u00e8res ou anecdotiques, elles \u00e9voquent souvent le corps ou la m\u00e9canique, le visage ou le cr\u00e2ne humain&#8230; Elles renvoient \u00e0 la fugacit\u00e9 et \u00e0 l&#8217;apparence.<\/p>\n<p>Chaque dessin constitue le point de d\u00e9part d&#8217;un r\u00e9cit elliptique \u00e0 inventer. Les expositions de Fran\u00e7ois Paris sont donc des sc\u00e9narios ouverts, des s\u00e9quences. En ce sens, on pourrait donc dire que ces \u0153uvres empruntent autant au cin\u00e9ma qu&#8217;\u00e0 la photographie : les points de vue, les cadrages, les personnages, les indices, mais aussi et surtout, cette capacit\u00e9 \u00e0 mettre en place des \u00e9l\u00e9ments capables d&#8217;ouvrir la voie \u00e0 l&#8217;imaginaire.<\/p>\n<p>Guillaume Mansart \u00a9<\/p>\n<p>&nbsp;<\/p>\n","protected":false},"excerpt":{"rendered":"<div class=\"page\" title=\"Page 10\">\n<div class=\"layoutArea\">\n<div class=\"column\">\n<p>Fran\u00e7ois Paris, <em>I thought I was stronger<\/em>, 2014<\/p>\n<p>Graphite on paper, signed and dated on the back, 65 x 50 cm<\/p>\n<\/div>\n<\/div>\n<\/div>\n","protected":false},"featured_media":71076,"template":"","meta":[],"product_brand":[],"product_cat":[1118],"product_tag":[1045,1055,1163,1056,1089,1090,1164,1130,1103,1169,1057,1165,1166,1168,1167],"class_list":{"0":"post-72884","1":"product","2":"type-product","3":"status-publish","4":"has-post-thumbnail","6":"product_cat-paris-francois-en","7":"product_tag-affiche-en","8":"product_tag-art-contemporain-en","9":"product_tag-dessin-en","10":"product_tag-editions-dart-en","11":"product_tag-editions-limitee-en","12":"product_tag-estampes-en","13":"product_tag-exemplaire-unique-en","14":"product_tag-francois-paris-en","15":"product_tag-genuine-artwork","16":"product_tag-mine-de-plomb-en","17":"product_tag-nice-en","18":"product_tag-original-en","19":"product_tag-posters-en","20":"product_tag-serie-de-dessins-en","21":"product_tag-technique-mixte-en","22":"product_shipping_class-forfait-france-en","23":"tm-has-options","25":"first","26":"outofstock","27":"shipping-taxable","28":"product-type-simple"},"yoast_head":"<!-- This site is optimized with the Yoast SEO plugin v27.3 - https:\/\/yoast.com\/product\/yoast-seo-wordpress\/ -->\n<title>Fran\u00e7ois Paris, I thought I was stronger ~ Galerie Eva Vautier<\/title>\n<meta name=\"robots\" content=\"index, follow, max-snippet:-1, max-image-preview:large, max-video-preview:-1\" \/>\n<link rel=\"canonical\" href=\"https:\/\/eva-vautier.com\/en\/boutique\/sanstitre-3-2\/\" \/>\n<meta property=\"og:locale\" content=\"en_US\" \/>\n<meta property=\"og:type\" content=\"article\" \/>\n<meta property=\"og:title\" content=\"Fran\u00e7ois Paris, I thought I was stronger ~ Galerie Eva Vautier\" \/>\n<meta property=\"og:description\" content=\"Fran\u00e7ois Paris, I thought I was stronger, 2014 Graphite on paper, signed and dated on the back, 65 x 50 cm\" \/>\n<meta property=\"og:url\" content=\"https:\/\/eva-vautier.com\/en\/boutique\/sanstitre-3-2\/\" \/>\n<meta property=\"og:site_name\" content=\"Galerie Eva Vautier\" \/>\n<meta property=\"article:publisher\" content=\"https:\/\/www.facebook.com\/evavautier\/\" \/>\n<meta property=\"article:modified_time\" content=\"2023-03-19T17:46:53+00:00\" \/>\n<meta property=\"og:image\" content=\"https:\/\/eva-vautier.com\/wp-content\/uploads\/2015\/02\/Fran\u00e7ois-Paris-n\u00b0-5638-Je-me-croyais-plus-fort-2014-Dessin-originalMine-de-plomb-sur-papierSign\u00e9-et-dat\u00e9-au-dos-65-x-50-cm-\u00a9Artiste.jpg\" \/>\n\t<meta property=\"og:image:width\" content=\"375\" \/>\n\t<meta property=\"og:image:height\" content=\"500\" \/>\n\t<meta property=\"og:image:type\" content=\"image\/jpeg\" \/>\n<meta name=\"twitter:card\" content=\"summary_large_image\" \/>\n<meta name=\"twitter:site\" content=\"@EvaVautier\" \/>\n<meta name=\"twitter:label1\" content=\"Est. reading time\" \/>\n\t<meta name=\"twitter:data1\" content=\"1 minute\" \/>\n<script type=\"application\/ld+json\" class=\"yoast-schema-graph\">{\"@context\":\"https:\\\/\\\/schema.org\",\"@graph\":[{\"@type\":\"WebPage\",\"@id\":\"https:\\\/\\\/eva-vautier.com\\\/en\\\/boutique\\\/sanstitre-3-2\\\/\",\"url\":\"https:\\\/\\\/eva-vautier.com\\\/en\\\/boutique\\\/sanstitre-3-2\\\/\",\"name\":\"Fran\u00e7ois Paris, I thought I was stronger ~ Galerie Eva Vautier\",\"isPartOf\":{\"@id\":\"https:\\\/\\\/eva-vautier.com\\\/en\\\/#website\"},\"primaryImageOfPage\":{\"@id\":\"https:\\\/\\\/eva-vautier.com\\\/en\\\/boutique\\\/sanstitre-3-2\\\/#primaryimage\"},\"image\":{\"@id\":\"https:\\\/\\\/eva-vautier.com\\\/en\\\/boutique\\\/sanstitre-3-2\\\/#primaryimage\"},\"thumbnailUrl\":\"https:\\\/\\\/eva-vautier.com\\\/wp-content\\\/uploads\\\/2015\\\/02\\\/Fran\u00e7ois-Paris-n\u00b0-5638-Je-me-croyais-plus-fort-2014-Dessin-originalMine-de-plomb-sur-papierSign\u00e9-et-dat\u00e9-au-dos-65-x-50-cm-\u00a9Artiste.jpg\",\"datePublished\":\"2015-02-05T16:53:44+00:00\",\"dateModified\":\"2023-03-19T17:46:53+00:00\",\"breadcrumb\":{\"@id\":\"https:\\\/\\\/eva-vautier.com\\\/en\\\/boutique\\\/sanstitre-3-2\\\/#breadcrumb\"},\"inLanguage\":\"en-US\",\"potentialAction\":[{\"@type\":\"ReadAction\",\"target\":[\"https:\\\/\\\/eva-vautier.com\\\/en\\\/boutique\\\/sanstitre-3-2\\\/\"]}]},{\"@type\":\"ImageObject\",\"inLanguage\":\"en-US\",\"@id\":\"https:\\\/\\\/eva-vautier.com\\\/en\\\/boutique\\\/sanstitre-3-2\\\/#primaryimage\",\"url\":\"https:\\\/\\\/eva-vautier.com\\\/wp-content\\\/uploads\\\/2015\\\/02\\\/Fran\u00e7ois-Paris-n\u00b0-5638-Je-me-croyais-plus-fort-2014-Dessin-originalMine-de-plomb-sur-papierSign\u00e9-et-dat\u00e9-au-dos-65-x-50-cm-\u00a9Artiste.jpg\",\"contentUrl\":\"https:\\\/\\\/eva-vautier.com\\\/wp-content\\\/uploads\\\/2015\\\/02\\\/Fran\u00e7ois-Paris-n\u00b0-5638-Je-me-croyais-plus-fort-2014-Dessin-originalMine-de-plomb-sur-papierSign\u00e9-et-dat\u00e9-au-dos-65-x-50-cm-\u00a9Artiste.jpg\",\"width\":375,\"height\":500},{\"@type\":\"BreadcrumbList\",\"@id\":\"https:\\\/\\\/eva-vautier.com\\\/en\\\/boutique\\\/sanstitre-3-2\\\/#breadcrumb\",\"itemListElement\":[{\"@type\":\"ListItem\",\"position\":1,\"name\":\"Store\",\"item\":\"https:\\\/\\\/eva-vautier.com\\\/en\\\/shop\\\/\"},{\"@type\":\"ListItem\",\"position\":2,\"name\":\"Fran\u00e7ois Paris, I thought I was stronger\"}]},{\"@type\":\"WebSite\",\"@id\":\"https:\\\/\\\/eva-vautier.com\\\/en\\\/#website\",\"url\":\"https:\\\/\\\/eva-vautier.com\\\/en\\\/\",\"name\":\"Galerie Eva Vautier\",\"description\":\"Galerie d&#039;art contemporain\",\"publisher\":{\"@id\":\"https:\\\/\\\/eva-vautier.com\\\/en\\\/#organization\"},\"potentialAction\":[{\"@type\":\"SearchAction\",\"target\":{\"@type\":\"EntryPoint\",\"urlTemplate\":\"https:\\\/\\\/eva-vautier.com\\\/en\\\/?s={search_term_string}\"},\"query-input\":{\"@type\":\"PropertyValueSpecification\",\"valueRequired\":true,\"valueName\":\"search_term_string\"}}],\"inLanguage\":\"en-US\"},{\"@type\":\"Organization\",\"@id\":\"https:\\\/\\\/eva-vautier.com\\\/en\\\/#organization\",\"name\":\"Galerie Eva Vautier\",\"url\":\"https:\\\/\\\/eva-vautier.com\\\/en\\\/\",\"logo\":{\"@type\":\"ImageObject\",\"inLanguage\":\"en-US\",\"@id\":\"https:\\\/\\\/eva-vautier.com\\\/en\\\/#\\\/schema\\\/logo\\\/image\\\/\",\"url\":\"http:\\\/\\\/eva-vautier.com\\\/wp-content\\\/uploads\\\/2018\\\/09\\\/logo-galerie-illustrator-04-1.png\",\"contentUrl\":\"http:\\\/\\\/eva-vautier.com\\\/wp-content\\\/uploads\\\/2018\\\/09\\\/logo-galerie-illustrator-04-1.png\",\"width\":200,\"height\":24,\"caption\":\"Galerie Eva Vautier\"},\"image\":{\"@id\":\"https:\\\/\\\/eva-vautier.com\\\/en\\\/#\\\/schema\\\/logo\\\/image\\\/\"},\"sameAs\":[\"https:\\\/\\\/www.facebook.com\\\/evavautier\\\/\",\"https:\\\/\\\/x.com\\\/EvaVautier\",\"https:\\\/\\\/www.instagram.com\\\/galerieevavautier\\\/\"]}]}<\/script>\n<!-- \/ Yoast SEO plugin. -->","yoast_head_json":{"title":"Fran\u00e7ois Paris, I thought I was stronger ~ Galerie Eva Vautier","robots":{"index":"index","follow":"follow","max-snippet":"max-snippet:-1","max-image-preview":"max-image-preview:large","max-video-preview":"max-video-preview:-1"},"canonical":"https:\/\/eva-vautier.com\/en\/boutique\/sanstitre-3-2\/","og_locale":"en_US","og_type":"article","og_title":"Fran\u00e7ois Paris, I thought I was stronger ~ Galerie Eva Vautier","og_description":"Fran\u00e7ois Paris, I thought I was stronger, 2014 Graphite on paper, signed and dated on the back, 65 x 50 cm","og_url":"https:\/\/eva-vautier.com\/en\/boutique\/sanstitre-3-2\/","og_site_name":"Galerie Eva Vautier","article_publisher":"https:\/\/www.facebook.com\/evavautier\/","article_modified_time":"2023-03-19T17:46:53+00:00","og_image":[{"width":375,"height":500,"url":"https:\/\/eva-vautier.com\/wp-content\/uploads\/2015\/02\/Fran\u00e7ois-Paris-n\u00b0-5638-Je-me-croyais-plus-fort-2014-Dessin-originalMine-de-plomb-sur-papierSign\u00e9-et-dat\u00e9-au-dos-65-x-50-cm-\u00a9Artiste.jpg","type":"image\/jpeg"}],"twitter_card":"summary_large_image","twitter_site":"@EvaVautier","twitter_misc":{"Est. reading time":"1 minute"},"schema":{"@context":"https:\/\/schema.org","@graph":[{"@type":"WebPage","@id":"https:\/\/eva-vautier.com\/en\/boutique\/sanstitre-3-2\/","url":"https:\/\/eva-vautier.com\/en\/boutique\/sanstitre-3-2\/","name":"Fran\u00e7ois Paris, I thought I was stronger ~ Galerie Eva Vautier","isPartOf":{"@id":"https:\/\/eva-vautier.com\/en\/#website"},"primaryImageOfPage":{"@id":"https:\/\/eva-vautier.com\/en\/boutique\/sanstitre-3-2\/#primaryimage"},"image":{"@id":"https:\/\/eva-vautier.com\/en\/boutique\/sanstitre-3-2\/#primaryimage"},"thumbnailUrl":"https:\/\/eva-vautier.com\/wp-content\/uploads\/2015\/02\/Fran\u00e7ois-Paris-n\u00b0-5638-Je-me-croyais-plus-fort-2014-Dessin-originalMine-de-plomb-sur-papierSign\u00e9-et-dat\u00e9-au-dos-65-x-50-cm-\u00a9Artiste.jpg","datePublished":"2015-02-05T16:53:44+00:00","dateModified":"2023-03-19T17:46:53+00:00","breadcrumb":{"@id":"https:\/\/eva-vautier.com\/en\/boutique\/sanstitre-3-2\/#breadcrumb"},"inLanguage":"en-US","potentialAction":[{"@type":"ReadAction","target":["https:\/\/eva-vautier.com\/en\/boutique\/sanstitre-3-2\/"]}]},{"@type":"ImageObject","inLanguage":"en-US","@id":"https:\/\/eva-vautier.com\/en\/boutique\/sanstitre-3-2\/#primaryimage","url":"https:\/\/eva-vautier.com\/wp-content\/uploads\/2015\/02\/Fran\u00e7ois-Paris-n\u00b0-5638-Je-me-croyais-plus-fort-2014-Dessin-originalMine-de-plomb-sur-papierSign\u00e9-et-dat\u00e9-au-dos-65-x-50-cm-\u00a9Artiste.jpg","contentUrl":"https:\/\/eva-vautier.com\/wp-content\/uploads\/2015\/02\/Fran\u00e7ois-Paris-n\u00b0-5638-Je-me-croyais-plus-fort-2014-Dessin-originalMine-de-plomb-sur-papierSign\u00e9-et-dat\u00e9-au-dos-65-x-50-cm-\u00a9Artiste.jpg","width":375,"height":500},{"@type":"BreadcrumbList","@id":"https:\/\/eva-vautier.com\/en\/boutique\/sanstitre-3-2\/#breadcrumb","itemListElement":[{"@type":"ListItem","position":1,"name":"Store","item":"https:\/\/eva-vautier.com\/en\/shop\/"},{"@type":"ListItem","position":2,"name":"Fran\u00e7ois Paris, I thought I was stronger"}]},{"@type":"WebSite","@id":"https:\/\/eva-vautier.com\/en\/#website","url":"https:\/\/eva-vautier.com\/en\/","name":"Galerie Eva Vautier","description":"Galerie d&#039;art contemporain","publisher":{"@id":"https:\/\/eva-vautier.com\/en\/#organization"},"potentialAction":[{"@type":"SearchAction","target":{"@type":"EntryPoint","urlTemplate":"https:\/\/eva-vautier.com\/en\/?s={search_term_string}"},"query-input":{"@type":"PropertyValueSpecification","valueRequired":true,"valueName":"search_term_string"}}],"inLanguage":"en-US"},{"@type":"Organization","@id":"https:\/\/eva-vautier.com\/en\/#organization","name":"Galerie Eva Vautier","url":"https:\/\/eva-vautier.com\/en\/","logo":{"@type":"ImageObject","inLanguage":"en-US","@id":"https:\/\/eva-vautier.com\/en\/#\/schema\/logo\/image\/","url":"http:\/\/eva-vautier.com\/wp-content\/uploads\/2018\/09\/logo-galerie-illustrator-04-1.png","contentUrl":"http:\/\/eva-vautier.com\/wp-content\/uploads\/2018\/09\/logo-galerie-illustrator-04-1.png","width":200,"height":24,"caption":"Galerie Eva Vautier"},"image":{"@id":"https:\/\/eva-vautier.com\/en\/#\/schema\/logo\/image\/"},"sameAs":["https:\/\/www.facebook.com\/evavautier\/","https:\/\/x.com\/EvaVautier","https:\/\/www.instagram.com\/galerieevavautier\/"]}]}},"_links":{"self":[{"href":"https:\/\/eva-vautier.com\/en\/wp-json\/wp\/v2\/product\/72884","targetHints":{"allow":["GET"]}}],"collection":[{"href":"https:\/\/eva-vautier.com\/en\/wp-json\/wp\/v2\/product"}],"about":[{"href":"https:\/\/eva-vautier.com\/en\/wp-json\/wp\/v2\/types\/product"}],"wp:featuredmedia":[{"embeddable":true,"href":"https:\/\/eva-vautier.com\/en\/wp-json\/wp\/v2\/media\/71076"}],"wp:attachment":[{"href":"https:\/\/eva-vautier.com\/en\/wp-json\/wp\/v2\/media?parent=72884"}],"wp:term":[{"taxonomy":"product_brand","embeddable":true,"href":"https:\/\/eva-vautier.com\/en\/wp-json\/wp\/v2\/product_brand?post=72884"},{"taxonomy":"product_cat","embeddable":true,"href":"https:\/\/eva-vautier.com\/en\/wp-json\/wp\/v2\/product_cat?post=72884"},{"taxonomy":"product_tag","embeddable":true,"href":"https:\/\/eva-vautier.com\/en\/wp-json\/wp\/v2\/product_tag?post=72884"}],"curies":[{"name":"wp","href":"https:\/\/api.w.org\/{rel}","templated":true}]}}