{"id":72812,"date":"2018-09-27T22:13:39","date_gmt":"2018-09-27T23:13:39","guid":{"rendered":"http:\/\/eva-vautier.com\/boutique\/expression-dune-emotion-amoureuse-5\/"},"modified":"2018-09-27T22:13:39","modified_gmt":"2018-09-27T23:13:39","slug":"expression-dune-emotion-amoureuse-5","status":"publish","type":"product","link":"https:\/\/eva-vautier.com\/en\/boutique\/expression-dune-emotion-amoureuse-5\/","title":{"rendered":"Expression d\u2019une \u00e9motion amoureuse \u2013 #5"},"content":{"rendered":"","protected":false},"excerpt":{"rendered":"<p class=\"p1\">Expression d\u2019une \u00e9motion amoureuse \u2013 #5 , 2014<br \/>\nTirage photographique<br \/>\nCollage sous plexiglas 4mm<br \/>\nSupport au dos en alluminium<br \/>\n5 exemplaires num\u00e9rot\u00e9s<br \/>\nSigni\u00e9 au dos<br \/>\n60x 60<\/p>\n","protected":false},"featured_media":71862,"template":"","meta":[],"product_brand":[],"product_cat":[989,1063],"product_tag":[],"class_list":{"0":"post-72812","1":"product","2":"type-product","3":"status-publish","4":"has-post-thumbnail","6":"product_cat-artists","7":"product_cat-barbagli-benoit","8":"product_shipping_class-forfait-france-en","9":"tm-has-options","11":"first","12":"instock","13":"shipping-taxable","14":"purchasable","15":"product-type-simple"},"yoast_head":"<!-- This site is optimized with the Yoast SEO plugin v27.3 - https:\/\/yoast.com\/product\/yoast-seo-wordpress\/ -->\n<title>Expression d\u2019une \u00e9motion amoureuse \u2013 #5 ~ Galerie Eva Vautier<\/title>\n<meta name=\"robots\" content=\"index, follow, max-snippet:-1, max-image-preview:large, max-video-preview:-1\" \/>\n<link rel=\"canonical\" href=\"https:\/\/eva-vautier.com\/en\/boutique\/expression-dune-emotion-amoureuse-5\/\" \/>\n<meta property=\"og:locale\" content=\"en_US\" \/>\n<meta property=\"og:type\" content=\"article\" \/>\n<meta property=\"og:title\" content=\"Expression d\u2019une \u00e9motion amoureuse \u2013 #5 ~ Galerie Eva Vautier\" \/>\n<meta property=\"og:description\" content=\"Expression d\u2019une \u00e9motion amoureuse \u2013 #5 , 2014 Tirage photographique Collage sous plexiglas 4mm Support au dos en alluminium 5 exemplaires num\u00e9rot\u00e9s Signi\u00e9 au dos 60x 60\" \/>\n<meta property=\"og:url\" content=\"https:\/\/eva-vautier.com\/en\/boutique\/expression-dune-emotion-amoureuse-5\/\" \/>\n<meta property=\"og:site_name\" content=\"Galerie Eva Vautier\" \/>\n<meta property=\"article:publisher\" content=\"https:\/\/www.facebook.com\/evavautier\/\" \/>\n<meta property=\"og:image\" content=\"https:\/\/eva-vautier.com\/wp-content\/uploads\/2018\/09\/Expresion-dune-e\u0301motion-amoureuse-5-.jpg\" \/>\n\t<meta property=\"og:image:width\" content=\"1200\" \/>\n\t<meta property=\"og:image:height\" content=\"1200\" \/>\n\t<meta property=\"og:image:type\" content=\"image\/jpeg\" \/>\n<meta name=\"twitter:card\" content=\"summary_large_image\" \/>\n<meta name=\"twitter:site\" content=\"@EvaVautier\" \/>\n<script type=\"application\/ld+json\" class=\"yoast-schema-graph\">{\"@context\":\"https:\\\/\\\/schema.org\",\"@graph\":[{\"@type\":\"WebPage\",\"@id\":\"https:\\\/\\\/eva-vautier.com\\\/en\\\/boutique\\\/expression-dune-emotion-amoureuse-5\\\/\",\"url\":\"https:\\\/\\\/eva-vautier.com\\\/en\\\/boutique\\\/expression-dune-emotion-amoureuse-5\\\/\",\"name\":\"Expression d\u2019une \u00e9motion amoureuse \u2013 #5 ~ Galerie Eva Vautier\",\"isPartOf\":{\"@id\":\"https:\\\/\\\/eva-vautier.com\\\/en\\\/#website\"},\"primaryImageOfPage\":{\"@id\":\"https:\\\/\\\/eva-vautier.com\\\/en\\\/boutique\\\/expression-dune-emotion-amoureuse-5\\\/#primaryimage\"},\"image\":{\"@id\":\"https:\\\/\\\/eva-vautier.com\\\/en\\\/boutique\\\/expression-dune-emotion-amoureuse-5\\\/#primaryimage\"},\"thumbnailUrl\":\"https:\\\/\\\/eva-vautier.com\\\/wp-content\\\/uploads\\\/2018\\\/09\\\/Expresion-dune-e\u0301motion-amoureuse-5-.jpg\",\"datePublished\":\"2018-09-27T23:13:39+00:00\",\"breadcrumb\":{\"@id\":\"https:\\\/\\\/eva-vautier.com\\\/en\\\/boutique\\\/expression-dune-emotion-amoureuse-5\\\/#breadcrumb\"},\"inLanguage\":\"en-US\",\"potentialAction\":[{\"@type\":\"ReadAction\",\"target\":[\"https:\\\/\\\/eva-vautier.com\\\/en\\\/boutique\\\/expression-dune-emotion-amoureuse-5\\\/\"]}]},{\"@type\":\"ImageObject\",\"inLanguage\":\"en-US\",\"@id\":\"https:\\\/\\\/eva-vautier.com\\\/en\\\/boutique\\\/expression-dune-emotion-amoureuse-5\\\/#primaryimage\",\"url\":\"https:\\\/\\\/eva-vautier.com\\\/wp-content\\\/uploads\\\/2018\\\/09\\\/Expresion-dune-e\u0301motion-amoureuse-5-.jpg\",\"contentUrl\":\"https:\\\/\\\/eva-vautier.com\\\/wp-content\\\/uploads\\\/2018\\\/09\\\/Expresion-dune-e\u0301motion-amoureuse-5-.jpg\",\"width\":1200,\"height\":1200},{\"@type\":\"BreadcrumbList\",\"@id\":\"https:\\\/\\\/eva-vautier.com\\\/en\\\/boutique\\\/expression-dune-emotion-amoureuse-5\\\/#breadcrumb\",\"itemListElement\":[{\"@type\":\"ListItem\",\"position\":1,\"name\":\"Store\",\"item\":\"https:\\\/\\\/eva-vautier.com\\\/en\\\/shop\\\/\"},{\"@type\":\"ListItem\",\"position\":2,\"name\":\"Expression d\u2019une \u00e9motion amoureuse \u2013 #5\"}]},{\"@type\":\"WebSite\",\"@id\":\"https:\\\/\\\/eva-vautier.com\\\/en\\\/#website\",\"url\":\"https:\\\/\\\/eva-vautier.com\\\/en\\\/\",\"name\":\"Galerie Eva Vautier\",\"description\":\"Galerie d&#039;art contemporain\",\"publisher\":{\"@id\":\"https:\\\/\\\/eva-vautier.com\\\/en\\\/#organization\"},\"potentialAction\":[{\"@type\":\"SearchAction\",\"target\":{\"@type\":\"EntryPoint\",\"urlTemplate\":\"https:\\\/\\\/eva-vautier.com\\\/en\\\/?s={search_term_string}\"},\"query-input\":{\"@type\":\"PropertyValueSpecification\",\"valueRequired\":true,\"valueName\":\"search_term_string\"}}],\"inLanguage\":\"en-US\"},{\"@type\":\"Organization\",\"@id\":\"https:\\\/\\\/eva-vautier.com\\\/en\\\/#organization\",\"name\":\"Galerie Eva Vautier\",\"url\":\"https:\\\/\\\/eva-vautier.com\\\/en\\\/\",\"logo\":{\"@type\":\"ImageObject\",\"inLanguage\":\"en-US\",\"@id\":\"https:\\\/\\\/eva-vautier.com\\\/en\\\/#\\\/schema\\\/logo\\\/image\\\/\",\"url\":\"http:\\\/\\\/eva-vautier.com\\\/wp-content\\\/uploads\\\/2018\\\/09\\\/logo-galerie-illustrator-04-1.png\",\"contentUrl\":\"http:\\\/\\\/eva-vautier.com\\\/wp-content\\\/uploads\\\/2018\\\/09\\\/logo-galerie-illustrator-04-1.png\",\"width\":200,\"height\":24,\"caption\":\"Galerie Eva Vautier\"},\"image\":{\"@id\":\"https:\\\/\\\/eva-vautier.com\\\/en\\\/#\\\/schema\\\/logo\\\/image\\\/\"},\"sameAs\":[\"https:\\\/\\\/www.facebook.com\\\/evavautier\\\/\",\"https:\\\/\\\/x.com\\\/EvaVautier\",\"https:\\\/\\\/www.instagram.com\\\/galerieevavautier\\\/\"]}]}<\/script>\n<!-- \/ Yoast SEO plugin. -->","yoast_head_json":{"title":"Expression d\u2019une \u00e9motion amoureuse \u2013 #5 ~ Galerie Eva Vautier","robots":{"index":"index","follow":"follow","max-snippet":"max-snippet:-1","max-image-preview":"max-image-preview:large","max-video-preview":"max-video-preview:-1"},"canonical":"https:\/\/eva-vautier.com\/en\/boutique\/expression-dune-emotion-amoureuse-5\/","og_locale":"en_US","og_type":"article","og_title":"Expression d\u2019une \u00e9motion amoureuse \u2013 #5 ~ Galerie Eva Vautier","og_description":"Expression d\u2019une \u00e9motion amoureuse \u2013 #5 , 2014 Tirage photographique Collage sous plexiglas 4mm Support au dos en alluminium 5 exemplaires num\u00e9rot\u00e9s Signi\u00e9 au dos 60x 60","og_url":"https:\/\/eva-vautier.com\/en\/boutique\/expression-dune-emotion-amoureuse-5\/","og_site_name":"Galerie Eva Vautier","article_publisher":"https:\/\/www.facebook.com\/evavautier\/","og_image":[{"width":1200,"height":1200,"url":"https:\/\/eva-vautier.com\/wp-content\/uploads\/2018\/09\/Expresion-dune-e\u0301motion-amoureuse-5-.jpg","type":"image\/jpeg"}],"twitter_card":"summary_large_image","twitter_site":"@EvaVautier","schema":{"@context":"https:\/\/schema.org","@graph":[{"@type":"WebPage","@id":"https:\/\/eva-vautier.com\/en\/boutique\/expression-dune-emotion-amoureuse-5\/","url":"https:\/\/eva-vautier.com\/en\/boutique\/expression-dune-emotion-amoureuse-5\/","name":"Expression d\u2019une \u00e9motion amoureuse \u2013 #5 ~ Galerie Eva Vautier","isPartOf":{"@id":"https:\/\/eva-vautier.com\/en\/#website"},"primaryImageOfPage":{"@id":"https:\/\/eva-vautier.com\/en\/boutique\/expression-dune-emotion-amoureuse-5\/#primaryimage"},"image":{"@id":"https:\/\/eva-vautier.com\/en\/boutique\/expression-dune-emotion-amoureuse-5\/#primaryimage"},"thumbnailUrl":"https:\/\/eva-vautier.com\/wp-content\/uploads\/2018\/09\/Expresion-dune-e\u0301motion-amoureuse-5-.jpg","datePublished":"2018-09-27T23:13:39+00:00","breadcrumb":{"@id":"https:\/\/eva-vautier.com\/en\/boutique\/expression-dune-emotion-amoureuse-5\/#breadcrumb"},"inLanguage":"en-US","potentialAction":[{"@type":"ReadAction","target":["https:\/\/eva-vautier.com\/en\/boutique\/expression-dune-emotion-amoureuse-5\/"]}]},{"@type":"ImageObject","inLanguage":"en-US","@id":"https:\/\/eva-vautier.com\/en\/boutique\/expression-dune-emotion-amoureuse-5\/#primaryimage","url":"https:\/\/eva-vautier.com\/wp-content\/uploads\/2018\/09\/Expresion-dune-e\u0301motion-amoureuse-5-.jpg","contentUrl":"https:\/\/eva-vautier.com\/wp-content\/uploads\/2018\/09\/Expresion-dune-e\u0301motion-amoureuse-5-.jpg","width":1200,"height":1200},{"@type":"BreadcrumbList","@id":"https:\/\/eva-vautier.com\/en\/boutique\/expression-dune-emotion-amoureuse-5\/#breadcrumb","itemListElement":[{"@type":"ListItem","position":1,"name":"Store","item":"https:\/\/eva-vautier.com\/en\/shop\/"},{"@type":"ListItem","position":2,"name":"Expression d\u2019une \u00e9motion amoureuse \u2013 #5"}]},{"@type":"WebSite","@id":"https:\/\/eva-vautier.com\/en\/#website","url":"https:\/\/eva-vautier.com\/en\/","name":"Galerie Eva Vautier","description":"Galerie d&#039;art contemporain","publisher":{"@id":"https:\/\/eva-vautier.com\/en\/#organization"},"potentialAction":[{"@type":"SearchAction","target":{"@type":"EntryPoint","urlTemplate":"https:\/\/eva-vautier.com\/en\/?s={search_term_string}"},"query-input":{"@type":"PropertyValueSpecification","valueRequired":true,"valueName":"search_term_string"}}],"inLanguage":"en-US"},{"@type":"Organization","@id":"https:\/\/eva-vautier.com\/en\/#organization","name":"Galerie Eva Vautier","url":"https:\/\/eva-vautier.com\/en\/","logo":{"@type":"ImageObject","inLanguage":"en-US","@id":"https:\/\/eva-vautier.com\/en\/#\/schema\/logo\/image\/","url":"http:\/\/eva-vautier.com\/wp-content\/uploads\/2018\/09\/logo-galerie-illustrator-04-1.png","contentUrl":"http:\/\/eva-vautier.com\/wp-content\/uploads\/2018\/09\/logo-galerie-illustrator-04-1.png","width":200,"height":24,"caption":"Galerie Eva Vautier"},"image":{"@id":"https:\/\/eva-vautier.com\/en\/#\/schema\/logo\/image\/"},"sameAs":["https:\/\/www.facebook.com\/evavautier\/","https:\/\/x.com\/EvaVautier","https:\/\/www.instagram.com\/galerieevavautier\/"]}]}},"_links":{"self":[{"href":"https:\/\/eva-vautier.com\/en\/wp-json\/wp\/v2\/product\/72812","targetHints":{"allow":["GET"]}}],"collection":[{"href":"https:\/\/eva-vautier.com\/en\/wp-json\/wp\/v2\/product"}],"about":[{"href":"https:\/\/eva-vautier.com\/en\/wp-json\/wp\/v2\/types\/product"}],"wp:featuredmedia":[{"embeddable":true,"href":"https:\/\/eva-vautier.com\/en\/wp-json\/wp\/v2\/media\/71862"}],"wp:attachment":[{"href":"https:\/\/eva-vautier.com\/en\/wp-json\/wp\/v2\/media?parent=72812"}],"wp:term":[{"taxonomy":"product_brand","embeddable":true,"href":"https:\/\/eva-vautier.com\/en\/wp-json\/wp\/v2\/product_brand?post=72812"},{"taxonomy":"product_cat","embeddable":true,"href":"https:\/\/eva-vautier.com\/en\/wp-json\/wp\/v2\/product_cat?post=72812"},{"taxonomy":"product_tag","embeddable":true,"href":"https:\/\/eva-vautier.com\/en\/wp-json\/wp\/v2\/product_tag?post=72812"}],"curies":[{"name":"wp","href":"https:\/\/api.w.org\/{rel}","templated":true}]}}