{"id":72805,"date":"2018-12-13T15:47:00","date_gmt":"2018-12-13T16:47:00","guid":{"rendered":"http:\/\/eva-vautier.com\/boutique\/infeuilletable\/"},"modified":"2023-01-24T14:39:48","modified_gmt":"2023-01-24T15:39:48","slug":"infeuilletable","status":"publish","type":"product","link":"https:\/\/eva-vautier.com\/en\/boutique\/infeuilletable\/","title":{"rendered":"Pierre Alechinsky, Infeuilletable, 1969"},"content":{"rendered":"","protected":false},"excerpt":{"rendered":"<p>Lithographie polychrome tir\u00e9e pleine feuille sur papier Arches.<br \/>\nTirage \u00e0 160 exemplaires, sign\u00e9s et num\u00e9rot\u00e9s \u00e0 la mine de plomb.<br \/>\nR\u00e9f\u00e9renc\u00e9 sous le n\u00b0391 du Catalogue Raisonn\u00e9 Pierre Alechinsky &#8220;Les Estampes 1946-1972&#8221;.<br \/>\nYves Rivi\u00e8re, \u00e9diteur, Paris 1973.<\/p>\n<p>Dimensions de l\u2019oeuvre : 26 x 19 cm<\/p>\n<p>Dimensions du cadre : 37 x 30 x 3 cm<\/p>\n<p>Oeuvre vendue avec encadrement et frais de ports inclus.<\/p>\n","protected":false},"featured_media":72345,"template":"","meta":[],"product_brand":[],"product_cat":[1059,989,1042],"product_tag":[2045,1055,1089,1050,1057],"class_list":{"0":"post-72805","1":"product","2":"type-product","3":"status-publish","4":"has-post-thumbnail","6":"product_cat-alechinsky-pierre-en","7":"product_cat-artists","8":"product_cat-edition-en","9":"product_tag-40x40-en","10":"product_tag-art-contemporain-en","11":"product_tag-editions-limitee-en","12":"product_tag-galerie-eva-vautier-en","13":"product_tag-nice-en","14":"product_shipping_class-forfait-standart","15":"tm-has-options","17":"first","18":"outofstock","19":"sold-individually","20":"shipping-taxable","21":"product-type-simple"},"yoast_head":"<!-- This site is optimized with the Yoast SEO plugin v27.4 - https:\/\/yoast.com\/product\/yoast-seo-wordpress\/ -->\n<title>Pierre Alechinsky, Infeuilletable, 1969 ~ Galerie Eva Vautier<\/title>\n<meta name=\"robots\" content=\"index, follow, max-snippet:-1, max-image-preview:large, max-video-preview:-1\" \/>\n<link rel=\"canonical\" href=\"https:\/\/eva-vautier.com\/en\/boutique\/infeuilletable\/\" \/>\n<meta property=\"og:locale\" content=\"en_US\" \/>\n<meta property=\"og:type\" content=\"article\" \/>\n<meta property=\"og:title\" content=\"Pierre Alechinsky, Infeuilletable, 1969 ~ Galerie Eva Vautier\" \/>\n<meta property=\"og:description\" content=\"Lithographie polychrome tir\u00e9e pleine feuille sur papier Arches. Tirage \u00e0 160 exemplaires, sign\u00e9s et num\u00e9rot\u00e9s \u00e0 la mine de plomb. R\u00e9f\u00e9renc\u00e9 sous le n\u00b0391 du Catalogue Raisonn\u00e9 Pierre Alechinsky &quot;Les Estampes 1946-1972&quot;. Yves Rivi\u00e8re, \u00e9diteur, Paris 1973.  Dimensions de l\u2019oeuvre : 26 x 19 cm  Dimensions du cadre : 37 x 30 x 3 cm  Oeuvre vendue avec encadrement et frais de ports inclus.\" \/>\n<meta property=\"og:url\" content=\"https:\/\/eva-vautier.com\/en\/boutique\/infeuilletable\/\" \/>\n<meta property=\"og:site_name\" content=\"Galerie Eva Vautier\" \/>\n<meta property=\"article:publisher\" content=\"https:\/\/www.facebook.com\/evavautier\/\" \/>\n<meta property=\"article:modified_time\" content=\"2023-01-24T15:39:48+00:00\" \/>\n<meta property=\"og:image\" content=\"https:\/\/eva-vautier.com\/wp-content\/uploads\/2018\/12\/ALECHINSKY-019-G-E-Vautier-1.jpg\" \/>\n\t<meta property=\"og:image:width\" content=\"899\" \/>\n\t<meta property=\"og:image:height\" content=\"1200\" \/>\n\t<meta property=\"og:image:type\" content=\"image\/jpeg\" \/>\n<meta name=\"twitter:card\" content=\"summary_large_image\" \/>\n<meta name=\"twitter:site\" content=\"@EvaVautier\" \/>\n<script type=\"application\/ld+json\" class=\"yoast-schema-graph\">{\"@context\":\"https:\\\/\\\/schema.org\",\"@graph\":[{\"@type\":\"WebPage\",\"@id\":\"https:\\\/\\\/eva-vautier.com\\\/en\\\/boutique\\\/infeuilletable\\\/\",\"url\":\"https:\\\/\\\/eva-vautier.com\\\/en\\\/boutique\\\/infeuilletable\\\/\",\"name\":\"Pierre Alechinsky, Infeuilletable, 1969 ~ Galerie Eva Vautier\",\"isPartOf\":{\"@id\":\"https:\\\/\\\/eva-vautier.com\\\/en\\\/#website\"},\"primaryImageOfPage\":{\"@id\":\"https:\\\/\\\/eva-vautier.com\\\/en\\\/boutique\\\/infeuilletable\\\/#primaryimage\"},\"image\":{\"@id\":\"https:\\\/\\\/eva-vautier.com\\\/en\\\/boutique\\\/infeuilletable\\\/#primaryimage\"},\"thumbnailUrl\":\"https:\\\/\\\/eva-vautier.com\\\/wp-content\\\/uploads\\\/2018\\\/12\\\/ALECHINSKY-019-G-E-Vautier-1.jpg\",\"datePublished\":\"2018-12-13T16:47:00+00:00\",\"dateModified\":\"2023-01-24T15:39:48+00:00\",\"breadcrumb\":{\"@id\":\"https:\\\/\\\/eva-vautier.com\\\/en\\\/boutique\\\/infeuilletable\\\/#breadcrumb\"},\"inLanguage\":\"en-US\",\"potentialAction\":[{\"@type\":\"ReadAction\",\"target\":[\"https:\\\/\\\/eva-vautier.com\\\/en\\\/boutique\\\/infeuilletable\\\/\"]}]},{\"@type\":\"ImageObject\",\"inLanguage\":\"en-US\",\"@id\":\"https:\\\/\\\/eva-vautier.com\\\/en\\\/boutique\\\/infeuilletable\\\/#primaryimage\",\"url\":\"https:\\\/\\\/eva-vautier.com\\\/wp-content\\\/uploads\\\/2018\\\/12\\\/ALECHINSKY-019-G-E-Vautier-1.jpg\",\"contentUrl\":\"https:\\\/\\\/eva-vautier.com\\\/wp-content\\\/uploads\\\/2018\\\/12\\\/ALECHINSKY-019-G-E-Vautier-1.jpg\",\"width\":899,\"height\":1200,\"caption\":\"Alechinsky Pierre\\\"Infeuilletable\\\", 1969Lithographie polychrome tir\u00e9e pleine feuille sur papier Arches.Sign\u00e9s et num\u00e9rot\u00e9s \u00e0 la mine de plomb.Yves Rivi\u00e8re, \u00e9diteur, Paris 1973. Tirage : 160 exemplaires26 x 19 cm\"},{\"@type\":\"BreadcrumbList\",\"@id\":\"https:\\\/\\\/eva-vautier.com\\\/en\\\/boutique\\\/infeuilletable\\\/#breadcrumb\",\"itemListElement\":[{\"@type\":\"ListItem\",\"position\":1,\"name\":\"Store\",\"item\":\"https:\\\/\\\/eva-vautier.com\\\/en\\\/shop\\\/\"},{\"@type\":\"ListItem\",\"position\":2,\"name\":\"Pierre Alechinsky, Infeuilletable, 1969\"}]},{\"@type\":\"WebSite\",\"@id\":\"https:\\\/\\\/eva-vautier.com\\\/en\\\/#website\",\"url\":\"https:\\\/\\\/eva-vautier.com\\\/en\\\/\",\"name\":\"Galerie Eva Vautier\",\"description\":\"Galerie d&#039;art contemporain\",\"publisher\":{\"@id\":\"https:\\\/\\\/eva-vautier.com\\\/en\\\/#organization\"},\"potentialAction\":[{\"@type\":\"SearchAction\",\"target\":{\"@type\":\"EntryPoint\",\"urlTemplate\":\"https:\\\/\\\/eva-vautier.com\\\/en\\\/?s={search_term_string}\"},\"query-input\":{\"@type\":\"PropertyValueSpecification\",\"valueRequired\":true,\"valueName\":\"search_term_string\"}}],\"inLanguage\":\"en-US\"},{\"@type\":\"Organization\",\"@id\":\"https:\\\/\\\/eva-vautier.com\\\/en\\\/#organization\",\"name\":\"Galerie Eva Vautier\",\"url\":\"https:\\\/\\\/eva-vautier.com\\\/en\\\/\",\"logo\":{\"@type\":\"ImageObject\",\"inLanguage\":\"en-US\",\"@id\":\"https:\\\/\\\/eva-vautier.com\\\/en\\\/#\\\/schema\\\/logo\\\/image\\\/\",\"url\":\"http:\\\/\\\/eva-vautier.com\\\/wp-content\\\/uploads\\\/2018\\\/09\\\/logo-galerie-illustrator-04-1.png\",\"contentUrl\":\"http:\\\/\\\/eva-vautier.com\\\/wp-content\\\/uploads\\\/2018\\\/09\\\/logo-galerie-illustrator-04-1.png\",\"width\":200,\"height\":24,\"caption\":\"Galerie Eva Vautier\"},\"image\":{\"@id\":\"https:\\\/\\\/eva-vautier.com\\\/en\\\/#\\\/schema\\\/logo\\\/image\\\/\"},\"sameAs\":[\"https:\\\/\\\/www.facebook.com\\\/evavautier\\\/\",\"https:\\\/\\\/x.com\\\/EvaVautier\",\"https:\\\/\\\/www.instagram.com\\\/galerieevavautier\\\/\"]}]}<\/script>\n<!-- \/ Yoast SEO plugin. -->","yoast_head_json":{"title":"Pierre Alechinsky, Infeuilletable, 1969 ~ Galerie Eva Vautier","robots":{"index":"index","follow":"follow","max-snippet":"max-snippet:-1","max-image-preview":"max-image-preview:large","max-video-preview":"max-video-preview:-1"},"canonical":"https:\/\/eva-vautier.com\/en\/boutique\/infeuilletable\/","og_locale":"en_US","og_type":"article","og_title":"Pierre Alechinsky, Infeuilletable, 1969 ~ Galerie Eva Vautier","og_description":"Lithographie polychrome tir\u00e9e pleine feuille sur papier Arches. Tirage \u00e0 160 exemplaires, sign\u00e9s et num\u00e9rot\u00e9s \u00e0 la mine de plomb. R\u00e9f\u00e9renc\u00e9 sous le n\u00b0391 du Catalogue Raisonn\u00e9 Pierre Alechinsky \"Les Estampes 1946-1972\". Yves Rivi\u00e8re, \u00e9diteur, Paris 1973.  Dimensions de l\u2019oeuvre : 26 x 19 cm  Dimensions du cadre : 37 x 30 x 3 cm  Oeuvre vendue avec encadrement et frais de ports inclus.","og_url":"https:\/\/eva-vautier.com\/en\/boutique\/infeuilletable\/","og_site_name":"Galerie Eva Vautier","article_publisher":"https:\/\/www.facebook.com\/evavautier\/","article_modified_time":"2023-01-24T15:39:48+00:00","og_image":[{"width":899,"height":1200,"url":"https:\/\/eva-vautier.com\/wp-content\/uploads\/2018\/12\/ALECHINSKY-019-G-E-Vautier-1.jpg","type":"image\/jpeg"}],"twitter_card":"summary_large_image","twitter_site":"@EvaVautier","schema":{"@context":"https:\/\/schema.org","@graph":[{"@type":"WebPage","@id":"https:\/\/eva-vautier.com\/en\/boutique\/infeuilletable\/","url":"https:\/\/eva-vautier.com\/en\/boutique\/infeuilletable\/","name":"Pierre Alechinsky, Infeuilletable, 1969 ~ Galerie Eva Vautier","isPartOf":{"@id":"https:\/\/eva-vautier.com\/en\/#website"},"primaryImageOfPage":{"@id":"https:\/\/eva-vautier.com\/en\/boutique\/infeuilletable\/#primaryimage"},"image":{"@id":"https:\/\/eva-vautier.com\/en\/boutique\/infeuilletable\/#primaryimage"},"thumbnailUrl":"https:\/\/eva-vautier.com\/wp-content\/uploads\/2018\/12\/ALECHINSKY-019-G-E-Vautier-1.jpg","datePublished":"2018-12-13T16:47:00+00:00","dateModified":"2023-01-24T15:39:48+00:00","breadcrumb":{"@id":"https:\/\/eva-vautier.com\/en\/boutique\/infeuilletable\/#breadcrumb"},"inLanguage":"en-US","potentialAction":[{"@type":"ReadAction","target":["https:\/\/eva-vautier.com\/en\/boutique\/infeuilletable\/"]}]},{"@type":"ImageObject","inLanguage":"en-US","@id":"https:\/\/eva-vautier.com\/en\/boutique\/infeuilletable\/#primaryimage","url":"https:\/\/eva-vautier.com\/wp-content\/uploads\/2018\/12\/ALECHINSKY-019-G-E-Vautier-1.jpg","contentUrl":"https:\/\/eva-vautier.com\/wp-content\/uploads\/2018\/12\/ALECHINSKY-019-G-E-Vautier-1.jpg","width":899,"height":1200,"caption":"Alechinsky Pierre\"Infeuilletable\", 1969Lithographie polychrome tir\u00e9e pleine feuille sur papier Arches.Sign\u00e9s et num\u00e9rot\u00e9s \u00e0 la mine de plomb.Yves Rivi\u00e8re, \u00e9diteur, Paris 1973. Tirage : 160 exemplaires26 x 19 cm"},{"@type":"BreadcrumbList","@id":"https:\/\/eva-vautier.com\/en\/boutique\/infeuilletable\/#breadcrumb","itemListElement":[{"@type":"ListItem","position":1,"name":"Store","item":"https:\/\/eva-vautier.com\/en\/shop\/"},{"@type":"ListItem","position":2,"name":"Pierre Alechinsky, Infeuilletable, 1969"}]},{"@type":"WebSite","@id":"https:\/\/eva-vautier.com\/en\/#website","url":"https:\/\/eva-vautier.com\/en\/","name":"Galerie Eva Vautier","description":"Galerie d&#039;art contemporain","publisher":{"@id":"https:\/\/eva-vautier.com\/en\/#organization"},"potentialAction":[{"@type":"SearchAction","target":{"@type":"EntryPoint","urlTemplate":"https:\/\/eva-vautier.com\/en\/?s={search_term_string}"},"query-input":{"@type":"PropertyValueSpecification","valueRequired":true,"valueName":"search_term_string"}}],"inLanguage":"en-US"},{"@type":"Organization","@id":"https:\/\/eva-vautier.com\/en\/#organization","name":"Galerie Eva Vautier","url":"https:\/\/eva-vautier.com\/en\/","logo":{"@type":"ImageObject","inLanguage":"en-US","@id":"https:\/\/eva-vautier.com\/en\/#\/schema\/logo\/image\/","url":"http:\/\/eva-vautier.com\/wp-content\/uploads\/2018\/09\/logo-galerie-illustrator-04-1.png","contentUrl":"http:\/\/eva-vautier.com\/wp-content\/uploads\/2018\/09\/logo-galerie-illustrator-04-1.png","width":200,"height":24,"caption":"Galerie Eva Vautier"},"image":{"@id":"https:\/\/eva-vautier.com\/en\/#\/schema\/logo\/image\/"},"sameAs":["https:\/\/www.facebook.com\/evavautier\/","https:\/\/x.com\/EvaVautier","https:\/\/www.instagram.com\/galerieevavautier\/"]}]}},"_links":{"self":[{"href":"https:\/\/eva-vautier.com\/en\/wp-json\/wp\/v2\/product\/72805","targetHints":{"allow":["GET"]}}],"collection":[{"href":"https:\/\/eva-vautier.com\/en\/wp-json\/wp\/v2\/product"}],"about":[{"href":"https:\/\/eva-vautier.com\/en\/wp-json\/wp\/v2\/types\/product"}],"wp:featuredmedia":[{"embeddable":true,"href":"https:\/\/eva-vautier.com\/en\/wp-json\/wp\/v2\/media\/72345"}],"wp:attachment":[{"href":"https:\/\/eva-vautier.com\/en\/wp-json\/wp\/v2\/media?parent=72805"}],"wp:term":[{"taxonomy":"product_brand","embeddable":true,"href":"https:\/\/eva-vautier.com\/en\/wp-json\/wp\/v2\/product_brand?post=72805"},{"taxonomy":"product_cat","embeddable":true,"href":"https:\/\/eva-vautier.com\/en\/wp-json\/wp\/v2\/product_cat?post=72805"},{"taxonomy":"product_tag","embeddable":true,"href":"https:\/\/eva-vautier.com\/en\/wp-json\/wp\/v2\/product_tag?post=72805"}],"curies":[{"name":"wp","href":"https:\/\/api.w.org\/{rel}","templated":true}]}}