{"id":72799,"date":"2020-01-22T18:43:29","date_gmt":"2020-01-22T19:43:29","guid":{"rendered":"http:\/\/eva-vautier.com\/boutique\/rien-a-ajouter\/"},"modified":"2020-01-22T18:43:29","modified_gmt":"2020-01-22T19:43:29","slug":"rien-a-ajouter","status":"publish","type":"product","link":"https:\/\/eva-vautier.com\/en\/boutique\/rien-a-ajouter\/","title":{"rendered":"Rien \u00e0 ajouter"},"content":{"rendered":"","protected":false},"excerpt":{"rendered":"<p><strong>Rien \u00e0 ajouter<\/strong><\/p>\n<p>Ben Vautier<\/p>\n<p>Rien \u00e0 ajouter,<span class=\"Apple-converted-space\">\u00a0 <\/span>2014<\/p>\n<p>Acrylique sur toile<\/p>\n<p>Sign\u00e9e et dat\u00e9e au dos<\/p>\n<p>50 x 61 cm<\/p>\n","protected":false},"featured_media":72239,"template":"","meta":[],"product_brand":[],"product_cat":[990],"product_tag":[1055,1106,1104,1088,1103,1133],"class_list":{"0":"post-72799","1":"product","2":"type-product","3":"status-publish","4":"has-post-thumbnail","6":"product_cat-ben-en","7":"product_tag-art-contemporain-en","8":"product_tag-artwork","9":"product_tag-ben-en","10":"product_tag-ben-vautier-en","11":"product_tag-genuine-artwork","12":"product_tag-rien-a-ajouter-en","13":"tm-has-options","15":"first","16":"outofstock","17":"shipping-taxable","18":"product-type-simple"},"yoast_head":"<!-- This site is optimized with the Yoast SEO plugin v27.3 - https:\/\/yoast.com\/product\/yoast-seo-wordpress\/ -->\n<title>Rien \u00e0 ajouter ~ Galerie Eva Vautier<\/title>\n<meta name=\"robots\" content=\"index, follow, max-snippet:-1, max-image-preview:large, max-video-preview:-1\" \/>\n<link rel=\"canonical\" href=\"https:\/\/eva-vautier.com\/en\/boutique\/rien-a-ajouter\/\" \/>\n<meta property=\"og:locale\" content=\"en_US\" \/>\n<meta property=\"og:type\" content=\"article\" \/>\n<meta property=\"og:title\" content=\"Rien \u00e0 ajouter ~ Galerie Eva Vautier\" \/>\n<meta property=\"og:description\" content=\"Rien \u00e0 ajouter  Ben Vautier  Rien \u00e0 ajouter,\u00a0 2014  Acrylique sur toile  Sign\u00e9e et dat\u00e9e au dos  50 x 61 cm\" \/>\n<meta property=\"og:url\" content=\"https:\/\/eva-vautier.com\/en\/boutique\/rien-a-ajouter\/\" \/>\n<meta property=\"og:site_name\" content=\"Galerie Eva Vautier\" \/>\n<meta property=\"article:publisher\" content=\"https:\/\/www.facebook.com\/evavautier\/\" \/>\n<meta property=\"og:image\" content=\"https:\/\/eva-vautier.com\/wp-content\/uploads\/2020\/01\/Ben-Vautier-n\u00b0-6513-RIEN-A-AJOUTER-2014-Acrylique-sur-toile.-50-x-61-cm.jpg\" \/>\n\t<meta property=\"og:image:width\" content=\"500\" \/>\n\t<meta property=\"og:image:height\" content=\"410\" \/>\n\t<meta property=\"og:image:type\" content=\"image\/jpeg\" \/>\n<meta name=\"twitter:card\" content=\"summary_large_image\" \/>\n<meta name=\"twitter:site\" content=\"@EvaVautier\" \/>\n<script type=\"application\/ld+json\" class=\"yoast-schema-graph\">{\"@context\":\"https:\\\/\\\/schema.org\",\"@graph\":[{\"@type\":\"WebPage\",\"@id\":\"https:\\\/\\\/eva-vautier.com\\\/en\\\/boutique\\\/rien-a-ajouter\\\/\",\"url\":\"https:\\\/\\\/eva-vautier.com\\\/en\\\/boutique\\\/rien-a-ajouter\\\/\",\"name\":\"Rien \u00e0 ajouter ~ Galerie Eva Vautier\",\"isPartOf\":{\"@id\":\"https:\\\/\\\/eva-vautier.com\\\/en\\\/#website\"},\"primaryImageOfPage\":{\"@id\":\"https:\\\/\\\/eva-vautier.com\\\/en\\\/boutique\\\/rien-a-ajouter\\\/#primaryimage\"},\"image\":{\"@id\":\"https:\\\/\\\/eva-vautier.com\\\/en\\\/boutique\\\/rien-a-ajouter\\\/#primaryimage\"},\"thumbnailUrl\":\"https:\\\/\\\/eva-vautier.com\\\/wp-content\\\/uploads\\\/2020\\\/01\\\/Ben-Vautier-n\u00b0-6513-RIEN-A-AJOUTER-2014-Acrylique-sur-toile.-50-x-61-cm.jpg\",\"datePublished\":\"2020-01-22T19:43:29+00:00\",\"breadcrumb\":{\"@id\":\"https:\\\/\\\/eva-vautier.com\\\/en\\\/boutique\\\/rien-a-ajouter\\\/#breadcrumb\"},\"inLanguage\":\"en-US\",\"potentialAction\":[{\"@type\":\"ReadAction\",\"target\":[\"https:\\\/\\\/eva-vautier.com\\\/en\\\/boutique\\\/rien-a-ajouter\\\/\"]}]},{\"@type\":\"ImageObject\",\"inLanguage\":\"en-US\",\"@id\":\"https:\\\/\\\/eva-vautier.com\\\/en\\\/boutique\\\/rien-a-ajouter\\\/#primaryimage\",\"url\":\"https:\\\/\\\/eva-vautier.com\\\/wp-content\\\/uploads\\\/2020\\\/01\\\/Ben-Vautier-n\u00b0-6513-RIEN-A-AJOUTER-2014-Acrylique-sur-toile.-50-x-61-cm.jpg\",\"contentUrl\":\"https:\\\/\\\/eva-vautier.com\\\/wp-content\\\/uploads\\\/2020\\\/01\\\/Ben-Vautier-n\u00b0-6513-RIEN-A-AJOUTER-2014-Acrylique-sur-toile.-50-x-61-cm.jpg\",\"width\":500,\"height\":410},{\"@type\":\"BreadcrumbList\",\"@id\":\"https:\\\/\\\/eva-vautier.com\\\/en\\\/boutique\\\/rien-a-ajouter\\\/#breadcrumb\",\"itemListElement\":[{\"@type\":\"ListItem\",\"position\":1,\"name\":\"Store\",\"item\":\"https:\\\/\\\/eva-vautier.com\\\/en\\\/shop\\\/\"},{\"@type\":\"ListItem\",\"position\":2,\"name\":\"Rien \u00e0 ajouter\"}]},{\"@type\":\"WebSite\",\"@id\":\"https:\\\/\\\/eva-vautier.com\\\/en\\\/#website\",\"url\":\"https:\\\/\\\/eva-vautier.com\\\/en\\\/\",\"name\":\"Galerie Eva Vautier\",\"description\":\"Galerie d&#039;art contemporain\",\"publisher\":{\"@id\":\"https:\\\/\\\/eva-vautier.com\\\/en\\\/#organization\"},\"potentialAction\":[{\"@type\":\"SearchAction\",\"target\":{\"@type\":\"EntryPoint\",\"urlTemplate\":\"https:\\\/\\\/eva-vautier.com\\\/en\\\/?s={search_term_string}\"},\"query-input\":{\"@type\":\"PropertyValueSpecification\",\"valueRequired\":true,\"valueName\":\"search_term_string\"}}],\"inLanguage\":\"en-US\"},{\"@type\":\"Organization\",\"@id\":\"https:\\\/\\\/eva-vautier.com\\\/en\\\/#organization\",\"name\":\"Galerie Eva Vautier\",\"url\":\"https:\\\/\\\/eva-vautier.com\\\/en\\\/\",\"logo\":{\"@type\":\"ImageObject\",\"inLanguage\":\"en-US\",\"@id\":\"https:\\\/\\\/eva-vautier.com\\\/en\\\/#\\\/schema\\\/logo\\\/image\\\/\",\"url\":\"http:\\\/\\\/eva-vautier.com\\\/wp-content\\\/uploads\\\/2018\\\/09\\\/logo-galerie-illustrator-04-1.png\",\"contentUrl\":\"http:\\\/\\\/eva-vautier.com\\\/wp-content\\\/uploads\\\/2018\\\/09\\\/logo-galerie-illustrator-04-1.png\",\"width\":200,\"height\":24,\"caption\":\"Galerie Eva Vautier\"},\"image\":{\"@id\":\"https:\\\/\\\/eva-vautier.com\\\/en\\\/#\\\/schema\\\/logo\\\/image\\\/\"},\"sameAs\":[\"https:\\\/\\\/www.facebook.com\\\/evavautier\\\/\",\"https:\\\/\\\/x.com\\\/EvaVautier\",\"https:\\\/\\\/www.instagram.com\\\/galerieevavautier\\\/\"]}]}<\/script>\n<!-- \/ Yoast SEO plugin. -->","yoast_head_json":{"title":"Rien \u00e0 ajouter ~ Galerie Eva Vautier","robots":{"index":"index","follow":"follow","max-snippet":"max-snippet:-1","max-image-preview":"max-image-preview:large","max-video-preview":"max-video-preview:-1"},"canonical":"https:\/\/eva-vautier.com\/en\/boutique\/rien-a-ajouter\/","og_locale":"en_US","og_type":"article","og_title":"Rien \u00e0 ajouter ~ Galerie Eva Vautier","og_description":"Rien \u00e0 ajouter  Ben Vautier  Rien \u00e0 ajouter,\u00a0 2014  Acrylique sur toile  Sign\u00e9e et dat\u00e9e au dos  50 x 61 cm","og_url":"https:\/\/eva-vautier.com\/en\/boutique\/rien-a-ajouter\/","og_site_name":"Galerie Eva Vautier","article_publisher":"https:\/\/www.facebook.com\/evavautier\/","og_image":[{"width":500,"height":410,"url":"https:\/\/eva-vautier.com\/wp-content\/uploads\/2020\/01\/Ben-Vautier-n\u00b0-6513-RIEN-A-AJOUTER-2014-Acrylique-sur-toile.-50-x-61-cm.jpg","type":"image\/jpeg"}],"twitter_card":"summary_large_image","twitter_site":"@EvaVautier","schema":{"@context":"https:\/\/schema.org","@graph":[{"@type":"WebPage","@id":"https:\/\/eva-vautier.com\/en\/boutique\/rien-a-ajouter\/","url":"https:\/\/eva-vautier.com\/en\/boutique\/rien-a-ajouter\/","name":"Rien \u00e0 ajouter ~ Galerie Eva Vautier","isPartOf":{"@id":"https:\/\/eva-vautier.com\/en\/#website"},"primaryImageOfPage":{"@id":"https:\/\/eva-vautier.com\/en\/boutique\/rien-a-ajouter\/#primaryimage"},"image":{"@id":"https:\/\/eva-vautier.com\/en\/boutique\/rien-a-ajouter\/#primaryimage"},"thumbnailUrl":"https:\/\/eva-vautier.com\/wp-content\/uploads\/2020\/01\/Ben-Vautier-n\u00b0-6513-RIEN-A-AJOUTER-2014-Acrylique-sur-toile.-50-x-61-cm.jpg","datePublished":"2020-01-22T19:43:29+00:00","breadcrumb":{"@id":"https:\/\/eva-vautier.com\/en\/boutique\/rien-a-ajouter\/#breadcrumb"},"inLanguage":"en-US","potentialAction":[{"@type":"ReadAction","target":["https:\/\/eva-vautier.com\/en\/boutique\/rien-a-ajouter\/"]}]},{"@type":"ImageObject","inLanguage":"en-US","@id":"https:\/\/eva-vautier.com\/en\/boutique\/rien-a-ajouter\/#primaryimage","url":"https:\/\/eva-vautier.com\/wp-content\/uploads\/2020\/01\/Ben-Vautier-n\u00b0-6513-RIEN-A-AJOUTER-2014-Acrylique-sur-toile.-50-x-61-cm.jpg","contentUrl":"https:\/\/eva-vautier.com\/wp-content\/uploads\/2020\/01\/Ben-Vautier-n\u00b0-6513-RIEN-A-AJOUTER-2014-Acrylique-sur-toile.-50-x-61-cm.jpg","width":500,"height":410},{"@type":"BreadcrumbList","@id":"https:\/\/eva-vautier.com\/en\/boutique\/rien-a-ajouter\/#breadcrumb","itemListElement":[{"@type":"ListItem","position":1,"name":"Store","item":"https:\/\/eva-vautier.com\/en\/shop\/"},{"@type":"ListItem","position":2,"name":"Rien \u00e0 ajouter"}]},{"@type":"WebSite","@id":"https:\/\/eva-vautier.com\/en\/#website","url":"https:\/\/eva-vautier.com\/en\/","name":"Galerie Eva Vautier","description":"Galerie d&#039;art contemporain","publisher":{"@id":"https:\/\/eva-vautier.com\/en\/#organization"},"potentialAction":[{"@type":"SearchAction","target":{"@type":"EntryPoint","urlTemplate":"https:\/\/eva-vautier.com\/en\/?s={search_term_string}"},"query-input":{"@type":"PropertyValueSpecification","valueRequired":true,"valueName":"search_term_string"}}],"inLanguage":"en-US"},{"@type":"Organization","@id":"https:\/\/eva-vautier.com\/en\/#organization","name":"Galerie Eva Vautier","url":"https:\/\/eva-vautier.com\/en\/","logo":{"@type":"ImageObject","inLanguage":"en-US","@id":"https:\/\/eva-vautier.com\/en\/#\/schema\/logo\/image\/","url":"http:\/\/eva-vautier.com\/wp-content\/uploads\/2018\/09\/logo-galerie-illustrator-04-1.png","contentUrl":"http:\/\/eva-vautier.com\/wp-content\/uploads\/2018\/09\/logo-galerie-illustrator-04-1.png","width":200,"height":24,"caption":"Galerie Eva Vautier"},"image":{"@id":"https:\/\/eva-vautier.com\/en\/#\/schema\/logo\/image\/"},"sameAs":["https:\/\/www.facebook.com\/evavautier\/","https:\/\/x.com\/EvaVautier","https:\/\/www.instagram.com\/galerieevavautier\/"]}]}},"_links":{"self":[{"href":"https:\/\/eva-vautier.com\/en\/wp-json\/wp\/v2\/product\/72799","targetHints":{"allow":["GET"]}}],"collection":[{"href":"https:\/\/eva-vautier.com\/en\/wp-json\/wp\/v2\/product"}],"about":[{"href":"https:\/\/eva-vautier.com\/en\/wp-json\/wp\/v2\/types\/product"}],"wp:featuredmedia":[{"embeddable":true,"href":"https:\/\/eva-vautier.com\/en\/wp-json\/wp\/v2\/media\/72239"}],"wp:attachment":[{"href":"https:\/\/eva-vautier.com\/en\/wp-json\/wp\/v2\/media?parent=72799"}],"wp:term":[{"taxonomy":"product_brand","embeddable":true,"href":"https:\/\/eva-vautier.com\/en\/wp-json\/wp\/v2\/product_brand?post=72799"},{"taxonomy":"product_cat","embeddable":true,"href":"https:\/\/eva-vautier.com\/en\/wp-json\/wp\/v2\/product_cat?post=72799"},{"taxonomy":"product_tag","embeddable":true,"href":"https:\/\/eva-vautier.com\/en\/wp-json\/wp\/v2\/product_tag?post=72799"}],"curies":[{"name":"wp","href":"https:\/\/api.w.org\/{rel}","templated":true}]}}