{"id":72788,"date":"2019-05-05T11:46:16","date_gmt":"2019-05-05T12:46:16","guid":{"rendered":"http:\/\/eva-vautier.com\/boutique\/ici-la-terre\/"},"modified":"2019-05-05T11:46:16","modified_gmt":"2019-05-05T12:46:16","slug":"ici-la-terre","status":"publish","type":"product","link":"https:\/\/eva-vautier.com\/en\/boutique\/ici-la-terre\/","title":{"rendered":"Ici la terre,"},"content":{"rendered":"","protected":false},"excerpt":{"rendered":"<p>Ce texte un extrait des conversations \u00e9crites par mail entre un \u00e9l\u00e8ve et ses professeurs, dont l\u2019objet est de\u00a0r\u00e9parer un r\u00e9seau de communication \u00e0 distance sans interface technologique interm\u00e9diaire. Se d\u00e9marquant de tout \u00e9sot\u00e9risme sur le sujet, ce texte est \u00e0 percevoir en r\u00e9alit\u00e9 une entreprise s\u00e9rieuse qui vise \u00e0 interroger la solidit\u00e9 des fondements de la connaissance, initiant par cet acte les premiers pas d\u2019une nouvelle \u00e9pist\u00e9mologie contemporaine. Il pr\u00e9figure le Manuel de t\u00e9l\u00e9pathie\u00a0en cours de r\u00e9paration.<\/p>\n<p>&nbsp;<\/p>\n","protected":false},"featured_media":72097,"template":"","meta":[],"product_brand":[],"product_cat":[1063],"product_tag":[],"class_list":{"0":"post-72788","1":"product","2":"type-product","3":"status-publish","4":"has-post-thumbnail","6":"product_cat-barbagli-benoit","7":"tm-has-options","9":"first","10":"instock","11":"shipping-taxable","12":"purchasable","13":"product-type-simple"},"yoast_head":"<!-- This site is optimized with the Yoast SEO plugin v27.4 - https:\/\/yoast.com\/product\/yoast-seo-wordpress\/ -->\n<title>Ici la terre, ~ Galerie Eva Vautier<\/title>\n<meta name=\"robots\" content=\"index, follow, max-snippet:-1, max-image-preview:large, max-video-preview:-1\" \/>\n<link rel=\"canonical\" href=\"https:\/\/eva-vautier.com\/en\/boutique\/ici-la-terre\/\" \/>\n<meta property=\"og:locale\" content=\"en_US\" \/>\n<meta property=\"og:type\" content=\"article\" \/>\n<meta property=\"og:title\" content=\"Ici la terre, ~ Galerie Eva Vautier\" \/>\n<meta property=\"og:description\" content=\"Ce texte un extrait des conversations \u00e9crites par mail entre un \u00e9l\u00e8ve et ses professeurs, dont l\u2019objet est de\u00a0r\u00e9parer un r\u00e9seau de communication \u00e0 distance sans interface technologique interm\u00e9diaire. Se d\u00e9marquant de tout \u00e9sot\u00e9risme sur le sujet, ce texte est \u00e0 percevoir en r\u00e9alit\u00e9 une entreprise s\u00e9rieuse qui vise \u00e0 interroger la solidit\u00e9 des fondements de la connaissance, initiant par cet acte les premiers pas d\u2019une nouvelle \u00e9pist\u00e9mologie contemporaine. Il pr\u00e9figure le Manuel de t\u00e9l\u00e9pathie\u00a0en cours de r\u00e9paration.  &nbsp;\" \/>\n<meta property=\"og:url\" content=\"https:\/\/eva-vautier.com\/en\/boutique\/ici-la-terre\/\" \/>\n<meta property=\"og:site_name\" content=\"Galerie Eva Vautier\" \/>\n<meta property=\"article:publisher\" content=\"https:\/\/www.facebook.com\/evavautier\/\" \/>\n<meta property=\"og:image\" content=\"https:\/\/eva-vautier.com\/wp-content\/uploads\/2019\/05\/Sans-titre.jpg\" \/>\n\t<meta property=\"og:image:width\" content=\"520\" \/>\n\t<meta property=\"og:image:height\" content=\"642\" \/>\n\t<meta property=\"og:image:type\" content=\"image\/jpeg\" \/>\n<meta name=\"twitter:card\" content=\"summary_large_image\" \/>\n<meta name=\"twitter:site\" content=\"@EvaVautier\" \/>\n<script type=\"application\/ld+json\" class=\"yoast-schema-graph\">{\"@context\":\"https:\\\/\\\/schema.org\",\"@graph\":[{\"@type\":\"WebPage\",\"@id\":\"https:\\\/\\\/eva-vautier.com\\\/en\\\/boutique\\\/ici-la-terre\\\/\",\"url\":\"https:\\\/\\\/eva-vautier.com\\\/en\\\/boutique\\\/ici-la-terre\\\/\",\"name\":\"Ici la terre, ~ Galerie Eva Vautier\",\"isPartOf\":{\"@id\":\"https:\\\/\\\/eva-vautier.com\\\/en\\\/#website\"},\"primaryImageOfPage\":{\"@id\":\"https:\\\/\\\/eva-vautier.com\\\/en\\\/boutique\\\/ici-la-terre\\\/#primaryimage\"},\"image\":{\"@id\":\"https:\\\/\\\/eva-vautier.com\\\/en\\\/boutique\\\/ici-la-terre\\\/#primaryimage\"},\"thumbnailUrl\":\"https:\\\/\\\/eva-vautier.com\\\/wp-content\\\/uploads\\\/2019\\\/05\\\/Sans-titre.jpg\",\"datePublished\":\"2019-05-05T12:46:16+00:00\",\"breadcrumb\":{\"@id\":\"https:\\\/\\\/eva-vautier.com\\\/en\\\/boutique\\\/ici-la-terre\\\/#breadcrumb\"},\"inLanguage\":\"en-US\",\"potentialAction\":[{\"@type\":\"ReadAction\",\"target\":[\"https:\\\/\\\/eva-vautier.com\\\/en\\\/boutique\\\/ici-la-terre\\\/\"]}]},{\"@type\":\"ImageObject\",\"inLanguage\":\"en-US\",\"@id\":\"https:\\\/\\\/eva-vautier.com\\\/en\\\/boutique\\\/ici-la-terre\\\/#primaryimage\",\"url\":\"https:\\\/\\\/eva-vautier.com\\\/wp-content\\\/uploads\\\/2019\\\/05\\\/Sans-titre.jpg\",\"contentUrl\":\"https:\\\/\\\/eva-vautier.com\\\/wp-content\\\/uploads\\\/2019\\\/05\\\/Sans-titre.jpg\",\"width\":520,\"height\":642},{\"@type\":\"BreadcrumbList\",\"@id\":\"https:\\\/\\\/eva-vautier.com\\\/en\\\/boutique\\\/ici-la-terre\\\/#breadcrumb\",\"itemListElement\":[{\"@type\":\"ListItem\",\"position\":1,\"name\":\"Store\",\"item\":\"https:\\\/\\\/eva-vautier.com\\\/en\\\/shop\\\/\"},{\"@type\":\"ListItem\",\"position\":2,\"name\":\"Ici la terre,\"}]},{\"@type\":\"WebSite\",\"@id\":\"https:\\\/\\\/eva-vautier.com\\\/en\\\/#website\",\"url\":\"https:\\\/\\\/eva-vautier.com\\\/en\\\/\",\"name\":\"Galerie Eva Vautier\",\"description\":\"Galerie d&#039;art contemporain\",\"publisher\":{\"@id\":\"https:\\\/\\\/eva-vautier.com\\\/en\\\/#organization\"},\"potentialAction\":[{\"@type\":\"SearchAction\",\"target\":{\"@type\":\"EntryPoint\",\"urlTemplate\":\"https:\\\/\\\/eva-vautier.com\\\/en\\\/?s={search_term_string}\"},\"query-input\":{\"@type\":\"PropertyValueSpecification\",\"valueRequired\":true,\"valueName\":\"search_term_string\"}}],\"inLanguage\":\"en-US\"},{\"@type\":\"Organization\",\"@id\":\"https:\\\/\\\/eva-vautier.com\\\/en\\\/#organization\",\"name\":\"Galerie Eva Vautier\",\"url\":\"https:\\\/\\\/eva-vautier.com\\\/en\\\/\",\"logo\":{\"@type\":\"ImageObject\",\"inLanguage\":\"en-US\",\"@id\":\"https:\\\/\\\/eva-vautier.com\\\/en\\\/#\\\/schema\\\/logo\\\/image\\\/\",\"url\":\"http:\\\/\\\/eva-vautier.com\\\/wp-content\\\/uploads\\\/2018\\\/09\\\/logo-galerie-illustrator-04-1.png\",\"contentUrl\":\"http:\\\/\\\/eva-vautier.com\\\/wp-content\\\/uploads\\\/2018\\\/09\\\/logo-galerie-illustrator-04-1.png\",\"width\":200,\"height\":24,\"caption\":\"Galerie Eva Vautier\"},\"image\":{\"@id\":\"https:\\\/\\\/eva-vautier.com\\\/en\\\/#\\\/schema\\\/logo\\\/image\\\/\"},\"sameAs\":[\"https:\\\/\\\/www.facebook.com\\\/evavautier\\\/\",\"https:\\\/\\\/x.com\\\/EvaVautier\",\"https:\\\/\\\/www.instagram.com\\\/galerieevavautier\\\/\"]}]}<\/script>\n<!-- \/ Yoast SEO plugin. -->","yoast_head_json":{"title":"Ici la terre, ~ Galerie Eva Vautier","robots":{"index":"index","follow":"follow","max-snippet":"max-snippet:-1","max-image-preview":"max-image-preview:large","max-video-preview":"max-video-preview:-1"},"canonical":"https:\/\/eva-vautier.com\/en\/boutique\/ici-la-terre\/","og_locale":"en_US","og_type":"article","og_title":"Ici la terre, ~ Galerie Eva Vautier","og_description":"Ce texte un extrait des conversations \u00e9crites par mail entre un \u00e9l\u00e8ve et ses professeurs, dont l\u2019objet est de\u00a0r\u00e9parer un r\u00e9seau de communication \u00e0 distance sans interface technologique interm\u00e9diaire. Se d\u00e9marquant de tout \u00e9sot\u00e9risme sur le sujet, ce texte est \u00e0 percevoir en r\u00e9alit\u00e9 une entreprise s\u00e9rieuse qui vise \u00e0 interroger la solidit\u00e9 des fondements de la connaissance, initiant par cet acte les premiers pas d\u2019une nouvelle \u00e9pist\u00e9mologie contemporaine. Il pr\u00e9figure le Manuel de t\u00e9l\u00e9pathie\u00a0en cours de r\u00e9paration.  &nbsp;","og_url":"https:\/\/eva-vautier.com\/en\/boutique\/ici-la-terre\/","og_site_name":"Galerie Eva Vautier","article_publisher":"https:\/\/www.facebook.com\/evavautier\/","og_image":[{"width":520,"height":642,"url":"https:\/\/eva-vautier.com\/wp-content\/uploads\/2019\/05\/Sans-titre.jpg","type":"image\/jpeg"}],"twitter_card":"summary_large_image","twitter_site":"@EvaVautier","schema":{"@context":"https:\/\/schema.org","@graph":[{"@type":"WebPage","@id":"https:\/\/eva-vautier.com\/en\/boutique\/ici-la-terre\/","url":"https:\/\/eva-vautier.com\/en\/boutique\/ici-la-terre\/","name":"Ici la terre, ~ Galerie Eva Vautier","isPartOf":{"@id":"https:\/\/eva-vautier.com\/en\/#website"},"primaryImageOfPage":{"@id":"https:\/\/eva-vautier.com\/en\/boutique\/ici-la-terre\/#primaryimage"},"image":{"@id":"https:\/\/eva-vautier.com\/en\/boutique\/ici-la-terre\/#primaryimage"},"thumbnailUrl":"https:\/\/eva-vautier.com\/wp-content\/uploads\/2019\/05\/Sans-titre.jpg","datePublished":"2019-05-05T12:46:16+00:00","breadcrumb":{"@id":"https:\/\/eva-vautier.com\/en\/boutique\/ici-la-terre\/#breadcrumb"},"inLanguage":"en-US","potentialAction":[{"@type":"ReadAction","target":["https:\/\/eva-vautier.com\/en\/boutique\/ici-la-terre\/"]}]},{"@type":"ImageObject","inLanguage":"en-US","@id":"https:\/\/eva-vautier.com\/en\/boutique\/ici-la-terre\/#primaryimage","url":"https:\/\/eva-vautier.com\/wp-content\/uploads\/2019\/05\/Sans-titre.jpg","contentUrl":"https:\/\/eva-vautier.com\/wp-content\/uploads\/2019\/05\/Sans-titre.jpg","width":520,"height":642},{"@type":"BreadcrumbList","@id":"https:\/\/eva-vautier.com\/en\/boutique\/ici-la-terre\/#breadcrumb","itemListElement":[{"@type":"ListItem","position":1,"name":"Store","item":"https:\/\/eva-vautier.com\/en\/shop\/"},{"@type":"ListItem","position":2,"name":"Ici la terre,"}]},{"@type":"WebSite","@id":"https:\/\/eva-vautier.com\/en\/#website","url":"https:\/\/eva-vautier.com\/en\/","name":"Galerie Eva Vautier","description":"Galerie d&#039;art contemporain","publisher":{"@id":"https:\/\/eva-vautier.com\/en\/#organization"},"potentialAction":[{"@type":"SearchAction","target":{"@type":"EntryPoint","urlTemplate":"https:\/\/eva-vautier.com\/en\/?s={search_term_string}"},"query-input":{"@type":"PropertyValueSpecification","valueRequired":true,"valueName":"search_term_string"}}],"inLanguage":"en-US"},{"@type":"Organization","@id":"https:\/\/eva-vautier.com\/en\/#organization","name":"Galerie Eva Vautier","url":"https:\/\/eva-vautier.com\/en\/","logo":{"@type":"ImageObject","inLanguage":"en-US","@id":"https:\/\/eva-vautier.com\/en\/#\/schema\/logo\/image\/","url":"http:\/\/eva-vautier.com\/wp-content\/uploads\/2018\/09\/logo-galerie-illustrator-04-1.png","contentUrl":"http:\/\/eva-vautier.com\/wp-content\/uploads\/2018\/09\/logo-galerie-illustrator-04-1.png","width":200,"height":24,"caption":"Galerie Eva Vautier"},"image":{"@id":"https:\/\/eva-vautier.com\/en\/#\/schema\/logo\/image\/"},"sameAs":["https:\/\/www.facebook.com\/evavautier\/","https:\/\/x.com\/EvaVautier","https:\/\/www.instagram.com\/galerieevavautier\/"]}]}},"_links":{"self":[{"href":"https:\/\/eva-vautier.com\/en\/wp-json\/wp\/v2\/product\/72788","targetHints":{"allow":["GET"]}}],"collection":[{"href":"https:\/\/eva-vautier.com\/en\/wp-json\/wp\/v2\/product"}],"about":[{"href":"https:\/\/eva-vautier.com\/en\/wp-json\/wp\/v2\/types\/product"}],"wp:featuredmedia":[{"embeddable":true,"href":"https:\/\/eva-vautier.com\/en\/wp-json\/wp\/v2\/media\/72097"}],"wp:attachment":[{"href":"https:\/\/eva-vautier.com\/en\/wp-json\/wp\/v2\/media?parent=72788"}],"wp:term":[{"taxonomy":"product_brand","embeddable":true,"href":"https:\/\/eva-vautier.com\/en\/wp-json\/wp\/v2\/product_brand?post=72788"},{"taxonomy":"product_cat","embeddable":true,"href":"https:\/\/eva-vautier.com\/en\/wp-json\/wp\/v2\/product_cat?post=72788"},{"taxonomy":"product_tag","embeddable":true,"href":"https:\/\/eva-vautier.com\/en\/wp-json\/wp\/v2\/product_tag?post=72788"}],"curies":[{"name":"wp","href":"https:\/\/api.w.org\/{rel}","templated":true}]}}