{"id":72777,"date":"2020-04-01T16:08:35","date_gmt":"2020-04-01T17:08:35","guid":{"rendered":"http:\/\/eva-vautier.com\/boutique\/deux-metres-vingt-deux-par-deux-metres-quarante-trois-2018\/"},"modified":"2023-04-12T13:18:40","modified_gmt":"2023-04-12T14:18:40","slug":"deux-metres-vingt-deux-par-deux-metres-quarante-trois-2018","status":"publish","type":"product","link":"https:\/\/eva-vautier.com\/en\/boutique\/deux-metres-vingt-deux-par-deux-metres-quarante-trois-2018\/","title":{"rendered":"Marc Chevalier, Two meters fifty by two meters twenty two"},"content":{"rendered":"<p>Marc Chevalier, <i>Two meters fifty by two meters twenty two<\/i>, 2015<\/p>\n<p>Dried paint on plastic bags, 16 x 17.5 cm<\/p>\n","protected":false},"excerpt":{"rendered":"<p><i>Two meters twenty two by two meters forty three<\/i>, 2018<\/p>\n<p>Dried paint on screen printed plastic bags<\/p>\n<p>signed and dated on the back<\/p>\n<p>16 x 17.5 cm<\/p>\n","protected":false},"featured_media":72279,"template":"","meta":[],"product_brand":[],"product_cat":[989,1115],"product_tag":[1055,1106,1104,1088,1103],"class_list":{"0":"post-72777","1":"product","2":"type-product","3":"status-publish","4":"has-post-thumbnail","6":"product_cat-artists","7":"product_cat-marc-chevalier-en","8":"product_tag-art-contemporain-en","9":"product_tag-artwork","10":"product_tag-ben-en","11":"product_tag-ben-vautier-en","12":"product_tag-genuine-artwork","13":"product_shipping_class-forfait-france-en","14":"tm-has-options","16":"first","17":"instock","18":"shipping-taxable","19":"purchasable","20":"product-type-simple"},"yoast_head":"<!-- This site is optimized with the Yoast SEO plugin v27.3 - https:\/\/yoast.com\/product\/yoast-seo-wordpress\/ -->\n<title>Marc Chevalier, Two meters fifty by two meters twenty two ~ Galerie Eva Vautier<\/title>\n<meta name=\"robots\" content=\"index, follow, max-snippet:-1, max-image-preview:large, max-video-preview:-1\" \/>\n<link rel=\"canonical\" href=\"https:\/\/eva-vautier.com\/en\/boutique\/deux-metres-vingt-deux-par-deux-metres-quarante-trois-2018\/\" \/>\n<meta property=\"og:locale\" content=\"en_US\" \/>\n<meta property=\"og:type\" content=\"article\" \/>\n<meta property=\"og:title\" content=\"Marc Chevalier, Two meters fifty by two meters twenty two ~ Galerie Eva Vautier\" \/>\n<meta property=\"og:description\" content=\"Two meters twenty two by two meters forty three, 2018 Dried paint on screen printed plastic bags signed and dated on the back 16 x 17.5 cm\" \/>\n<meta property=\"og:url\" content=\"https:\/\/eva-vautier.com\/en\/boutique\/deux-metres-vingt-deux-par-deux-metres-quarante-trois-2018\/\" \/>\n<meta property=\"og:site_name\" content=\"Galerie Eva Vautier\" \/>\n<meta property=\"article:publisher\" content=\"https:\/\/www.facebook.com\/evavautier\/\" \/>\n<meta property=\"article:modified_time\" content=\"2023-04-12T14:18:40+00:00\" \/>\n<meta property=\"og:image\" content=\"https:\/\/eva-vautier.com\/wp-content\/uploads\/2020\/04\/Marc-Chevalier-Deux-m\u00e8tres-vingt-deux-par-2018-Peinture-s\u00e9ch\u00e9e-sur-sacs-plastiques-s\u00e9rigraphi\u00e9s-16-x-175-cm.jpg\" \/>\n\t<meta property=\"og:image:width\" content=\"700\" \/>\n\t<meta property=\"og:image:height\" content=\"525\" \/>\n\t<meta property=\"og:image:type\" content=\"image\/jpeg\" \/>\n<meta name=\"twitter:card\" content=\"summary_large_image\" \/>\n<meta name=\"twitter:site\" content=\"@EvaVautier\" \/>\n<script type=\"application\/ld+json\" class=\"yoast-schema-graph\">{\"@context\":\"https:\\\/\\\/schema.org\",\"@graph\":[{\"@type\":\"WebPage\",\"@id\":\"https:\\\/\\\/eva-vautier.com\\\/en\\\/boutique\\\/deux-metres-vingt-deux-par-deux-metres-quarante-trois-2018\\\/\",\"url\":\"https:\\\/\\\/eva-vautier.com\\\/en\\\/boutique\\\/deux-metres-vingt-deux-par-deux-metres-quarante-trois-2018\\\/\",\"name\":\"Marc Chevalier, Two meters fifty by two meters twenty two ~ Galerie Eva Vautier\",\"isPartOf\":{\"@id\":\"https:\\\/\\\/eva-vautier.com\\\/en\\\/#website\"},\"primaryImageOfPage\":{\"@id\":\"https:\\\/\\\/eva-vautier.com\\\/en\\\/boutique\\\/deux-metres-vingt-deux-par-deux-metres-quarante-trois-2018\\\/#primaryimage\"},\"image\":{\"@id\":\"https:\\\/\\\/eva-vautier.com\\\/en\\\/boutique\\\/deux-metres-vingt-deux-par-deux-metres-quarante-trois-2018\\\/#primaryimage\"},\"thumbnailUrl\":\"https:\\\/\\\/eva-vautier.com\\\/wp-content\\\/uploads\\\/2020\\\/04\\\/Marc-Chevalier-Deux-m\u00e8tres-vingt-deux-par-2018-Peinture-s\u00e9ch\u00e9e-sur-sacs-plastiques-s\u00e9rigraphi\u00e9s-16-x-175-cm.jpg\",\"datePublished\":\"2020-04-01T17:08:35+00:00\",\"dateModified\":\"2023-04-12T14:18:40+00:00\",\"breadcrumb\":{\"@id\":\"https:\\\/\\\/eva-vautier.com\\\/en\\\/boutique\\\/deux-metres-vingt-deux-par-deux-metres-quarante-trois-2018\\\/#breadcrumb\"},\"inLanguage\":\"en-US\",\"potentialAction\":[{\"@type\":\"ReadAction\",\"target\":[\"https:\\\/\\\/eva-vautier.com\\\/en\\\/boutique\\\/deux-metres-vingt-deux-par-deux-metres-quarante-trois-2018\\\/\"]}]},{\"@type\":\"ImageObject\",\"inLanguage\":\"en-US\",\"@id\":\"https:\\\/\\\/eva-vautier.com\\\/en\\\/boutique\\\/deux-metres-vingt-deux-par-deux-metres-quarante-trois-2018\\\/#primaryimage\",\"url\":\"https:\\\/\\\/eva-vautier.com\\\/wp-content\\\/uploads\\\/2020\\\/04\\\/Marc-Chevalier-Deux-m\u00e8tres-vingt-deux-par-2018-Peinture-s\u00e9ch\u00e9e-sur-sacs-plastiques-s\u00e9rigraphi\u00e9s-16-x-175-cm.jpg\",\"contentUrl\":\"https:\\\/\\\/eva-vautier.com\\\/wp-content\\\/uploads\\\/2020\\\/04\\\/Marc-Chevalier-Deux-m\u00e8tres-vingt-deux-par-2018-Peinture-s\u00e9ch\u00e9e-sur-sacs-plastiques-s\u00e9rigraphi\u00e9s-16-x-175-cm.jpg\",\"width\":700,\"height\":525,\"caption\":\"Deux m\u00e8tres vingt deux par, 2018 Peinture s\u00e9ch\u00e9e sur sacs plastiques s\u00e9rigraphi\u00e9s 16 x 17,5 cm\"},{\"@type\":\"BreadcrumbList\",\"@id\":\"https:\\\/\\\/eva-vautier.com\\\/en\\\/boutique\\\/deux-metres-vingt-deux-par-deux-metres-quarante-trois-2018\\\/#breadcrumb\",\"itemListElement\":[{\"@type\":\"ListItem\",\"position\":1,\"name\":\"Store\",\"item\":\"https:\\\/\\\/eva-vautier.com\\\/en\\\/shop\\\/\"},{\"@type\":\"ListItem\",\"position\":2,\"name\":\"Marc Chevalier, Two meters fifty by two meters twenty two\"}]},{\"@type\":\"WebSite\",\"@id\":\"https:\\\/\\\/eva-vautier.com\\\/en\\\/#website\",\"url\":\"https:\\\/\\\/eva-vautier.com\\\/en\\\/\",\"name\":\"Galerie Eva Vautier\",\"description\":\"Galerie d&#039;art contemporain\",\"publisher\":{\"@id\":\"https:\\\/\\\/eva-vautier.com\\\/en\\\/#organization\"},\"potentialAction\":[{\"@type\":\"SearchAction\",\"target\":{\"@type\":\"EntryPoint\",\"urlTemplate\":\"https:\\\/\\\/eva-vautier.com\\\/en\\\/?s={search_term_string}\"},\"query-input\":{\"@type\":\"PropertyValueSpecification\",\"valueRequired\":true,\"valueName\":\"search_term_string\"}}],\"inLanguage\":\"en-US\"},{\"@type\":\"Organization\",\"@id\":\"https:\\\/\\\/eva-vautier.com\\\/en\\\/#organization\",\"name\":\"Galerie Eva Vautier\",\"url\":\"https:\\\/\\\/eva-vautier.com\\\/en\\\/\",\"logo\":{\"@type\":\"ImageObject\",\"inLanguage\":\"en-US\",\"@id\":\"https:\\\/\\\/eva-vautier.com\\\/en\\\/#\\\/schema\\\/logo\\\/image\\\/\",\"url\":\"http:\\\/\\\/eva-vautier.com\\\/wp-content\\\/uploads\\\/2018\\\/09\\\/logo-galerie-illustrator-04-1.png\",\"contentUrl\":\"http:\\\/\\\/eva-vautier.com\\\/wp-content\\\/uploads\\\/2018\\\/09\\\/logo-galerie-illustrator-04-1.png\",\"width\":200,\"height\":24,\"caption\":\"Galerie Eva Vautier\"},\"image\":{\"@id\":\"https:\\\/\\\/eva-vautier.com\\\/en\\\/#\\\/schema\\\/logo\\\/image\\\/\"},\"sameAs\":[\"https:\\\/\\\/www.facebook.com\\\/evavautier\\\/\",\"https:\\\/\\\/x.com\\\/EvaVautier\",\"https:\\\/\\\/www.instagram.com\\\/galerieevavautier\\\/\"]}]}<\/script>\n<!-- \/ Yoast SEO plugin. -->","yoast_head_json":{"title":"Marc Chevalier, Two meters fifty by two meters twenty two ~ Galerie Eva Vautier","robots":{"index":"index","follow":"follow","max-snippet":"max-snippet:-1","max-image-preview":"max-image-preview:large","max-video-preview":"max-video-preview:-1"},"canonical":"https:\/\/eva-vautier.com\/en\/boutique\/deux-metres-vingt-deux-par-deux-metres-quarante-trois-2018\/","og_locale":"en_US","og_type":"article","og_title":"Marc Chevalier, Two meters fifty by two meters twenty two ~ Galerie Eva Vautier","og_description":"Two meters twenty two by two meters forty three, 2018 Dried paint on screen printed plastic bags signed and dated on the back 16 x 17.5 cm","og_url":"https:\/\/eva-vautier.com\/en\/boutique\/deux-metres-vingt-deux-par-deux-metres-quarante-trois-2018\/","og_site_name":"Galerie Eva Vautier","article_publisher":"https:\/\/www.facebook.com\/evavautier\/","article_modified_time":"2023-04-12T14:18:40+00:00","og_image":[{"width":700,"height":525,"url":"https:\/\/eva-vautier.com\/wp-content\/uploads\/2020\/04\/Marc-Chevalier-Deux-m\u00e8tres-vingt-deux-par-2018-Peinture-s\u00e9ch\u00e9e-sur-sacs-plastiques-s\u00e9rigraphi\u00e9s-16-x-175-cm.jpg","type":"image\/jpeg"}],"twitter_card":"summary_large_image","twitter_site":"@EvaVautier","schema":{"@context":"https:\/\/schema.org","@graph":[{"@type":"WebPage","@id":"https:\/\/eva-vautier.com\/en\/boutique\/deux-metres-vingt-deux-par-deux-metres-quarante-trois-2018\/","url":"https:\/\/eva-vautier.com\/en\/boutique\/deux-metres-vingt-deux-par-deux-metres-quarante-trois-2018\/","name":"Marc Chevalier, Two meters fifty by two meters twenty two ~ Galerie Eva Vautier","isPartOf":{"@id":"https:\/\/eva-vautier.com\/en\/#website"},"primaryImageOfPage":{"@id":"https:\/\/eva-vautier.com\/en\/boutique\/deux-metres-vingt-deux-par-deux-metres-quarante-trois-2018\/#primaryimage"},"image":{"@id":"https:\/\/eva-vautier.com\/en\/boutique\/deux-metres-vingt-deux-par-deux-metres-quarante-trois-2018\/#primaryimage"},"thumbnailUrl":"https:\/\/eva-vautier.com\/wp-content\/uploads\/2020\/04\/Marc-Chevalier-Deux-m\u00e8tres-vingt-deux-par-2018-Peinture-s\u00e9ch\u00e9e-sur-sacs-plastiques-s\u00e9rigraphi\u00e9s-16-x-175-cm.jpg","datePublished":"2020-04-01T17:08:35+00:00","dateModified":"2023-04-12T14:18:40+00:00","breadcrumb":{"@id":"https:\/\/eva-vautier.com\/en\/boutique\/deux-metres-vingt-deux-par-deux-metres-quarante-trois-2018\/#breadcrumb"},"inLanguage":"en-US","potentialAction":[{"@type":"ReadAction","target":["https:\/\/eva-vautier.com\/en\/boutique\/deux-metres-vingt-deux-par-deux-metres-quarante-trois-2018\/"]}]},{"@type":"ImageObject","inLanguage":"en-US","@id":"https:\/\/eva-vautier.com\/en\/boutique\/deux-metres-vingt-deux-par-deux-metres-quarante-trois-2018\/#primaryimage","url":"https:\/\/eva-vautier.com\/wp-content\/uploads\/2020\/04\/Marc-Chevalier-Deux-m\u00e8tres-vingt-deux-par-2018-Peinture-s\u00e9ch\u00e9e-sur-sacs-plastiques-s\u00e9rigraphi\u00e9s-16-x-175-cm.jpg","contentUrl":"https:\/\/eva-vautier.com\/wp-content\/uploads\/2020\/04\/Marc-Chevalier-Deux-m\u00e8tres-vingt-deux-par-2018-Peinture-s\u00e9ch\u00e9e-sur-sacs-plastiques-s\u00e9rigraphi\u00e9s-16-x-175-cm.jpg","width":700,"height":525,"caption":"Deux m\u00e8tres vingt deux par, 2018 Peinture s\u00e9ch\u00e9e sur sacs plastiques s\u00e9rigraphi\u00e9s 16 x 17,5 cm"},{"@type":"BreadcrumbList","@id":"https:\/\/eva-vautier.com\/en\/boutique\/deux-metres-vingt-deux-par-deux-metres-quarante-trois-2018\/#breadcrumb","itemListElement":[{"@type":"ListItem","position":1,"name":"Store","item":"https:\/\/eva-vautier.com\/en\/shop\/"},{"@type":"ListItem","position":2,"name":"Marc Chevalier, Two meters fifty by two meters twenty two"}]},{"@type":"WebSite","@id":"https:\/\/eva-vautier.com\/en\/#website","url":"https:\/\/eva-vautier.com\/en\/","name":"Galerie Eva Vautier","description":"Galerie d&#039;art contemporain","publisher":{"@id":"https:\/\/eva-vautier.com\/en\/#organization"},"potentialAction":[{"@type":"SearchAction","target":{"@type":"EntryPoint","urlTemplate":"https:\/\/eva-vautier.com\/en\/?s={search_term_string}"},"query-input":{"@type":"PropertyValueSpecification","valueRequired":true,"valueName":"search_term_string"}}],"inLanguage":"en-US"},{"@type":"Organization","@id":"https:\/\/eva-vautier.com\/en\/#organization","name":"Galerie Eva Vautier","url":"https:\/\/eva-vautier.com\/en\/","logo":{"@type":"ImageObject","inLanguage":"en-US","@id":"https:\/\/eva-vautier.com\/en\/#\/schema\/logo\/image\/","url":"http:\/\/eva-vautier.com\/wp-content\/uploads\/2018\/09\/logo-galerie-illustrator-04-1.png","contentUrl":"http:\/\/eva-vautier.com\/wp-content\/uploads\/2018\/09\/logo-galerie-illustrator-04-1.png","width":200,"height":24,"caption":"Galerie Eva Vautier"},"image":{"@id":"https:\/\/eva-vautier.com\/en\/#\/schema\/logo\/image\/"},"sameAs":["https:\/\/www.facebook.com\/evavautier\/","https:\/\/x.com\/EvaVautier","https:\/\/www.instagram.com\/galerieevavautier\/"]}]}},"_links":{"self":[{"href":"https:\/\/eva-vautier.com\/en\/wp-json\/wp\/v2\/product\/72777","targetHints":{"allow":["GET"]}}],"collection":[{"href":"https:\/\/eva-vautier.com\/en\/wp-json\/wp\/v2\/product"}],"about":[{"href":"https:\/\/eva-vautier.com\/en\/wp-json\/wp\/v2\/types\/product"}],"wp:featuredmedia":[{"embeddable":true,"href":"https:\/\/eva-vautier.com\/en\/wp-json\/wp\/v2\/media\/72279"}],"wp:attachment":[{"href":"https:\/\/eva-vautier.com\/en\/wp-json\/wp\/v2\/media?parent=72777"}],"wp:term":[{"taxonomy":"product_brand","embeddable":true,"href":"https:\/\/eva-vautier.com\/en\/wp-json\/wp\/v2\/product_brand?post=72777"},{"taxonomy":"product_cat","embeddable":true,"href":"https:\/\/eva-vautier.com\/en\/wp-json\/wp\/v2\/product_cat?post=72777"},{"taxonomy":"product_tag","embeddable":true,"href":"https:\/\/eva-vautier.com\/en\/wp-json\/wp\/v2\/product_tag?post=72777"}],"curies":[{"name":"wp","href":"https:\/\/api.w.org\/{rel}","templated":true}]}}