{"id":72774,"date":"2020-04-07T17:46:37","date_gmt":"2020-04-07T18:46:37","guid":{"rendered":"http:\/\/eva-vautier.com\/boutique\/agnes-vitani\/"},"modified":"2024-01-22T15:51:08","modified_gmt":"2024-01-22T16:51:08","slug":"agnes-vitani","status":"publish","type":"product","link":"https:\/\/eva-vautier.com\/en\/boutique\/agnes-vitani\/","title":{"rendered":"Agn\u00e8s Vitani, Polar Circus 3"},"content":{"rendered":"","protected":false},"excerpt":{"rendered":"<p>Agn\u00e8s Vitani, <i>Polar Circus 3<\/i>, 2019<\/p>\n<p>Felt, soap, essential oil of immortelle, 24 cm diameter<\/p>\n","protected":false},"featured_media":72352,"template":"","meta":[],"product_brand":[],"product_cat":[989,1069,1116],"product_tag":[1055,1103],"class_list":{"0":"post-72774","1":"product","2":"type-product","3":"status-publish","4":"has-post-thumbnail","6":"product_cat-artists","7":"product_cat-digital-prints","8":"product_cat-vitani-agnes-en","9":"product_tag-art-contemporain-en","10":"product_tag-genuine-artwork","11":"product_shipping_class-forfait-france-en","12":"tm-has-options","14":"first","15":"instock","16":"shipping-taxable","17":"purchasable","18":"product-type-simple"},"yoast_head":"<!-- This site is optimized with the Yoast SEO plugin v27.3 - https:\/\/yoast.com\/product\/yoast-seo-wordpress\/ -->\n<title>Agn\u00e8s Vitani, Polar Circus 3 ~ Galerie Eva Vautier<\/title>\n<meta name=\"robots\" content=\"index, follow, max-snippet:-1, max-image-preview:large, max-video-preview:-1\" \/>\n<link rel=\"canonical\" href=\"https:\/\/eva-vautier.com\/en\/boutique\/agnes-vitani\/\" \/>\n<meta property=\"og:locale\" content=\"en_US\" \/>\n<meta property=\"og:type\" content=\"article\" \/>\n<meta property=\"og:title\" content=\"Agn\u00e8s Vitani, Polar Circus 3 ~ Galerie Eva Vautier\" \/>\n<meta property=\"og:description\" content=\"Agn\u00e8s Vitani, Polar Circus 3, 2019 Felt, soap, essential oil of immortelle, 24 cm diameter\" \/>\n<meta property=\"og:url\" content=\"https:\/\/eva-vautier.com\/en\/boutique\/agnes-vitani\/\" \/>\n<meta property=\"og:site_name\" content=\"Galerie Eva Vautier\" \/>\n<meta property=\"article:publisher\" content=\"https:\/\/www.facebook.com\/evavautier\/\" \/>\n<meta property=\"article:modified_time\" content=\"2024-01-22T16:51:08+00:00\" \/>\n<meta property=\"og:image\" content=\"https:\/\/eva-vautier.com\/wp-content\/uploads\/2020\/04\/Capture-d\u2019\u00e9cran-2020-04-07-\u00e0-20.43.34.jpg\" \/>\n\t<meta property=\"og:image:width\" content=\"1149\" \/>\n\t<meta property=\"og:image:height\" content=\"1200\" \/>\n\t<meta property=\"og:image:type\" content=\"image\/jpeg\" \/>\n<meta name=\"twitter:card\" content=\"summary_large_image\" \/>\n<meta name=\"twitter:site\" content=\"@EvaVautier\" \/>\n<script type=\"application\/ld+json\" class=\"yoast-schema-graph\">{\"@context\":\"https:\\\/\\\/schema.org\",\"@graph\":[{\"@type\":\"WebPage\",\"@id\":\"https:\\\/\\\/eva-vautier.com\\\/en\\\/boutique\\\/agnes-vitani\\\/\",\"url\":\"https:\\\/\\\/eva-vautier.com\\\/en\\\/boutique\\\/agnes-vitani\\\/\",\"name\":\"Agn\u00e8s Vitani, Polar Circus 3 ~ Galerie Eva Vautier\",\"isPartOf\":{\"@id\":\"https:\\\/\\\/eva-vautier.com\\\/en\\\/#website\"},\"primaryImageOfPage\":{\"@id\":\"https:\\\/\\\/eva-vautier.com\\\/en\\\/boutique\\\/agnes-vitani\\\/#primaryimage\"},\"image\":{\"@id\":\"https:\\\/\\\/eva-vautier.com\\\/en\\\/boutique\\\/agnes-vitani\\\/#primaryimage\"},\"thumbnailUrl\":\"https:\\\/\\\/eva-vautier.com\\\/wp-content\\\/uploads\\\/2020\\\/04\\\/Capture-d\u2019\u00e9cran-2020-04-07-\u00e0-20.43.34.jpg\",\"datePublished\":\"2020-04-07T18:46:37+00:00\",\"dateModified\":\"2024-01-22T16:51:08+00:00\",\"breadcrumb\":{\"@id\":\"https:\\\/\\\/eva-vautier.com\\\/en\\\/boutique\\\/agnes-vitani\\\/#breadcrumb\"},\"inLanguage\":\"en-US\",\"potentialAction\":[{\"@type\":\"ReadAction\",\"target\":[\"https:\\\/\\\/eva-vautier.com\\\/en\\\/boutique\\\/agnes-vitani\\\/\"]}]},{\"@type\":\"ImageObject\",\"inLanguage\":\"en-US\",\"@id\":\"https:\\\/\\\/eva-vautier.com\\\/en\\\/boutique\\\/agnes-vitani\\\/#primaryimage\",\"url\":\"https:\\\/\\\/eva-vautier.com\\\/wp-content\\\/uploads\\\/2020\\\/04\\\/Capture-d\u2019\u00e9cran-2020-04-07-\u00e0-20.43.34.jpg\",\"contentUrl\":\"https:\\\/\\\/eva-vautier.com\\\/wp-content\\\/uploads\\\/2020\\\/04\\\/Capture-d\u2019\u00e9cran-2020-04-07-\u00e0-20.43.34.jpg\",\"width\":1149,\"height\":1200,\"caption\":\"Agn\u00e8s VitaniPolar Circus 3, 2019feutre, savon, huile essentielle d\u2019immortelles.diam\u00e8tre 24 cm\"},{\"@type\":\"BreadcrumbList\",\"@id\":\"https:\\\/\\\/eva-vautier.com\\\/en\\\/boutique\\\/agnes-vitani\\\/#breadcrumb\",\"itemListElement\":[{\"@type\":\"ListItem\",\"position\":1,\"name\":\"Store\",\"item\":\"https:\\\/\\\/eva-vautier.com\\\/en\\\/shop\\\/\"},{\"@type\":\"ListItem\",\"position\":2,\"name\":\"Agn\u00e8s Vitani, Polar Circus 3\"}]},{\"@type\":\"WebSite\",\"@id\":\"https:\\\/\\\/eva-vautier.com\\\/en\\\/#website\",\"url\":\"https:\\\/\\\/eva-vautier.com\\\/en\\\/\",\"name\":\"Galerie Eva Vautier\",\"description\":\"Galerie d&#039;art contemporain\",\"publisher\":{\"@id\":\"https:\\\/\\\/eva-vautier.com\\\/en\\\/#organization\"},\"potentialAction\":[{\"@type\":\"SearchAction\",\"target\":{\"@type\":\"EntryPoint\",\"urlTemplate\":\"https:\\\/\\\/eva-vautier.com\\\/en\\\/?s={search_term_string}\"},\"query-input\":{\"@type\":\"PropertyValueSpecification\",\"valueRequired\":true,\"valueName\":\"search_term_string\"}}],\"inLanguage\":\"en-US\"},{\"@type\":\"Organization\",\"@id\":\"https:\\\/\\\/eva-vautier.com\\\/en\\\/#organization\",\"name\":\"Galerie Eva Vautier\",\"url\":\"https:\\\/\\\/eva-vautier.com\\\/en\\\/\",\"logo\":{\"@type\":\"ImageObject\",\"inLanguage\":\"en-US\",\"@id\":\"https:\\\/\\\/eva-vautier.com\\\/en\\\/#\\\/schema\\\/logo\\\/image\\\/\",\"url\":\"http:\\\/\\\/eva-vautier.com\\\/wp-content\\\/uploads\\\/2018\\\/09\\\/logo-galerie-illustrator-04-1.png\",\"contentUrl\":\"http:\\\/\\\/eva-vautier.com\\\/wp-content\\\/uploads\\\/2018\\\/09\\\/logo-galerie-illustrator-04-1.png\",\"width\":200,\"height\":24,\"caption\":\"Galerie Eva Vautier\"},\"image\":{\"@id\":\"https:\\\/\\\/eva-vautier.com\\\/en\\\/#\\\/schema\\\/logo\\\/image\\\/\"},\"sameAs\":[\"https:\\\/\\\/www.facebook.com\\\/evavautier\\\/\",\"https:\\\/\\\/x.com\\\/EvaVautier\",\"https:\\\/\\\/www.instagram.com\\\/galerieevavautier\\\/\"]}]}<\/script>\n<!-- \/ Yoast SEO plugin. -->","yoast_head_json":{"title":"Agn\u00e8s Vitani, Polar Circus 3 ~ Galerie Eva Vautier","robots":{"index":"index","follow":"follow","max-snippet":"max-snippet:-1","max-image-preview":"max-image-preview:large","max-video-preview":"max-video-preview:-1"},"canonical":"https:\/\/eva-vautier.com\/en\/boutique\/agnes-vitani\/","og_locale":"en_US","og_type":"article","og_title":"Agn\u00e8s Vitani, Polar Circus 3 ~ Galerie Eva Vautier","og_description":"Agn\u00e8s Vitani, Polar Circus 3, 2019 Felt, soap, essential oil of immortelle, 24 cm diameter","og_url":"https:\/\/eva-vautier.com\/en\/boutique\/agnes-vitani\/","og_site_name":"Galerie Eva Vautier","article_publisher":"https:\/\/www.facebook.com\/evavautier\/","article_modified_time":"2024-01-22T16:51:08+00:00","og_image":[{"width":1149,"height":1200,"url":"https:\/\/eva-vautier.com\/wp-content\/uploads\/2020\/04\/Capture-d\u2019\u00e9cran-2020-04-07-\u00e0-20.43.34.jpg","type":"image\/jpeg"}],"twitter_card":"summary_large_image","twitter_site":"@EvaVautier","schema":{"@context":"https:\/\/schema.org","@graph":[{"@type":"WebPage","@id":"https:\/\/eva-vautier.com\/en\/boutique\/agnes-vitani\/","url":"https:\/\/eva-vautier.com\/en\/boutique\/agnes-vitani\/","name":"Agn\u00e8s Vitani, Polar Circus 3 ~ Galerie Eva Vautier","isPartOf":{"@id":"https:\/\/eva-vautier.com\/en\/#website"},"primaryImageOfPage":{"@id":"https:\/\/eva-vautier.com\/en\/boutique\/agnes-vitani\/#primaryimage"},"image":{"@id":"https:\/\/eva-vautier.com\/en\/boutique\/agnes-vitani\/#primaryimage"},"thumbnailUrl":"https:\/\/eva-vautier.com\/wp-content\/uploads\/2020\/04\/Capture-d\u2019\u00e9cran-2020-04-07-\u00e0-20.43.34.jpg","datePublished":"2020-04-07T18:46:37+00:00","dateModified":"2024-01-22T16:51:08+00:00","breadcrumb":{"@id":"https:\/\/eva-vautier.com\/en\/boutique\/agnes-vitani\/#breadcrumb"},"inLanguage":"en-US","potentialAction":[{"@type":"ReadAction","target":["https:\/\/eva-vautier.com\/en\/boutique\/agnes-vitani\/"]}]},{"@type":"ImageObject","inLanguage":"en-US","@id":"https:\/\/eva-vautier.com\/en\/boutique\/agnes-vitani\/#primaryimage","url":"https:\/\/eva-vautier.com\/wp-content\/uploads\/2020\/04\/Capture-d\u2019\u00e9cran-2020-04-07-\u00e0-20.43.34.jpg","contentUrl":"https:\/\/eva-vautier.com\/wp-content\/uploads\/2020\/04\/Capture-d\u2019\u00e9cran-2020-04-07-\u00e0-20.43.34.jpg","width":1149,"height":1200,"caption":"Agn\u00e8s VitaniPolar Circus 3, 2019feutre, savon, huile essentielle d\u2019immortelles.diam\u00e8tre 24 cm"},{"@type":"BreadcrumbList","@id":"https:\/\/eva-vautier.com\/en\/boutique\/agnes-vitani\/#breadcrumb","itemListElement":[{"@type":"ListItem","position":1,"name":"Store","item":"https:\/\/eva-vautier.com\/en\/shop\/"},{"@type":"ListItem","position":2,"name":"Agn\u00e8s Vitani, Polar Circus 3"}]},{"@type":"WebSite","@id":"https:\/\/eva-vautier.com\/en\/#website","url":"https:\/\/eva-vautier.com\/en\/","name":"Galerie Eva Vautier","description":"Galerie d&#039;art contemporain","publisher":{"@id":"https:\/\/eva-vautier.com\/en\/#organization"},"potentialAction":[{"@type":"SearchAction","target":{"@type":"EntryPoint","urlTemplate":"https:\/\/eva-vautier.com\/en\/?s={search_term_string}"},"query-input":{"@type":"PropertyValueSpecification","valueRequired":true,"valueName":"search_term_string"}}],"inLanguage":"en-US"},{"@type":"Organization","@id":"https:\/\/eva-vautier.com\/en\/#organization","name":"Galerie Eva Vautier","url":"https:\/\/eva-vautier.com\/en\/","logo":{"@type":"ImageObject","inLanguage":"en-US","@id":"https:\/\/eva-vautier.com\/en\/#\/schema\/logo\/image\/","url":"http:\/\/eva-vautier.com\/wp-content\/uploads\/2018\/09\/logo-galerie-illustrator-04-1.png","contentUrl":"http:\/\/eva-vautier.com\/wp-content\/uploads\/2018\/09\/logo-galerie-illustrator-04-1.png","width":200,"height":24,"caption":"Galerie Eva Vautier"},"image":{"@id":"https:\/\/eva-vautier.com\/en\/#\/schema\/logo\/image\/"},"sameAs":["https:\/\/www.facebook.com\/evavautier\/","https:\/\/x.com\/EvaVautier","https:\/\/www.instagram.com\/galerieevavautier\/"]}]}},"_links":{"self":[{"href":"https:\/\/eva-vautier.com\/en\/wp-json\/wp\/v2\/product\/72774","targetHints":{"allow":["GET"]}}],"collection":[{"href":"https:\/\/eva-vautier.com\/en\/wp-json\/wp\/v2\/product"}],"about":[{"href":"https:\/\/eva-vautier.com\/en\/wp-json\/wp\/v2\/types\/product"}],"wp:featuredmedia":[{"embeddable":true,"href":"https:\/\/eva-vautier.com\/en\/wp-json\/wp\/v2\/media\/72352"}],"wp:attachment":[{"href":"https:\/\/eva-vautier.com\/en\/wp-json\/wp\/v2\/media?parent=72774"}],"wp:term":[{"taxonomy":"product_brand","embeddable":true,"href":"https:\/\/eva-vautier.com\/en\/wp-json\/wp\/v2\/product_brand?post=72774"},{"taxonomy":"product_cat","embeddable":true,"href":"https:\/\/eva-vautier.com\/en\/wp-json\/wp\/v2\/product_cat?post=72774"},{"taxonomy":"product_tag","embeddable":true,"href":"https:\/\/eva-vautier.com\/en\/wp-json\/wp\/v2\/product_tag?post=72774"}],"curies":[{"name":"wp","href":"https:\/\/api.w.org\/{rel}","templated":true}]}}