{"id":72773,"date":"2020-04-07T18:23:18","date_gmt":"2020-04-07T19:23:18","guid":{"rendered":"http:\/\/eva-vautier.com\/boutique\/sans-titre-2018-charlotte-pringuey-cessac\/"},"modified":"2023-04-12T13:18:39","modified_gmt":"2023-04-12T14:18:39","slug":"sans-titre-2018-charlotte-pringuey-cessac","status":"publish","type":"product","link":"https:\/\/eva-vautier.com\/en\/boutique\/sans-titre-2018-charlotte-pringuey-cessac\/","title":{"rendered":"Charlotte Pringuey Cessac, EXISTS"},"content":{"rendered":"<div class=\"page\" title=\"Page 3\">\n<div class=\"layoutArea\">\n<div class=\"column\">\n<p>Entre monochrome et objet usuel artisanal, ces \u00ab dessins \u00bb de Charlotte Pringuey-Cessac sont des feuilles de papier cr\u00e9\u00e9es par l\u2019artiste, selon la technique traditionnelle, et teint\u00e9es dans la masse avec du charbon de bois. Cette biblioth\u00e8que fragmentaire comporte la m\u00e9moire d\u2019une ligne inscrite au c\u0153ur du papier.<\/p>\n<\/div>\n<\/div>\n<\/div>\n","protected":false},"excerpt":{"rendered":"<p>Charlotte Pringuey Cessac, <em>EXISTS<\/em>, 2021<\/p>\n<div class=\"page\" title=\"Page 3\">\n<div class=\"layoutArea\">\n<div class=\"column\">\n<p>Handmade papers and charcoal, Drawing, Arches paper and charcoal, 29,7 x 42 cm<\/p>\n<\/div>\n<\/div>\n<\/div>\n","protected":false},"featured_media":75770,"template":"","meta":[],"product_brand":[],"product_cat":[989,1111],"product_tag":[],"class_list":{"0":"post-72773","1":"product","2":"type-product","3":"status-publish","4":"has-post-thumbnail","6":"product_cat-artists","7":"product_cat-pringuey-cessac-charlotte-en","8":"product_shipping_class-forfait-france-en","9":"tm-has-options","11":"first","12":"instock","13":"sold-individually","14":"shipping-taxable","15":"purchasable","16":"product-type-simple"},"yoast_head":"<!-- This site is optimized with the Yoast SEO plugin v27.3 - https:\/\/yoast.com\/product\/yoast-seo-wordpress\/ -->\n<title>Charlotte Pringuey Cessac, EXISTS ~ Galerie Eva Vautier<\/title>\n<meta name=\"robots\" content=\"index, follow, max-snippet:-1, max-image-preview:large, max-video-preview:-1\" \/>\n<link rel=\"canonical\" href=\"https:\/\/eva-vautier.com\/en\/boutique\/sans-titre-2018-charlotte-pringuey-cessac\/\" \/>\n<meta property=\"og:locale\" content=\"en_US\" \/>\n<meta property=\"og:type\" content=\"article\" \/>\n<meta property=\"og:title\" content=\"Charlotte Pringuey Cessac, EXISTS ~ Galerie Eva Vautier\" \/>\n<meta property=\"og:description\" content=\"Charlotte Pringuey Cessac, EXISTS, 2021   Handmade papers and charcoal, Drawing, Arches paper and charcoal, 29,7 x 42 cm\" \/>\n<meta property=\"og:url\" content=\"https:\/\/eva-vautier.com\/en\/boutique\/sans-titre-2018-charlotte-pringuey-cessac\/\" \/>\n<meta property=\"og:site_name\" content=\"Galerie Eva Vautier\" \/>\n<meta property=\"article:publisher\" content=\"https:\/\/www.facebook.com\/evavautier\/\" \/>\n<meta property=\"article:modified_time\" content=\"2023-04-12T14:18:39+00:00\" \/>\n<meta property=\"og:image\" content=\"https:\/\/eva-vautier.com\/wp-content\/uploads\/2020\/04\/Galerie-Eva-Vautier-Charlotte-Pringuey-Cessac-EXISTE-2021-courtesy-Charlotte-Pringuey-Cessac.jpg\" \/>\n\t<meta property=\"og:image:width\" content=\"1200\" \/>\n\t<meta property=\"og:image:height\" content=\"821\" \/>\n\t<meta property=\"og:image:type\" content=\"image\/jpeg\" \/>\n<meta name=\"twitter:card\" content=\"summary_large_image\" \/>\n<meta name=\"twitter:site\" content=\"@EvaVautier\" \/>\n<script type=\"application\/ld+json\" class=\"yoast-schema-graph\">{\"@context\":\"https:\\\/\\\/schema.org\",\"@graph\":[{\"@type\":\"WebPage\",\"@id\":\"https:\\\/\\\/eva-vautier.com\\\/en\\\/boutique\\\/sans-titre-2018-charlotte-pringuey-cessac\\\/\",\"url\":\"https:\\\/\\\/eva-vautier.com\\\/en\\\/boutique\\\/sans-titre-2018-charlotte-pringuey-cessac\\\/\",\"name\":\"Charlotte Pringuey Cessac, EXISTS ~ Galerie Eva Vautier\",\"isPartOf\":{\"@id\":\"https:\\\/\\\/eva-vautier.com\\\/en\\\/#website\"},\"primaryImageOfPage\":{\"@id\":\"https:\\\/\\\/eva-vautier.com\\\/en\\\/boutique\\\/sans-titre-2018-charlotte-pringuey-cessac\\\/#primaryimage\"},\"image\":{\"@id\":\"https:\\\/\\\/eva-vautier.com\\\/en\\\/boutique\\\/sans-titre-2018-charlotte-pringuey-cessac\\\/#primaryimage\"},\"thumbnailUrl\":\"https:\\\/\\\/eva-vautier.com\\\/wp-content\\\/uploads\\\/2020\\\/04\\\/Galerie-Eva-Vautier-Charlotte-Pringuey-Cessac-EXISTE-2021-courtesy-Charlotte-Pringuey-Cessac.jpg\",\"datePublished\":\"2020-04-07T19:23:18+00:00\",\"dateModified\":\"2023-04-12T14:18:39+00:00\",\"breadcrumb\":{\"@id\":\"https:\\\/\\\/eva-vautier.com\\\/en\\\/boutique\\\/sans-titre-2018-charlotte-pringuey-cessac\\\/#breadcrumb\"},\"inLanguage\":\"en-US\",\"potentialAction\":[{\"@type\":\"ReadAction\",\"target\":[\"https:\\\/\\\/eva-vautier.com\\\/en\\\/boutique\\\/sans-titre-2018-charlotte-pringuey-cessac\\\/\"]}]},{\"@type\":\"ImageObject\",\"inLanguage\":\"en-US\",\"@id\":\"https:\\\/\\\/eva-vautier.com\\\/en\\\/boutique\\\/sans-titre-2018-charlotte-pringuey-cessac\\\/#primaryimage\",\"url\":\"https:\\\/\\\/eva-vautier.com\\\/wp-content\\\/uploads\\\/2020\\\/04\\\/Galerie-Eva-Vautier-Charlotte-Pringuey-Cessac-EXISTE-2021-courtesy-Charlotte-Pringuey-Cessac.jpg\",\"contentUrl\":\"https:\\\/\\\/eva-vautier.com\\\/wp-content\\\/uploads\\\/2020\\\/04\\\/Galerie-Eva-Vautier-Charlotte-Pringuey-Cessac-EXISTE-2021-courtesy-Charlotte-Pringuey-Cessac.jpg\",\"width\":1200,\"height\":821},{\"@type\":\"BreadcrumbList\",\"@id\":\"https:\\\/\\\/eva-vautier.com\\\/en\\\/boutique\\\/sans-titre-2018-charlotte-pringuey-cessac\\\/#breadcrumb\",\"itemListElement\":[{\"@type\":\"ListItem\",\"position\":1,\"name\":\"Store\",\"item\":\"https:\\\/\\\/eva-vautier.com\\\/en\\\/shop\\\/\"},{\"@type\":\"ListItem\",\"position\":2,\"name\":\"Charlotte Pringuey Cessac, EXISTS\"}]},{\"@type\":\"WebSite\",\"@id\":\"https:\\\/\\\/eva-vautier.com\\\/en\\\/#website\",\"url\":\"https:\\\/\\\/eva-vautier.com\\\/en\\\/\",\"name\":\"Galerie Eva Vautier\",\"description\":\"Galerie d&#039;art contemporain\",\"publisher\":{\"@id\":\"https:\\\/\\\/eva-vautier.com\\\/en\\\/#organization\"},\"potentialAction\":[{\"@type\":\"SearchAction\",\"target\":{\"@type\":\"EntryPoint\",\"urlTemplate\":\"https:\\\/\\\/eva-vautier.com\\\/en\\\/?s={search_term_string}\"},\"query-input\":{\"@type\":\"PropertyValueSpecification\",\"valueRequired\":true,\"valueName\":\"search_term_string\"}}],\"inLanguage\":\"en-US\"},{\"@type\":\"Organization\",\"@id\":\"https:\\\/\\\/eva-vautier.com\\\/en\\\/#organization\",\"name\":\"Galerie Eva Vautier\",\"url\":\"https:\\\/\\\/eva-vautier.com\\\/en\\\/\",\"logo\":{\"@type\":\"ImageObject\",\"inLanguage\":\"en-US\",\"@id\":\"https:\\\/\\\/eva-vautier.com\\\/en\\\/#\\\/schema\\\/logo\\\/image\\\/\",\"url\":\"http:\\\/\\\/eva-vautier.com\\\/wp-content\\\/uploads\\\/2018\\\/09\\\/logo-galerie-illustrator-04-1.png\",\"contentUrl\":\"http:\\\/\\\/eva-vautier.com\\\/wp-content\\\/uploads\\\/2018\\\/09\\\/logo-galerie-illustrator-04-1.png\",\"width\":200,\"height\":24,\"caption\":\"Galerie Eva Vautier\"},\"image\":{\"@id\":\"https:\\\/\\\/eva-vautier.com\\\/en\\\/#\\\/schema\\\/logo\\\/image\\\/\"},\"sameAs\":[\"https:\\\/\\\/www.facebook.com\\\/evavautier\\\/\",\"https:\\\/\\\/x.com\\\/EvaVautier\",\"https:\\\/\\\/www.instagram.com\\\/galerieevavautier\\\/\"]}]}<\/script>\n<!-- \/ Yoast SEO plugin. -->","yoast_head_json":{"title":"Charlotte Pringuey Cessac, EXISTS ~ Galerie Eva Vautier","robots":{"index":"index","follow":"follow","max-snippet":"max-snippet:-1","max-image-preview":"max-image-preview:large","max-video-preview":"max-video-preview:-1"},"canonical":"https:\/\/eva-vautier.com\/en\/boutique\/sans-titre-2018-charlotte-pringuey-cessac\/","og_locale":"en_US","og_type":"article","og_title":"Charlotte Pringuey Cessac, EXISTS ~ Galerie Eva Vautier","og_description":"Charlotte Pringuey Cessac, EXISTS, 2021   Handmade papers and charcoal, Drawing, Arches paper and charcoal, 29,7 x 42 cm","og_url":"https:\/\/eva-vautier.com\/en\/boutique\/sans-titre-2018-charlotte-pringuey-cessac\/","og_site_name":"Galerie Eva Vautier","article_publisher":"https:\/\/www.facebook.com\/evavautier\/","article_modified_time":"2023-04-12T14:18:39+00:00","og_image":[{"width":1200,"height":821,"url":"https:\/\/eva-vautier.com\/wp-content\/uploads\/2020\/04\/Galerie-Eva-Vautier-Charlotte-Pringuey-Cessac-EXISTE-2021-courtesy-Charlotte-Pringuey-Cessac.jpg","type":"image\/jpeg"}],"twitter_card":"summary_large_image","twitter_site":"@EvaVautier","schema":{"@context":"https:\/\/schema.org","@graph":[{"@type":"WebPage","@id":"https:\/\/eva-vautier.com\/en\/boutique\/sans-titre-2018-charlotte-pringuey-cessac\/","url":"https:\/\/eva-vautier.com\/en\/boutique\/sans-titre-2018-charlotte-pringuey-cessac\/","name":"Charlotte Pringuey Cessac, EXISTS ~ Galerie Eva Vautier","isPartOf":{"@id":"https:\/\/eva-vautier.com\/en\/#website"},"primaryImageOfPage":{"@id":"https:\/\/eva-vautier.com\/en\/boutique\/sans-titre-2018-charlotte-pringuey-cessac\/#primaryimage"},"image":{"@id":"https:\/\/eva-vautier.com\/en\/boutique\/sans-titre-2018-charlotte-pringuey-cessac\/#primaryimage"},"thumbnailUrl":"https:\/\/eva-vautier.com\/wp-content\/uploads\/2020\/04\/Galerie-Eva-Vautier-Charlotte-Pringuey-Cessac-EXISTE-2021-courtesy-Charlotte-Pringuey-Cessac.jpg","datePublished":"2020-04-07T19:23:18+00:00","dateModified":"2023-04-12T14:18:39+00:00","breadcrumb":{"@id":"https:\/\/eva-vautier.com\/en\/boutique\/sans-titre-2018-charlotte-pringuey-cessac\/#breadcrumb"},"inLanguage":"en-US","potentialAction":[{"@type":"ReadAction","target":["https:\/\/eva-vautier.com\/en\/boutique\/sans-titre-2018-charlotte-pringuey-cessac\/"]}]},{"@type":"ImageObject","inLanguage":"en-US","@id":"https:\/\/eva-vautier.com\/en\/boutique\/sans-titre-2018-charlotte-pringuey-cessac\/#primaryimage","url":"https:\/\/eva-vautier.com\/wp-content\/uploads\/2020\/04\/Galerie-Eva-Vautier-Charlotte-Pringuey-Cessac-EXISTE-2021-courtesy-Charlotte-Pringuey-Cessac.jpg","contentUrl":"https:\/\/eva-vautier.com\/wp-content\/uploads\/2020\/04\/Galerie-Eva-Vautier-Charlotte-Pringuey-Cessac-EXISTE-2021-courtesy-Charlotte-Pringuey-Cessac.jpg","width":1200,"height":821},{"@type":"BreadcrumbList","@id":"https:\/\/eva-vautier.com\/en\/boutique\/sans-titre-2018-charlotte-pringuey-cessac\/#breadcrumb","itemListElement":[{"@type":"ListItem","position":1,"name":"Store","item":"https:\/\/eva-vautier.com\/en\/shop\/"},{"@type":"ListItem","position":2,"name":"Charlotte Pringuey Cessac, EXISTS"}]},{"@type":"WebSite","@id":"https:\/\/eva-vautier.com\/en\/#website","url":"https:\/\/eva-vautier.com\/en\/","name":"Galerie Eva Vautier","description":"Galerie d&#039;art contemporain","publisher":{"@id":"https:\/\/eva-vautier.com\/en\/#organization"},"potentialAction":[{"@type":"SearchAction","target":{"@type":"EntryPoint","urlTemplate":"https:\/\/eva-vautier.com\/en\/?s={search_term_string}"},"query-input":{"@type":"PropertyValueSpecification","valueRequired":true,"valueName":"search_term_string"}}],"inLanguage":"en-US"},{"@type":"Organization","@id":"https:\/\/eva-vautier.com\/en\/#organization","name":"Galerie Eva Vautier","url":"https:\/\/eva-vautier.com\/en\/","logo":{"@type":"ImageObject","inLanguage":"en-US","@id":"https:\/\/eva-vautier.com\/en\/#\/schema\/logo\/image\/","url":"http:\/\/eva-vautier.com\/wp-content\/uploads\/2018\/09\/logo-galerie-illustrator-04-1.png","contentUrl":"http:\/\/eva-vautier.com\/wp-content\/uploads\/2018\/09\/logo-galerie-illustrator-04-1.png","width":200,"height":24,"caption":"Galerie Eva Vautier"},"image":{"@id":"https:\/\/eva-vautier.com\/en\/#\/schema\/logo\/image\/"},"sameAs":["https:\/\/www.facebook.com\/evavautier\/","https:\/\/x.com\/EvaVautier","https:\/\/www.instagram.com\/galerieevavautier\/"]}]}},"_links":{"self":[{"href":"https:\/\/eva-vautier.com\/en\/wp-json\/wp\/v2\/product\/72773","targetHints":{"allow":["GET"]}}],"collection":[{"href":"https:\/\/eva-vautier.com\/en\/wp-json\/wp\/v2\/product"}],"about":[{"href":"https:\/\/eva-vautier.com\/en\/wp-json\/wp\/v2\/types\/product"}],"wp:featuredmedia":[{"embeddable":true,"href":"https:\/\/eva-vautier.com\/en\/wp-json\/wp\/v2\/media\/75770"}],"wp:attachment":[{"href":"https:\/\/eva-vautier.com\/en\/wp-json\/wp\/v2\/media?parent=72773"}],"wp:term":[{"taxonomy":"product_brand","embeddable":true,"href":"https:\/\/eva-vautier.com\/en\/wp-json\/wp\/v2\/product_brand?post=72773"},{"taxonomy":"product_cat","embeddable":true,"href":"https:\/\/eva-vautier.com\/en\/wp-json\/wp\/v2\/product_cat?post=72773"},{"taxonomy":"product_tag","embeddable":true,"href":"https:\/\/eva-vautier.com\/en\/wp-json\/wp\/v2\/product_tag?post=72773"}],"curies":[{"name":"wp","href":"https:\/\/api.w.org\/{rel}","templated":true}]}}