{"id":72719,"date":"2020-05-01T08:31:46","date_gmt":"2020-05-01T09:31:46","guid":{"rendered":"http:\/\/eva-vautier.com\/boutique\/le-grand-nord\/"},"modified":"2020-05-01T08:31:46","modified_gmt":"2020-05-01T09:31:46","slug":"le-grand-nord","status":"publish","type":"product","link":"https:\/\/eva-vautier.com\/en\/boutique\/le-grand-nord\/","title":{"rendered":"Le grand Nord"},"content":{"rendered":"","protected":false},"excerpt":{"rendered":"<p class=\"p1\" style=\"text-align: left;\"><i>Le grand nord<\/i>, 2019<\/p>\n<p>Pigment proof on Ultra Smooth Hahnem\u00fchle 305g paper<\/p>\n<p>Copies number 4\/5<\/p>\n<p>Signed, dated and numbered on the back<\/p>\n<p>Black wood frame anti-reflective glass<\/p>\n<p>100 x 67 cm<\/p>\n","protected":false},"featured_media":72392,"template":"","meta":[],"product_brand":[],"product_cat":[1063],"product_tag":[],"class_list":{"0":"post-72719","1":"product","2":"type-product","3":"status-publish","4":"has-post-thumbnail","6":"product_cat-barbagli-benoit","7":"product_shipping_class-forfait-france-en","8":"tm-has-options","10":"first","11":"instock","12":"sold-individually","13":"shipping-taxable","14":"product-type-simple"},"yoast_head":"<!-- This site is optimized with the Yoast SEO plugin v27.3 - https:\/\/yoast.com\/product\/yoast-seo-wordpress\/ -->\n<title>Le grand Nord ~ Beno\u00eet Barbagli ~ Galerie Eva Vautier<\/title>\n<meta name=\"description\" content=\"Le grand nord, 2019 \u00c9preuve pigmentaire sur papier Ultra Smooth Hahnem\u00fchle 305g Exemplaires num\u00e9ro 4\/5 Sign\u00e9 dat\u00e9 et num\u00e9rot\u00e9 au dos Encadrement bois noir verre Antireflet100 x 67 cm\" \/>\n<meta name=\"robots\" content=\"index, follow, max-snippet:-1, max-image-preview:large, max-video-preview:-1\" \/>\n<link rel=\"canonical\" href=\"https:\/\/eva-vautier.com\/en\/boutique\/le-grand-nord\/\" \/>\n<meta property=\"og:locale\" content=\"en_US\" \/>\n<meta property=\"og:type\" content=\"article\" \/>\n<meta property=\"og:title\" content=\"Le grand Nord ~ Beno\u00eet Barbagli ~ Galerie Eva Vautier\" \/>\n<meta property=\"og:description\" content=\"Le grand nord, 2019 \u00c9preuve pigmentaire sur papier Ultra Smooth Hahnem\u00fchle 305g Exemplaires num\u00e9ro 4\/5 Sign\u00e9 dat\u00e9 et num\u00e9rot\u00e9 au dos Encadrement bois noir verre Antireflet100 x 67 cm\" \/>\n<meta property=\"og:url\" content=\"https:\/\/eva-vautier.com\/en\/boutique\/le-grand-nord\/\" \/>\n<meta property=\"og:site_name\" content=\"Galerie Eva Vautier\" \/>\n<meta property=\"article:publisher\" content=\"https:\/\/www.facebook.com\/evavautier\/\" \/>\n<meta property=\"og:image\" content=\"http:\/\/eva-vautier.com\/wp-content\/uploads\/2020\/05\/8_Le-grand-nord-2019-100-x-67-cm-2.jpg\" \/>\n<meta name=\"twitter:card\" content=\"summary_large_image\" \/>\n<meta name=\"twitter:site\" content=\"@EvaVautier\" \/>\n<script type=\"application\/ld+json\" class=\"yoast-schema-graph\">{\"@context\":\"https:\\\/\\\/schema.org\",\"@graph\":[{\"@type\":\"WebPage\",\"@id\":\"https:\\\/\\\/eva-vautier.com\\\/en\\\/boutique\\\/le-grand-nord\\\/\",\"url\":\"https:\\\/\\\/eva-vautier.com\\\/en\\\/boutique\\\/le-grand-nord\\\/\",\"name\":\"Le grand Nord ~ Beno\u00eet Barbagli ~ Galerie Eva Vautier\",\"isPartOf\":{\"@id\":\"https:\\\/\\\/eva-vautier.com\\\/en\\\/#website\"},\"primaryImageOfPage\":{\"@id\":\"https:\\\/\\\/eva-vautier.com\\\/en\\\/boutique\\\/le-grand-nord\\\/#primaryimage\"},\"image\":{\"@id\":\"https:\\\/\\\/eva-vautier.com\\\/en\\\/boutique\\\/le-grand-nord\\\/#primaryimage\"},\"thumbnailUrl\":\"https:\\\/\\\/eva-vautier.com\\\/wp-content\\\/uploads\\\/2020\\\/05\\\/8_Le-grand-nord-2019-100-x-67-cm.jpg\",\"datePublished\":\"2020-05-01T09:31:46+00:00\",\"description\":\"Le grand nord, 2019 \u00c9preuve pigmentaire sur papier Ultra Smooth Hahnem\u00fchle 305g Exemplaires num\u00e9ro 4\\\/5 Sign\u00e9 dat\u00e9 et num\u00e9rot\u00e9 au dos Encadrement bois noir verre Antireflet100 x 67 cm\",\"breadcrumb\":{\"@id\":\"https:\\\/\\\/eva-vautier.com\\\/en\\\/boutique\\\/le-grand-nord\\\/#breadcrumb\"},\"inLanguage\":\"en-US\",\"potentialAction\":[{\"@type\":\"ReadAction\",\"target\":[\"https:\\\/\\\/eva-vautier.com\\\/en\\\/boutique\\\/le-grand-nord\\\/\"]}]},{\"@type\":\"ImageObject\",\"inLanguage\":\"en-US\",\"@id\":\"https:\\\/\\\/eva-vautier.com\\\/en\\\/boutique\\\/le-grand-nord\\\/#primaryimage\",\"url\":\"https:\\\/\\\/eva-vautier.com\\\/wp-content\\\/uploads\\\/2020\\\/05\\\/8_Le-grand-nord-2019-100-x-67-cm.jpg\",\"contentUrl\":\"https:\\\/\\\/eva-vautier.com\\\/wp-content\\\/uploads\\\/2020\\\/05\\\/8_Le-grand-nord-2019-100-x-67-cm.jpg\",\"width\":1200,\"height\":800},{\"@type\":\"BreadcrumbList\",\"@id\":\"https:\\\/\\\/eva-vautier.com\\\/en\\\/boutique\\\/le-grand-nord\\\/#breadcrumb\",\"itemListElement\":[{\"@type\":\"ListItem\",\"position\":1,\"name\":\"Store\",\"item\":\"https:\\\/\\\/eva-vautier.com\\\/en\\\/shop\\\/\"},{\"@type\":\"ListItem\",\"position\":2,\"name\":\"Le grand Nord\"}]},{\"@type\":\"WebSite\",\"@id\":\"https:\\\/\\\/eva-vautier.com\\\/en\\\/#website\",\"url\":\"https:\\\/\\\/eva-vautier.com\\\/en\\\/\",\"name\":\"Galerie Eva Vautier\",\"description\":\"Galerie d&#039;art contemporain\",\"publisher\":{\"@id\":\"https:\\\/\\\/eva-vautier.com\\\/en\\\/#organization\"},\"potentialAction\":[{\"@type\":\"SearchAction\",\"target\":{\"@type\":\"EntryPoint\",\"urlTemplate\":\"https:\\\/\\\/eva-vautier.com\\\/en\\\/?s={search_term_string}\"},\"query-input\":{\"@type\":\"PropertyValueSpecification\",\"valueRequired\":true,\"valueName\":\"search_term_string\"}}],\"inLanguage\":\"en-US\"},{\"@type\":\"Organization\",\"@id\":\"https:\\\/\\\/eva-vautier.com\\\/en\\\/#organization\",\"name\":\"Galerie Eva Vautier\",\"url\":\"https:\\\/\\\/eva-vautier.com\\\/en\\\/\",\"logo\":{\"@type\":\"ImageObject\",\"inLanguage\":\"en-US\",\"@id\":\"https:\\\/\\\/eva-vautier.com\\\/en\\\/#\\\/schema\\\/logo\\\/image\\\/\",\"url\":\"http:\\\/\\\/eva-vautier.com\\\/wp-content\\\/uploads\\\/2018\\\/09\\\/logo-galerie-illustrator-04-1.png\",\"contentUrl\":\"http:\\\/\\\/eva-vautier.com\\\/wp-content\\\/uploads\\\/2018\\\/09\\\/logo-galerie-illustrator-04-1.png\",\"width\":200,\"height\":24,\"caption\":\"Galerie Eva Vautier\"},\"image\":{\"@id\":\"https:\\\/\\\/eva-vautier.com\\\/en\\\/#\\\/schema\\\/logo\\\/image\\\/\"},\"sameAs\":[\"https:\\\/\\\/www.facebook.com\\\/evavautier\\\/\",\"https:\\\/\\\/x.com\\\/EvaVautier\",\"https:\\\/\\\/www.instagram.com\\\/galerieevavautier\\\/\"]}]}<\/script>\n<!-- \/ Yoast SEO plugin. -->","yoast_head_json":{"title":"Le grand Nord ~ Beno\u00eet Barbagli ~ Galerie Eva Vautier","description":"Le grand nord, 2019 \u00c9preuve pigmentaire sur papier Ultra Smooth Hahnem\u00fchle 305g Exemplaires num\u00e9ro 4\/5 Sign\u00e9 dat\u00e9 et num\u00e9rot\u00e9 au dos Encadrement bois noir verre Antireflet100 x 67 cm","robots":{"index":"index","follow":"follow","max-snippet":"max-snippet:-1","max-image-preview":"max-image-preview:large","max-video-preview":"max-video-preview:-1"},"canonical":"https:\/\/eva-vautier.com\/en\/boutique\/le-grand-nord\/","og_locale":"en_US","og_type":"article","og_title":"Le grand Nord ~ Beno\u00eet Barbagli ~ Galerie Eva Vautier","og_description":"Le grand nord, 2019 \u00c9preuve pigmentaire sur papier Ultra Smooth Hahnem\u00fchle 305g Exemplaires num\u00e9ro 4\/5 Sign\u00e9 dat\u00e9 et num\u00e9rot\u00e9 au dos Encadrement bois noir verre Antireflet100 x 67 cm","og_url":"https:\/\/eva-vautier.com\/en\/boutique\/le-grand-nord\/","og_site_name":"Galerie Eva Vautier","article_publisher":"https:\/\/www.facebook.com\/evavautier\/","og_image":[{"url":"http:\/\/eva-vautier.com\/wp-content\/uploads\/2020\/05\/8_Le-grand-nord-2019-100-x-67-cm-2.jpg","type":"","width":"","height":""}],"twitter_card":"summary_large_image","twitter_site":"@EvaVautier","schema":{"@context":"https:\/\/schema.org","@graph":[{"@type":"WebPage","@id":"https:\/\/eva-vautier.com\/en\/boutique\/le-grand-nord\/","url":"https:\/\/eva-vautier.com\/en\/boutique\/le-grand-nord\/","name":"Le grand Nord ~ Beno\u00eet Barbagli ~ Galerie Eva Vautier","isPartOf":{"@id":"https:\/\/eva-vautier.com\/en\/#website"},"primaryImageOfPage":{"@id":"https:\/\/eva-vautier.com\/en\/boutique\/le-grand-nord\/#primaryimage"},"image":{"@id":"https:\/\/eva-vautier.com\/en\/boutique\/le-grand-nord\/#primaryimage"},"thumbnailUrl":"https:\/\/eva-vautier.com\/wp-content\/uploads\/2020\/05\/8_Le-grand-nord-2019-100-x-67-cm.jpg","datePublished":"2020-05-01T09:31:46+00:00","description":"Le grand nord, 2019 \u00c9preuve pigmentaire sur papier Ultra Smooth Hahnem\u00fchle 305g Exemplaires num\u00e9ro 4\/5 Sign\u00e9 dat\u00e9 et num\u00e9rot\u00e9 au dos Encadrement bois noir verre Antireflet100 x 67 cm","breadcrumb":{"@id":"https:\/\/eva-vautier.com\/en\/boutique\/le-grand-nord\/#breadcrumb"},"inLanguage":"en-US","potentialAction":[{"@type":"ReadAction","target":["https:\/\/eva-vautier.com\/en\/boutique\/le-grand-nord\/"]}]},{"@type":"ImageObject","inLanguage":"en-US","@id":"https:\/\/eva-vautier.com\/en\/boutique\/le-grand-nord\/#primaryimage","url":"https:\/\/eva-vautier.com\/wp-content\/uploads\/2020\/05\/8_Le-grand-nord-2019-100-x-67-cm.jpg","contentUrl":"https:\/\/eva-vautier.com\/wp-content\/uploads\/2020\/05\/8_Le-grand-nord-2019-100-x-67-cm.jpg","width":1200,"height":800},{"@type":"BreadcrumbList","@id":"https:\/\/eva-vautier.com\/en\/boutique\/le-grand-nord\/#breadcrumb","itemListElement":[{"@type":"ListItem","position":1,"name":"Store","item":"https:\/\/eva-vautier.com\/en\/shop\/"},{"@type":"ListItem","position":2,"name":"Le grand Nord"}]},{"@type":"WebSite","@id":"https:\/\/eva-vautier.com\/en\/#website","url":"https:\/\/eva-vautier.com\/en\/","name":"Galerie Eva Vautier","description":"Galerie d&#039;art contemporain","publisher":{"@id":"https:\/\/eva-vautier.com\/en\/#organization"},"potentialAction":[{"@type":"SearchAction","target":{"@type":"EntryPoint","urlTemplate":"https:\/\/eva-vautier.com\/en\/?s={search_term_string}"},"query-input":{"@type":"PropertyValueSpecification","valueRequired":true,"valueName":"search_term_string"}}],"inLanguage":"en-US"},{"@type":"Organization","@id":"https:\/\/eva-vautier.com\/en\/#organization","name":"Galerie Eva Vautier","url":"https:\/\/eva-vautier.com\/en\/","logo":{"@type":"ImageObject","inLanguage":"en-US","@id":"https:\/\/eva-vautier.com\/en\/#\/schema\/logo\/image\/","url":"http:\/\/eva-vautier.com\/wp-content\/uploads\/2018\/09\/logo-galerie-illustrator-04-1.png","contentUrl":"http:\/\/eva-vautier.com\/wp-content\/uploads\/2018\/09\/logo-galerie-illustrator-04-1.png","width":200,"height":24,"caption":"Galerie Eva Vautier"},"image":{"@id":"https:\/\/eva-vautier.com\/en\/#\/schema\/logo\/image\/"},"sameAs":["https:\/\/www.facebook.com\/evavautier\/","https:\/\/x.com\/EvaVautier","https:\/\/www.instagram.com\/galerieevavautier\/"]}]}},"_links":{"self":[{"href":"https:\/\/eva-vautier.com\/en\/wp-json\/wp\/v2\/product\/72719","targetHints":{"allow":["GET"]}}],"collection":[{"href":"https:\/\/eva-vautier.com\/en\/wp-json\/wp\/v2\/product"}],"about":[{"href":"https:\/\/eva-vautier.com\/en\/wp-json\/wp\/v2\/types\/product"}],"wp:featuredmedia":[{"embeddable":true,"href":"https:\/\/eva-vautier.com\/en\/wp-json\/wp\/v2\/media\/72392"}],"wp:attachment":[{"href":"https:\/\/eva-vautier.com\/en\/wp-json\/wp\/v2\/media?parent=72719"}],"wp:term":[{"taxonomy":"product_brand","embeddable":true,"href":"https:\/\/eva-vautier.com\/en\/wp-json\/wp\/v2\/product_brand?post=72719"},{"taxonomy":"product_cat","embeddable":true,"href":"https:\/\/eva-vautier.com\/en\/wp-json\/wp\/v2\/product_cat?post=72719"},{"taxonomy":"product_tag","embeddable":true,"href":"https:\/\/eva-vautier.com\/en\/wp-json\/wp\/v2\/product_tag?post=72719"}],"curies":[{"name":"wp","href":"https:\/\/api.w.org\/{rel}","templated":true}]}}