{"id":72709,"date":"2020-11-04T13:40:50","date_gmt":"2020-11-04T14:40:50","guid":{"rendered":"http:\/\/eva-vautier.com\/boutique\/ben-vautier-etre-libre-2020\/"},"modified":"2024-11-21T16:52:51","modified_gmt":"2024-11-21T17:52:51","slug":"ben-vautier-etre-libre-2020","status":"publish","type":"product","link":"https:\/\/eva-vautier.com\/en\/boutique\/ben-vautier-etre-libre-2020\/","title":{"rendered":"Ben Vautier, being free"},"content":{"rendered":"","protected":false},"excerpt":{"rendered":"<p>Ben Vautier, <em>being free<\/em>,<span class=\"Apple-converted-space\">  <\/span>2020<\/p>\n<p>Silk-screened full page ultramarine blue background, with reserve.<span class=\"Apple-converted-space\"> <\/span><\/p>\n<p>Arches paper 300g with fringed edges, <span class=\"Apple-converted-space\">76 x 56 cm.<\/span><\/p>\n<p>Signed and numbered, justified by the dry stamp, edition 50 copies.<\/p>\n<p>Editions Eva Vautier, Nice.<\/p>\n<p>&nbsp;<\/p>\n<p>&nbsp;<\/p>\n<p><em>The number of the silk-screen print presented in the photograph is not contractual<\/em><\/p>\n","protected":false},"featured_media":72524,"template":"","meta":[],"product_brand":[],"product_cat":[990,1042],"product_tag":[2048],"class_list":{"0":"post-72709","1":"product","2":"type-product","3":"status-publish","4":"has-post-thumbnail","6":"product_cat-ben-en","7":"product_cat-edition-en","8":"product_tag-80x80-en","9":"product_shipping_class-forfait-standart","10":"tm-has-options","12":"first","13":"outofstock","14":"featured","15":"shipping-taxable","16":"product-type-simple"},"yoast_head":"<!-- This site is optimized with the Yoast SEO plugin v27.3 - https:\/\/yoast.com\/product\/yoast-seo-wordpress\/ -->\n<title>Ben Vautier, being free ~ Galerie Eva Vautier<\/title>\n<meta name=\"description\" content=\"Following this summer&#039;s exhibition \u00catre libre at the Domaine D\u00e9partemental de Chamarande, curated by Eva Vautier, the Gallery presents the latest silkscreen by artist Ben Vautier: \u00eatre libre.\" \/>\n<meta name=\"robots\" content=\"index, follow, max-snippet:-1, max-image-preview:large, max-video-preview:-1\" \/>\n<link rel=\"canonical\" href=\"https:\/\/eva-vautier.com\/en\/boutique\/ben-vautier-etre-libre-2020\/\" \/>\n<meta property=\"og:locale\" content=\"en_US\" \/>\n<meta property=\"og:type\" content=\"article\" \/>\n<meta property=\"og:title\" content=\"Ben Vautier, being free ~ Galerie Eva Vautier\" \/>\n<meta property=\"og:description\" content=\"Following this summer&#039;s exhibition \u00catre libre at the Domaine D\u00e9partemental de Chamarande, curated by Eva Vautier, the Gallery presents the latest silkscreen by artist Ben Vautier: \u00eatre libre.\" \/>\n<meta property=\"og:url\" content=\"https:\/\/eva-vautier.com\/en\/boutique\/ben-vautier-etre-libre-2020\/\" \/>\n<meta property=\"og:site_name\" content=\"Galerie Eva Vautier\" \/>\n<meta property=\"article:publisher\" content=\"https:\/\/www.facebook.com\/evavautier\/\" \/>\n<meta property=\"article:modified_time\" content=\"2024-11-21T17:52:51+00:00\" \/>\n<meta property=\"og:image\" content=\"https:\/\/eva-vautier.com\/wp-content\/uploads\/2020\/11\/etre-libre-BD.jpg\" \/>\n\t<meta property=\"og:image:width\" content=\"898\" \/>\n\t<meta property=\"og:image:height\" content=\"1200\" \/>\n\t<meta property=\"og:image:type\" content=\"image\/jpeg\" \/>\n<meta name=\"twitter:card\" content=\"summary_large_image\" \/>\n<meta name=\"twitter:site\" content=\"@EvaVautier\" \/>\n<script type=\"application\/ld+json\" class=\"yoast-schema-graph\">{\"@context\":\"https:\\\/\\\/schema.org\",\"@graph\":[{\"@type\":\"WebPage\",\"@id\":\"https:\\\/\\\/eva-vautier.com\\\/en\\\/boutique\\\/ben-vautier-etre-libre-2020\\\/\",\"url\":\"https:\\\/\\\/eva-vautier.com\\\/en\\\/boutique\\\/ben-vautier-etre-libre-2020\\\/\",\"name\":\"Ben Vautier, being free ~ Galerie Eva Vautier\",\"isPartOf\":{\"@id\":\"https:\\\/\\\/eva-vautier.com\\\/en\\\/#website\"},\"primaryImageOfPage\":{\"@id\":\"https:\\\/\\\/eva-vautier.com\\\/en\\\/boutique\\\/ben-vautier-etre-libre-2020\\\/#primaryimage\"},\"image\":{\"@id\":\"https:\\\/\\\/eva-vautier.com\\\/en\\\/boutique\\\/ben-vautier-etre-libre-2020\\\/#primaryimage\"},\"thumbnailUrl\":\"https:\\\/\\\/eva-vautier.com\\\/wp-content\\\/uploads\\\/2020\\\/11\\\/etre-libre-BD.jpg\",\"datePublished\":\"2020-11-04T14:40:50+00:00\",\"dateModified\":\"2024-11-21T17:52:51+00:00\",\"description\":\"Following this summer's exhibition \u00catre libre at the Domaine D\u00e9partemental de Chamarande, curated by Eva Vautier, the Gallery presents the latest silkscreen by artist Ben Vautier: \u00eatre libre.\",\"breadcrumb\":{\"@id\":\"https:\\\/\\\/eva-vautier.com\\\/en\\\/boutique\\\/ben-vautier-etre-libre-2020\\\/#breadcrumb\"},\"inLanguage\":\"en-US\",\"potentialAction\":[{\"@type\":\"ReadAction\",\"target\":[\"https:\\\/\\\/eva-vautier.com\\\/en\\\/boutique\\\/ben-vautier-etre-libre-2020\\\/\"]}]},{\"@type\":\"ImageObject\",\"inLanguage\":\"en-US\",\"@id\":\"https:\\\/\\\/eva-vautier.com\\\/en\\\/boutique\\\/ben-vautier-etre-libre-2020\\\/#primaryimage\",\"url\":\"https:\\\/\\\/eva-vautier.com\\\/wp-content\\\/uploads\\\/2020\\\/11\\\/etre-libre-BD.jpg\",\"contentUrl\":\"https:\\\/\\\/eva-vautier.com\\\/wp-content\\\/uploads\\\/2020\\\/11\\\/etre-libre-BD.jpg\",\"width\":898,\"height\":1200,\"caption\":\"Ben Vautier to be free, 2020\"},{\"@type\":\"BreadcrumbList\",\"@id\":\"https:\\\/\\\/eva-vautier.com\\\/en\\\/boutique\\\/ben-vautier-etre-libre-2020\\\/#breadcrumb\",\"itemListElement\":[{\"@type\":\"ListItem\",\"position\":1,\"name\":\"Store\",\"item\":\"https:\\\/\\\/eva-vautier.com\\\/en\\\/shop\\\/\"},{\"@type\":\"ListItem\",\"position\":2,\"name\":\"Ben Vautier, being free\"}]},{\"@type\":\"WebSite\",\"@id\":\"https:\\\/\\\/eva-vautier.com\\\/en\\\/#website\",\"url\":\"https:\\\/\\\/eva-vautier.com\\\/en\\\/\",\"name\":\"Galerie Eva Vautier\",\"description\":\"Galerie d&#039;art contemporain\",\"publisher\":{\"@id\":\"https:\\\/\\\/eva-vautier.com\\\/en\\\/#organization\"},\"potentialAction\":[{\"@type\":\"SearchAction\",\"target\":{\"@type\":\"EntryPoint\",\"urlTemplate\":\"https:\\\/\\\/eva-vautier.com\\\/en\\\/?s={search_term_string}\"},\"query-input\":{\"@type\":\"PropertyValueSpecification\",\"valueRequired\":true,\"valueName\":\"search_term_string\"}}],\"inLanguage\":\"en-US\"},{\"@type\":\"Organization\",\"@id\":\"https:\\\/\\\/eva-vautier.com\\\/en\\\/#organization\",\"name\":\"Galerie Eva Vautier\",\"url\":\"https:\\\/\\\/eva-vautier.com\\\/en\\\/\",\"logo\":{\"@type\":\"ImageObject\",\"inLanguage\":\"en-US\",\"@id\":\"https:\\\/\\\/eva-vautier.com\\\/en\\\/#\\\/schema\\\/logo\\\/image\\\/\",\"url\":\"http:\\\/\\\/eva-vautier.com\\\/wp-content\\\/uploads\\\/2018\\\/09\\\/logo-galerie-illustrator-04-1.png\",\"contentUrl\":\"http:\\\/\\\/eva-vautier.com\\\/wp-content\\\/uploads\\\/2018\\\/09\\\/logo-galerie-illustrator-04-1.png\",\"width\":200,\"height\":24,\"caption\":\"Galerie Eva Vautier\"},\"image\":{\"@id\":\"https:\\\/\\\/eva-vautier.com\\\/en\\\/#\\\/schema\\\/logo\\\/image\\\/\"},\"sameAs\":[\"https:\\\/\\\/www.facebook.com\\\/evavautier\\\/\",\"https:\\\/\\\/x.com\\\/EvaVautier\",\"https:\\\/\\\/www.instagram.com\\\/galerieevavautier\\\/\"]}]}<\/script>\n<!-- \/ Yoast SEO plugin. -->","yoast_head_json":{"title":"Ben Vautier, being free ~ Galerie Eva Vautier","description":"Following this summer's exhibition \u00catre libre at the Domaine D\u00e9partemental de Chamarande, curated by Eva Vautier, the Gallery presents the latest silkscreen by artist Ben Vautier: \u00eatre libre.","robots":{"index":"index","follow":"follow","max-snippet":"max-snippet:-1","max-image-preview":"max-image-preview:large","max-video-preview":"max-video-preview:-1"},"canonical":"https:\/\/eva-vautier.com\/en\/boutique\/ben-vautier-etre-libre-2020\/","og_locale":"en_US","og_type":"article","og_title":"Ben Vautier, being free ~ Galerie Eva Vautier","og_description":"Following this summer's exhibition \u00catre libre at the Domaine D\u00e9partemental de Chamarande, curated by Eva Vautier, the Gallery presents the latest silkscreen by artist Ben Vautier: \u00eatre libre.","og_url":"https:\/\/eva-vautier.com\/en\/boutique\/ben-vautier-etre-libre-2020\/","og_site_name":"Galerie Eva Vautier","article_publisher":"https:\/\/www.facebook.com\/evavautier\/","article_modified_time":"2024-11-21T17:52:51+00:00","og_image":[{"width":898,"height":1200,"url":"https:\/\/eva-vautier.com\/wp-content\/uploads\/2020\/11\/etre-libre-BD.jpg","type":"image\/jpeg"}],"twitter_card":"summary_large_image","twitter_site":"@EvaVautier","schema":{"@context":"https:\/\/schema.org","@graph":[{"@type":"WebPage","@id":"https:\/\/eva-vautier.com\/en\/boutique\/ben-vautier-etre-libre-2020\/","url":"https:\/\/eva-vautier.com\/en\/boutique\/ben-vautier-etre-libre-2020\/","name":"Ben Vautier, being free ~ Galerie Eva Vautier","isPartOf":{"@id":"https:\/\/eva-vautier.com\/en\/#website"},"primaryImageOfPage":{"@id":"https:\/\/eva-vautier.com\/en\/boutique\/ben-vautier-etre-libre-2020\/#primaryimage"},"image":{"@id":"https:\/\/eva-vautier.com\/en\/boutique\/ben-vautier-etre-libre-2020\/#primaryimage"},"thumbnailUrl":"https:\/\/eva-vautier.com\/wp-content\/uploads\/2020\/11\/etre-libre-BD.jpg","datePublished":"2020-11-04T14:40:50+00:00","dateModified":"2024-11-21T17:52:51+00:00","description":"Following this summer's exhibition \u00catre libre at the Domaine D\u00e9partemental de Chamarande, curated by Eva Vautier, the Gallery presents the latest silkscreen by artist Ben Vautier: \u00eatre libre.","breadcrumb":{"@id":"https:\/\/eva-vautier.com\/en\/boutique\/ben-vautier-etre-libre-2020\/#breadcrumb"},"inLanguage":"en-US","potentialAction":[{"@type":"ReadAction","target":["https:\/\/eva-vautier.com\/en\/boutique\/ben-vautier-etre-libre-2020\/"]}]},{"@type":"ImageObject","inLanguage":"en-US","@id":"https:\/\/eva-vautier.com\/en\/boutique\/ben-vautier-etre-libre-2020\/#primaryimage","url":"https:\/\/eva-vautier.com\/wp-content\/uploads\/2020\/11\/etre-libre-BD.jpg","contentUrl":"https:\/\/eva-vautier.com\/wp-content\/uploads\/2020\/11\/etre-libre-BD.jpg","width":898,"height":1200,"caption":"Ben Vautier to be free, 2020"},{"@type":"BreadcrumbList","@id":"https:\/\/eva-vautier.com\/en\/boutique\/ben-vautier-etre-libre-2020\/#breadcrumb","itemListElement":[{"@type":"ListItem","position":1,"name":"Store","item":"https:\/\/eva-vautier.com\/en\/shop\/"},{"@type":"ListItem","position":2,"name":"Ben Vautier, being free"}]},{"@type":"WebSite","@id":"https:\/\/eva-vautier.com\/en\/#website","url":"https:\/\/eva-vautier.com\/en\/","name":"Galerie Eva Vautier","description":"Galerie d&#039;art contemporain","publisher":{"@id":"https:\/\/eva-vautier.com\/en\/#organization"},"potentialAction":[{"@type":"SearchAction","target":{"@type":"EntryPoint","urlTemplate":"https:\/\/eva-vautier.com\/en\/?s={search_term_string}"},"query-input":{"@type":"PropertyValueSpecification","valueRequired":true,"valueName":"search_term_string"}}],"inLanguage":"en-US"},{"@type":"Organization","@id":"https:\/\/eva-vautier.com\/en\/#organization","name":"Galerie Eva Vautier","url":"https:\/\/eva-vautier.com\/en\/","logo":{"@type":"ImageObject","inLanguage":"en-US","@id":"https:\/\/eva-vautier.com\/en\/#\/schema\/logo\/image\/","url":"http:\/\/eva-vautier.com\/wp-content\/uploads\/2018\/09\/logo-galerie-illustrator-04-1.png","contentUrl":"http:\/\/eva-vautier.com\/wp-content\/uploads\/2018\/09\/logo-galerie-illustrator-04-1.png","width":200,"height":24,"caption":"Galerie Eva Vautier"},"image":{"@id":"https:\/\/eva-vautier.com\/en\/#\/schema\/logo\/image\/"},"sameAs":["https:\/\/www.facebook.com\/evavautier\/","https:\/\/x.com\/EvaVautier","https:\/\/www.instagram.com\/galerieevavautier\/"]}]}},"_links":{"self":[{"href":"https:\/\/eva-vautier.com\/en\/wp-json\/wp\/v2\/product\/72709","targetHints":{"allow":["GET"]}}],"collection":[{"href":"https:\/\/eva-vautier.com\/en\/wp-json\/wp\/v2\/product"}],"about":[{"href":"https:\/\/eva-vautier.com\/en\/wp-json\/wp\/v2\/types\/product"}],"wp:featuredmedia":[{"embeddable":true,"href":"https:\/\/eva-vautier.com\/en\/wp-json\/wp\/v2\/media\/72524"}],"wp:attachment":[{"href":"https:\/\/eva-vautier.com\/en\/wp-json\/wp\/v2\/media?parent=72709"}],"wp:term":[{"taxonomy":"product_brand","embeddable":true,"href":"https:\/\/eva-vautier.com\/en\/wp-json\/wp\/v2\/product_brand?post=72709"},{"taxonomy":"product_cat","embeddable":true,"href":"https:\/\/eva-vautier.com\/en\/wp-json\/wp\/v2\/product_cat?post=72709"},{"taxonomy":"product_tag","embeddable":true,"href":"https:\/\/eva-vautier.com\/en\/wp-json\/wp\/v2\/product_tag?post=72709"}],"curies":[{"name":"wp","href":"https:\/\/api.w.org\/{rel}","templated":true}]}}