{"id":81525,"date":"2020-10-31T15:27:20","date_gmt":"2020-10-31T16:27:20","guid":{"rendered":"https:\/\/2023.eva-vautier.com\/langding-pgaes\/investing-in-art-for-tax-purposes\/"},"modified":"2020-10-31T15:27:20","modified_gmt":"2020-10-31T16:27:20","slug":"investing-in-art-for-tax-purposes","status":"publish","type":"page","link":"https:\/\/eva-vautier.com\/en\/langding-pgaes\/investing-in-art-for-tax-purposes\/","title":{"rendered":"Investing in art for tax purposes"},"content":{"rendered":"<section class=\"chapo\">Article of La Tribune of 12\/03\/2020 <\/section>\n<section class=\"chapo\">Investing in art to save tax <\/section>\n<section><\/section>\n<section class=\"chapo\">Did you know that the acquisition of works or objects of art entitles you to a tax reduction? Embellish your interior and enhance your heritage while maximizing your tax savings, it&#8217;s possible. What are the advantages of investing in art? How can I invest in art for tax purposes?<\/section>\n<section class=\"contenu-article clearfix\">\n<div class=\"body-article wide\">\n<h2>Why invest in art to save tax?<\/h2>\n<p>Just like a real estate investment, art is a wise investment. Investing in art allows you to maximize tax savings while making a smart investment. The acquisition and restoration of works of art or antique furniture, and the rental of musical instruments are some of the ways to benefit from a tax exemption.<\/p>\n<p>Indeed, works of art are not included in the taxable base of the Imp\u00f4t sur la Fortune Immobili\u00e8re. Also, investing in works of art gives the right to tax exemption for individuals. The works of art eligible for tax exemption are defined by article 98A of the French General Tax Code.<\/p>\n<p>These are the following works of art:<\/p>\n<ul>\n<li>paintings, canvases and photos of artists;<\/li>\n<li>jewelry;<\/li>\n<li>antiques and precious furniture;<\/li>\n<li>sculptures and old documents.<\/li>\n<\/ul>\n<p>All objects considered as &#8220;collection&#8221; are also taken into account, this concerns for example cars of collection.<\/p>\n<h2>Who can invest in art for tax purposes<\/h2>\n<p>Investing in works of art can be fiscally advantageous for a company, but also for individuals subject to the IFI (Imp\u00f4t sur la Fortune Immobili\u00e8re). Indeed, although being an investment mainly appreciated by companies, the tax exemption of contemporary art is also open to individuals.<\/p>\n<p><strong>Investing in art as an individual<\/strong><\/p>\n<p>If you pay IFI, acquiring art will be financially beneficial to you. Works of art are completely tax-exempt and therefore do not need to be reported on your IFI return. The capital gains tax on the transfer, by sale or by inheritance, can be reduced. In fact, works of art can be valued at only 5% of the inheritance.<\/p>\n<p>Last but not least, works of art can be used to pay estate taxes. Called payment dating, this procedure allows you to pay your taxes with a work of art and benefit from a significant delay to meet your tax obligations. This delay is due to the fact that this administrative procedure can take up to three years.<\/p>\n<p><strong>Investing in art as a business<\/strong><\/p>\n<p>A company that invests in art can benefit from a more or less important tax reduction. Indeed, according to the law n\u00b0 2003-709 of August 1, 2003, the companies or liberal professions which buy original works of art of living artists, can deduct this expenditure from their industrial and commercial profits (BIC). The companies involved are :<\/p>\n<ul>\n<li>Those subject to corporate income tax<\/li>\n<li>Those subject to income tax in the category of BIC, non-commercial profits (BNC) or agricultural profits (BA).<\/li>\n<\/ul>\n<p>The amount of the works acquired will be recorded in the fixed assets account in order to benefit from the tax reduction in equal fractions over five years. A company that keeps a work of art for five years will be offered a tax deduction of about 20%. However, the reduction can never exceed 5% of the company&#8217;s annual sales.<\/p>\n<h2>What are the conditions for tax exemption on the acquisition of works of art?<\/h2>\n<p>To benefit from a tax exemption for works of art, certain criteria must be respected:<\/p>\n<ul>\n<li>Establishment of an invoice: the invoice is one of the main conditions to take advantage of tax exemption through the purchase of works of art. Without this invoice, it will not be possible to benefit from any tax advantage.<\/li>\n<\/ul>\n<ul>\n<li>Original work by a living artist: Only contemporary works are taken into account in this tax scheme. The artist must be alive at the time of purchase of the work.<\/li>\n<\/ul>\n<ul>\n<li>Display of the work of art: Tax legislation requires that the works of art in question be displayed to the public for at least five years after their acquisition. It cannot be placed in a private office or in a place reserved only for the company&#8217;s clients, for example. The work of art may also be entrusted to a museum or placed on deposit with local institutions. The exhibition is not mandatory for individuals.<\/li>\n<\/ul>\n<ul>\n<li>Record the works on the company&#8217;s balance sheet: for a company, the deduction system requires that the deductible acquisition price be recorded on the balance sheet.<\/li>\n<\/ul>\n<h2>Investing in art to save tax: which intermediary to choose?<\/h2>\n<p>To choose a work of art in order to defiscalize, it is recommended for a company or an individual to be accompanied by a professional. <a href=\"https:\/\/www.artistics.com\/fr\">Artistics is<\/a>a team of professionals and enthusiasts, experts of the web and the contemporary art market. Online art gallery, lover of new talents and attentive to your needs, Artistics helps you to choose the work that suits your taste and your budget. If your goal is to invest in art for tax purposes, the Artistics online art gallery will inform you of the necessary requirements.<\/p>\n<p>&nbsp;<\/p>\n<div class=\"chapo subscribe-newsletter\"><\/div>\n<\/div>\n<\/section>\n","protected":false},"excerpt":{"rendered":"<p><span class=\"excerpt-hellip\"> [\u2026]<\/span><\/p>\n","protected":false},"author":1,"featured_media":0,"parent":80689,"menu_order":0,"comment_status":"closed","ping_status":"closed","template":"","meta":{"footnotes":""},"class_list":["post-81525","page","type-page","status-publish","hentry"],"yoast_head":"<!-- This site is optimized with the Yoast SEO plugin v27.3 - https:\/\/yoast.com\/product\/yoast-seo-wordpress\/ -->\n<title>Investing in art for tax purposes ~ Galerie Eva Vautier<\/title>\n<meta name=\"description\" content=\"Dans un bel espace d\u00e9di\u00e9 \u00e0 l\u2019art au c\u0153ur du quartier Lib\u00e9ration, Eva Vautier, offre un nouveau regard sur l\u2019art contemporain et ses pratiques artistiques (sculpture, photographie, peinture, dessin, vid\u00e9o). La galerie accueille de jeunes artistes \u00e9mergents comme des artistes issus de courants artistiques majeurs. Des performances et des d\u00e9bats rythment r\u00e9guli\u00e8rement les grandes expositions de l\u2019ann\u00e9e. La galerie propose \u00e9galement une s\u00e9lection de s\u00e9rigraphies et d\u2019\u00e9ditions limit\u00e9es en lien avec son actualit\u00e9 artistique et culturelle. Et pour les passionn\u00e9s l\u2019arthoth\u00e8que de la galerie offre un large choix des s\u00e9rigraphies \u00e0 la location.\" \/>\n<meta name=\"robots\" content=\"index, follow, max-snippet:-1, max-image-preview:large, max-video-preview:-1\" \/>\n<link rel=\"canonical\" href=\"https:\/\/eva-vautier.com\/en\/langding-pgaes\/investing-in-art-for-tax-purposes\/\" \/>\n<meta property=\"og:locale\" content=\"en_US\" \/>\n<meta property=\"og:type\" content=\"article\" \/>\n<meta property=\"og:title\" content=\"Investing in art for tax purposes ~ Galerie Eva Vautier\" \/>\n<meta property=\"og:description\" content=\"Dans un bel espace d\u00e9di\u00e9 \u00e0 l\u2019art au c\u0153ur du quartier Lib\u00e9ration, Eva Vautier, offre un nouveau regard sur l\u2019art contemporain et ses pratiques artistiques (sculpture, photographie, peinture, dessin, vid\u00e9o). La galerie accueille de jeunes artistes \u00e9mergents comme des artistes issus de courants artistiques majeurs. Des performances et des d\u00e9bats rythment r\u00e9guli\u00e8rement les grandes expositions de l\u2019ann\u00e9e. La galerie propose \u00e9galement une s\u00e9lection de s\u00e9rigraphies et d\u2019\u00e9ditions limit\u00e9es en lien avec son actualit\u00e9 artistique et culturelle. Et pour les passionn\u00e9s l\u2019arthoth\u00e8que de la galerie offre un large choix des s\u00e9rigraphies \u00e0 la location.\" \/>\n<meta property=\"og:url\" content=\"https:\/\/eva-vautier.com\/en\/langding-pgaes\/investing-in-art-for-tax-purposes\/\" \/>\n<meta property=\"og:site_name\" content=\"Galerie Eva Vautier\" \/>\n<meta property=\"article:publisher\" content=\"https:\/\/www.facebook.com\/evavautier\/\" \/>\n<meta name=\"twitter:card\" content=\"summary_large_image\" \/>\n<meta name=\"twitter:site\" content=\"@EvaVautier\" \/>\n<meta name=\"twitter:label1\" content=\"Est. reading time\" \/>\n\t<meta name=\"twitter:data1\" content=\"4 minutes\" \/>\n<script type=\"application\/ld+json\" class=\"yoast-schema-graph\">{\"@context\":\"https:\\\/\\\/schema.org\",\"@graph\":[{\"@type\":\"WebPage\",\"@id\":\"https:\\\/\\\/eva-vautier.com\\\/en\\\/langding-pgaes\\\/investing-in-art-for-tax-purposes\\\/\",\"url\":\"https:\\\/\\\/eva-vautier.com\\\/en\\\/langding-pgaes\\\/investing-in-art-for-tax-purposes\\\/\",\"name\":\"Investing in art for tax purposes ~ Galerie Eva Vautier\",\"isPartOf\":{\"@id\":\"https:\\\/\\\/eva-vautier.com\\\/en\\\/#website\"},\"datePublished\":\"2020-10-31T16:27:20+00:00\",\"description\":\"Dans un bel espace d\u00e9di\u00e9 \u00e0 l\u2019art au c\u0153ur du quartier Lib\u00e9ration, Eva Vautier, offre un nouveau regard sur l\u2019art contemporain et ses pratiques artistiques (sculpture, photographie, peinture, dessin, vid\u00e9o). La galerie accueille de jeunes artistes \u00e9mergents comme des artistes issus de courants artistiques majeurs. Des performances et des d\u00e9bats rythment r\u00e9guli\u00e8rement les grandes expositions de l\u2019ann\u00e9e. La galerie propose \u00e9galement une s\u00e9lection de s\u00e9rigraphies et d\u2019\u00e9ditions limit\u00e9es en lien avec son actualit\u00e9 artistique et culturelle. Et pour les passionn\u00e9s l\u2019arthoth\u00e8que de la galerie offre un large choix des s\u00e9rigraphies \u00e0 la location.\",\"breadcrumb\":{\"@id\":\"https:\\\/\\\/eva-vautier.com\\\/en\\\/langding-pgaes\\\/investing-in-art-for-tax-purposes\\\/#breadcrumb\"},\"inLanguage\":\"en-US\",\"potentialAction\":[{\"@type\":\"ReadAction\",\"target\":[\"https:\\\/\\\/eva-vautier.com\\\/en\\\/langding-pgaes\\\/investing-in-art-for-tax-purposes\\\/\"]}]},{\"@type\":\"BreadcrumbList\",\"@id\":\"https:\\\/\\\/eva-vautier.com\\\/en\\\/langding-pgaes\\\/investing-in-art-for-tax-purposes\\\/#breadcrumb\",\"itemListElement\":[{\"@type\":\"ListItem\",\"position\":1,\"name\":\"Langding Pgaes\",\"item\":\"https:\\\/\\\/eva-vautier.com\\\/langding-pgaes\\\/\"},{\"@type\":\"ListItem\",\"position\":2,\"name\":\"Investing in art for tax purposes\"}]},{\"@type\":\"WebSite\",\"@id\":\"https:\\\/\\\/eva-vautier.com\\\/en\\\/#website\",\"url\":\"https:\\\/\\\/eva-vautier.com\\\/en\\\/\",\"name\":\"Galerie Eva Vautier\",\"description\":\"Galerie d&#039;art contemporain\",\"publisher\":{\"@id\":\"https:\\\/\\\/eva-vautier.com\\\/en\\\/#organization\"},\"potentialAction\":[{\"@type\":\"SearchAction\",\"target\":{\"@type\":\"EntryPoint\",\"urlTemplate\":\"https:\\\/\\\/eva-vautier.com\\\/en\\\/?s={search_term_string}\"},\"query-input\":{\"@type\":\"PropertyValueSpecification\",\"valueRequired\":true,\"valueName\":\"search_term_string\"}}],\"inLanguage\":\"en-US\"},{\"@type\":\"Organization\",\"@id\":\"https:\\\/\\\/eva-vautier.com\\\/en\\\/#organization\",\"name\":\"Galerie Eva Vautier\",\"url\":\"https:\\\/\\\/eva-vautier.com\\\/en\\\/\",\"logo\":{\"@type\":\"ImageObject\",\"inLanguage\":\"en-US\",\"@id\":\"https:\\\/\\\/eva-vautier.com\\\/en\\\/#\\\/schema\\\/logo\\\/image\\\/\",\"url\":\"http:\\\/\\\/eva-vautier.com\\\/wp-content\\\/uploads\\\/2018\\\/09\\\/logo-galerie-illustrator-04-1.png\",\"contentUrl\":\"http:\\\/\\\/eva-vautier.com\\\/wp-content\\\/uploads\\\/2018\\\/09\\\/logo-galerie-illustrator-04-1.png\",\"width\":200,\"height\":24,\"caption\":\"Galerie Eva Vautier\"},\"image\":{\"@id\":\"https:\\\/\\\/eva-vautier.com\\\/en\\\/#\\\/schema\\\/logo\\\/image\\\/\"},\"sameAs\":[\"https:\\\/\\\/www.facebook.com\\\/evavautier\\\/\",\"https:\\\/\\\/x.com\\\/EvaVautier\",\"https:\\\/\\\/www.instagram.com\\\/galerieevavautier\\\/\"]}]}<\/script>\n<!-- \/ Yoast SEO plugin. -->","yoast_head_json":{"title":"Investing in art for tax purposes ~ Galerie Eva Vautier","description":"Dans un bel espace d\u00e9di\u00e9 \u00e0 l\u2019art au c\u0153ur du quartier Lib\u00e9ration, Eva Vautier, offre un nouveau regard sur l\u2019art contemporain et ses pratiques artistiques (sculpture, photographie, peinture, dessin, vid\u00e9o). La galerie accueille de jeunes artistes \u00e9mergents comme des artistes issus de courants artistiques majeurs. Des performances et des d\u00e9bats rythment r\u00e9guli\u00e8rement les grandes expositions de l\u2019ann\u00e9e. La galerie propose \u00e9galement une s\u00e9lection de s\u00e9rigraphies et d\u2019\u00e9ditions limit\u00e9es en lien avec son actualit\u00e9 artistique et culturelle. Et pour les passionn\u00e9s l\u2019arthoth\u00e8que de la galerie offre un large choix des s\u00e9rigraphies \u00e0 la location.","robots":{"index":"index","follow":"follow","max-snippet":"max-snippet:-1","max-image-preview":"max-image-preview:large","max-video-preview":"max-video-preview:-1"},"canonical":"https:\/\/eva-vautier.com\/en\/langding-pgaes\/investing-in-art-for-tax-purposes\/","og_locale":"en_US","og_type":"article","og_title":"Investing in art for tax purposes ~ Galerie Eva Vautier","og_description":"Dans un bel espace d\u00e9di\u00e9 \u00e0 l\u2019art au c\u0153ur du quartier Lib\u00e9ration, Eva Vautier, offre un nouveau regard sur l\u2019art contemporain et ses pratiques artistiques (sculpture, photographie, peinture, dessin, vid\u00e9o). La galerie accueille de jeunes artistes \u00e9mergents comme des artistes issus de courants artistiques majeurs. Des performances et des d\u00e9bats rythment r\u00e9guli\u00e8rement les grandes expositions de l\u2019ann\u00e9e. La galerie propose \u00e9galement une s\u00e9lection de s\u00e9rigraphies et d\u2019\u00e9ditions limit\u00e9es en lien avec son actualit\u00e9 artistique et culturelle. Et pour les passionn\u00e9s l\u2019arthoth\u00e8que de la galerie offre un large choix des s\u00e9rigraphies \u00e0 la location.","og_url":"https:\/\/eva-vautier.com\/en\/langding-pgaes\/investing-in-art-for-tax-purposes\/","og_site_name":"Galerie Eva Vautier","article_publisher":"https:\/\/www.facebook.com\/evavautier\/","twitter_card":"summary_large_image","twitter_site":"@EvaVautier","twitter_misc":{"Est. reading time":"4 minutes"},"schema":{"@context":"https:\/\/schema.org","@graph":[{"@type":"WebPage","@id":"https:\/\/eva-vautier.com\/en\/langding-pgaes\/investing-in-art-for-tax-purposes\/","url":"https:\/\/eva-vautier.com\/en\/langding-pgaes\/investing-in-art-for-tax-purposes\/","name":"Investing in art for tax purposes ~ Galerie Eva Vautier","isPartOf":{"@id":"https:\/\/eva-vautier.com\/en\/#website"},"datePublished":"2020-10-31T16:27:20+00:00","description":"Dans un bel espace d\u00e9di\u00e9 \u00e0 l\u2019art au c\u0153ur du quartier Lib\u00e9ration, Eva Vautier, offre un nouveau regard sur l\u2019art contemporain et ses pratiques artistiques (sculpture, photographie, peinture, dessin, vid\u00e9o). La galerie accueille de jeunes artistes \u00e9mergents comme des artistes issus de courants artistiques majeurs. Des performances et des d\u00e9bats rythment r\u00e9guli\u00e8rement les grandes expositions de l\u2019ann\u00e9e. La galerie propose \u00e9galement une s\u00e9lection de s\u00e9rigraphies et d\u2019\u00e9ditions limit\u00e9es en lien avec son actualit\u00e9 artistique et culturelle. Et pour les passionn\u00e9s l\u2019arthoth\u00e8que de la galerie offre un large choix des s\u00e9rigraphies \u00e0 la location.","breadcrumb":{"@id":"https:\/\/eva-vautier.com\/en\/langding-pgaes\/investing-in-art-for-tax-purposes\/#breadcrumb"},"inLanguage":"en-US","potentialAction":[{"@type":"ReadAction","target":["https:\/\/eva-vautier.com\/en\/langding-pgaes\/investing-in-art-for-tax-purposes\/"]}]},{"@type":"BreadcrumbList","@id":"https:\/\/eva-vautier.com\/en\/langding-pgaes\/investing-in-art-for-tax-purposes\/#breadcrumb","itemListElement":[{"@type":"ListItem","position":1,"name":"Langding Pgaes","item":"https:\/\/eva-vautier.com\/langding-pgaes\/"},{"@type":"ListItem","position":2,"name":"Investing in art for tax purposes"}]},{"@type":"WebSite","@id":"https:\/\/eva-vautier.com\/en\/#website","url":"https:\/\/eva-vautier.com\/en\/","name":"Galerie Eva Vautier","description":"Galerie d&#039;art contemporain","publisher":{"@id":"https:\/\/eva-vautier.com\/en\/#organization"},"potentialAction":[{"@type":"SearchAction","target":{"@type":"EntryPoint","urlTemplate":"https:\/\/eva-vautier.com\/en\/?s={search_term_string}"},"query-input":{"@type":"PropertyValueSpecification","valueRequired":true,"valueName":"search_term_string"}}],"inLanguage":"en-US"},{"@type":"Organization","@id":"https:\/\/eva-vautier.com\/en\/#organization","name":"Galerie Eva Vautier","url":"https:\/\/eva-vautier.com\/en\/","logo":{"@type":"ImageObject","inLanguage":"en-US","@id":"https:\/\/eva-vautier.com\/en\/#\/schema\/logo\/image\/","url":"http:\/\/eva-vautier.com\/wp-content\/uploads\/2018\/09\/logo-galerie-illustrator-04-1.png","contentUrl":"http:\/\/eva-vautier.com\/wp-content\/uploads\/2018\/09\/logo-galerie-illustrator-04-1.png","width":200,"height":24,"caption":"Galerie Eva Vautier"},"image":{"@id":"https:\/\/eva-vautier.com\/en\/#\/schema\/logo\/image\/"},"sameAs":["https:\/\/www.facebook.com\/evavautier\/","https:\/\/x.com\/EvaVautier","https:\/\/www.instagram.com\/galerieevavautier\/"]}]}},"_links":{"self":[{"href":"https:\/\/eva-vautier.com\/en\/wp-json\/wp\/v2\/pages\/81525","targetHints":{"allow":["GET"]}}],"collection":[{"href":"https:\/\/eva-vautier.com\/en\/wp-json\/wp\/v2\/pages"}],"about":[{"href":"https:\/\/eva-vautier.com\/en\/wp-json\/wp\/v2\/types\/page"}],"author":[{"embeddable":true,"href":"https:\/\/eva-vautier.com\/en\/wp-json\/wp\/v2\/users\/1"}],"replies":[{"embeddable":true,"href":"https:\/\/eva-vautier.com\/en\/wp-json\/wp\/v2\/comments?post=81525"}],"version-history":[{"count":0,"href":"https:\/\/eva-vautier.com\/en\/wp-json\/wp\/v2\/pages\/81525\/revisions"}],"up":[{"embeddable":true,"href":"https:\/\/eva-vautier.com\/en\/wp-json\/wp\/v2\/pages\/80689"}],"wp:attachment":[{"href":"https:\/\/eva-vautier.com\/en\/wp-json\/wp\/v2\/media?parent=81525"}],"curies":[{"name":"wp","href":"https:\/\/api.w.org\/{rel}","templated":true}]}}