{"id":80666,"date":"2014-09-26T15:12:38","date_gmt":"2014-09-26T16:12:38","guid":{"rendered":"https:\/\/2023.eva-vautier.com\/about-us\/"},"modified":"2023-05-30T15:59:38","modified_gmt":"2023-05-30T16:59:38","slug":"about-us","status":"publish","type":"page","link":"https:\/\/eva-vautier.com\/en\/about-us\/","title":{"rendered":"About us"},"content":{"rendered":"<p>[vc_row row_type=&#8221;row&#8221; use_row_as_full_screen_section=&#8221;no&#8221; type=&#8221;full_width&#8221; text_align=&#8221;left&#8221; background_animation=&#8221;none&#8221; css_animation=&#8221;&#8221;][vc_column][vc_column_text]<\/p>\n<div id=\"u3755-17\" class=\"clearfix colelem\" data-ice-editable=\"html\" data-ice-options=\"disableImageResize,none\" data-muse-uid=\"U3755\">\n<p><a href=\"http:\/\/eva-vautier.com\/wp-content\/uploads\/2014\/06\/eva_galerie_pourweb.jpg\"><img loading=\"lazy\" decoding=\"async\" class=\"aligncenter wp-image-22188 size-full\" src=\"http:\/\/eva-vautier.com\/wp-content\/uploads\/2014\/06\/eva_galerie_pourweb.jpg\" alt=\"Eva_galerie_pourweb\" width=\"1500\" height=\"386\" srcset=\"https:\/\/eva-vautier.com\/wp-content\/uploads\/2014\/06\/eva_galerie_pourweb.jpg 1500w, https:\/\/eva-vautier.com\/wp-content\/uploads\/2014\/06\/eva_galerie_pourweb-800x206.jpg 800w, https:\/\/eva-vautier.com\/wp-content\/uploads\/2014\/06\/eva_galerie_pourweb-64x16.jpg 64w, https:\/\/eva-vautier.com\/wp-content\/uploads\/2014\/06\/eva_galerie_pourweb-300x77.jpg 300w, https:\/\/eva-vautier.com\/wp-content\/uploads\/2014\/06\/eva_galerie_pourweb-1024x264.jpg 1024w, https:\/\/eva-vautier.com\/wp-content\/uploads\/2014\/06\/eva_galerie_pourweb-768x198.jpg 768w, https:\/\/eva-vautier.com\/wp-content\/uploads\/2014\/06\/eva_galerie_pourweb-260x67.jpg 260w, https:\/\/eva-vautier.com\/wp-content\/uploads\/2014\/06\/eva_galerie_pourweb-50x13.jpg 50w, https:\/\/eva-vautier.com\/wp-content\/uploads\/2014\/06\/eva_galerie_pourweb-150x39.jpg 150w\" sizes=\"auto, (max-width:767px) 480px, (max-width:1500px) 100vw, 1500px\" \/><\/a><\/p>\n<h4 style=\"text-align: justify;\"><\/h4>\n<h4 style=\"text-align: justify;\"><\/h4>\n<h4 style=\"text-align: justify;\"><span style=\"color: #ffffff;\">,  <\/span><\/h4>\n<h4 id=\"u3755-2\" style=\"text-align: left;\">The Eva Vautier Gallery<\/h4>\n<p><span style=\"color: #ffffff;\">,<\/span><\/p>\n<div class=\"page\" title=\"Page 1\">\n<div class=\"layoutArea\">\n<div class=\"column\">\n<p>Since its opening in 2013, the Eva Vautier Gallery has been weaving together generations that have marked the history of contemporary art, starting with the \u00c9cole de Nice and the Fluxus movement to the present day. It represents with the same intensity emerging and internationally renowned artists. The gallery places particular emphasis on supporting and promoting women.<\/p>\n<p>&nbsp;<\/p>\n<p>His artists develop themes related to the relationship with nature, matter, the human and the everyday. This is how the gallery proposes an innovative vision of contemporary art and contributes to the dynamism of the French art scene. His privileged link with Ben Vautier allows him a free and experimental tone recognized by the institutions.<\/p>\n<p>&nbsp;<\/p>\n<p>Exhibiting drawings, paintings, sculptures, photographs, videos and installations, the gallery also offers historical retrospectives of artistic movements such as Fluxus, Supports\/Surfaces and Figuration Libre. Its space is divided into a temporary exhibition area and a showroom offering, among other things, the publications and multiples of artists that it publishes.<\/p>\n<\/div>\n<\/div>\n<\/div>\n<\/div>\n<p>[\/vc_column_text][\/vc_column][\/vc_row]<\/p>\n","protected":false},"excerpt":{"rendered":"<p><span class=\"excerpt-hellip\"> [\u2026]<\/span><\/p>\n","protected":false},"author":1,"featured_media":0,"parent":0,"menu_order":0,"comment_status":"open","ping_status":"open","template":"","meta":{"footnotes":""},"class_list":["post-80666","page","type-page","status-publish","hentry"],"yoast_head":"<!-- This site is optimized with the Yoast SEO plugin v27.4 - https:\/\/yoast.com\/product\/yoast-seo-wordpress\/ -->\n<title>About us ~ Galerie Eva Vautier<\/title>\n<meta name=\"description\" content=\"Dans un bel espace d\u00e9di\u00e9 \u00e0 l\u2019art au c\u0153ur du quartier Lib\u00e9ration, Eva Vautier, offre un nouveau regard sur l\u2019art contemporain et ses pratiques artistiques (sculpture, photographie, peinture, dessin, vid\u00e9o). La galerie accueille de jeunes artistes \u00e9mergents comme des artistes issus de courants artistiques majeurs. Des performances et des d\u00e9bats rythment r\u00e9guli\u00e8rement les grandes expositions de l\u2019ann\u00e9e. La galerie propose \u00e9galement une s\u00e9lection de s\u00e9rigraphies et d\u2019\u00e9ditions limit\u00e9es en lien avec son actualit\u00e9 artistique et culturelle. Et pour les passionn\u00e9s l\u2019arthoth\u00e8que de la galerie offre un large choix des s\u00e9rigraphies \u00e0 la location.\" \/>\n<meta name=\"robots\" content=\"index, follow, max-snippet:-1, max-image-preview:large, max-video-preview:-1\" \/>\n<link rel=\"canonical\" href=\"https:\/\/eva-vautier.com\/en\/about-us\/\" \/>\n<meta property=\"og:locale\" content=\"en_US\" \/>\n<meta property=\"og:type\" content=\"article\" \/>\n<meta property=\"og:title\" content=\"About us ~ Galerie Eva Vautier\" \/>\n<meta property=\"og:description\" content=\"Dans un bel espace d\u00e9di\u00e9 \u00e0 l\u2019art au c\u0153ur du quartier Lib\u00e9ration, Eva Vautier, offre un nouveau regard sur l\u2019art contemporain et ses pratiques artistiques (sculpture, photographie, peinture, dessin, vid\u00e9o). La galerie accueille de jeunes artistes \u00e9mergents comme des artistes issus de courants artistiques majeurs. Des performances et des d\u00e9bats rythment r\u00e9guli\u00e8rement les grandes expositions de l\u2019ann\u00e9e. La galerie propose \u00e9galement une s\u00e9lection de s\u00e9rigraphies et d\u2019\u00e9ditions limit\u00e9es en lien avec son actualit\u00e9 artistique et culturelle. Et pour les passionn\u00e9s l\u2019arthoth\u00e8que de la galerie offre un large choix des s\u00e9rigraphies \u00e0 la location.\" \/>\n<meta property=\"og:url\" content=\"https:\/\/eva-vautier.com\/en\/about-us\/\" \/>\n<meta property=\"og:site_name\" content=\"Galerie Eva Vautier\" \/>\n<meta property=\"article:publisher\" content=\"https:\/\/www.facebook.com\/evavautier\/\" \/>\n<meta property=\"article:modified_time\" content=\"2023-05-30T16:59:38+00:00\" \/>\n<meta property=\"og:image\" content=\"http:\/\/eva-vautier.com\/wp-content\/uploads\/2014\/06\/eva_galerie_pourweb.jpg\" \/>\n<meta name=\"twitter:card\" content=\"summary_large_image\" \/>\n<meta name=\"twitter:site\" content=\"@EvaVautier\" \/>\n<meta name=\"twitter:label1\" content=\"Est. reading time\" \/>\n\t<meta name=\"twitter:data1\" content=\"1 minute\" \/>\n<script type=\"application\/ld+json\" class=\"yoast-schema-graph\">{\"@context\":\"https:\\\/\\\/schema.org\",\"@graph\":[{\"@type\":\"WebPage\",\"@id\":\"https:\\\/\\\/eva-vautier.com\\\/en\\\/about-us\\\/\",\"url\":\"https:\\\/\\\/eva-vautier.com\\\/en\\\/about-us\\\/\",\"name\":\"About us ~ Galerie Eva Vautier\",\"isPartOf\":{\"@id\":\"https:\\\/\\\/eva-vautier.com\\\/en\\\/#website\"},\"primaryImageOfPage\":{\"@id\":\"https:\\\/\\\/eva-vautier.com\\\/en\\\/about-us\\\/#primaryimage\"},\"image\":{\"@id\":\"https:\\\/\\\/eva-vautier.com\\\/en\\\/about-us\\\/#primaryimage\"},\"thumbnailUrl\":\"http:\\\/\\\/eva-vautier.com\\\/wp-content\\\/uploads\\\/2014\\\/06\\\/eva_galerie_pourweb.jpg\",\"datePublished\":\"2014-09-26T16:12:38+00:00\",\"dateModified\":\"2023-05-30T16:59:38+00:00\",\"description\":\"Dans un bel espace d\u00e9di\u00e9 \u00e0 l\u2019art au c\u0153ur du quartier Lib\u00e9ration, Eva Vautier, offre un nouveau regard sur l\u2019art contemporain et ses pratiques artistiques (sculpture, photographie, peinture, dessin, vid\u00e9o). La galerie accueille de jeunes artistes \u00e9mergents comme des artistes issus de courants artistiques majeurs. Des performances et des d\u00e9bats rythment r\u00e9guli\u00e8rement les grandes expositions de l\u2019ann\u00e9e. La galerie propose \u00e9galement une s\u00e9lection de s\u00e9rigraphies et d\u2019\u00e9ditions limit\u00e9es en lien avec son actualit\u00e9 artistique et culturelle. Et pour les passionn\u00e9s l\u2019arthoth\u00e8que de la galerie offre un large choix des s\u00e9rigraphies \u00e0 la location.\",\"inLanguage\":\"en-US\",\"potentialAction\":[{\"@type\":\"ReadAction\",\"target\":[\"https:\\\/\\\/eva-vautier.com\\\/en\\\/about-us\\\/\"]}]},{\"@type\":\"ImageObject\",\"inLanguage\":\"en-US\",\"@id\":\"https:\\\/\\\/eva-vautier.com\\\/en\\\/about-us\\\/#primaryimage\",\"url\":\"http:\\\/\\\/eva-vautier.com\\\/wp-content\\\/uploads\\\/2014\\\/06\\\/eva_galerie_pourweb.jpg\",\"contentUrl\":\"http:\\\/\\\/eva-vautier.com\\\/wp-content\\\/uploads\\\/2014\\\/06\\\/eva_galerie_pourweb.jpg\"},{\"@type\":\"WebSite\",\"@id\":\"https:\\\/\\\/eva-vautier.com\\\/en\\\/#website\",\"url\":\"https:\\\/\\\/eva-vautier.com\\\/en\\\/\",\"name\":\"Galerie Eva Vautier\",\"description\":\"Galerie d&#039;art contemporain\",\"publisher\":{\"@id\":\"https:\\\/\\\/eva-vautier.com\\\/en\\\/#organization\"},\"potentialAction\":[{\"@type\":\"SearchAction\",\"target\":{\"@type\":\"EntryPoint\",\"urlTemplate\":\"https:\\\/\\\/eva-vautier.com\\\/en\\\/?s={search_term_string}\"},\"query-input\":{\"@type\":\"PropertyValueSpecification\",\"valueRequired\":true,\"valueName\":\"search_term_string\"}}],\"inLanguage\":\"en-US\"},{\"@type\":\"Organization\",\"@id\":\"https:\\\/\\\/eva-vautier.com\\\/en\\\/#organization\",\"name\":\"Galerie Eva Vautier\",\"url\":\"https:\\\/\\\/eva-vautier.com\\\/en\\\/\",\"logo\":{\"@type\":\"ImageObject\",\"inLanguage\":\"en-US\",\"@id\":\"https:\\\/\\\/eva-vautier.com\\\/en\\\/#\\\/schema\\\/logo\\\/image\\\/\",\"url\":\"http:\\\/\\\/eva-vautier.com\\\/wp-content\\\/uploads\\\/2018\\\/09\\\/logo-galerie-illustrator-04-1.png\",\"contentUrl\":\"http:\\\/\\\/eva-vautier.com\\\/wp-content\\\/uploads\\\/2018\\\/09\\\/logo-galerie-illustrator-04-1.png\",\"width\":200,\"height\":24,\"caption\":\"Galerie Eva Vautier\"},\"image\":{\"@id\":\"https:\\\/\\\/eva-vautier.com\\\/en\\\/#\\\/schema\\\/logo\\\/image\\\/\"},\"sameAs\":[\"https:\\\/\\\/www.facebook.com\\\/evavautier\\\/\",\"https:\\\/\\\/x.com\\\/EvaVautier\",\"https:\\\/\\\/www.instagram.com\\\/galerieevavautier\\\/\"]}]}<\/script>\n<!-- \/ Yoast SEO plugin. -->","yoast_head_json":{"title":"About us ~ Galerie Eva Vautier","description":"Dans un bel espace d\u00e9di\u00e9 \u00e0 l\u2019art au c\u0153ur du quartier Lib\u00e9ration, Eva Vautier, offre un nouveau regard sur l\u2019art contemporain et ses pratiques artistiques (sculpture, photographie, peinture, dessin, vid\u00e9o). La galerie accueille de jeunes artistes \u00e9mergents comme des artistes issus de courants artistiques majeurs. Des performances et des d\u00e9bats rythment r\u00e9guli\u00e8rement les grandes expositions de l\u2019ann\u00e9e. La galerie propose \u00e9galement une s\u00e9lection de s\u00e9rigraphies et d\u2019\u00e9ditions limit\u00e9es en lien avec son actualit\u00e9 artistique et culturelle. Et pour les passionn\u00e9s l\u2019arthoth\u00e8que de la galerie offre un large choix des s\u00e9rigraphies \u00e0 la location.","robots":{"index":"index","follow":"follow","max-snippet":"max-snippet:-1","max-image-preview":"max-image-preview:large","max-video-preview":"max-video-preview:-1"},"canonical":"https:\/\/eva-vautier.com\/en\/about-us\/","og_locale":"en_US","og_type":"article","og_title":"About us ~ Galerie Eva Vautier","og_description":"Dans un bel espace d\u00e9di\u00e9 \u00e0 l\u2019art au c\u0153ur du quartier Lib\u00e9ration, Eva Vautier, offre un nouveau regard sur l\u2019art contemporain et ses pratiques artistiques (sculpture, photographie, peinture, dessin, vid\u00e9o). La galerie accueille de jeunes artistes \u00e9mergents comme des artistes issus de courants artistiques majeurs. Des performances et des d\u00e9bats rythment r\u00e9guli\u00e8rement les grandes expositions de l\u2019ann\u00e9e. La galerie propose \u00e9galement une s\u00e9lection de s\u00e9rigraphies et d\u2019\u00e9ditions limit\u00e9es en lien avec son actualit\u00e9 artistique et culturelle. Et pour les passionn\u00e9s l\u2019arthoth\u00e8que de la galerie offre un large choix des s\u00e9rigraphies \u00e0 la location.","og_url":"https:\/\/eva-vautier.com\/en\/about-us\/","og_site_name":"Galerie Eva Vautier","article_publisher":"https:\/\/www.facebook.com\/evavautier\/","article_modified_time":"2023-05-30T16:59:38+00:00","og_image":[{"url":"http:\/\/eva-vautier.com\/wp-content\/uploads\/2014\/06\/eva_galerie_pourweb.jpg","type":"","width":"","height":""}],"twitter_card":"summary_large_image","twitter_site":"@EvaVautier","twitter_misc":{"Est. reading time":"1 minute"},"schema":{"@context":"https:\/\/schema.org","@graph":[{"@type":"WebPage","@id":"https:\/\/eva-vautier.com\/en\/about-us\/","url":"https:\/\/eva-vautier.com\/en\/about-us\/","name":"About us ~ Galerie Eva Vautier","isPartOf":{"@id":"https:\/\/eva-vautier.com\/en\/#website"},"primaryImageOfPage":{"@id":"https:\/\/eva-vautier.com\/en\/about-us\/#primaryimage"},"image":{"@id":"https:\/\/eva-vautier.com\/en\/about-us\/#primaryimage"},"thumbnailUrl":"http:\/\/eva-vautier.com\/wp-content\/uploads\/2014\/06\/eva_galerie_pourweb.jpg","datePublished":"2014-09-26T16:12:38+00:00","dateModified":"2023-05-30T16:59:38+00:00","description":"Dans un bel espace d\u00e9di\u00e9 \u00e0 l\u2019art au c\u0153ur du quartier Lib\u00e9ration, Eva Vautier, offre un nouveau regard sur l\u2019art contemporain et ses pratiques artistiques (sculpture, photographie, peinture, dessin, vid\u00e9o). La galerie accueille de jeunes artistes \u00e9mergents comme des artistes issus de courants artistiques majeurs. Des performances et des d\u00e9bats rythment r\u00e9guli\u00e8rement les grandes expositions de l\u2019ann\u00e9e. La galerie propose \u00e9galement une s\u00e9lection de s\u00e9rigraphies et d\u2019\u00e9ditions limit\u00e9es en lien avec son actualit\u00e9 artistique et culturelle. Et pour les passionn\u00e9s l\u2019arthoth\u00e8que de la galerie offre un large choix des s\u00e9rigraphies \u00e0 la location.","inLanguage":"en-US","potentialAction":[{"@type":"ReadAction","target":["https:\/\/eva-vautier.com\/en\/about-us\/"]}]},{"@type":"ImageObject","inLanguage":"en-US","@id":"https:\/\/eva-vautier.com\/en\/about-us\/#primaryimage","url":"http:\/\/eva-vautier.com\/wp-content\/uploads\/2014\/06\/eva_galerie_pourweb.jpg","contentUrl":"http:\/\/eva-vautier.com\/wp-content\/uploads\/2014\/06\/eva_galerie_pourweb.jpg"},{"@type":"WebSite","@id":"https:\/\/eva-vautier.com\/en\/#website","url":"https:\/\/eva-vautier.com\/en\/","name":"Galerie Eva Vautier","description":"Galerie d&#039;art contemporain","publisher":{"@id":"https:\/\/eva-vautier.com\/en\/#organization"},"potentialAction":[{"@type":"SearchAction","target":{"@type":"EntryPoint","urlTemplate":"https:\/\/eva-vautier.com\/en\/?s={search_term_string}"},"query-input":{"@type":"PropertyValueSpecification","valueRequired":true,"valueName":"search_term_string"}}],"inLanguage":"en-US"},{"@type":"Organization","@id":"https:\/\/eva-vautier.com\/en\/#organization","name":"Galerie Eva Vautier","url":"https:\/\/eva-vautier.com\/en\/","logo":{"@type":"ImageObject","inLanguage":"en-US","@id":"https:\/\/eva-vautier.com\/en\/#\/schema\/logo\/image\/","url":"http:\/\/eva-vautier.com\/wp-content\/uploads\/2018\/09\/logo-galerie-illustrator-04-1.png","contentUrl":"http:\/\/eva-vautier.com\/wp-content\/uploads\/2018\/09\/logo-galerie-illustrator-04-1.png","width":200,"height":24,"caption":"Galerie Eva Vautier"},"image":{"@id":"https:\/\/eva-vautier.com\/en\/#\/schema\/logo\/image\/"},"sameAs":["https:\/\/www.facebook.com\/evavautier\/","https:\/\/x.com\/EvaVautier","https:\/\/www.instagram.com\/galerieevavautier\/"]}]}},"_links":{"self":[{"href":"https:\/\/eva-vautier.com\/en\/wp-json\/wp\/v2\/pages\/80666","targetHints":{"allow":["GET"]}}],"collection":[{"href":"https:\/\/eva-vautier.com\/en\/wp-json\/wp\/v2\/pages"}],"about":[{"href":"https:\/\/eva-vautier.com\/en\/wp-json\/wp\/v2\/types\/page"}],"author":[{"embeddable":true,"href":"https:\/\/eva-vautier.com\/en\/wp-json\/wp\/v2\/users\/1"}],"replies":[{"embeddable":true,"href":"https:\/\/eva-vautier.com\/en\/wp-json\/wp\/v2\/comments?post=80666"}],"version-history":[{"count":0,"href":"https:\/\/eva-vautier.com\/en\/wp-json\/wp\/v2\/pages\/80666\/revisions"}],"wp:attachment":[{"href":"https:\/\/eva-vautier.com\/en\/wp-json\/wp\/v2\/media?parent=80666"}],"curies":[{"name":"wp","href":"https:\/\/api.w.org\/{rel}","templated":true}]}}