{"id":70034,"date":"2014-09-15T19:27:05","date_gmt":"2014-09-15T18:27:05","guid":{"rendered":"http:\/\/eva-vautier.com\/plan-galerie\/"},"modified":"2023-04-12T07:59:38","modified_gmt":"2023-04-12T08:59:38","slug":"plan-galerie","status":"publish","type":"page","link":"https:\/\/eva-vautier.com\/en\/gallery-floor-plan\/","title":{"rendered":"Gallery Map"},"content":{"rendered":"<p>&nbsp;<\/p>\n<h1 style=\"text-align: center;\"><strong>GALLERY MAP<\/strong><\/h1>\n<p>&nbsp;<\/p>\n<p>&nbsp;<\/p>\n<p>&nbsp;<\/p>\n<h3><\/h3>\n<h3><\/h3>\n<h3><a href=\"http:\/\/eva-vautier.com\/wp-content\/uploads\/2014\/09\/eva-plan-bon-gros-copie-copie.jpg\"><img loading=\"lazy\" decoding=\"async\" class=\"size-full wp-image-22201 aligncenter\" src=\"http:\/\/eva-vautier.com\/wp-content\/uploads\/2014\/09\/eva-plan-bon-gros-copie-copie.jpg\" alt=\"eva-plan good big copy\" width=\"682\" height=\"823\" srcset=\"https:\/\/eva-vautier.com\/wp-content\/uploads\/2014\/09\/eva-plan-bon-gros-copie-copie.jpg 682w, https:\/\/eva-vautier.com\/wp-content\/uploads\/2014\/09\/eva-plan-bon-gros-copie-copie-64x77.jpg 64w, https:\/\/eva-vautier.com\/wp-content\/uploads\/2014\/09\/eva-plan-bon-gros-copie-copie-249x300.jpg 249w, https:\/\/eva-vautier.com\/wp-content\/uploads\/2014\/09\/eva-plan-bon-gros-copie-copie-121x146.jpg 121w, https:\/\/eva-vautier.com\/wp-content\/uploads\/2014\/09\/eva-plan-bon-gros-copie-copie-41x50.jpg 41w, https:\/\/eva-vautier.com\/wp-content\/uploads\/2014\/09\/eva-plan-bon-gros-copie-copie-62x75.jpg 62w\" sizes=\"auto, (max-width:767px) 480px, 682px\" \/><\/a><\/h3>\n<p>&nbsp;<\/p>\n<p>&nbsp;<\/p>\n<p><a href=\"http:\/\/eva-vautier.com\/wp-content\/uploads\/2014\/09\/plan_espace-a-debattre-2.jpg\"><img loading=\"lazy\" decoding=\"async\" class=\"size-full wp-image-22202 aligncenter\" src=\"http:\/\/eva-vautier.com\/wp-content\/uploads\/2014\/09\/plan_espace-a-debattre-2.jpg\" alt=\"plan_space-a-debate-2\" width=\"652\" height=\"747\" srcset=\"https:\/\/eva-vautier.com\/wp-content\/uploads\/2014\/09\/plan_espace-a-debattre-2.jpg 652w, https:\/\/eva-vautier.com\/wp-content\/uploads\/2014\/09\/plan_espace-a-debattre-2-64x73.jpg 64w, https:\/\/eva-vautier.com\/wp-content\/uploads\/2014\/09\/plan_espace-a-debattre-2-262x300.jpg 262w, https:\/\/eva-vautier.com\/wp-content\/uploads\/2014\/09\/plan_espace-a-debattre-2-127x146.jpg 127w, https:\/\/eva-vautier.com\/wp-content\/uploads\/2014\/09\/plan_espace-a-debattre-2-44x50.jpg 44w, https:\/\/eva-vautier.com\/wp-content\/uploads\/2014\/09\/plan_espace-a-debattre-2-65x75.jpg 65w\" sizes=\"auto, (max-width:767px) 480px, 652px\" \/><\/a><\/p>\n","protected":false},"excerpt":{"rendered":"<p><span class=\"excerpt-hellip\"> [\u2026]<\/span><\/p>\n","protected":false},"author":1,"featured_media":0,"parent":0,"menu_order":0,"comment_status":"open","ping_status":"open","template":"","meta":{"footnotes":""},"class_list":["post-70034","page","type-page","status-publish","hentry"],"yoast_head":"<!-- This site is optimized with the Yoast SEO plugin v27.4 - https:\/\/yoast.com\/product\/yoast-seo-wordpress\/ -->\n<title>Gallery Map ~ Galerie Eva Vautier<\/title>\n<meta name=\"description\" content=\"Dans un bel espace d\u00e9di\u00e9 \u00e0 l\u2019art au c\u0153ur du quartier Lib\u00e9ration, Eva Vautier, offre un nouveau regard sur l\u2019art contemporain et ses pratiques artistiques (sculpture, photographie, peinture, dessin, vid\u00e9o). La galerie accueille de jeunes artistes \u00e9mergents comme des artistes issus de courants artistiques majeurs. Des performances et des d\u00e9bats rythment r\u00e9guli\u00e8rement les grandes expositions de l\u2019ann\u00e9e. La galerie propose \u00e9galement une s\u00e9lection de s\u00e9rigraphies et d\u2019\u00e9ditions limit\u00e9es en lien avec son actualit\u00e9 artistique et culturelle. Et pour les passionn\u00e9s l\u2019arthoth\u00e8que de la galerie offre un large choix des s\u00e9rigraphies \u00e0 la location.\" \/>\n<meta name=\"robots\" content=\"index, follow, max-snippet:-1, max-image-preview:large, max-video-preview:-1\" \/>\n<link rel=\"canonical\" href=\"https:\/\/eva-vautier.com\/en\/gallery-floor-plan\/\" \/>\n<meta property=\"og:locale\" content=\"en_US\" \/>\n<meta property=\"og:type\" content=\"article\" \/>\n<meta property=\"og:title\" content=\"Gallery Map ~ Galerie Eva Vautier\" \/>\n<meta property=\"og:description\" content=\"Dans un bel espace d\u00e9di\u00e9 \u00e0 l\u2019art au c\u0153ur du quartier Lib\u00e9ration, Eva Vautier, offre un nouveau regard sur l\u2019art contemporain et ses pratiques artistiques (sculpture, photographie, peinture, dessin, vid\u00e9o). La galerie accueille de jeunes artistes \u00e9mergents comme des artistes issus de courants artistiques majeurs. Des performances et des d\u00e9bats rythment r\u00e9guli\u00e8rement les grandes expositions de l\u2019ann\u00e9e. La galerie propose \u00e9galement une s\u00e9lection de s\u00e9rigraphies et d\u2019\u00e9ditions limit\u00e9es en lien avec son actualit\u00e9 artistique et culturelle. Et pour les passionn\u00e9s l\u2019arthoth\u00e8que de la galerie offre un large choix des s\u00e9rigraphies \u00e0 la location.\" \/>\n<meta property=\"og:url\" content=\"https:\/\/eva-vautier.com\/en\/gallery-floor-plan\/\" \/>\n<meta property=\"og:site_name\" content=\"Galerie Eva Vautier\" \/>\n<meta property=\"article:publisher\" content=\"https:\/\/www.facebook.com\/evavautier\/\" \/>\n<meta property=\"article:modified_time\" content=\"2023-04-12T08:59:38+00:00\" \/>\n<meta property=\"og:image\" content=\"http:\/\/eva-vautier.com\/wp-content\/uploads\/2014\/09\/eva-plan-bon-gros-copie-copie.jpg\" \/>\n<meta name=\"twitter:card\" content=\"summary_large_image\" \/>\n<meta name=\"twitter:site\" content=\"@EvaVautier\" \/>\n<script type=\"application\/ld+json\" class=\"yoast-schema-graph\">{\"@context\":\"https:\\\/\\\/schema.org\",\"@graph\":[{\"@type\":\"WebPage\",\"@id\":\"https:\\\/\\\/eva-vautier.com\\\/en\\\/gallery-floor-plan\\\/\",\"url\":\"https:\\\/\\\/eva-vautier.com\\\/en\\\/gallery-floor-plan\\\/\",\"name\":\"Gallery Map ~ Galerie Eva Vautier\",\"isPartOf\":{\"@id\":\"https:\\\/\\\/eva-vautier.com\\\/en\\\/#website\"},\"primaryImageOfPage\":{\"@id\":\"https:\\\/\\\/eva-vautier.com\\\/en\\\/gallery-floor-plan\\\/#primaryimage\"},\"image\":{\"@id\":\"https:\\\/\\\/eva-vautier.com\\\/en\\\/gallery-floor-plan\\\/#primaryimage\"},\"thumbnailUrl\":\"http:\\\/\\\/eva-vautier.com\\\/wp-content\\\/uploads\\\/2014\\\/09\\\/eva-plan-bon-gros-copie-copie.jpg\",\"datePublished\":\"2014-09-15T18:27:05+00:00\",\"dateModified\":\"2023-04-12T08:59:38+00:00\",\"description\":\"Dans un bel espace d\u00e9di\u00e9 \u00e0 l\u2019art au c\u0153ur du quartier Lib\u00e9ration, Eva Vautier, offre un nouveau regard sur l\u2019art contemporain et ses pratiques artistiques (sculpture, photographie, peinture, dessin, vid\u00e9o). La galerie accueille de jeunes artistes \u00e9mergents comme des artistes issus de courants artistiques majeurs. Des performances et des d\u00e9bats rythment r\u00e9guli\u00e8rement les grandes expositions de l\u2019ann\u00e9e. La galerie propose \u00e9galement une s\u00e9lection de s\u00e9rigraphies et d\u2019\u00e9ditions limit\u00e9es en lien avec son actualit\u00e9 artistique et culturelle. Et pour les passionn\u00e9s l\u2019arthoth\u00e8que de la galerie offre un large choix des s\u00e9rigraphies \u00e0 la location.\",\"inLanguage\":\"en-US\",\"potentialAction\":[{\"@type\":\"ReadAction\",\"target\":[\"https:\\\/\\\/eva-vautier.com\\\/en\\\/gallery-floor-plan\\\/\"]}]},{\"@type\":\"ImageObject\",\"inLanguage\":\"en-US\",\"@id\":\"https:\\\/\\\/eva-vautier.com\\\/en\\\/gallery-floor-plan\\\/#primaryimage\",\"url\":\"http:\\\/\\\/eva-vautier.com\\\/wp-content\\\/uploads\\\/2014\\\/09\\\/eva-plan-bon-gros-copie-copie.jpg\",\"contentUrl\":\"http:\\\/\\\/eva-vautier.com\\\/wp-content\\\/uploads\\\/2014\\\/09\\\/eva-plan-bon-gros-copie-copie.jpg\"},{\"@type\":\"WebSite\",\"@id\":\"https:\\\/\\\/eva-vautier.com\\\/en\\\/#website\",\"url\":\"https:\\\/\\\/eva-vautier.com\\\/en\\\/\",\"name\":\"Galerie Eva Vautier\",\"description\":\"Galerie d&#039;art contemporain\",\"publisher\":{\"@id\":\"https:\\\/\\\/eva-vautier.com\\\/en\\\/#organization\"},\"potentialAction\":[{\"@type\":\"SearchAction\",\"target\":{\"@type\":\"EntryPoint\",\"urlTemplate\":\"https:\\\/\\\/eva-vautier.com\\\/en\\\/?s={search_term_string}\"},\"query-input\":{\"@type\":\"PropertyValueSpecification\",\"valueRequired\":true,\"valueName\":\"search_term_string\"}}],\"inLanguage\":\"en-US\"},{\"@type\":\"Organization\",\"@id\":\"https:\\\/\\\/eva-vautier.com\\\/en\\\/#organization\",\"name\":\"Galerie Eva Vautier\",\"url\":\"https:\\\/\\\/eva-vautier.com\\\/en\\\/\",\"logo\":{\"@type\":\"ImageObject\",\"inLanguage\":\"en-US\",\"@id\":\"https:\\\/\\\/eva-vautier.com\\\/en\\\/#\\\/schema\\\/logo\\\/image\\\/\",\"url\":\"http:\\\/\\\/eva-vautier.com\\\/wp-content\\\/uploads\\\/2018\\\/09\\\/logo-galerie-illustrator-04-1.png\",\"contentUrl\":\"http:\\\/\\\/eva-vautier.com\\\/wp-content\\\/uploads\\\/2018\\\/09\\\/logo-galerie-illustrator-04-1.png\",\"width\":200,\"height\":24,\"caption\":\"Galerie Eva Vautier\"},\"image\":{\"@id\":\"https:\\\/\\\/eva-vautier.com\\\/en\\\/#\\\/schema\\\/logo\\\/image\\\/\"},\"sameAs\":[\"https:\\\/\\\/www.facebook.com\\\/evavautier\\\/\",\"https:\\\/\\\/x.com\\\/EvaVautier\",\"https:\\\/\\\/www.instagram.com\\\/galerieevavautier\\\/\"]}]}<\/script>\n<!-- \/ Yoast SEO plugin. -->","yoast_head_json":{"title":"Gallery Map ~ Galerie Eva Vautier","description":"Dans un bel espace d\u00e9di\u00e9 \u00e0 l\u2019art au c\u0153ur du quartier Lib\u00e9ration, Eva Vautier, offre un nouveau regard sur l\u2019art contemporain et ses pratiques artistiques (sculpture, photographie, peinture, dessin, vid\u00e9o). La galerie accueille de jeunes artistes \u00e9mergents comme des artistes issus de courants artistiques majeurs. Des performances et des d\u00e9bats rythment r\u00e9guli\u00e8rement les grandes expositions de l\u2019ann\u00e9e. La galerie propose \u00e9galement une s\u00e9lection de s\u00e9rigraphies et d\u2019\u00e9ditions limit\u00e9es en lien avec son actualit\u00e9 artistique et culturelle. Et pour les passionn\u00e9s l\u2019arthoth\u00e8que de la galerie offre un large choix des s\u00e9rigraphies \u00e0 la location.","robots":{"index":"index","follow":"follow","max-snippet":"max-snippet:-1","max-image-preview":"max-image-preview:large","max-video-preview":"max-video-preview:-1"},"canonical":"https:\/\/eva-vautier.com\/en\/gallery-floor-plan\/","og_locale":"en_US","og_type":"article","og_title":"Gallery Map ~ Galerie Eva Vautier","og_description":"Dans un bel espace d\u00e9di\u00e9 \u00e0 l\u2019art au c\u0153ur du quartier Lib\u00e9ration, Eva Vautier, offre un nouveau regard sur l\u2019art contemporain et ses pratiques artistiques (sculpture, photographie, peinture, dessin, vid\u00e9o). La galerie accueille de jeunes artistes \u00e9mergents comme des artistes issus de courants artistiques majeurs. Des performances et des d\u00e9bats rythment r\u00e9guli\u00e8rement les grandes expositions de l\u2019ann\u00e9e. La galerie propose \u00e9galement une s\u00e9lection de s\u00e9rigraphies et d\u2019\u00e9ditions limit\u00e9es en lien avec son actualit\u00e9 artistique et culturelle. Et pour les passionn\u00e9s l\u2019arthoth\u00e8que de la galerie offre un large choix des s\u00e9rigraphies \u00e0 la location.","og_url":"https:\/\/eva-vautier.com\/en\/gallery-floor-plan\/","og_site_name":"Galerie Eva Vautier","article_publisher":"https:\/\/www.facebook.com\/evavautier\/","article_modified_time":"2023-04-12T08:59:38+00:00","og_image":[{"url":"http:\/\/eva-vautier.com\/wp-content\/uploads\/2014\/09\/eva-plan-bon-gros-copie-copie.jpg","type":"","width":"","height":""}],"twitter_card":"summary_large_image","twitter_site":"@EvaVautier","schema":{"@context":"https:\/\/schema.org","@graph":[{"@type":"WebPage","@id":"https:\/\/eva-vautier.com\/en\/gallery-floor-plan\/","url":"https:\/\/eva-vautier.com\/en\/gallery-floor-plan\/","name":"Gallery Map ~ Galerie Eva Vautier","isPartOf":{"@id":"https:\/\/eva-vautier.com\/en\/#website"},"primaryImageOfPage":{"@id":"https:\/\/eva-vautier.com\/en\/gallery-floor-plan\/#primaryimage"},"image":{"@id":"https:\/\/eva-vautier.com\/en\/gallery-floor-plan\/#primaryimage"},"thumbnailUrl":"http:\/\/eva-vautier.com\/wp-content\/uploads\/2014\/09\/eva-plan-bon-gros-copie-copie.jpg","datePublished":"2014-09-15T18:27:05+00:00","dateModified":"2023-04-12T08:59:38+00:00","description":"Dans un bel espace d\u00e9di\u00e9 \u00e0 l\u2019art au c\u0153ur du quartier Lib\u00e9ration, Eva Vautier, offre un nouveau regard sur l\u2019art contemporain et ses pratiques artistiques (sculpture, photographie, peinture, dessin, vid\u00e9o). La galerie accueille de jeunes artistes \u00e9mergents comme des artistes issus de courants artistiques majeurs. Des performances et des d\u00e9bats rythment r\u00e9guli\u00e8rement les grandes expositions de l\u2019ann\u00e9e. La galerie propose \u00e9galement une s\u00e9lection de s\u00e9rigraphies et d\u2019\u00e9ditions limit\u00e9es en lien avec son actualit\u00e9 artistique et culturelle. Et pour les passionn\u00e9s l\u2019arthoth\u00e8que de la galerie offre un large choix des s\u00e9rigraphies \u00e0 la location.","inLanguage":"en-US","potentialAction":[{"@type":"ReadAction","target":["https:\/\/eva-vautier.com\/en\/gallery-floor-plan\/"]}]},{"@type":"ImageObject","inLanguage":"en-US","@id":"https:\/\/eva-vautier.com\/en\/gallery-floor-plan\/#primaryimage","url":"http:\/\/eva-vautier.com\/wp-content\/uploads\/2014\/09\/eva-plan-bon-gros-copie-copie.jpg","contentUrl":"http:\/\/eva-vautier.com\/wp-content\/uploads\/2014\/09\/eva-plan-bon-gros-copie-copie.jpg"},{"@type":"WebSite","@id":"https:\/\/eva-vautier.com\/en\/#website","url":"https:\/\/eva-vautier.com\/en\/","name":"Galerie Eva Vautier","description":"Galerie d&#039;art contemporain","publisher":{"@id":"https:\/\/eva-vautier.com\/en\/#organization"},"potentialAction":[{"@type":"SearchAction","target":{"@type":"EntryPoint","urlTemplate":"https:\/\/eva-vautier.com\/en\/?s={search_term_string}"},"query-input":{"@type":"PropertyValueSpecification","valueRequired":true,"valueName":"search_term_string"}}],"inLanguage":"en-US"},{"@type":"Organization","@id":"https:\/\/eva-vautier.com\/en\/#organization","name":"Galerie Eva Vautier","url":"https:\/\/eva-vautier.com\/en\/","logo":{"@type":"ImageObject","inLanguage":"en-US","@id":"https:\/\/eva-vautier.com\/en\/#\/schema\/logo\/image\/","url":"http:\/\/eva-vautier.com\/wp-content\/uploads\/2018\/09\/logo-galerie-illustrator-04-1.png","contentUrl":"http:\/\/eva-vautier.com\/wp-content\/uploads\/2018\/09\/logo-galerie-illustrator-04-1.png","width":200,"height":24,"caption":"Galerie Eva Vautier"},"image":{"@id":"https:\/\/eva-vautier.com\/en\/#\/schema\/logo\/image\/"},"sameAs":["https:\/\/www.facebook.com\/evavautier\/","https:\/\/x.com\/EvaVautier","https:\/\/www.instagram.com\/galerieevavautier\/"]}]}},"_links":{"self":[{"href":"https:\/\/eva-vautier.com\/en\/wp-json\/wp\/v2\/pages\/70034","targetHints":{"allow":["GET"]}}],"collection":[{"href":"https:\/\/eva-vautier.com\/en\/wp-json\/wp\/v2\/pages"}],"about":[{"href":"https:\/\/eva-vautier.com\/en\/wp-json\/wp\/v2\/types\/page"}],"author":[{"embeddable":true,"href":"https:\/\/eva-vautier.com\/en\/wp-json\/wp\/v2\/users\/1"}],"replies":[{"embeddable":true,"href":"https:\/\/eva-vautier.com\/en\/wp-json\/wp\/v2\/comments?post=70034"}],"version-history":[{"count":0,"href":"https:\/\/eva-vautier.com\/en\/wp-json\/wp\/v2\/pages\/70034\/revisions"}],"wp:attachment":[{"href":"https:\/\/eva-vautier.com\/en\/wp-json\/wp\/v2\/media?parent=70034"}],"curies":[{"name":"wp","href":"https:\/\/api.w.org\/{rel}","templated":true}]}}