{"id":70026,"date":"2014-06-02T11:17:04","date_gmt":"2014-06-02T11:17:04","guid":{"rendered":"http:\/\/eva-vautier.com\/contact-us\/"},"modified":"2024-10-22T08:18:24","modified_gmt":"2024-10-22T09:18:24","slug":"contact-us","status":"publish","type":"page","link":"https:\/\/eva-vautier.com\/en\/practical-information\/","title":{"rendered":"Practical information"},"content":{"rendered":"<p>[vc_row row_type=&#8221;row&#8221; use_row_as_full_screen_section=&#8221;no&#8221; type=&#8221;full_width&#8221; text_align=&#8221;left&#8221; background_animation=&#8221;none&#8221; padding_top=&#8221;71&#8243; padding_bottom=&#8221;120&#8243; css_animation=&#8221;&#8221;][vc_column][custom_font font_size=&#8221;36&#8243; line_height=&#8221;26&#8243; font_style=&#8221;normal&#8221; text_align=&#8221;center&#8221; font_weight=&#8221;700&#8243; text_decoration=&#8221;none&#8221; text_shadow=&#8221;no&#8221; letter_spacing=&#8221;8&#8243; color=&#8221;#393939&#8243;]<\/p>\n<h1>Practical information<\/h1>\n<p>[\/custom_font][vc_empty_space][vc_gmaps link=&#8221;#E-8_JTNDaWZyYW1lJTIwc3JjJTNEJTIyaHR0cHMlM0ElMkYlMkZ3d3cuZ29vZ2xlLmNvbSUyRm1hcHMlMkZlbWJlZCUzRnBiJTNEJTIxMW0xNCUyMTFtOCUyMTFtMyUyMTFkMjg4NC4xNDYwODkxMzg3ODMzJTIxMmQ3LjI2Mjk0MDk5OTk5OTk5OSUyMTNkNDMuNzA3NTEzJTIxM20yJTIxMWkxMDI0JTIxMmk3NjglMjE0ZjEzLjElMjEzbTMlMjExbTIlMjExczB4MTJjZGQwMDczYmM4MTMzYiUyNTNBMHhiNjE5OTc3Njk4Y2M0NjEzJTIxMnNHYWxlcmllJTJCRVZBJTJCVkFVVElFUiUyQi0lMkJBcnQlMkJjb250ZW1wb3JhaW4lMjE1ZTAlMjEzbTIlMjExc2ZyJTIxMnNmciUyMTR2MTQxMDgwMjE2NDE0NiUyMiUyMHdpZHRoJTNEJTIyNjAwJTIyJTIwaGVpZ2h0JTNEJTIyNDUwJTIyJTIwZnJhbWVib3JkZXIlM0QlMjIwJTIyJTIwc3R5bGUlM0QlMjJib3JkZXIlM0EwJTIyJTNFJTNDJTJGaWZyYW1lJTNF&#8221; size=&#8221;350&#8243;][\/vc_column][\/vc_row][vc_row row_type=&#8221;row&#8221; use_row_as_full_screen_section=&#8221;no&#8221; type=&#8221;full_width&#8221; text_align=&#8221;left&#8221; background_animation=&#8221;none&#8221; css_animation=&#8221;&#8221;][vc_column][vc_column_text]<br \/>\n[\/vc_column_text][\/vc_column][\/vc_row][vc_row row_type=&#8221;row&#8221; use_row_as_full_screen_section=&#8221;no&#8221; type=&#8221;full_width&#8221; text_align=&#8221;left&#8221; background_animation=&#8221;none&#8221; css_animation=&#8221;&#8221;][vc_column width=&#8221;1\/4&#8243; css=&#8221;.vc_custom_1410873721013{margin-left: 40px !important;}&#8221;][vc_column_text]<\/p>\n<div id=\"u37037-39\" data-ice-editable=\"html\" data-ice-options=\"disableImageResize,none\" data-muse-uid=\"U37037\">\n<p id=\"u37037-2\"><strong><span id=\"u37037\">Galerie Eva Vautier<\/span><\/strong><\/p>\n<p>2 rue vernier<\/p>\n<p>Lib\u00e9ration Neighborhood<\/p>\n<p id=\"u37037-8\">06000 Nice<\/p>\n<p id=\"u37037-10\">Phone + 33 9 80 31 76 63<\/p>\n<p>Cell phone +33 6 07 25 14 08<\/p>\n<p id=\"u37037-16\"><span id=\"u37037-13\">\u200b<\/span><span id=\"u37037-14\"><span id=\"u37093\"><a id=\"u37092-4\" href=\"mailto:galerie@eva-vautier.com\" data-muse-uid=\"U37092\">galerie@eva-vautier.com<\/a><\/span><\/span><span id=\"u37037-15\"><\/span><\/p>\n<p id=\"u37037-19\">\n<\/div>\n<p>[\/vc_column_text][\/vc_column][vc_column width=&#8221;1\/4&#8243;][vc_column_text]<\/p>\n<div id=\"u37037-39\" data-ice-editable=\"html\" data-ice-options=\"disableImageResize,none\" data-muse-uid=\"U37037\">\n<div id=\"u37037-39\" data-ice-editable=\"html\" data-ice-options=\"disableImageResize,none\" data-muse-uid=\"U37037\">\n<p id=\"u37037-29\"><strong><span id=\"u37037-27\">Opening hours<\/span>\u00a0:<\/strong><\/p>\n<p id=\"u37037-31\">Wednesday to saturday<\/p>\n<p id=\"u37037-33\">2 pm &#8211; 6 pm<\/p>\n<p>closed in august<\/p>\n<p>(visits possible by appointment)<\/p>\n<\/div>\n<div id=\"u37052-13\" data-ice-editable=\"html\" data-ice-options=\"disableImageResize,none\" data-muse-uid=\"U37052\">\n<p><strong><span id=\"u37052\">Tram stop<\/span>\u00a0:<\/strong> Gare Thiers or Lib\u00e9ration<br \/>\n<span id=\"u37052-6\"><strong>Parking :<\/strong>\u00a0<\/span>Gare du Sud \/ Intermarch\u00e9<\/p>\n<\/div>\n<\/div>\n<p>[\/vc_column_text][\/vc_column][vc_column width=&#8221;1\/4&#8243;][vc_column_text]<strong>Guided tour for schools<\/strong><\/p>\n<p>The guided tour program is a new opportunity for students and teachers to discover contemporary art in an intimate and friendly space, meet artists and understand how an art gallery works.<\/p>\n<p><strong>Information and reservations :\u00a0<\/strong><\/p>\n<p>galerie@eva-vautier.com<\/p>\n<p>09 80 31 76 63<br \/>\n<br style=\"clear: both;\" \/><br style=\"clear: both;\" \/>[\/vc_column_text][\/vc_column][\/vc_row][vc_row row_type=&#8221;row&#8221; use_row_as_full_screen_section=&#8221;no&#8221; type=&#8221;full_width&#8221; text_align=&#8221;left&#8221; background_animation=&#8221;none&#8221; css_animation=&#8221;&#8221;][vc_column width=&#8221;1\/3&#8243;][vc_column_text]<br \/>\n[\/vc_column_text][\/vc_column][\/vc_row]<\/p>\n","protected":false},"excerpt":{"rendered":"<p><span class=\"excerpt-hellip\"> [\u2026]<\/span><\/p>\n","protected":false},"author":1,"featured_media":0,"parent":80666,"menu_order":0,"comment_status":"open","ping_status":"closed","template":"","meta":{"footnotes":""},"class_list":["post-70026","page","type-page","status-publish","hentry"],"yoast_head":"<!-- This site is optimized with the Yoast SEO plugin v27.3 - https:\/\/yoast.com\/product\/yoast-seo-wordpress\/ -->\n<title>Practical information ~ Galerie Eva Vautier<\/title>\n<meta name=\"description\" content=\"Dans un bel espace d\u00e9di\u00e9 \u00e0 l\u2019art au c\u0153ur du quartier Lib\u00e9ration, Eva Vautier, offre un nouveau regard sur l\u2019art contemporain et ses pratiques artistiques (sculpture, photographie, peinture, dessin, vid\u00e9o). La galerie accueille de jeunes artistes \u00e9mergents comme des artistes issus de courants artistiques majeurs. Des performances et des d\u00e9bats rythment r\u00e9guli\u00e8rement les grandes expositions de l\u2019ann\u00e9e. La galerie propose \u00e9galement une s\u00e9lection de s\u00e9rigraphies et d\u2019\u00e9ditions limit\u00e9es en lien avec son actualit\u00e9 artistique et culturelle. Et pour les passionn\u00e9s l\u2019arthoth\u00e8que de la galerie offre un large choix des s\u00e9rigraphies \u00e0 la location.\" \/>\n<meta name=\"robots\" content=\"index, follow, max-snippet:-1, max-image-preview:large, max-video-preview:-1\" \/>\n<link rel=\"canonical\" href=\"https:\/\/eva-vautier.com\/en\/practical-information\/\" \/>\n<meta property=\"og:locale\" content=\"en_US\" \/>\n<meta property=\"og:type\" content=\"article\" \/>\n<meta property=\"og:title\" content=\"Practical information ~ Galerie Eva Vautier\" \/>\n<meta property=\"og:description\" content=\"Dans un bel espace d\u00e9di\u00e9 \u00e0 l\u2019art au c\u0153ur du quartier Lib\u00e9ration, Eva Vautier, offre un nouveau regard sur l\u2019art contemporain et ses pratiques artistiques (sculpture, photographie, peinture, dessin, vid\u00e9o). La galerie accueille de jeunes artistes \u00e9mergents comme des artistes issus de courants artistiques majeurs. Des performances et des d\u00e9bats rythment r\u00e9guli\u00e8rement les grandes expositions de l\u2019ann\u00e9e. La galerie propose \u00e9galement une s\u00e9lection de s\u00e9rigraphies et d\u2019\u00e9ditions limit\u00e9es en lien avec son actualit\u00e9 artistique et culturelle. Et pour les passionn\u00e9s l\u2019arthoth\u00e8que de la galerie offre un large choix des s\u00e9rigraphies \u00e0 la location.\" \/>\n<meta property=\"og:url\" content=\"https:\/\/eva-vautier.com\/en\/practical-information\/\" \/>\n<meta property=\"og:site_name\" content=\"Galerie Eva Vautier\" \/>\n<meta property=\"article:publisher\" content=\"https:\/\/www.facebook.com\/evavautier\/\" \/>\n<meta property=\"article:modified_time\" content=\"2024-10-22T09:18:24+00:00\" \/>\n<meta name=\"twitter:card\" content=\"summary_large_image\" \/>\n<meta name=\"twitter:site\" content=\"@EvaVautier\" \/>\n<meta name=\"twitter:label1\" content=\"Est. reading time\" \/>\n\t<meta name=\"twitter:data1\" content=\"2 minutes\" \/>\n<script type=\"application\/ld+json\" class=\"yoast-schema-graph\">{\"@context\":\"https:\\\/\\\/schema.org\",\"@graph\":[{\"@type\":\"WebPage\",\"@id\":\"https:\\\/\\\/eva-vautier.com\\\/en\\\/practical-information\\\/\",\"url\":\"https:\\\/\\\/eva-vautier.com\\\/en\\\/practical-information\\\/\",\"name\":\"Practical information ~ Galerie Eva Vautier\",\"isPartOf\":{\"@id\":\"https:\\\/\\\/eva-vautier.com\\\/en\\\/#website\"},\"datePublished\":\"2014-06-02T11:17:04+00:00\",\"dateModified\":\"2024-10-22T09:18:24+00:00\",\"description\":\"Dans un bel espace d\u00e9di\u00e9 \u00e0 l\u2019art au c\u0153ur du quartier Lib\u00e9ration, Eva Vautier, offre un nouveau regard sur l\u2019art contemporain et ses pratiques artistiques (sculpture, photographie, peinture, dessin, vid\u00e9o). La galerie accueille de jeunes artistes \u00e9mergents comme des artistes issus de courants artistiques majeurs. Des performances et des d\u00e9bats rythment r\u00e9guli\u00e8rement les grandes expositions de l\u2019ann\u00e9e. La galerie propose \u00e9galement une s\u00e9lection de s\u00e9rigraphies et d\u2019\u00e9ditions limit\u00e9es en lien avec son actualit\u00e9 artistique et culturelle. Et pour les passionn\u00e9s l\u2019arthoth\u00e8que de la galerie offre un large choix des s\u00e9rigraphies \u00e0 la location.\",\"breadcrumb\":{\"@id\":\"https:\\\/\\\/eva-vautier.com\\\/en\\\/practical-information\\\/#breadcrumb\"},\"inLanguage\":\"en-US\",\"potentialAction\":[{\"@type\":\"ReadAction\",\"target\":[\"https:\\\/\\\/eva-vautier.com\\\/en\\\/practical-information\\\/\"]}]},{\"@type\":\"BreadcrumbList\",\"@id\":\"https:\\\/\\\/eva-vautier.com\\\/en\\\/practical-information\\\/#breadcrumb\",\"itemListElement\":[{\"@type\":\"ListItem\",\"position\":1,\"name\":\"About us\",\"item\":\"https:\\\/\\\/eva-vautier.com\\\/a-propos\\\/\"},{\"@type\":\"ListItem\",\"position\":2,\"name\":\"Practical information\"}]},{\"@type\":\"WebSite\",\"@id\":\"https:\\\/\\\/eva-vautier.com\\\/en\\\/#website\",\"url\":\"https:\\\/\\\/eva-vautier.com\\\/en\\\/\",\"name\":\"Galerie Eva Vautier\",\"description\":\"Galerie d&#039;art contemporain\",\"publisher\":{\"@id\":\"https:\\\/\\\/eva-vautier.com\\\/en\\\/#organization\"},\"potentialAction\":[{\"@type\":\"SearchAction\",\"target\":{\"@type\":\"EntryPoint\",\"urlTemplate\":\"https:\\\/\\\/eva-vautier.com\\\/en\\\/?s={search_term_string}\"},\"query-input\":{\"@type\":\"PropertyValueSpecification\",\"valueRequired\":true,\"valueName\":\"search_term_string\"}}],\"inLanguage\":\"en-US\"},{\"@type\":\"Organization\",\"@id\":\"https:\\\/\\\/eva-vautier.com\\\/en\\\/#organization\",\"name\":\"Galerie Eva Vautier\",\"url\":\"https:\\\/\\\/eva-vautier.com\\\/en\\\/\",\"logo\":{\"@type\":\"ImageObject\",\"inLanguage\":\"en-US\",\"@id\":\"https:\\\/\\\/eva-vautier.com\\\/en\\\/#\\\/schema\\\/logo\\\/image\\\/\",\"url\":\"http:\\\/\\\/eva-vautier.com\\\/wp-content\\\/uploads\\\/2018\\\/09\\\/logo-galerie-illustrator-04-1.png\",\"contentUrl\":\"http:\\\/\\\/eva-vautier.com\\\/wp-content\\\/uploads\\\/2018\\\/09\\\/logo-galerie-illustrator-04-1.png\",\"width\":200,\"height\":24,\"caption\":\"Galerie Eva Vautier\"},\"image\":{\"@id\":\"https:\\\/\\\/eva-vautier.com\\\/en\\\/#\\\/schema\\\/logo\\\/image\\\/\"},\"sameAs\":[\"https:\\\/\\\/www.facebook.com\\\/evavautier\\\/\",\"https:\\\/\\\/x.com\\\/EvaVautier\",\"https:\\\/\\\/www.instagram.com\\\/galerieevavautier\\\/\"]}]}<\/script>\n<!-- \/ Yoast SEO plugin. -->","yoast_head_json":{"title":"Practical information ~ Galerie Eva Vautier","description":"Dans un bel espace d\u00e9di\u00e9 \u00e0 l\u2019art au c\u0153ur du quartier Lib\u00e9ration, Eva Vautier, offre un nouveau regard sur l\u2019art contemporain et ses pratiques artistiques (sculpture, photographie, peinture, dessin, vid\u00e9o). La galerie accueille de jeunes artistes \u00e9mergents comme des artistes issus de courants artistiques majeurs. Des performances et des d\u00e9bats rythment r\u00e9guli\u00e8rement les grandes expositions de l\u2019ann\u00e9e. La galerie propose \u00e9galement une s\u00e9lection de s\u00e9rigraphies et d\u2019\u00e9ditions limit\u00e9es en lien avec son actualit\u00e9 artistique et culturelle. Et pour les passionn\u00e9s l\u2019arthoth\u00e8que de la galerie offre un large choix des s\u00e9rigraphies \u00e0 la location.","robots":{"index":"index","follow":"follow","max-snippet":"max-snippet:-1","max-image-preview":"max-image-preview:large","max-video-preview":"max-video-preview:-1"},"canonical":"https:\/\/eva-vautier.com\/en\/practical-information\/","og_locale":"en_US","og_type":"article","og_title":"Practical information ~ Galerie Eva Vautier","og_description":"Dans un bel espace d\u00e9di\u00e9 \u00e0 l\u2019art au c\u0153ur du quartier Lib\u00e9ration, Eva Vautier, offre un nouveau regard sur l\u2019art contemporain et ses pratiques artistiques (sculpture, photographie, peinture, dessin, vid\u00e9o). La galerie accueille de jeunes artistes \u00e9mergents comme des artistes issus de courants artistiques majeurs. Des performances et des d\u00e9bats rythment r\u00e9guli\u00e8rement les grandes expositions de l\u2019ann\u00e9e. La galerie propose \u00e9galement une s\u00e9lection de s\u00e9rigraphies et d\u2019\u00e9ditions limit\u00e9es en lien avec son actualit\u00e9 artistique et culturelle. Et pour les passionn\u00e9s l\u2019arthoth\u00e8que de la galerie offre un large choix des s\u00e9rigraphies \u00e0 la location.","og_url":"https:\/\/eva-vautier.com\/en\/practical-information\/","og_site_name":"Galerie Eva Vautier","article_publisher":"https:\/\/www.facebook.com\/evavautier\/","article_modified_time":"2024-10-22T09:18:24+00:00","twitter_card":"summary_large_image","twitter_site":"@EvaVautier","twitter_misc":{"Est. reading time":"2 minutes"},"schema":{"@context":"https:\/\/schema.org","@graph":[{"@type":"WebPage","@id":"https:\/\/eva-vautier.com\/en\/practical-information\/","url":"https:\/\/eva-vautier.com\/en\/practical-information\/","name":"Practical information ~ Galerie Eva Vautier","isPartOf":{"@id":"https:\/\/eva-vautier.com\/en\/#website"},"datePublished":"2014-06-02T11:17:04+00:00","dateModified":"2024-10-22T09:18:24+00:00","description":"Dans un bel espace d\u00e9di\u00e9 \u00e0 l\u2019art au c\u0153ur du quartier Lib\u00e9ration, Eva Vautier, offre un nouveau regard sur l\u2019art contemporain et ses pratiques artistiques (sculpture, photographie, peinture, dessin, vid\u00e9o). La galerie accueille de jeunes artistes \u00e9mergents comme des artistes issus de courants artistiques majeurs. Des performances et des d\u00e9bats rythment r\u00e9guli\u00e8rement les grandes expositions de l\u2019ann\u00e9e. La galerie propose \u00e9galement une s\u00e9lection de s\u00e9rigraphies et d\u2019\u00e9ditions limit\u00e9es en lien avec son actualit\u00e9 artistique et culturelle. Et pour les passionn\u00e9s l\u2019arthoth\u00e8que de la galerie offre un large choix des s\u00e9rigraphies \u00e0 la location.","breadcrumb":{"@id":"https:\/\/eva-vautier.com\/en\/practical-information\/#breadcrumb"},"inLanguage":"en-US","potentialAction":[{"@type":"ReadAction","target":["https:\/\/eva-vautier.com\/en\/practical-information\/"]}]},{"@type":"BreadcrumbList","@id":"https:\/\/eva-vautier.com\/en\/practical-information\/#breadcrumb","itemListElement":[{"@type":"ListItem","position":1,"name":"About us","item":"https:\/\/eva-vautier.com\/a-propos\/"},{"@type":"ListItem","position":2,"name":"Practical information"}]},{"@type":"WebSite","@id":"https:\/\/eva-vautier.com\/en\/#website","url":"https:\/\/eva-vautier.com\/en\/","name":"Galerie Eva Vautier","description":"Galerie d&#039;art contemporain","publisher":{"@id":"https:\/\/eva-vautier.com\/en\/#organization"},"potentialAction":[{"@type":"SearchAction","target":{"@type":"EntryPoint","urlTemplate":"https:\/\/eva-vautier.com\/en\/?s={search_term_string}"},"query-input":{"@type":"PropertyValueSpecification","valueRequired":true,"valueName":"search_term_string"}}],"inLanguage":"en-US"},{"@type":"Organization","@id":"https:\/\/eva-vautier.com\/en\/#organization","name":"Galerie Eva Vautier","url":"https:\/\/eva-vautier.com\/en\/","logo":{"@type":"ImageObject","inLanguage":"en-US","@id":"https:\/\/eva-vautier.com\/en\/#\/schema\/logo\/image\/","url":"http:\/\/eva-vautier.com\/wp-content\/uploads\/2018\/09\/logo-galerie-illustrator-04-1.png","contentUrl":"http:\/\/eva-vautier.com\/wp-content\/uploads\/2018\/09\/logo-galerie-illustrator-04-1.png","width":200,"height":24,"caption":"Galerie Eva Vautier"},"image":{"@id":"https:\/\/eva-vautier.com\/en\/#\/schema\/logo\/image\/"},"sameAs":["https:\/\/www.facebook.com\/evavautier\/","https:\/\/x.com\/EvaVautier","https:\/\/www.instagram.com\/galerieevavautier\/"]}]}},"_links":{"self":[{"href":"https:\/\/eva-vautier.com\/en\/wp-json\/wp\/v2\/pages\/70026","targetHints":{"allow":["GET"]}}],"collection":[{"href":"https:\/\/eva-vautier.com\/en\/wp-json\/wp\/v2\/pages"}],"about":[{"href":"https:\/\/eva-vautier.com\/en\/wp-json\/wp\/v2\/types\/page"}],"author":[{"embeddable":true,"href":"https:\/\/eva-vautier.com\/en\/wp-json\/wp\/v2\/users\/1"}],"replies":[{"embeddable":true,"href":"https:\/\/eva-vautier.com\/en\/wp-json\/wp\/v2\/comments?post=70026"}],"version-history":[{"count":0,"href":"https:\/\/eva-vautier.com\/en\/wp-json\/wp\/v2\/pages\/70026\/revisions"}],"up":[{"embeddable":true,"href":"https:\/\/eva-vautier.com\/en\/wp-json\/wp\/v2\/pages\/80666"}],"wp:attachment":[{"href":"https:\/\/eva-vautier.com\/en\/wp-json\/wp\/v2\/media?parent=70026"}],"curies":[{"name":"wp","href":"https:\/\/api.w.org\/{rel}","templated":true}]}}