{"id":70013,"date":"2014-06-02T07:14:35","date_gmt":"2014-06-02T08:14:35","guid":{"rendered":"http:\/\/eva-vautier.com\/artistes\/"},"modified":"2024-10-22T08:18:27","modified_gmt":"2024-10-22T09:18:27","slug":"artistes","status":"publish","type":"page","link":"https:\/\/eva-vautier.com\/en\/artists\/","title":{"rendered":"Artists"},"content":{"rendered":"<p>[vc_row row_type=&#8221;row&#8221; use_row_as_full_screen_section=&#8221;no&#8221; type=&#8221;full_width&#8221; text_align=&#8221;left&#8221; background_animation=&#8221;none&#8221; padding_top=&#8221;58&#8243; padding_bottom=&#8221;100&#8243; css_animation=&#8221;&#8221; css=&#8221;.vc_custom_1605688936575{padding-top: 30px !important;padding-bottom: 50px !important;}&#8221; el_class=&#8221;main-color-background&#8221;][vc_column el_class=&#8221;main-color-background&#8221;][vc_column_text el_class=&#8221;afg-uppercase lts-15&#8243;]<\/p>\n<h1 style=\"text-align: center;\"><strong>Gallery Artists<\/strong><\/h1>\n<p>[\/vc_column_text][vc_empty_space][portfolio_list type=&#8221;standard&#8221; box_border=&#8221;yes&#8221; box_border_color=&#8221;#8224e3&#8243; columns=&#8221;5&#8243; image_size=&#8221;portrait&#8221; order_by=&#8221;title&#8221; order=&#8221;ASC&#8221; filter=&#8221;no&#8221; number=&#8221;30&#8243; category=&#8221;artiste&#8221; link_type=&#8221;single_link&#8221; show_load_more_position=&#8221;center&#8221; filter_in_grid=&#8221;yes&#8221;][vc_column_text el_class=&#8221;afg-uppercase lts-15&#8243;]<\/p>\n<h3 style=\"text-align: center;\"><strong>Guest artists<\/strong><\/h3>\n<p>[\/vc_column_text][vc_empty_space][portfolio_list type=&#8221;standard&#8221; box_border=&#8221;yes&#8221; box_border_color=&#8221;#8224e3&#8243; columns=&#8221;5&#8243; image_size=&#8221;portrait&#8221; order_by=&#8221;date&#8221; order=&#8221;ASC&#8221; filter=&#8221;no&#8221; number=&#8221;20&#8243; category=&#8221;artiste-invite&#8221; link_type=&#8221;single_link&#8221; show_load_more_position=&#8221;center&#8221; filter_in_grid=&#8221;yes&#8221;][\/vc_column][\/vc_row][vc_row row_type=&#8221;row&#8221; use_row_as_full_screen_section=&#8221;no&#8221; type=&#8221;full_width&#8221; text_align=&#8221;left&#8221; background_animation=&#8221;none&#8221; css_animation=&#8221;&#8221; css=&#8221;.vc_custom_1603540620036{padding-top: 50px !important;padding-right: 15% !important;padding-bottom: 50px !important;padding-left: 15% !important;}&#8221; el_class=&#8221;second-color-background third-color&#8221;][vc_column][vc_column_text el_class=&#8221;afg-uppercase lts-15&#8243;]<\/p>\n<h3 style=\"text-align: center;\"><strong>Artists available on the store<\/strong><\/h3>\n<p>[\/vc_column_text][vc_empty_space][vc_row_inner row_type=&#8221;row&#8221; type=&#8221;full_width&#8221; use_row_as_full_screen_section_slide=&#8221;no&#8221; text_align=&#8221;left&#8221; css_animation=&#8221;&#8221;][vc_column_inner width=&#8221;1\/3&#8243;][vc_column_text]<\/p>\n<h5><a href=\"https:\/\/2023.eva-vautier.com\/produit\/artistes\/arman\/\">Arman<\/a><\/h5>\n<h5><a href=\"https:\/\/2023.eva-vautier.com\/produit\/artistes\/benoit-barbagli\/\">Barbagli Benoit<\/a><\/h5>\n<h5><a href=\"https:\/\/2023.eva-vautier.com\/produit\/artistes\/ben\/\">Ben<\/a><\/h5>\n<h5><a href=\"https:\/\/2023.eva-vautier.com\/produit\/artistes\/berdaguer-pejus\/\">Berdaguer &amp; P\u00e9jus<\/a><\/h5>\n<h5><a href=\"https:\/\/2023.eva-vautier.com\/produit\/artistes\/brun-pauline\/\">Brun Pauline<\/a><\/h5>\n<h5><a href=\"https:\/\/2023.eva-vautier.com\/produit\/artistes\/cesar\/\">C\u00e9sar<\/a><\/h5>\n<h5><a href=\"https:\/\/2023.eva-vautier.com\/produit\/artistes\/combas-robert\/\">Combas Robert<\/a><\/h5>\n<h5><a href=\"https:\/\/2023.eva-vautier.com\/produit\/artistes\/ducorroy-joel\/\">Ducorroy Jo\u00ebl<\/a><\/h5>\n<h5><a href=\"https:\/\/2023.eva-vautier.com\/produit\/artistes\/everart-kristof\/\">Everart Kristof<\/a><\/h5>\n<h5><a href=\"https:\/\/2023.eva-vautier.com\/produit\/artistes\/feipel-bechameil\/\">Feipel &amp; Bechameil<\/a><\/h5>\n<h5><a href=\"https:\/\/2023.eva-vautier.com\/produit\/artistes\/gainon-jacqueline\/\">Gainon Jacqueline<\/a><\/h5>\n<h5><a href=\"https:\/\/2023.eva-vautier.com\/produit\/artistes\/gregory-forstner\/\">Gregory Forstner<\/a><\/h5>\n<p>[\/vc_column_text][\/vc_column_inner][vc_column_inner width=&#8221;1\/3&#8243;][vc_column_text]<\/p>\n<h5><a href=\"https:\/\/2023.eva-vautier.com\/produit\/artistes\/jacques-halbert\/\">Halbert Jacques<\/a><\/h5>\n<h5><a href=\"https:\/\/2023.eva-vautier.com\/produit\/artistes\/hyber-fabrice\/\">Hyber Fabrice<\/a><\/h5>\n<h5><a href=\"https:\/\/2023.eva-vautier.com\/produit\/artistes\/karman-johannes\/\">Karman Johannes<\/a><\/h5>\n<h5><a href=\"https:\/\/2023.eva-vautier.com\/produit\/artistes\/kusnir-carlos\/\">Kusnir Carlos<\/a><\/h5>\n<h5><a href=\"https:\/\/2023.eva-vautier.com\/produit\/artistes\/legac-jean\/\">Le Gac Jean<\/a><\/h5>\n<h5><a href=\"https:\/\/2023.eva-vautier.com\/produit\/artistes\/lecoq-sandra\/\">Lecoq Sandra<\/a><\/h5>\n<h5><a href=\"https:\/\/2023.eva-vautier.com\/produit\/artistes\/lesueur-natacha\/\">Lesueur Natacha<\/a><\/h5>\n<h5><a href=\"https:\/\/2023.eva-vautier.com\/produit\/artistes\/marro-olivier\/\">Marro Olivier<\/a><\/h5>\n<h5><a href=\"https:\/\/2023.eva-vautier.com\/produit\/artistes\/miquelis-gilles\/\">Miquelis Gilles<\/a><\/h5>\n<h5><a href=\"https:\/\/2023.eva-vautier.com\/produit\/artistes\/monory-jacques\/\">Monory Jacques<\/a><\/h5>\n<h5><a href=\"https:\/\/2023.eva-vautier.com\/produit\/artistes\/morini-claude\/\">Morini Claude<\/a><\/h5>\n<h5><a href=\"https:\/\/2023.eva-vautier.com\/produit\/artistes\/nalbandian-frederique\/\">Nalbandian Fr\u00e9d\u00e9rique<\/a><\/h5>\n<p>[\/vc_column_text][\/vc_column_inner][vc_column_inner width=&#8221;1\/3&#8243;][vc_column_text]<\/p>\n<h5><a href=\"https:\/\/2023.eva-vautier.com\/produit\/artistes\/pages-bernard\/\">Pag\u00e8s Bernard<\/a><\/h5>\n<h5><a href=\"https:\/\/2023.eva-vautier.com\/produit\/artistes\/panighi-gerald\/\">Panighi G\u00e9rald<\/a><\/h5>\n<h5><a href=\"https:\/\/2023.eva-vautier.com\/produit\/artistes\/paris-francois\/\">Paris Fran\u00e7ois<\/a><\/h5>\n<h5><a href=\"https:\/\/2023.eva-vautier.com\/produit\/artistes\/peinado-bruno\/\">Peinado Bruno<\/a><\/h5>\n<h5><a href=\"https:\/\/2023.eva-vautier.com\/produit\/artistes\/pugnaire-florian\/\">Pugnaire Florian<\/a><\/h5>\n<h5><a href=\"https:\/\/2023.eva-vautier.com\/produit\/artistes\/raclot-jean-simon\/\">Raclot Jean-Simon<\/a><\/h5>\n<h5><a href=\"https:\/\/2023.eva-vautier.com\/produit\/artistes\/simon-simone\/\">Simon Simone<\/a><\/h5>\n<h5><a href=\"https:\/\/2023.eva-vautier.com\/produit\/artistes\/sosno-sacha\/\">Sosno Sacha<\/a><\/h5>\n<h5><a href=\"https:\/\/2023.eva-vautier.com\/produit\/artistes\/spoerri-daniel\/\">Spoerri Daniel<\/a><\/h5>\n<h5><a href=\"https:\/\/2023.eva-vautier.com\/produit\/artistes\/villegle-jacques\/\">Villegl\u00e9 Jacques<\/a><\/h5>\n<p>[\/vc_column_text][\/vc_column_inner][\/vc_row_inner][\/vc_column][\/vc_row][vc_row row_type=&#8221;row&#8221; use_row_as_full_screen_section=&#8221;no&#8221; type=&#8221;full_width&#8221; text_align=&#8221;left&#8221; background_animation=&#8221;none&#8221; css_animation=&#8221;&#8221; el_class=&#8221;second-color-background&#8221;][vc_column][vc_empty_space height=&#8221;60px&#8221;][\/vc_column][\/vc_row]<\/p>\n","protected":false},"excerpt":{"rendered":"<p><span class=\"excerpt-hellip\"> [\u2026]<\/span><\/p>\n","protected":false},"author":1,"featured_media":70015,"parent":0,"menu_order":0,"comment_status":"open","ping_status":"open","template":"","meta":{"footnotes":""},"class_list":["post-70013","page","type-page","status-publish","has-post-thumbnail","hentry"],"yoast_head":"<!-- This site is optimized with the Yoast SEO plugin v27.4 - https:\/\/yoast.com\/product\/yoast-seo-wordpress\/ -->\n<title>Artists ~ Galerie Eva Vautier<\/title>\n<meta name=\"description\" content=\"Dans un bel espace d\u00e9di\u00e9 \u00e0 l\u2019art au c\u0153ur du quartier Lib\u00e9ration, Eva Vautier, offre un nouveau regard sur l\u2019art contemporain et ses pratiques artistiques (sculpture, photographie, peinture, dessin, vid\u00e9o). La galerie accueille de jeunes artistes \u00e9mergents comme des artistes issus de courants artistiques majeurs. Des performances et des d\u00e9bats rythment r\u00e9guli\u00e8rement les grandes expositions de l\u2019ann\u00e9e. La galerie propose \u00e9galement une s\u00e9lection de s\u00e9rigraphies et d\u2019\u00e9ditions limit\u00e9es en lien avec son actualit\u00e9 artistique et culturelle. Et pour les passionn\u00e9s l\u2019arthoth\u00e8que de la galerie offre un large choix des s\u00e9rigraphies \u00e0 la location.\" \/>\n<meta name=\"robots\" content=\"index, follow, max-snippet:-1, max-image-preview:large, max-video-preview:-1\" \/>\n<link rel=\"canonical\" href=\"https:\/\/eva-vautier.com\/en\/artists\/\" \/>\n<meta property=\"og:locale\" content=\"en_US\" \/>\n<meta property=\"og:type\" content=\"article\" \/>\n<meta property=\"og:title\" content=\"Artists ~ Galerie Eva Vautier\" \/>\n<meta property=\"og:description\" content=\"Dans un bel espace d\u00e9di\u00e9 \u00e0 l\u2019art au c\u0153ur du quartier Lib\u00e9ration, Eva Vautier, offre un nouveau regard sur l\u2019art contemporain et ses pratiques artistiques (sculpture, photographie, peinture, dessin, vid\u00e9o). La galerie accueille de jeunes artistes \u00e9mergents comme des artistes issus de courants artistiques majeurs. Des performances et des d\u00e9bats rythment r\u00e9guli\u00e8rement les grandes expositions de l\u2019ann\u00e9e. La galerie propose \u00e9galement une s\u00e9lection de s\u00e9rigraphies et d\u2019\u00e9ditions limit\u00e9es en lien avec son actualit\u00e9 artistique et culturelle. Et pour les passionn\u00e9s l\u2019arthoth\u00e8que de la galerie offre un large choix des s\u00e9rigraphies \u00e0 la location.\" \/>\n<meta property=\"og:url\" content=\"https:\/\/eva-vautier.com\/en\/artists\/\" \/>\n<meta property=\"og:site_name\" content=\"Galerie Eva Vautier\" \/>\n<meta property=\"article:publisher\" content=\"https:\/\/www.facebook.com\/evavautier\/\" \/>\n<meta property=\"article:modified_time\" content=\"2024-10-22T09:18:27+00:00\" \/>\n<meta property=\"og:image\" content=\"https:\/\/eva-vautier.com\/wp-content\/uploads\/2017\/09\/Anne-Laure-1-e1585831814853.jpg\" \/>\n\t<meta property=\"og:image:width\" content=\"226\" \/>\n\t<meta property=\"og:image:height\" content=\"308\" \/>\n\t<meta property=\"og:image:type\" content=\"image\/jpeg\" \/>\n<meta name=\"twitter:card\" content=\"summary_large_image\" \/>\n<meta name=\"twitter:site\" content=\"@EvaVautier\" \/>\n<meta name=\"twitter:label1\" content=\"Est. reading time\" \/>\n\t<meta name=\"twitter:data1\" content=\"1 minute\" \/>\n<script type=\"application\/ld+json\" class=\"yoast-schema-graph\">{\"@context\":\"https:\\\/\\\/schema.org\",\"@graph\":[{\"@type\":\"WebPage\",\"@id\":\"https:\\\/\\\/eva-vautier.com\\\/en\\\/artists\\\/\",\"url\":\"https:\\\/\\\/eva-vautier.com\\\/en\\\/artists\\\/\",\"name\":\"Artists ~ Galerie Eva Vautier\",\"isPartOf\":{\"@id\":\"https:\\\/\\\/eva-vautier.com\\\/en\\\/#website\"},\"primaryImageOfPage\":{\"@id\":\"https:\\\/\\\/eva-vautier.com\\\/en\\\/artists\\\/#primaryimage\"},\"image\":{\"@id\":\"https:\\\/\\\/eva-vautier.com\\\/en\\\/artists\\\/#primaryimage\"},\"thumbnailUrl\":\"https:\\\/\\\/eva-vautier.com\\\/wp-content\\\/uploads\\\/2017\\\/09\\\/Anne-Laure-1-e1585831814853.jpg\",\"datePublished\":\"2014-06-02T08:14:35+00:00\",\"dateModified\":\"2024-10-22T09:18:27+00:00\",\"description\":\"Dans un bel espace d\u00e9di\u00e9 \u00e0 l\u2019art au c\u0153ur du quartier Lib\u00e9ration, Eva Vautier, offre un nouveau regard sur l\u2019art contemporain et ses pratiques artistiques (sculpture, photographie, peinture, dessin, vid\u00e9o). La galerie accueille de jeunes artistes \u00e9mergents comme des artistes issus de courants artistiques majeurs. Des performances et des d\u00e9bats rythment r\u00e9guli\u00e8rement les grandes expositions de l\u2019ann\u00e9e. La galerie propose \u00e9galement une s\u00e9lection de s\u00e9rigraphies et d\u2019\u00e9ditions limit\u00e9es en lien avec son actualit\u00e9 artistique et culturelle. Et pour les passionn\u00e9s l\u2019arthoth\u00e8que de la galerie offre un large choix des s\u00e9rigraphies \u00e0 la location.\",\"inLanguage\":\"en-US\",\"potentialAction\":[{\"@type\":\"ReadAction\",\"target\":[\"https:\\\/\\\/eva-vautier.com\\\/en\\\/artists\\\/\"]}]},{\"@type\":\"ImageObject\",\"inLanguage\":\"en-US\",\"@id\":\"https:\\\/\\\/eva-vautier.com\\\/en\\\/artists\\\/#primaryimage\",\"url\":\"https:\\\/\\\/eva-vautier.com\\\/wp-content\\\/uploads\\\/2017\\\/09\\\/Anne-Laure-1-e1585831814853.jpg\",\"contentUrl\":\"https:\\\/\\\/eva-vautier.com\\\/wp-content\\\/uploads\\\/2017\\\/09\\\/Anne-Laure-1-e1585831814853.jpg\",\"width\":226,\"height\":308},{\"@type\":\"WebSite\",\"@id\":\"https:\\\/\\\/eva-vautier.com\\\/en\\\/#website\",\"url\":\"https:\\\/\\\/eva-vautier.com\\\/en\\\/\",\"name\":\"Galerie Eva Vautier\",\"description\":\"Galerie d&#039;art contemporain\",\"publisher\":{\"@id\":\"https:\\\/\\\/eva-vautier.com\\\/en\\\/#organization\"},\"potentialAction\":[{\"@type\":\"SearchAction\",\"target\":{\"@type\":\"EntryPoint\",\"urlTemplate\":\"https:\\\/\\\/eva-vautier.com\\\/en\\\/?s={search_term_string}\"},\"query-input\":{\"@type\":\"PropertyValueSpecification\",\"valueRequired\":true,\"valueName\":\"search_term_string\"}}],\"inLanguage\":\"en-US\"},{\"@type\":\"Organization\",\"@id\":\"https:\\\/\\\/eva-vautier.com\\\/en\\\/#organization\",\"name\":\"Galerie Eva Vautier\",\"url\":\"https:\\\/\\\/eva-vautier.com\\\/en\\\/\",\"logo\":{\"@type\":\"ImageObject\",\"inLanguage\":\"en-US\",\"@id\":\"https:\\\/\\\/eva-vautier.com\\\/en\\\/#\\\/schema\\\/logo\\\/image\\\/\",\"url\":\"http:\\\/\\\/eva-vautier.com\\\/wp-content\\\/uploads\\\/2018\\\/09\\\/logo-galerie-illustrator-04-1.png\",\"contentUrl\":\"http:\\\/\\\/eva-vautier.com\\\/wp-content\\\/uploads\\\/2018\\\/09\\\/logo-galerie-illustrator-04-1.png\",\"width\":200,\"height\":24,\"caption\":\"Galerie Eva Vautier\"},\"image\":{\"@id\":\"https:\\\/\\\/eva-vautier.com\\\/en\\\/#\\\/schema\\\/logo\\\/image\\\/\"},\"sameAs\":[\"https:\\\/\\\/www.facebook.com\\\/evavautier\\\/\",\"https:\\\/\\\/x.com\\\/EvaVautier\",\"https:\\\/\\\/www.instagram.com\\\/galerieevavautier\\\/\"]}]}<\/script>\n<!-- \/ Yoast SEO plugin. -->","yoast_head_json":{"title":"Artists ~ Galerie Eva Vautier","description":"Dans un bel espace d\u00e9di\u00e9 \u00e0 l\u2019art au c\u0153ur du quartier Lib\u00e9ration, Eva Vautier, offre un nouveau regard sur l\u2019art contemporain et ses pratiques artistiques (sculpture, photographie, peinture, dessin, vid\u00e9o). La galerie accueille de jeunes artistes \u00e9mergents comme des artistes issus de courants artistiques majeurs. Des performances et des d\u00e9bats rythment r\u00e9guli\u00e8rement les grandes expositions de l\u2019ann\u00e9e. La galerie propose \u00e9galement une s\u00e9lection de s\u00e9rigraphies et d\u2019\u00e9ditions limit\u00e9es en lien avec son actualit\u00e9 artistique et culturelle. Et pour les passionn\u00e9s l\u2019arthoth\u00e8que de la galerie offre un large choix des s\u00e9rigraphies \u00e0 la location.","robots":{"index":"index","follow":"follow","max-snippet":"max-snippet:-1","max-image-preview":"max-image-preview:large","max-video-preview":"max-video-preview:-1"},"canonical":"https:\/\/eva-vautier.com\/en\/artists\/","og_locale":"en_US","og_type":"article","og_title":"Artists ~ Galerie Eva Vautier","og_description":"Dans un bel espace d\u00e9di\u00e9 \u00e0 l\u2019art au c\u0153ur du quartier Lib\u00e9ration, Eva Vautier, offre un nouveau regard sur l\u2019art contemporain et ses pratiques artistiques (sculpture, photographie, peinture, dessin, vid\u00e9o). La galerie accueille de jeunes artistes \u00e9mergents comme des artistes issus de courants artistiques majeurs. Des performances et des d\u00e9bats rythment r\u00e9guli\u00e8rement les grandes expositions de l\u2019ann\u00e9e. La galerie propose \u00e9galement une s\u00e9lection de s\u00e9rigraphies et d\u2019\u00e9ditions limit\u00e9es en lien avec son actualit\u00e9 artistique et culturelle. Et pour les passionn\u00e9s l\u2019arthoth\u00e8que de la galerie offre un large choix des s\u00e9rigraphies \u00e0 la location.","og_url":"https:\/\/eva-vautier.com\/en\/artists\/","og_site_name":"Galerie Eva Vautier","article_publisher":"https:\/\/www.facebook.com\/evavautier\/","article_modified_time":"2024-10-22T09:18:27+00:00","og_image":[{"width":226,"height":308,"url":"https:\/\/eva-vautier.com\/wp-content\/uploads\/2017\/09\/Anne-Laure-1-e1585831814853.jpg","type":"image\/jpeg"}],"twitter_card":"summary_large_image","twitter_site":"@EvaVautier","twitter_misc":{"Est. reading time":"1 minute"},"schema":{"@context":"https:\/\/schema.org","@graph":[{"@type":"WebPage","@id":"https:\/\/eva-vautier.com\/en\/artists\/","url":"https:\/\/eva-vautier.com\/en\/artists\/","name":"Artists ~ Galerie Eva Vautier","isPartOf":{"@id":"https:\/\/eva-vautier.com\/en\/#website"},"primaryImageOfPage":{"@id":"https:\/\/eva-vautier.com\/en\/artists\/#primaryimage"},"image":{"@id":"https:\/\/eva-vautier.com\/en\/artists\/#primaryimage"},"thumbnailUrl":"https:\/\/eva-vautier.com\/wp-content\/uploads\/2017\/09\/Anne-Laure-1-e1585831814853.jpg","datePublished":"2014-06-02T08:14:35+00:00","dateModified":"2024-10-22T09:18:27+00:00","description":"Dans un bel espace d\u00e9di\u00e9 \u00e0 l\u2019art au c\u0153ur du quartier Lib\u00e9ration, Eva Vautier, offre un nouveau regard sur l\u2019art contemporain et ses pratiques artistiques (sculpture, photographie, peinture, dessin, vid\u00e9o). La galerie accueille de jeunes artistes \u00e9mergents comme des artistes issus de courants artistiques majeurs. Des performances et des d\u00e9bats rythment r\u00e9guli\u00e8rement les grandes expositions de l\u2019ann\u00e9e. La galerie propose \u00e9galement une s\u00e9lection de s\u00e9rigraphies et d\u2019\u00e9ditions limit\u00e9es en lien avec son actualit\u00e9 artistique et culturelle. Et pour les passionn\u00e9s l\u2019arthoth\u00e8que de la galerie offre un large choix des s\u00e9rigraphies \u00e0 la location.","inLanguage":"en-US","potentialAction":[{"@type":"ReadAction","target":["https:\/\/eva-vautier.com\/en\/artists\/"]}]},{"@type":"ImageObject","inLanguage":"en-US","@id":"https:\/\/eva-vautier.com\/en\/artists\/#primaryimage","url":"https:\/\/eva-vautier.com\/wp-content\/uploads\/2017\/09\/Anne-Laure-1-e1585831814853.jpg","contentUrl":"https:\/\/eva-vautier.com\/wp-content\/uploads\/2017\/09\/Anne-Laure-1-e1585831814853.jpg","width":226,"height":308},{"@type":"WebSite","@id":"https:\/\/eva-vautier.com\/en\/#website","url":"https:\/\/eva-vautier.com\/en\/","name":"Galerie Eva Vautier","description":"Galerie d&#039;art contemporain","publisher":{"@id":"https:\/\/eva-vautier.com\/en\/#organization"},"potentialAction":[{"@type":"SearchAction","target":{"@type":"EntryPoint","urlTemplate":"https:\/\/eva-vautier.com\/en\/?s={search_term_string}"},"query-input":{"@type":"PropertyValueSpecification","valueRequired":true,"valueName":"search_term_string"}}],"inLanguage":"en-US"},{"@type":"Organization","@id":"https:\/\/eva-vautier.com\/en\/#organization","name":"Galerie Eva Vautier","url":"https:\/\/eva-vautier.com\/en\/","logo":{"@type":"ImageObject","inLanguage":"en-US","@id":"https:\/\/eva-vautier.com\/en\/#\/schema\/logo\/image\/","url":"http:\/\/eva-vautier.com\/wp-content\/uploads\/2018\/09\/logo-galerie-illustrator-04-1.png","contentUrl":"http:\/\/eva-vautier.com\/wp-content\/uploads\/2018\/09\/logo-galerie-illustrator-04-1.png","width":200,"height":24,"caption":"Galerie Eva Vautier"},"image":{"@id":"https:\/\/eva-vautier.com\/en\/#\/schema\/logo\/image\/"},"sameAs":["https:\/\/www.facebook.com\/evavautier\/","https:\/\/x.com\/EvaVautier","https:\/\/www.instagram.com\/galerieevavautier\/"]}]}},"_links":{"self":[{"href":"https:\/\/eva-vautier.com\/en\/wp-json\/wp\/v2\/pages\/70013","targetHints":{"allow":["GET"]}}],"collection":[{"href":"https:\/\/eva-vautier.com\/en\/wp-json\/wp\/v2\/pages"}],"about":[{"href":"https:\/\/eva-vautier.com\/en\/wp-json\/wp\/v2\/types\/page"}],"author":[{"embeddable":true,"href":"https:\/\/eva-vautier.com\/en\/wp-json\/wp\/v2\/users\/1"}],"replies":[{"embeddable":true,"href":"https:\/\/eva-vautier.com\/en\/wp-json\/wp\/v2\/comments?post=70013"}],"version-history":[{"count":0,"href":"https:\/\/eva-vautier.com\/en\/wp-json\/wp\/v2\/pages\/70013\/revisions"}],"wp:featuredmedia":[{"embeddable":true,"href":"https:\/\/eva-vautier.com\/en\/wp-json\/wp\/v2\/media\/70015"}],"wp:attachment":[{"href":"https:\/\/eva-vautier.com\/en\/wp-json\/wp\/v2\/media?parent=70013"}],"curies":[{"name":"wp","href":"https:\/\/api.w.org\/{rel}","templated":true}]}}